{"id":936,"date":"2025-08-29T11:07:40","date_gmt":"2025-08-29T08:07:40","guid":{"rendered":"https:\/\/ortoteek.ee\/?post_type=product&#038;p=936"},"modified":"2026-02-25T17:02:32","modified_gmt":"2026-02-25T14:02:32","slug":"kaps-medicus","status":"publish","type":"product","link":"https:\/\/ortoteek.ee\/ru\/pood\/labajalale\/kaps-medicus\/","title":{"rendered":"HALLUX LIGHT \u0417\u0410\u0429\u0418\u0422\u0410 \u041f\u0410\u041b\u042c\u0426\u0410 Kaps Medicus"},"content":{"rendered":"<div data-elementor-type=\"wp-post\" data-elementor-id=\"936\" class=\"elementor elementor-936\" data-elementor-post-type=\"product\">\n\t\t\t\t\t\t<section class=\"elementor-section elementor-top-section elementor-element elementor-element-5c22a9aa elementor-section-boxed elementor-section-height-default elementor-section-height-default\" data-id=\"5c22a9aa\" data-element_type=\"section\" data-e-type=\"section\">\n\t\t\t\t\t\t<div class=\"elementor-container elementor-column-gap-default\">\n\t\t\t\t\t<div class=\"elementor-column elementor-col-100 elementor-top-column elementor-element elementor-element-7d979580\" data-id=\"7d979580\" data-element_type=\"column\" data-e-type=\"column\">\n\t\t\t<div class=\"elementor-widget-wrap elementor-element-populated\">\n\t\t\t\t\t\t<div class=\"elementor-element elementor-element-29d4c780 elementor-widget elementor-widget-text-editor\" data-id=\"29d4c780\" data-element_type=\"widget\" data-e-type=\"widget\" data-widget_type=\"text-editor.default\">\n\t\t\t\t<div class=\"elementor-widget-container\">\n\t\t\t\t\t\t\t\t\t\u041c\u044f\u0433\u043a\u0438\u0439 \u0433\u0435\u043b\u0435\u0432\u044b\u0439 \u0447\u0435\u0445\u043e\u043b, \u043e\u0431\u0435\u0441\u043f\u0435\u0447\u0438\u0432\u0430\u044e\u0449\u0438\u0439 \u0437\u0430\u0449\u0438\u0442\u0443 \u0432\u044b\u0441\u0442\u0443\u043f\u0430\u044e\u0449\u0435\u0433\u043e \u043f\u0430\u043b\u044c\u0446\u0430 \u043d\u043e\u0433\u0438, \u0437\u0430\u0449\u0438\u0449\u0430\u0435\u0442 \u0431\u043e\u043b\u0435\u0437\u043d\u0435\u043d\u043d\u0443\u044e \u043e\u0431\u043b\u0430\u0441\u0442\u044c \u0432\u0430\u043b\u044c\u0433\u0443\u0441\u043d\u043e\u0439 \u0434\u0435\u0444\u043e\u0440\u043c\u0430\u0446\u0438\u0438 \u0431\u043e\u043b\u044c\u0448\u043e\u0433\u043e \u043f\u0430\u043b\u044c\u0446\u0430 \u0441\u0442\u043e\u043f\u044b \u043e\u0442 \u0434\u0430\u0432\u043b\u0435\u043d\u0438\u044f \u0438 \u0442\u0440\u0435\u043d\u0438\u044f.\r\n\r\n<strong>\u0420\u0430\u0437\u043c\u0435\u0440: \u0443\u043d\u0438\u0432\u0435\u0440\u0441\u0430\u043b\u044c\u043d\u044b\u0439<\/strong>\t\t\t\t\t\t\t\t<\/div>\n\t\t\t\t<\/div>\n\t\t\t\t\t<\/div>\n\t\t<\/div>\n\t\t\t\t\t<\/div>\n\t\t<\/section>\n\t\t\t\t<section class=\"elementor-section elementor-top-section elementor-element elementor-element-005264c elementor-section-boxed elementor-section-height-default elementor-section-height-default\" data-id=\"005264c\" data-element_type=\"section\" data-e-type=\"section\">\n\t\t\t\t\t\t<div class=\"elementor-container elementor-column-gap-default\">\n\t\t\t\t\t<div class=\"elementor-column elementor-col-100 elementor-top-column elementor-element elementor-element-daa11e5\" data-id=\"daa11e5\" data-element_type=\"column\" data-e-type=\"column\">\n\t\t\t<div class=\"elementor-widget-wrap elementor-element-populated\">\n\t\t\t\t\t\t<div class=\"elementor-element elementor-element-fdaf984 elementor-widget elementor-widget-text-editor\" data-id=\"fdaf984\" data-element_type=\"widget\" data-e-type=\"widget\" data-widget_type=\"text-editor.default\">\n\t\t\t\t<div class=\"elementor-widget-container\">\n\t\t\t\t\t\t\t\t\t<p>*\u0421\u043c. \u0442\u0430\u043a\u0436\u0435 \u0443\u0441\u043b\u0443\u0433\u0443: <strong><a href=\"https:\/\/ortoteek.ee\/teenus-silikoonist-ortoosi-valmistamine-varvastele\/\">\u0418\u043d\u0434\u0438\u0432\u0438\u0434\u0443\u0430\u043b\u044c\u043d\u044b\u0439 \u0441\u0438\u043b\u0438\u043a\u043e\u043d\u043e\u0432\u044b\u0439 \u043e\u0440\u0442\u0435\u0437 \u0434\u043b\u044f \u043f\u0430\u043b\u044c\u0446\u0435\u0432 \u043d\u043e\u0433<\/a><\/strong><\/p>\t\t\t\t\t\t\t\t<\/div>\n\t\t\t\t<\/div>\n\t\t\t\t\t<\/div>\n\t\t<\/div>\n\t\t\t\t\t<\/div>\n\t\t<\/section>\n\t\t\t\t<section class=\"elementor-section elementor-top-section elementor-element elementor-element-29dcfde5 elementor-section-boxed elementor-section-height-default elementor-section-height-default\" data-id=\"29dcfde5\" data-element_type=\"section\" data-e-type=\"section\">\n\t\t\t\t\t\t<div class=\"elementor-container elementor-column-gap-default\">\n\t\t\t\t\t<div class=\"elementor-column elementor-col-100 elementor-top-column elementor-element elementor-element-6aa1abd1\" data-id=\"6aa1abd1\" data-element_type=\"column\" data-e-type=\"column\">\n\t\t\t<div class=\"elementor-widget-wrap elementor-element-populated\">\n\t\t\t\t\t\t<div class=\"elementor-element elementor-element-f349da6 elementor-widget elementor-widget-spacer\" data-id=\"f349da6\" data-element_type=\"widget\" data-e-type=\"widget\" data-widget_type=\"spacer.default\">\n\t\t\t\t<div class=\"elementor-widget-container\">\n\t\t\t\t\t\t\t<div class=\"elementor-spacer\">\n\t\t\t<div class=\"elementor-spacer-inner\"><\/div>\n\t\t<\/div>\n\t\t\t\t\t\t<\/div>\n\t\t\t\t<\/div>\n\t\t\t\t<div class=\"elementor-element elementor-element-59f27740 elementor-widget-divider--separator-type-pattern elementor-widget-divider--view-line elementor-widget elementor-widget-divider\" data-id=\"59f27740\" data-element_type=\"widget\" data-e-type=\"widget\" data-settings=\"{&quot;_animation_tablet&quot;:&quot;none&quot;,&quot;_animation_mobile&quot;:&quot;none&quot;}\" data-widget_type=\"divider.default\">\n\t\t\t\t<div class=\"elementor-widget-container\">\n\t\t\t\t\t\t\t<div class=\"elementor-divider\" style=\"--divider-pattern-url: url(&quot;data:image\/svg+xml,%3Csvg xmlns=&#039;http:\/\/www.w3.org\/2000\/svg&#039; preserveAspectRatio=&#039;none&#039; overflow=&#039;visible&#039; height=&#039;100%&#039; viewBox=&#039;0 0 24 24&#039; fill=&#039;none&#039; stroke=&#039;black&#039; stroke-width=&#039;3&#039; stroke-linecap=&#039;square&#039; stroke-miterlimit=&#039;10&#039;%3E%3Cpolyline points=&#039;0,6 6,6 6,18 18,18 18,6 24,6 \t&#039;\/%3E%3C\/svg%3E&quot;);\">\n\t\t\t<span class=\"elementor-divider-separator\">\n\t\t\t\t\t\t<\/span>\n\t\t<\/div>\n\t\t\t\t\t\t<\/div>\n\t\t\t\t<\/div>\n\t\t\t\t\t<\/div>\n\t\t<\/div>\n\t\t\t\t\t<\/div>\n\t\t<\/section>\n\t\t\t\t<\/div>","protected":false},"excerpt":{"rendered":"<p>\u041c\u044f\u0433\u043a\u043e\u0435 \u0433\u0435\u043b\u0435\u0432\u043e\u0435 \u043f\u043e\u043a\u0440\u044b\u0442\u0438\u0435, \u043e\u0431\u0435\u0441\u043f\u0435\u0447\u0438\u0432\u0430\u044e\u0449\u0435\u0435 \u0437\u0430\u0449\u0438\u0442\u0443 \u0432\u044b\u0441\u0442\u0443\u043f\u0430\u044e\u0449\u0435\u0433\u043e \u0431\u043e\u043b\u044c\u0448\u043e\u0433\u043e \u043f\u0430\u043b\u044c\u0446\u0430 \u043d\u043e\u0433\u0438, \u0437\u0430\u0449\u0438\u0449\u0430\u0435\u0442 \u0431\u043e\u043b\u0435\u0437\u043d\u0435\u043d\u043d\u0443\u044e \u043e\u0431\u043b\u0430\u0441\u0442\u044c \u0432\u0430\u043b\u044c\u0433\u0443\u0441\u043d\u043e\u0439 \u0434\u0435\u0444\u043e\u0440\u043c\u0430\u0446\u0438\u0438 \u0431\u043e\u043b\u044c\u0448\u043e\u0433\u043e \u043f\u0430\u043b\u044c\u0446\u0430 \u0441\u0442\u043e\u043f\u044b \u043e\u0442 \u0434\u0430\u0432\u043b\u0435\u043d\u0438\u044f \u0438 \u0442\u0440\u0435\u043d\u0438\u044f. \u0427\u0435\u0445\u043e\u043b \u0430\u043d\u0430\u0442\u043e\u043c\u0438\u0447\u0435\u0441\u043a\u0438 \u0430\u0434\u0430\u043f\u0442\u0438\u0440\u0443\u0435\u0442\u0441\u044f \u043a \u0441\u0442\u043e\u043f\u0435 \u0438 \u043f\u0440\u043e\u0441\u0442 \u0432 \u0443\u0441\u0442\u0430\u043d\u043e\u0432\u043a\u0435.<\/p>","protected":false},"featured_media":942,"comment_status":"open","ping_status":"closed","template":"","meta":{"ocean_post_layout":"","ocean_both_sidebars_style":"","ocean_both_sidebars_content_width":0,"ocean_both_sidebars_sidebars_width":0,"ocean_sidebar":"0","ocean_second_sidebar":"0","ocean_disable_margins":"enable","ocean_add_body_class":"","ocean_shortcode_before_top_bar":"","ocean_shortcode_after_top_bar":"","ocean_shortcode_before_header":"","ocean_shortcode_after_header":"","ocean_has_shortcode":"","ocean_shortcode_after_title":"","ocean_shortcode_before_footer_widgets":"","ocean_shortcode_after_footer_widgets":"","ocean_shortcode_before_footer_bottom":"","ocean_shortcode_after_footer_bottom":"","ocean_display_top_bar":"default","ocean_display_header":"default","ocean_header_style":"","ocean_center_header_left_menu":"0","ocean_custom_header_template":"0","ocean_custom_logo":0,"ocean_custom_retina_logo":0,"ocean_custom_logo_max_width":0,"ocean_custom_logo_tablet_max_width":0,"ocean_custom_logo_mobile_max_width":0,"ocean_custom_logo_max_height":0,"ocean_custom_logo_tablet_max_height":0,"ocean_custom_logo_mobile_max_height":0,"ocean_header_custom_menu":"0","ocean_menu_typo_font_family":"0","ocean_menu_typo_font_subset":"","ocean_menu_typo_font_size":0,"ocean_menu_typo_font_size_tablet":0,"ocean_menu_typo_font_size_mobile":0,"ocean_menu_typo_font_size_unit":"px","ocean_menu_typo_font_weight":"","ocean_menu_typo_font_weight_tablet":"","ocean_menu_typo_font_weight_mobile":"","ocean_menu_typo_transform":"","ocean_menu_typo_transform_tablet":"","ocean_menu_typo_transform_mobile":"","ocean_menu_typo_line_height":0,"ocean_menu_typo_line_height_tablet":0,"ocean_menu_typo_line_height_mobile":0,"ocean_menu_typo_line_height_unit":"","ocean_menu_typo_spacing":0,"ocean_menu_typo_spacing_tablet":0,"ocean_menu_typo_spacing_mobile":0,"ocean_menu_typo_spacing_unit":"","ocean_menu_link_color":"","ocean_menu_link_color_hover":"","ocean_menu_link_color_active":"","ocean_menu_link_background":"","ocean_menu_link_hover_background":"","ocean_menu_link_active_background":"","ocean_menu_social_links_bg":"","ocean_menu_social_hover_links_bg":"","ocean_menu_social_links_color":"","ocean_menu_social_hover_links_color":"","ocean_disable_title":"default","ocean_disable_heading":"default","ocean_post_title":"","ocean_post_subheading":"","ocean_post_title_style":"","ocean_post_title_background_color":"","ocean_post_title_background":0,"ocean_post_title_bg_image_position":"","ocean_post_title_bg_image_attachment":"","ocean_post_title_bg_image_repeat":"","ocean_post_title_bg_image_size":"","ocean_post_title_height":0,"ocean_post_title_bg_overlay":0.5,"ocean_post_title_bg_overlay_color":"","ocean_disable_breadcrumbs":"default","ocean_breadcrumbs_color":"","ocean_breadcrumbs_separator_color":"","ocean_breadcrumbs_links_color":"","ocean_breadcrumbs_links_hover_color":"","ocean_display_footer_widgets":"default","ocean_display_footer_bottom":"default","ocean_custom_footer_template":"0"},"product_brand":[2238],"product_cat":[143,63,136],"product_tag":[166,168,165,170,167,139,182,172,173,164,171,169],"class_list":{"0":"post-936","1":"product","2":"type-product","3":"status-publish","4":"has-post-thumbnail","6":"product_brand-kaps","7":"product_cat-hallux-valgus-varvastele","8":"product_cat-labajalale","9":"product_cat-varvastele","10":"product_tag-geelist-kaitse-varbanukile","11":"product_tag-geelist-kate-hallux-valgusele","12":"product_tag-geelist-kate-varbanukile","13":"product_tag-hallux-valgus-toode","14":"product_tag-kaitse-varbanukile","15":"product_tag-suure-varba-kont","16":"product_tag-suure-varba-luu","17":"product_tag-tooted-hallux-valgus","18":"product_tag-varbanuki-kaitse","19":"product_tag-varbanuki-valu-vahendav","20":"product_tag-varbanukile","21":"product_tag-varbanukki-kaitsev","23":"entry","24":"has-media","26":"first","27":"instock","28":"taxable","29":"shipping-taxable","30":"purchasable","31":"product-type-variable","32":"has-rating","33":"has-product-nav","34":"col","35":"span_1_of_4","36":"owp-content-left","37":"owp-thumbs-layout-horizontal","38":"owp-btn-normal","39":"owp-tabs-layout-horizontal"},"yoast_head":"<!-- This site is optimized with the Yoast SEO plugin v27.3 - https:\/\/yoast.com\/product\/yoast-seo-wordpress\/ -->\n<title>HALLUX VALGUS VARBANUKI KAITSE Kaps Medicus<\/title>\n<meta name=\"description\" content=\"Pehme geelist varbanuki kate kaitseb valulikku Hallux Valgus piirkonda surve ja h\u00f5\u00f5rdumise eest. Vaata toodet ja k\u00fcsi lisa\" \/>\n<meta name=\"robots\" content=\"index, follow, max-snippet:-1, max-image-preview:large, max-video-preview:-1\" \/>\n<link rel=\"canonical\" href=\"https:\/\/ortoteek.ee\/ru\/pood\/labajalale\/kaps-medicus\/\" \/>\n<meta property=\"og:locale\" content=\"ru_RU\" \/>\n<meta property=\"og:type\" content=\"article\" \/>\n<meta property=\"og:title\" content=\"HALLUX VALGUS VARBANUKI KAITSE Kaps Medicus\" \/>\n<meta property=\"og:description\" content=\"Pehme geelist varbanuki kate kaitseb valulikku Hallux Valgus piirkonda surve ja h\u00f5\u00f5rdumise eest. Vaata toodet ja k\u00fcsi lisa\" \/>\n<meta property=\"og:url\" content=\"https:\/\/ortoteek.ee\/ru\/pood\/labajalale\/kaps-medicus\/\" \/>\n<meta property=\"og:site_name\" content=\"ITAK J\u00e4rve\" \/>\n<meta property=\"article:publisher\" content=\"https:\/\/www.facebook.com\/Ortoteek\" \/>\n<meta property=\"article:modified_time\" content=\"2026-02-25T14:02:32+00:00\" \/>\n<meta property=\"og:image\" content=\"https:\/\/ortoteek.ee\/wp-content\/uploads\/2020\/10\/valusa_varbanuki_kaitse.jpg\" \/>\n\t<meta property=\"og:image:width\" content=\"800\" \/>\n\t<meta property=\"og:image:height\" content=\"800\" \/>\n\t<meta property=\"og:image:type\" content=\"image\/jpeg\" \/>\n<meta name=\"twitter:card\" content=\"summary_large_image\" \/>\n<meta name=\"twitter:label1\" content=\"\u0414\u043e\u0441\u0442\u0443\u043f\u043d\u043e\u0441\u0442\u044c\" \/>\n\t<meta name=\"twitter:data1\" content=\"\u0412 \u043d\u0430\u043b\u0438\u0447\u0438\u0438\" \/>\n<script type=\"application\/ld+json\" class=\"yoast-schema-graph\">{\"@context\":\"https:\\\/\\\/schema.org\",\"@graph\":[{\"@type\":\"WebPage\",\"@id\":\"https:\\\/\\\/ortoteek.ee\\\/pood\\\/labajalale\\\/kaps-medicus\\\/\",\"url\":\"https:\\\/\\\/ortoteek.ee\\\/pood\\\/labajalale\\\/kaps-medicus\\\/\",\"name\":\"HALLUX VALGUS VARBANUKI KAITSE Kaps Medicus\",\"isPartOf\":{\"@id\":\"https:\\\/\\\/ortoteek.ee\\\/#website\"},\"primaryImageOfPage\":{\"@id\":\"https:\\\/\\\/ortoteek.ee\\\/pood\\\/labajalale\\\/kaps-medicus\\\/#primaryimage\"},\"image\":{\"@id\":\"https:\\\/\\\/ortoteek.ee\\\/pood\\\/labajalale\\\/kaps-medicus\\\/#primaryimage\"},\"thumbnailUrl\":\"https:\\\/\\\/ortoteek.ee\\\/wp-content\\\/uploads\\\/2020\\\/10\\\/valusa_varbanuki_kaitse.jpg\",\"datePublished\":\"2025-08-29T08:07:40+00:00\",\"dateModified\":\"2026-02-25T14:02:32+00:00\",\"description\":\"Pehme geelist varbanuki kate kaitseb valulikku Hallux Valgus piirkonda surve ja h\u00f5\u00f5rdumise eest. Vaata toodet ja k\u00fcsi lisa\",\"breadcrumb\":{\"@id\":\"https:\\\/\\\/ortoteek.ee\\\/pood\\\/labajalale\\\/kaps-medicus\\\/#breadcrumb\"},\"inLanguage\":\"ru-RU\",\"potentialAction\":[{\"@type\":\"ReadAction\",\"target\":[\"https:\\\/\\\/ortoteek.ee\\\/pood\\\/labajalale\\\/kaps-medicus\\\/\"]}]},{\"@type\":\"ImageObject\",\"inLanguage\":\"ru-RU\",\"@id\":\"https:\\\/\\\/ortoteek.ee\\\/pood\\\/labajalale\\\/kaps-medicus\\\/#primaryimage\",\"url\":\"https:\\\/\\\/ortoteek.ee\\\/wp-content\\\/uploads\\\/2020\\\/10\\\/valusa_varbanuki_kaitse.jpg\",\"contentUrl\":\"https:\\\/\\\/ortoteek.ee\\\/wp-content\\\/uploads\\\/2020\\\/10\\\/valusa_varbanuki_kaitse.jpg\",\"width\":800,\"height\":800},{\"@type\":\"BreadcrumbList\",\"@id\":\"https:\\\/\\\/ortoteek.ee\\\/pood\\\/labajalale\\\/kaps-medicus\\\/#breadcrumb\",\"itemListElement\":[{\"@type\":\"ListItem\",\"position\":1,\"name\":\"Avaleht\",\"item\":\"https:\\\/\\\/ortoteek.ee\\\/\"},{\"@type\":\"ListItem\",\"position\":2,\"name\":\"Ortoosid\",\"item\":\"https:\\\/\\\/ortoteek.ee\\\/pood\\\/\"},{\"@type\":\"ListItem\",\"position\":3,\"name\":\"Labajalale\",\"item\":\"https:\\\/\\\/ortoteek.ee\\\/tootekategooria\\\/labajalale\\\/\"},{\"@type\":\"ListItem\",\"position\":4,\"name\":\"HALLUX VALGUS VARBANUKI KAITSE Kaps Medicus\"}]},{\"@type\":\"WebSite\",\"@id\":\"https:\\\/\\\/ortoteek.ee\\\/#website\",\"url\":\"https:\\\/\\\/ortoteek.ee\\\/\",\"name\":\"ITAK J\u00e4rve\",\"description\":\"ORTOPEEDILISED TEENUSED JA TOOTED TRAUMALE JA IGAP\u00c4EVASEKS KASUTAMISEKS\",\"publisher\":{\"@id\":\"https:\\\/\\\/ortoteek.ee\\\/#organization\"},\"alternateName\":\"Ortoteek\",\"potentialAction\":[{\"@type\":\"SearchAction\",\"target\":{\"@type\":\"EntryPoint\",\"urlTemplate\":\"https:\\\/\\\/ortoteek.ee\\\/?s={search_term_string}\"},\"query-input\":{\"@type\":\"PropertyValueSpecification\",\"valueRequired\":true,\"valueName\":\"search_term_string\"}}],\"inLanguage\":\"ru-RU\"},{\"@type\":\"Organization\",\"@id\":\"https:\\\/\\\/ortoteek.ee\\\/#organization\",\"name\":\"Ortoteek O\u00dc\",\"alternateName\":\"Ortoteek Eesti\",\"url\":\"https:\\\/\\\/ortoteek.ee\\\/\",\"logo\":{\"@type\":\"ImageObject\",\"inLanguage\":\"ru-RU\",\"@id\":\"https:\\\/\\\/ortoteek.ee\\\/#\\\/schema\\\/logo\\\/image\\\/\",\"url\":\"https:\\\/\\\/ortoteek.ee\\\/wp-content\\\/uploads\\\/2023\\\/07\\\/logo_ortoteek_icon.jpg\",\"contentUrl\":\"https:\\\/\\\/ortoteek.ee\\\/wp-content\\\/uploads\\\/2023\\\/07\\\/logo_ortoteek_icon.jpg\",\"width\":900,\"height\":874,\"caption\":\"Ortoteek O\u00dc\"},\"image\":{\"@id\":\"https:\\\/\\\/ortoteek.ee\\\/#\\\/schema\\\/logo\\\/image\\\/\"},\"sameAs\":[\"https:\\\/\\\/www.facebook.com\\\/Ortoteek\",\"https:\\\/\\\/www.instagram.com\\\/ortoteek\\\/\"],\"hasMerchantReturnPolicy\":{\"@type\":\"MerchantReturnPolicy\",\"merchantReturnLink\":\"https:\\\/\\\/ortoteek.ee\\\/ru\\\/pood\\\/toote-tagastamine\\\/\"}}]}<\/script>\n<meta property=\"product:brand\" content=\"Kaps\" \/>\n<meta property=\"og:availability\" content=\"instock\" \/>\n<meta property=\"product:availability\" content=\"instock\" \/>\n<meta property=\"product:retailer_item_id\" content=\"936\" \/>\n<meta property=\"product:condition\" content=\"new\" \/>\n<!-- \/ Yoast SEO plugin. -->","yoast_head_json":{"title":"HALLUX LIGHT \u0417\u0410\u0429\u0418\u0422\u0410 \u041f\u0410\u041b\u042c\u0426\u0410 Kaps Medicus","description":"Pehme geelist varbanuki kate kaitseb valulikku Hallux Valgus piirkonda surve ja h\u00f5\u00f5rdumise eest. Vaata toodet ja k\u00fcsi lisa","robots":{"index":"index","follow":"follow","max-snippet":"max-snippet:-1","max-image-preview":"max-image-preview:large","max-video-preview":"max-video-preview:-1"},"canonical":"https:\/\/ortoteek.ee\/ru\/pood\/labajalale\/kaps-medicus\/","og_locale":"ru_RU","og_type":"article","og_title":"HALLUX VALGUS VARBANUKI KAITSE Kaps Medicus","og_description":"Pehme geelist varbanuki kate kaitseb valulikku Hallux Valgus piirkonda surve ja h\u00f5\u00f5rdumise eest. Vaata toodet ja k\u00fcsi lisa","og_url":"https:\/\/ortoteek.ee\/ru\/pood\/labajalale\/kaps-medicus\/","og_site_name":"ITAK J\u00e4rve","article_publisher":"https:\/\/www.facebook.com\/Ortoteek","article_modified_time":"2026-02-25T14:02:32+00:00","og_image":[{"width":800,"height":800,"url":"https:\/\/ortoteek.ee\/wp-content\/uploads\/2020\/10\/valusa_varbanuki_kaitse.jpg","type":"image\/jpeg"}],"twitter_card":"summary_large_image","twitter_misc":{"\u0414\u043e\u0441\u0442\u0443\u043f\u043d\u043e\u0441\u0442\u044c":"\u0412 \u043d\u0430\u043b\u0438\u0447\u0438\u0438"},"schema":{"@context":"https:\/\/schema.org","@graph":[{"@type":"WebPage","@id":"https:\/\/ortoteek.ee\/pood\/labajalale\/kaps-medicus\/","url":"https:\/\/ortoteek.ee\/pood\/labajalale\/kaps-medicus\/","name":"HALLUX LIGHT \u0417\u0410\u0429\u0418\u0422\u0410 \u041f\u0410\u041b\u042c\u0426\u0410 Kaps Medicus","isPartOf":{"@id":"https:\/\/ortoteek.ee\/#website"},"primaryImageOfPage":{"@id":"https:\/\/ortoteek.ee\/pood\/labajalale\/kaps-medicus\/#primaryimage"},"image":{"@id":"https:\/\/ortoteek.ee\/pood\/labajalale\/kaps-medicus\/#primaryimage"},"thumbnailUrl":"https:\/\/ortoteek.ee\/wp-content\/uploads\/2020\/10\/valusa_varbanuki_kaitse.jpg","datePublished":"2025-08-29T08:07:40+00:00","dateModified":"2026-02-25T14:02:32+00:00","description":"Pehme geelist varbanuki kate kaitseb valulikku Hallux Valgus piirkonda surve ja h\u00f5\u00f5rdumise eest. Vaata toodet ja k\u00fcsi lisa","breadcrumb":{"@id":"https:\/\/ortoteek.ee\/pood\/labajalale\/kaps-medicus\/#breadcrumb"},"inLanguage":"ru-RU","potentialAction":[{"@type":"ReadAction","target":["https:\/\/ortoteek.ee\/pood\/labajalale\/kaps-medicus\/"]}]},{"@type":"ImageObject","inLanguage":"ru-RU","@id":"https:\/\/ortoteek.ee\/pood\/labajalale\/kaps-medicus\/#primaryimage","url":"https:\/\/ortoteek.ee\/wp-content\/uploads\/2020\/10\/valusa_varbanuki_kaitse.jpg","contentUrl":"https:\/\/ortoteek.ee\/wp-content\/uploads\/2020\/10\/valusa_varbanuki_kaitse.jpg","width":800,"height":800},{"@type":"BreadcrumbList","@id":"https:\/\/ortoteek.ee\/pood\/labajalale\/kaps-medicus\/#breadcrumb","itemListElement":[{"@type":"ListItem","position":1,"name":"Avaleht","item":"https:\/\/ortoteek.ee\/"},{"@type":"ListItem","position":2,"name":"Ortoosid","item":"https:\/\/ortoteek.ee\/pood\/"},{"@type":"ListItem","position":3,"name":"Labajalale","item":"https:\/\/ortoteek.ee\/tootekategooria\/labajalale\/"},{"@type":"ListItem","position":4,"name":"HALLUX VALGUS VARBANUKI KAITSE Kaps Medicus"}]},{"@type":"WebSite","@id":"https:\/\/ortoteek.ee\/#website","url":"https:\/\/ortoteek.ee\/","name":"ITAK J\u00e4rve","description":"\u041e\u0420\u0422\u041e\u041f\u0415\u0414\u0418\u0427\u0415\u0421\u041a\u0418\u0415 \u0423\u0421\u041b\u0423\u0413\u0418 \u0418 \u0418\u0417\u0414\u0415\u041b\u0418\u042f \u0414\u041b\u042f \u0422\u0420\u0410\u0412\u041c \u0418 \u041f\u041e\u0412\u0421\u0415\u0414\u041d\u0415\u0412\u041d\u041e\u0413\u041e \u0418\u0421\u041f\u041e\u041b\u042c\u0417\u041e\u0412\u0410\u041d\u0418\u042f","publisher":{"@id":"https:\/\/ortoteek.ee\/#organization"},"alternateName":"Ortoteek","potentialAction":[{"@type":"SearchAction","target":{"@type":"EntryPoint","urlTemplate":"https:\/\/ortoteek.ee\/?s={search_term_string}"},"query-input":{"@type":"PropertyValueSpecification","valueRequired":true,"valueName":"search_term_string"}}],"inLanguage":"ru-RU"},{"@type":"Organization","@id":"https:\/\/ortoteek.ee\/#organization","name":"\u041e\u0440\u0442\u043e\u0442\u0435\u043a O\u00dc","alternateName":"Ortoteek Eesti","url":"https:\/\/ortoteek.ee\/","logo":{"@type":"ImageObject","inLanguage":"ru-RU","@id":"https:\/\/ortoteek.ee\/#\/schema\/logo\/image\/","url":"https:\/\/ortoteek.ee\/wp-content\/uploads\/2023\/07\/logo_ortoteek_icon.jpg","contentUrl":"https:\/\/ortoteek.ee\/wp-content\/uploads\/2023\/07\/logo_ortoteek_icon.jpg","width":900,"height":874,"caption":"Ortoteek O\u00dc"},"image":{"@id":"https:\/\/ortoteek.ee\/#\/schema\/logo\/image\/"},"sameAs":["https:\/\/www.facebook.com\/Ortoteek","https:\/\/www.instagram.com\/ortoteek\/"],"hasMerchantReturnPolicy":{"@type":"MerchantReturnPolicy","merchantReturnLink":"https:\/\/ortoteek.ee\/ru\/pood\/toote-tagastamine\/"}}]},"product_brand":"Kaps","og_availability":"instock","product_availability":"instock","product_retailer_item_id":"936","product_condition":"new"},"_links":{"self":[{"href":"https:\/\/ortoteek.ee\/ru\/wp-json\/wp\/v2\/product\/936","targetHints":{"allow":["GET"]}}],"collection":[{"href":"https:\/\/ortoteek.ee\/ru\/wp-json\/wp\/v2\/product"}],"about":[{"href":"https:\/\/ortoteek.ee\/ru\/wp-json\/wp\/v2\/types\/product"}],"replies":[{"embeddable":true,"href":"https:\/\/ortoteek.ee\/ru\/wp-json\/wp\/v2\/comments?post=936"}],"version-history":[{"count":1,"href":"https:\/\/ortoteek.ee\/ru\/wp-json\/wp\/v2\/product\/936\/revisions"}],"predecessor-version":[{"id":39412,"href":"https:\/\/ortoteek.ee\/ru\/wp-json\/wp\/v2\/product\/936\/revisions\/39412"}],"wp:featuredmedia":[{"embeddable":true,"href":"https:\/\/ortoteek.ee\/ru\/wp-json\/wp\/v2\/media\/942"}],"wp:attachment":[{"href":"https:\/\/ortoteek.ee\/ru\/wp-json\/wp\/v2\/media?parent=936"}],"wp:term":[{"taxonomy":"product_brand","embeddable":true,"href":"https:\/\/ortoteek.ee\/ru\/wp-json\/wp\/v2\/product_brand?post=936"},{"taxonomy":"product_cat","embeddable":true,"href":"https:\/\/ortoteek.ee\/ru\/wp-json\/wp\/v2\/product_cat?post=936"},{"taxonomy":"product_tag","embeddable":true,"href":"https:\/\/ortoteek.ee\/ru\/wp-json\/wp\/v2\/product_tag?post=936"}],"curies":[{"name":"WP","href":"https:\/\/api.w.org\/{rel}","templated":true}]}}