{"id":44580,"date":"2026-04-21T11:44:43","date_gmt":"2026-04-21T08:44:43","guid":{"rendered":"https:\/\/ortoteek.ee\/?post_type=product&#038;p=44580"},"modified":"2026-04-21T13:23:34","modified_gmt":"2026-04-21T10:23:34","slug":"niisutav-katekreem-hualuroonhappe-ja-uureaga-itak-50ml","status":"publish","type":"product","link":"https:\/\/ortoteek.ee\/ru\/pood\/nahahooldus\/niisutav-katekreem-hualuroonhappe-ja-uureaga-itak-50ml\/","title":{"rendered":"NIISUTAV K\u00c4TEKREEM H\u00dcALUROONHAPPE JA UUREAGA ITAK. 50ml"},"content":{"rendered":"<div data-elementor-type=\"product-post\" data-elementor-id=\"44580\" class=\"elementor elementor-44580\" data-elementor-post-type=\"product\">\n\t\t\t\t\t\t<section class=\"elementor-section elementor-top-section elementor-element elementor-element-c30602e elementor-section-boxed elementor-section-height-default elementor-section-height-default\" data-id=\"c30602e\" data-element_type=\"section\" data-e-type=\"section\">\n\t\t\t\t\t\t<div class=\"elementor-container elementor-column-gap-default\">\n\t\t\t\t\t<div class=\"elementor-column elementor-col-100 elementor-top-column elementor-element elementor-element-614bcaa\" data-id=\"614bcaa\" data-element_type=\"column\" data-e-type=\"column\">\n\t\t\t<div class=\"elementor-widget-wrap elementor-element-populated\">\n\t\t\t\t\t\t<div class=\"elementor-element elementor-element-7088ed1 elementor-widget elementor-widget-heading\" data-id=\"7088ed1\" data-element_type=\"widget\" data-e-type=\"widget\" data-widget_type=\"heading.default\">\n\t\t\t\t<div class=\"elementor-widget-container\">\n\t\t\t\t\t<h2 class=\"elementor-heading-title elementor-size-default\"><b>NIISUTAV K\u00c4TEKREEM H\u00dcALUROONHAPPE JA UUREAGA ITAK<\/b><\/h2>\t\t\t\t<\/div>\n\t\t\t\t<\/div>\n\t\t\t\t<div class=\"elementor-element elementor-element-8e3d277 elementor-widget elementor-widget-text-editor\" data-id=\"8e3d277\" data-element_type=\"widget\" data-e-type=\"widget\" data-widget_type=\"text-editor.default\">\n\t\t\t\t<div class=\"elementor-widget-container\">\n\t\t\t\t\t\t\t\t\t<p>NIISUTAV K\u00c4TEKREEM H\u00dcALUROONHAPPE JA UUREAGA ITAK naturaalsete \u00f5lide, uurea ja h\u00fcaluroonhappega imendub kiiresti ja ei j\u00e4ta nahka rasvaseks \u2013 ideaalne igap\u00e4evaseks kasutamiseks.<\/p><p>K\u00e4tekreemis sisalduv <strong>naturaalsete \u00f5lide kompleks koos A, E ja C vitamiiniga<\/strong> rahustab \u00e4rritunud nahka, parandab nahaalust verevarustust, kiirendab naha normaalse mikrofloora ja kaitsefunktsioonide tastumist ning hoiab \u00e4ra naha enneaegse vananemise. <strong>Uurea ning h\u00fcaluroonhape<\/strong> tagavad naha maksimaalse kaitse ja niisutuse kuivadele ja karedatele k\u00e4tele, j\u00e4ttes naha pehmeks, siidiseks ja sametiseks.<\/p><p><strong>\u0418\u0421\u041f\u041e\u041b\u042c\u0417\u041e\u0412\u0410\u0422\u042c:<\/strong><br \/>K\u00e4tekreem kantakse puhtale kuivale nahale. Kreemi t\u00e4ielikuks imendumiseks kulub m\u00f5ni minutit. Kreem imendub s\u00fcgavale epidermilistessee kihtidesse ning kaitseb ja tervendab nahka.<\/p><p><strong>Koostisained:\u00a0<\/strong>Aqua, Glycerin, Cetearyl, Alcohol, Isopropyl Myristate, Vitis Vinifera Seed Oil, Glyceryl Stearate Citrate, Caprylic\/Capric Triglyceride, Hydroxyethyl Urea, Prunus Amygdalus Dulcis Oil,\u00a0 Helianthus Annuus Seed Oil, Simmondsia Chinesis Seed Oil, Citrus auranitum bergamia fruit Oil, Olus Oil,\u00a0 Sodium Hyaluronate, Tocopherol, Ascorbyl Palmitate, Retinyl Palmitate, Glyceryl Caprylate,\u00a0 Phenoxyethanol, Decylene Glycol, Caprylyl Glycol, Sodium Polyacrylate, Hydrogenated Polydecene, Trideceth-6, Parfum<\/p>\t\t\t\t\t\t\t\t<\/div>\n\t\t\t\t<\/div>\n\t\t\t\t<div class=\"elementor-element elementor-element-c5b7aa9 elementor-widget elementor-widget-image\" data-id=\"c5b7aa9\" data-element_type=\"widget\" data-e-type=\"widget\" data-widget_type=\"image.default\">\n\t\t\t\t<div class=\"elementor-widget-container\">\n\t\t\t\t\t\t\t\t\t\t\t\t\t\t\t<img fetchpriority=\"high\" decoding=\"async\" width=\"1000\" height=\"1000\" src=\"https:\/\/ortoteek.ee\/wp-content\/uploads\/2026\/04\/1000x1000px-2.png\" class=\"attachment-large size-large wp-image-44609\" alt=\"\" srcset=\"https:\/\/ortoteek.ee\/wp-content\/uploads\/2026\/04\/1000x1000px-2.png 1000w, https:\/\/ortoteek.ee\/wp-content\/uploads\/2026\/04\/1000x1000px-2-300x300.png 300w, https:\/\/ortoteek.ee\/wp-content\/uploads\/2026\/04\/1000x1000px-2-150x150.png 150w, https:\/\/ortoteek.ee\/wp-content\/uploads\/2026\/04\/1000x1000px-2-768x768.png 768w, https:\/\/ortoteek.ee\/wp-content\/uploads\/2026\/04\/1000x1000px-2-12x12.png 12w, https:\/\/ortoteek.ee\/wp-content\/uploads\/2026\/04\/1000x1000px-2-600x600.png 600w, https:\/\/ortoteek.ee\/wp-content\/uploads\/2026\/04\/1000x1000px-2-500x500.png 500w, https:\/\/ortoteek.ee\/wp-content\/uploads\/2026\/04\/1000x1000px-2-100x100.png 100w, https:\/\/ortoteek.ee\/wp-content\/uploads\/2026\/04\/1000x1000px-2-64x64.png 64w\" sizes=\"(max-width: 1000px) 100vw, 1000px\" \/>\t\t\t\t\t\t\t\t\t\t\t\t\t\t\t<\/div>\n\t\t\t\t<\/div>\n\t\t\t\t<div class=\"elementor-element elementor-element-1611bb1 elementor-widget elementor-widget-text-editor\" data-id=\"1611bb1\" data-element_type=\"widget\" data-e-type=\"widget\" data-widget_type=\"text-editor.default\">\n\t\t\t\t<div class=\"elementor-widget-container\">\n\t\t\t\t\t\t\t\t\t<p>Toodetud O\u00dc ITAK tellimusel<br \/>Tootja: AS Chemi-Pharm<\/p>\t\t\t\t\t\t\t\t<\/div>\n\t\t\t\t<\/div>\n\t\t\t\t\t<\/div>\n\t\t<\/div>\n\t\t\t\t\t<\/div>\n\t\t<\/section>\n\t\t\t\t<\/div>","protected":false},"excerpt":{"rendered":"<p>NIISUTAV K\u00c4TEKREEM H\u00dcALUROONHAPPE JA UUREAGA ITAK. 50ml naturaalsete \u00f5lide, uurea ja h\u00fcaluroonhappega imendub kiiresti ja ei j\u00e4ta nahka rasvaseks \u2013 ideaalne igap\u00e4evaseks kasutamiseks.<\/p>","protected":false},"featured_media":44582,"comment_status":"open","ping_status":"closed","template":"","meta":{"ocean_post_layout":"","ocean_both_sidebars_style":"","ocean_both_sidebars_content_width":0,"ocean_both_sidebars_sidebars_width":0,"ocean_sidebar":"0","ocean_second_sidebar":"0","ocean_disable_margins":"enable","ocean_add_body_class":"","ocean_shortcode_before_top_bar":"","ocean_shortcode_after_top_bar":"","ocean_shortcode_before_header":"","ocean_shortcode_after_header":"","ocean_has_shortcode":"","ocean_shortcode_after_title":"","ocean_shortcode_before_footer_widgets":"","ocean_shortcode_after_footer_widgets":"","ocean_shortcode_before_footer_bottom":"","ocean_shortcode_after_footer_bottom":"","ocean_display_top_bar":"default","ocean_display_header":"default","ocean_header_style":"","ocean_center_header_left_menu":"0","ocean_custom_header_template":"0","ocean_custom_logo":0,"ocean_custom_retina_logo":0,"ocean_custom_logo_max_width":0,"ocean_custom_logo_tablet_max_width":0,"ocean_custom_logo_mobile_max_width":0,"ocean_custom_logo_max_height":0,"ocean_custom_logo_tablet_max_height":0,"ocean_custom_logo_mobile_max_height":0,"ocean_header_custom_menu":"0","ocean_menu_typo_font_family":"0","ocean_menu_typo_font_subset":"","ocean_menu_typo_font_size":0,"ocean_menu_typo_font_size_tablet":0,"ocean_menu_typo_font_size_mobile":0,"ocean_menu_typo_font_size_unit":"px","ocean_menu_typo_font_weight":"","ocean_menu_typo_font_weight_tablet":"","ocean_menu_typo_font_weight_mobile":"","ocean_menu_typo_transform":"","ocean_menu_typo_transform_tablet":"","ocean_menu_typo_transform_mobile":"","ocean_menu_typo_line_height":0,"ocean_menu_typo_line_height_tablet":0,"ocean_menu_typo_line_height_mobile":0,"ocean_menu_typo_line_height_unit":"","ocean_menu_typo_spacing":0,"ocean_menu_typo_spacing_tablet":0,"ocean_menu_typo_spacing_mobile":0,"ocean_menu_typo_spacing_unit":"","ocean_menu_link_color":"","ocean_menu_link_color_hover":"","ocean_menu_link_color_active":"","ocean_menu_link_background":"","ocean_menu_link_hover_background":"","ocean_menu_link_active_background":"","ocean_menu_social_links_bg":"","ocean_menu_social_hover_links_bg":"","ocean_menu_social_links_color":"","ocean_menu_social_hover_links_color":"","ocean_disable_title":"default","ocean_disable_heading":"default","ocean_post_title":"","ocean_post_subheading":"","ocean_post_title_style":"","ocean_post_title_background_color":"","ocean_post_title_background":0,"ocean_post_title_bg_image_position":"","ocean_post_title_bg_image_attachment":"","ocean_post_title_bg_image_repeat":"","ocean_post_title_bg_image_size":"","ocean_post_title_height":0,"ocean_post_title_bg_overlay":0.5,"ocean_post_title_bg_overlay_color":"","ocean_disable_breadcrumbs":"default","ocean_breadcrumbs_color":"","ocean_breadcrumbs_separator_color":"","ocean_breadcrumbs_links_color":"","ocean_breadcrumbs_links_hover_color":"","ocean_display_footer_widgets":"default","ocean_display_footer_bottom":"default","ocean_custom_footer_template":"0"},"product_brand":[4709],"product_cat":[1095,308],"product_tag":[],"class_list":{"0":"post-44580","1":"product","2":"type-product","3":"status-publish","4":"has-post-thumbnail","6":"product_brand-itak","7":"product_cat-kreemid-salvid","8":"product_cat-nahahooldus","10":"entry","11":"has-media","13":"first","14":"instock","15":"taxable","16":"shipping-taxable","17":"purchasable","18":"product-type-simple","19":"has-product-nav","20":"col","21":"span_1_of_4","22":"owp-content-left","23":"owp-thumbs-layout-horizontal","24":"owp-btn-normal","25":"owp-tabs-layout-horizontal"},"yoast_head":"<!-- This site is optimized with the Yoast SEO plugin v27.4 - https:\/\/yoast.com\/product\/yoast-seo-wordpress\/ -->\n<title>NIISUTAV K\u00c4TEKREEM H\u00dcALUROONHAPPE JA UUREAGA ITAK. 50ml - ITAK J\u00e4rve<\/title>\n<meta name=\"description\" content=\"NIISUTAV K\u00c4TEKREEM H\u00dcALUROONHAPPE JA UUREAGA ITAK. 50ml naturaalsete \u00f5lide, uurea ja h\u00fcaluroonhappega imendub kiiresti ja ei j\u00e4ta nahka rasvaseks \u2013 ideaalne igap\u00e4evaseks kasutamiseks.\" \/>\n<meta name=\"robots\" content=\"index, follow, max-snippet:-1, max-image-preview:large, max-video-preview:-1\" \/>\n<link rel=\"canonical\" href=\"https:\/\/ortoteek.ee\/ru\/pood\/nahahooldus\/niisutav-katekreem-hualuroonhappe-ja-uureaga-itak-50ml\/\" \/>\n<meta property=\"og:locale\" content=\"ru_RU\" \/>\n<meta property=\"og:type\" content=\"article\" \/>\n<meta property=\"og:title\" content=\"NIISUTAV K\u00c4TEKREEM H\u00dcALUROONHAPPE JA UUREAGA ITAK. 50ml - ITAK J\u00e4rve\" \/>\n<meta property=\"og:description\" content=\"NIISUTAV K\u00c4TEKREEM H\u00dcALUROONHAPPE JA UUREAGA ITAK. 50ml naturaalsete \u00f5lide, uurea ja h\u00fcaluroonhappega imendub kiiresti ja ei j\u00e4ta nahka rasvaseks \u2013 ideaalne igap\u00e4evaseks kasutamiseks.\" \/>\n<meta property=\"og:url\" content=\"https:\/\/ortoteek.ee\/ru\/pood\/nahahooldus\/niisutav-katekreem-hualuroonhappe-ja-uureaga-itak-50ml\/\" \/>\n<meta property=\"og:site_name\" content=\"ITAK J\u00e4rve\" \/>\n<meta property=\"article:publisher\" content=\"https:\/\/www.facebook.com\/Ortoteek\" \/>\n<meta property=\"article:modified_time\" content=\"2026-04-21T10:23:34+00:00\" \/>\n<meta property=\"og:image\" content=\"https:\/\/ortoteek.ee\/wp-content\/uploads\/2026\/04\/itak-katekreem-hualuroonhappega-uureaga.png\" \/>\n\t<meta property=\"og:image:width\" content=\"1000\" \/>\n\t<meta property=\"og:image:height\" content=\"1000\" \/>\n\t<meta property=\"og:image:type\" content=\"image\/png\" \/>\n<meta name=\"twitter:card\" content=\"summary_large_image\" \/>\n<meta name=\"twitter:label1\" content=\"\u0426\u0435\u043d\u0430\" \/>\n\t<meta name=\"twitter:data1\" content=\"3.00&nbsp;&euro;\" \/>\n\t<meta name=\"twitter:label2\" content=\"\u0414\u043e\u0441\u0442\u0443\u043f\u043d\u043e\u0441\u0442\u044c\" \/>\n\t<meta name=\"twitter:data2\" content=\"\u0412 \u043d\u0430\u043b\u0438\u0447\u0438\u0438\" \/>\n<script type=\"application\/ld+json\" class=\"yoast-schema-graph\">{\"@context\":\"https:\\\/\\\/schema.org\",\"@graph\":[{\"@type\":\"WebPage\",\"@id\":\"https:\\\/\\\/ortoteek.ee\\\/pood\\\/nahahooldus\\\/niisutav-katekreem-hualuroonhappe-ja-uureaga-itak-50ml\\\/\",\"url\":\"https:\\\/\\\/ortoteek.ee\\\/pood\\\/nahahooldus\\\/niisutav-katekreem-hualuroonhappe-ja-uureaga-itak-50ml\\\/\",\"name\":\"NIISUTAV K\u00c4TEKREEM H\u00dcALUROONHAPPE JA UUREAGA ITAK. 50ml - ITAK J\u00e4rve\",\"isPartOf\":{\"@id\":\"https:\\\/\\\/ortoteek.ee\\\/#website\"},\"primaryImageOfPage\":{\"@id\":\"https:\\\/\\\/ortoteek.ee\\\/pood\\\/nahahooldus\\\/niisutav-katekreem-hualuroonhappe-ja-uureaga-itak-50ml\\\/#primaryimage\"},\"image\":{\"@id\":\"https:\\\/\\\/ortoteek.ee\\\/pood\\\/nahahooldus\\\/niisutav-katekreem-hualuroonhappe-ja-uureaga-itak-50ml\\\/#primaryimage\"},\"thumbnailUrl\":\"https:\\\/\\\/ortoteek.ee\\\/wp-content\\\/uploads\\\/2026\\\/04\\\/itak-katekreem-hualuroonhappega-uureaga.png\",\"datePublished\":\"2026-04-21T08:44:43+00:00\",\"dateModified\":\"2026-04-21T10:23:34+00:00\",\"description\":\"NIISUTAV K\u00c4TEKREEM H\u00dcALUROONHAPPE JA UUREAGA ITAK. 50ml naturaalsete \u00f5lide, uurea ja h\u00fcaluroonhappega imendub kiiresti ja ei j\u00e4ta nahka rasvaseks \u2013 ideaalne igap\u00e4evaseks kasutamiseks.\",\"breadcrumb\":{\"@id\":\"https:\\\/\\\/ortoteek.ee\\\/pood\\\/nahahooldus\\\/niisutav-katekreem-hualuroonhappe-ja-uureaga-itak-50ml\\\/#breadcrumb\"},\"inLanguage\":\"ru-RU\",\"potentialAction\":[{\"@type\":\"ReadAction\",\"target\":[\"https:\\\/\\\/ortoteek.ee\\\/pood\\\/nahahooldus\\\/niisutav-katekreem-hualuroonhappe-ja-uureaga-itak-50ml\\\/\"]}]},{\"@type\":\"ImageObject\",\"inLanguage\":\"ru-RU\",\"@id\":\"https:\\\/\\\/ortoteek.ee\\\/pood\\\/nahahooldus\\\/niisutav-katekreem-hualuroonhappe-ja-uureaga-itak-50ml\\\/#primaryimage\",\"url\":\"https:\\\/\\\/ortoteek.ee\\\/wp-content\\\/uploads\\\/2026\\\/04\\\/itak-katekreem-hualuroonhappega-uureaga.png\",\"contentUrl\":\"https:\\\/\\\/ortoteek.ee\\\/wp-content\\\/uploads\\\/2026\\\/04\\\/itak-katekreem-hualuroonhappega-uureaga.png\",\"width\":1000,\"height\":1000},{\"@type\":\"BreadcrumbList\",\"@id\":\"https:\\\/\\\/ortoteek.ee\\\/pood\\\/nahahooldus\\\/niisutav-katekreem-hualuroonhappe-ja-uureaga-itak-50ml\\\/#breadcrumb\",\"itemListElement\":[{\"@type\":\"ListItem\",\"position\":1,\"name\":\"Avaleht\",\"item\":\"https:\\\/\\\/ortoteek.ee\\\/\"},{\"@type\":\"ListItem\",\"position\":2,\"name\":\"Ortoosid\",\"item\":\"https:\\\/\\\/ortoteek.ee\\\/pood\\\/\"},{\"@type\":\"ListItem\",\"position\":3,\"name\":\"Nahahooldus\",\"item\":\"https:\\\/\\\/ortoteek.ee\\\/tootekategooria\\\/nahahooldus\\\/\"},{\"@type\":\"ListItem\",\"position\":4,\"name\":\"NIISUTAV K\u00c4TEKREEM H\u00dcALUROONHAPPE JA UUREAGA ITAK. 50ml\"}]},{\"@type\":\"WebSite\",\"@id\":\"https:\\\/\\\/ortoteek.ee\\\/#website\",\"url\":\"https:\\\/\\\/ortoteek.ee\\\/\",\"name\":\"ITAK J\u00e4rve\",\"description\":\"ORTOPEEDILISED TEENUSED JA TOOTED TRAUMALE JA IGAP\u00c4EVASEKS KASUTAMISEKS\",\"publisher\":{\"@id\":\"https:\\\/\\\/ortoteek.ee\\\/#organization\"},\"alternateName\":\"Ortoteek\",\"potentialAction\":[{\"@type\":\"SearchAction\",\"target\":{\"@type\":\"EntryPoint\",\"urlTemplate\":\"https:\\\/\\\/ortoteek.ee\\\/?s={search_term_string}\"},\"query-input\":{\"@type\":\"PropertyValueSpecification\",\"valueRequired\":true,\"valueName\":\"search_term_string\"}}],\"inLanguage\":\"ru-RU\"},{\"@type\":\"Organization\",\"@id\":\"https:\\\/\\\/ortoteek.ee\\\/#organization\",\"name\":\"Ortoteek O\u00dc\",\"alternateName\":\"Ortoteek Eesti\",\"url\":\"https:\\\/\\\/ortoteek.ee\\\/\",\"logo\":{\"@type\":\"ImageObject\",\"inLanguage\":\"ru-RU\",\"@id\":\"https:\\\/\\\/ortoteek.ee\\\/#\\\/schema\\\/logo\\\/image\\\/\",\"url\":\"https:\\\/\\\/ortoteek.ee\\\/wp-content\\\/uploads\\\/2026\\\/04\\\/cropped-ITAK-logo-Edited.jpg\",\"contentUrl\":\"https:\\\/\\\/ortoteek.ee\\\/wp-content\\\/uploads\\\/2026\\\/04\\\/cropped-ITAK-logo-Edited.jpg\",\"width\":512,\"height\":512,\"caption\":\"Ortoteek O\u00dc\"},\"image\":{\"@id\":\"https:\\\/\\\/ortoteek.ee\\\/#\\\/schema\\\/logo\\\/image\\\/\"},\"sameAs\":[\"https:\\\/\\\/www.facebook.com\\\/Ortoteek\",\"https:\\\/\\\/www.instagram.com\\\/ortoteek\\\/\"],\"hasMerchantReturnPolicy\":{\"@type\":\"MerchantReturnPolicy\",\"merchantReturnLink\":\"https:\\\/\\\/ortoteek.ee\\\/ru\\\/pood\\\/toote-tagastamine\\\/\"}}]}<\/script>\n<meta property=\"product:price:amount\" content=\"3.00\" \/>\n<meta property=\"product:price:currency\" content=\"EUR\" \/>\n<meta property=\"og:availability\" content=\"instock\" \/>\n<meta property=\"product:availability\" content=\"instock\" \/>\n<meta property=\"product:retailer_item_id\" content=\"50700\" \/>\n<meta property=\"product:condition\" content=\"new\" \/>\n<!-- \/ Yoast SEO plugin. -->","yoast_head_json":{"title":"NIISUTAV K\u00c4TEKREEM H\u00dcALUROONHAPPE JA UUREAGA ITAK. 50ml - ITAK J\u00e4rve","description":"NIISUTAV K\u00c4TEKREEM H\u00dcALUROONHAPPE JA UUREAGA ITAK. 50ml naturaalsete \u00f5lide, uurea ja h\u00fcaluroonhappega imendub kiiresti ja ei j\u00e4ta nahka rasvaseks \u2013 ideaalne igap\u00e4evaseks kasutamiseks.","robots":{"index":"index","follow":"follow","max-snippet":"max-snippet:-1","max-image-preview":"max-image-preview:large","max-video-preview":"max-video-preview:-1"},"canonical":"https:\/\/ortoteek.ee\/ru\/pood\/nahahooldus\/niisutav-katekreem-hualuroonhappe-ja-uureaga-itak-50ml\/","og_locale":"ru_RU","og_type":"article","og_title":"NIISUTAV K\u00c4TEKREEM H\u00dcALUROONHAPPE JA UUREAGA ITAK. 50ml - ITAK J\u00e4rve","og_description":"NIISUTAV K\u00c4TEKREEM H\u00dcALUROONHAPPE JA UUREAGA ITAK. 50ml naturaalsete \u00f5lide, uurea ja h\u00fcaluroonhappega imendub kiiresti ja ei j\u00e4ta nahka rasvaseks \u2013 ideaalne igap\u00e4evaseks kasutamiseks.","og_url":"https:\/\/ortoteek.ee\/ru\/pood\/nahahooldus\/niisutav-katekreem-hualuroonhappe-ja-uureaga-itak-50ml\/","og_site_name":"ITAK J\u00e4rve","article_publisher":"https:\/\/www.facebook.com\/Ortoteek","article_modified_time":"2026-04-21T10:23:34+00:00","og_image":[{"width":1000,"height":1000,"url":"https:\/\/ortoteek.ee\/wp-content\/uploads\/2026\/04\/itak-katekreem-hualuroonhappega-uureaga.png","type":"image\/png"}],"twitter_card":"summary_large_image","twitter_misc":{"\u0426\u0435\u043d\u0430":"3.00&nbsp;&euro;","\u0414\u043e\u0441\u0442\u0443\u043f\u043d\u043e\u0441\u0442\u044c":"\u0412 \u043d\u0430\u043b\u0438\u0447\u0438\u0438"},"schema":{"@context":"https:\/\/schema.org","@graph":[{"@type":"WebPage","@id":"https:\/\/ortoteek.ee\/pood\/nahahooldus\/niisutav-katekreem-hualuroonhappe-ja-uureaga-itak-50ml\/","url":"https:\/\/ortoteek.ee\/pood\/nahahooldus\/niisutav-katekreem-hualuroonhappe-ja-uureaga-itak-50ml\/","name":"NIISUTAV K\u00c4TEKREEM H\u00dcALUROONHAPPE JA UUREAGA ITAK. 50ml - ITAK J\u00e4rve","isPartOf":{"@id":"https:\/\/ortoteek.ee\/#website"},"primaryImageOfPage":{"@id":"https:\/\/ortoteek.ee\/pood\/nahahooldus\/niisutav-katekreem-hualuroonhappe-ja-uureaga-itak-50ml\/#primaryimage"},"image":{"@id":"https:\/\/ortoteek.ee\/pood\/nahahooldus\/niisutav-katekreem-hualuroonhappe-ja-uureaga-itak-50ml\/#primaryimage"},"thumbnailUrl":"https:\/\/ortoteek.ee\/wp-content\/uploads\/2026\/04\/itak-katekreem-hualuroonhappega-uureaga.png","datePublished":"2026-04-21T08:44:43+00:00","dateModified":"2026-04-21T10:23:34+00:00","description":"NIISUTAV K\u00c4TEKREEM H\u00dcALUROONHAPPE JA UUREAGA ITAK. 50ml naturaalsete \u00f5lide, uurea ja h\u00fcaluroonhappega imendub kiiresti ja ei j\u00e4ta nahka rasvaseks \u2013 ideaalne igap\u00e4evaseks kasutamiseks.","breadcrumb":{"@id":"https:\/\/ortoteek.ee\/pood\/nahahooldus\/niisutav-katekreem-hualuroonhappe-ja-uureaga-itak-50ml\/#breadcrumb"},"inLanguage":"ru-RU","potentialAction":[{"@type":"ReadAction","target":["https:\/\/ortoteek.ee\/pood\/nahahooldus\/niisutav-katekreem-hualuroonhappe-ja-uureaga-itak-50ml\/"]}]},{"@type":"ImageObject","inLanguage":"ru-RU","@id":"https:\/\/ortoteek.ee\/pood\/nahahooldus\/niisutav-katekreem-hualuroonhappe-ja-uureaga-itak-50ml\/#primaryimage","url":"https:\/\/ortoteek.ee\/wp-content\/uploads\/2026\/04\/itak-katekreem-hualuroonhappega-uureaga.png","contentUrl":"https:\/\/ortoteek.ee\/wp-content\/uploads\/2026\/04\/itak-katekreem-hualuroonhappega-uureaga.png","width":1000,"height":1000},{"@type":"BreadcrumbList","@id":"https:\/\/ortoteek.ee\/pood\/nahahooldus\/niisutav-katekreem-hualuroonhappe-ja-uureaga-itak-50ml\/#breadcrumb","itemListElement":[{"@type":"ListItem","position":1,"name":"Avaleht","item":"https:\/\/ortoteek.ee\/"},{"@type":"ListItem","position":2,"name":"Ortoosid","item":"https:\/\/ortoteek.ee\/pood\/"},{"@type":"ListItem","position":3,"name":"Nahahooldus","item":"https:\/\/ortoteek.ee\/tootekategooria\/nahahooldus\/"},{"@type":"ListItem","position":4,"name":"NIISUTAV K\u00c4TEKREEM H\u00dcALUROONHAPPE JA UUREAGA ITAK. 50ml"}]},{"@type":"WebSite","@id":"https:\/\/ortoteek.ee\/#website","url":"https:\/\/ortoteek.ee\/","name":"ITAK J\u00e4rve","description":"\u041e\u0420\u0422\u041e\u041f\u0415\u0414\u0418\u0427\u0415\u0421\u041a\u0418\u0415 \u0423\u0421\u041b\u0423\u0413\u0418 \u0418 \u0418\u0417\u0414\u0415\u041b\u0418\u042f \u0414\u041b\u042f \u0422\u0420\u0410\u0412\u041c \u0418 \u041f\u041e\u0412\u0421\u0415\u0414\u041d\u0415\u0412\u041d\u041e\u0413\u041e \u0418\u0421\u041f\u041e\u041b\u042c\u0417\u041e\u0412\u0410\u041d\u0418\u042f","publisher":{"@id":"https:\/\/ortoteek.ee\/#organization"},"alternateName":"Ortoteek","potentialAction":[{"@type":"SearchAction","target":{"@type":"EntryPoint","urlTemplate":"https:\/\/ortoteek.ee\/?s={search_term_string}"},"query-input":{"@type":"PropertyValueSpecification","valueRequired":true,"valueName":"search_term_string"}}],"inLanguage":"ru-RU"},{"@type":"Organization","@id":"https:\/\/ortoteek.ee\/#organization","name":"\u041e\u0440\u0442\u043e\u0442\u0435\u043a O\u00dc","alternateName":"Ortoteek Eesti","url":"https:\/\/ortoteek.ee\/","logo":{"@type":"ImageObject","inLanguage":"ru-RU","@id":"https:\/\/ortoteek.ee\/#\/schema\/logo\/image\/","url":"https:\/\/ortoteek.ee\/wp-content\/uploads\/2026\/04\/cropped-ITAK-logo-Edited.jpg","contentUrl":"https:\/\/ortoteek.ee\/wp-content\/uploads\/2026\/04\/cropped-ITAK-logo-Edited.jpg","width":512,"height":512,"caption":"Ortoteek O\u00dc"},"image":{"@id":"https:\/\/ortoteek.ee\/#\/schema\/logo\/image\/"},"sameAs":["https:\/\/www.facebook.com\/Ortoteek","https:\/\/www.instagram.com\/ortoteek\/"],"hasMerchantReturnPolicy":{"@type":"MerchantReturnPolicy","merchantReturnLink":"https:\/\/ortoteek.ee\/ru\/pood\/toote-tagastamine\/"}}]},"product_price_amount":"3.00","product_price_currency":"EUR","og_availability":"instock","product_availability":"instock","product_retailer_item_id":"50700","product_condition":"new"},"_links":{"self":[{"href":"https:\/\/ortoteek.ee\/ru\/wp-json\/wp\/v2\/product\/44580","targetHints":{"allow":["GET"]}}],"collection":[{"href":"https:\/\/ortoteek.ee\/ru\/wp-json\/wp\/v2\/product"}],"about":[{"href":"https:\/\/ortoteek.ee\/ru\/wp-json\/wp\/v2\/types\/product"}],"replies":[{"embeddable":true,"href":"https:\/\/ortoteek.ee\/ru\/wp-json\/wp\/v2\/comments?post=44580"}],"version-history":[{"count":15,"href":"https:\/\/ortoteek.ee\/ru\/wp-json\/wp\/v2\/product\/44580\/revisions"}],"predecessor-version":[{"id":44618,"href":"https:\/\/ortoteek.ee\/ru\/wp-json\/wp\/v2\/product\/44580\/revisions\/44618"}],"wp:featuredmedia":[{"embeddable":true,"href":"https:\/\/ortoteek.ee\/ru\/wp-json\/wp\/v2\/media\/44582"}],"wp:attachment":[{"href":"https:\/\/ortoteek.ee\/ru\/wp-json\/wp\/v2\/media?parent=44580"}],"wp:term":[{"taxonomy":"product_brand","embeddable":true,"href":"https:\/\/ortoteek.ee\/ru\/wp-json\/wp\/v2\/product_brand?post=44580"},{"taxonomy":"product_cat","embeddable":true,"href":"https:\/\/ortoteek.ee\/ru\/wp-json\/wp\/v2\/product_cat?post=44580"},{"taxonomy":"product_tag","embeddable":true,"href":"https:\/\/ortoteek.ee\/ru\/wp-json\/wp\/v2\/product_tag?post=44580"}],"curies":[{"name":"WP","href":"https:\/\/api.w.org\/{rel}","templated":true}]}}