{"id":44456,"date":"2026-04-15T12:42:44","date_gmt":"2026-04-15T09:42:44","guid":{"rendered":"https:\/\/ortoteek.ee\/?post_type=product&#038;p=44456"},"modified":"2026-04-15T12:53:20","modified_gmt":"2026-04-15T09:53:20","slug":"massaazimatt-jalgadele-qmed-foot-massage-mat","status":"publish","type":"product","link":"https:\/\/ortoteek.ee\/ru\/pood\/sport\/massaazimatt-jalgadele-qmed-foot-massage-mat\/","title":{"rendered":"MASSAA\u017dIMATT JALGADELE Qmed Foot massage mat"},"content":{"rendered":"<div data-elementor-type=\"product-post\" data-elementor-id=\"44456\" class=\"elementor elementor-44456\" data-elementor-post-type=\"product\">\n\t\t\t\t\t\t<section class=\"elementor-section elementor-top-section elementor-element elementor-element-10fc7eb elementor-section-boxed elementor-section-height-default elementor-section-height-default\" data-id=\"10fc7eb\" data-element_type=\"section\" data-e-type=\"section\">\n\t\t\t\t\t\t<div class=\"elementor-container elementor-column-gap-default\">\n\t\t\t\t\t<div class=\"elementor-column elementor-col-100 elementor-top-column elementor-element elementor-element-93d8a9a\" data-id=\"93d8a9a\" data-element_type=\"column\" data-e-type=\"column\">\n\t\t\t<div class=\"elementor-widget-wrap elementor-element-populated\">\n\t\t\t\t\t\t<div class=\"elementor-element elementor-element-f5a2a75 elementor-widget elementor-widget-text-editor\" data-id=\"f5a2a75\" data-element_type=\"widget\" data-e-type=\"widget\" data-widget_type=\"text-editor.default\">\n\t\t\t\t<div class=\"elementor-widget-container\">\n\t\t\t\t\t\t\t\t\t<p><strong>MASSAA\u017dIMATT JALGADELE Qmed Foot massage mat<\/strong> stimuleerib jalataldu, parandab ainevahetust ja vereringet ning leevendab n\u00e4rvivalu ja lihasv\u00e4simust.<\/p><p data-start=\"402\" data-end=\"751\">Mati kuju imiteerib looduslikku keskkonda, tekitades efekti, mis sarnaneb kivikestel, k\u00e4bidel v\u00f5i pulkadel k\u00f5ndimisega. See stimuleerib ja kutsub esile jalalaba l\u00fchikeste lihaste refleksseid kokkut\u00f5mbeid, mis viib nende j\u00e4rkj\u00e4rgulise tugevnemiseni ning aitab kujundada \u00f5igeid jalav\u00f5lve (piki- ja ristiv\u00f5lv) ning korrigeerida kandade valgusasendit.<\/p><p data-start=\"753\" data-end=\"870\">Matt on \u00fcks osa korrigeeriva v\u00f5imlemise protsessist. Toodet on lihtne rulli keerata ning see on kerge kaasas kanda.<\/p><hr data-start=\"872\" data-end=\"875\" \/><p data-start=\"877\" data-end=\"894\"><strong data-start=\"877\" data-end=\"894\">\u0420\u0443\u043a\u043e\u0432\u043e\u0434\u0441\u0442\u0432\u043e<\/strong><\/p><p data-start=\"896\" data-end=\"924\"><strong data-start=\"896\" data-end=\"924\">\u041f\u043e\u043a\u0430\u0437\u0430\u043d\u0438\u044f:<\/strong><\/p><ul data-start=\"925\" data-end=\"1019\"><li data-section-id=\"1ekx4r2\" data-start=\"925\" data-end=\"976\">alaj\u00e4semete funktsionaalsete h\u00e4irete ennetamine<\/li><li data-section-id=\"ugrbxe\" data-start=\"977\" data-end=\"1019\">jalalaba ja s\u00e4\u00e4re lihaste l\u00f5\u00f5gastamine<\/li><\/ul>\t\t\t\t\t\t\t\t<\/div>\n\t\t\t\t<\/div>\n\t\t\t\t<div class=\"elementor-element elementor-element-612eef6 elementor-widget elementor-widget-image\" data-id=\"612eef6\" data-element_type=\"widget\" data-e-type=\"widget\" data-widget_type=\"image.default\">\n\t\t\t\t<div class=\"elementor-widget-container\">\n\t\t\t\t\t\t\t\t\t\t\t\t\t\t\t<img fetchpriority=\"high\" decoding=\"async\" width=\"1024\" height=\"682\" src=\"https:\/\/ortoteek.ee\/wp-content\/uploads\/2026\/04\/Foot-Massage-Mat-qmed-1024x682.jpg\" class=\"attachment-large size-large wp-image-44457\" alt=\"\" srcset=\"https:\/\/ortoteek.ee\/wp-content\/uploads\/2026\/04\/Foot-Massage-Mat-qmed-1024x682.jpg 1024w, https:\/\/ortoteek.ee\/wp-content\/uploads\/2026\/04\/Foot-Massage-Mat-qmed-300x200.jpg 300w, https:\/\/ortoteek.ee\/wp-content\/uploads\/2026\/04\/Foot-Massage-Mat-qmed-768x512.jpg 768w, https:\/\/ortoteek.ee\/wp-content\/uploads\/2026\/04\/Foot-Massage-Mat-qmed-1536x1024.jpg 1536w, https:\/\/ortoteek.ee\/wp-content\/uploads\/2026\/04\/Foot-Massage-Mat-qmed-18x12.jpg 18w, https:\/\/ortoteek.ee\/wp-content\/uploads\/2026\/04\/Foot-Massage-Mat-qmed-600x400.jpg 600w, https:\/\/ortoteek.ee\/wp-content\/uploads\/2026\/04\/Foot-Massage-Mat-qmed-64x43.jpg 64w, https:\/\/ortoteek.ee\/wp-content\/uploads\/2026\/04\/Foot-Massage-Mat-qmed.jpg 1568w\" sizes=\"(max-width: 1024px) 100vw, 1024px\" \/>\t\t\t\t\t\t\t\t\t\t\t\t\t\t\t<\/div>\n\t\t\t\t<\/div>\n\t\t\t\t<div class=\"elementor-element elementor-element-c76e05f elementor-widget elementor-widget-image\" data-id=\"c76e05f\" data-element_type=\"widget\" data-e-type=\"widget\" data-widget_type=\"image.default\">\n\t\t\t\t<div class=\"elementor-widget-container\">\n\t\t\t\t\t\t\t\t\t\t\t\t\t\t\t<img decoding=\"async\" width=\"512\" height=\"384\" src=\"https:\/\/ortoteek.ee\/wp-content\/uploads\/2024\/01\/qmed-logo.png\" class=\"attachment-large size-large wp-image-29640\" alt=\"\" srcset=\"https:\/\/ortoteek.ee\/wp-content\/uploads\/2024\/01\/qmed-logo.png 512w, https:\/\/ortoteek.ee\/wp-content\/uploads\/2024\/01\/qmed-logo-300x225.png 300w, https:\/\/ortoteek.ee\/wp-content\/uploads\/2024\/01\/qmed-logo-64x48.png 64w\" sizes=\"(max-width: 512px) 100vw, 512px\" \/>\t\t\t\t\t\t\t\t\t\t\t\t\t\t\t<\/div>\n\t\t\t\t<\/div>\n\t\t\t\t\t<\/div>\n\t\t<\/div>\n\t\t\t\t\t<\/div>\n\t\t<\/section>\n\t\t\t\t<\/div>","protected":false},"excerpt":{"rendered":"<p>MASSAA\u017dIMATT JALGADELE Qmed Foot massage mat stimuleerib jalataldu, parandab ainevahetust ja vereringet ning leevendab n\u00e4rvivalu ja lihasv\u00e4simust.<\/p>\n<p><strong data-start=\"1499\" data-end=\"1511\">\u0418\u043d\u0433\u0440\u0435\u0434\u0438\u0435\u043d\u0442\u044b:<\/strong> PP<br data-start=\"1514\" data-end=\"1517\" \/><strong data-start=\"1517\" data-end=\"1528\">\u0420\u0430\u0437\u043c\u0435\u0440\u044b:<\/strong> 35 \u00d7 175 cm<\/p>","protected":false},"featured_media":44458,"comment_status":"open","ping_status":"closed","template":"","meta":{"ocean_post_layout":"","ocean_both_sidebars_style":"","ocean_both_sidebars_content_width":0,"ocean_both_sidebars_sidebars_width":0,"ocean_sidebar":"0","ocean_second_sidebar":"0","ocean_disable_margins":"enable","ocean_add_body_class":"","ocean_shortcode_before_top_bar":"","ocean_shortcode_after_top_bar":"","ocean_shortcode_before_header":"","ocean_shortcode_after_header":"","ocean_has_shortcode":"","ocean_shortcode_after_title":"","ocean_shortcode_before_footer_widgets":"","ocean_shortcode_after_footer_widgets":"","ocean_shortcode_before_footer_bottom":"","ocean_shortcode_after_footer_bottom":"","ocean_display_top_bar":"default","ocean_display_header":"default","ocean_header_style":"","ocean_center_header_left_menu":"0","ocean_custom_header_template":"0","ocean_custom_logo":0,"ocean_custom_retina_logo":0,"ocean_custom_logo_max_width":0,"ocean_custom_logo_tablet_max_width":0,"ocean_custom_logo_mobile_max_width":0,"ocean_custom_logo_max_height":0,"ocean_custom_logo_tablet_max_height":0,"ocean_custom_logo_mobile_max_height":0,"ocean_header_custom_menu":"0","ocean_menu_typo_font_family":"0","ocean_menu_typo_font_subset":"","ocean_menu_typo_font_size":0,"ocean_menu_typo_font_size_tablet":0,"ocean_menu_typo_font_size_mobile":0,"ocean_menu_typo_font_size_unit":"px","ocean_menu_typo_font_weight":"","ocean_menu_typo_font_weight_tablet":"","ocean_menu_typo_font_weight_mobile":"","ocean_menu_typo_transform":"","ocean_menu_typo_transform_tablet":"","ocean_menu_typo_transform_mobile":"","ocean_menu_typo_line_height":0,"ocean_menu_typo_line_height_tablet":0,"ocean_menu_typo_line_height_mobile":0,"ocean_menu_typo_line_height_unit":"","ocean_menu_typo_spacing":0,"ocean_menu_typo_spacing_tablet":0,"ocean_menu_typo_spacing_mobile":0,"ocean_menu_typo_spacing_unit":"","ocean_menu_link_color":"","ocean_menu_link_color_hover":"","ocean_menu_link_color_active":"","ocean_menu_link_background":"","ocean_menu_link_hover_background":"","ocean_menu_link_active_background":"","ocean_menu_social_links_bg":"","ocean_menu_social_hover_links_bg":"","ocean_menu_social_links_color":"","ocean_menu_social_hover_links_color":"","ocean_disable_title":"default","ocean_disable_heading":"default","ocean_post_title":"","ocean_post_subheading":"","ocean_post_title_style":"","ocean_post_title_background_color":"","ocean_post_title_background":0,"ocean_post_title_bg_image_position":"","ocean_post_title_bg_image_attachment":"","ocean_post_title_bg_image_repeat":"","ocean_post_title_bg_image_size":"","ocean_post_title_height":0,"ocean_post_title_bg_overlay":0.5,"ocean_post_title_bg_overlay_color":"","ocean_disable_breadcrumbs":"default","ocean_breadcrumbs_color":"","ocean_breadcrumbs_separator_color":"","ocean_breadcrumbs_links_color":"","ocean_breadcrumbs_links_hover_color":"","ocean_display_footer_widgets":"default","ocean_display_footer_bottom":"default","ocean_custom_footer_template":"0"},"product_brand":[2244],"product_cat":[4434,636,986],"product_tag":[],"class_list":{"0":"post-44456","1":"product","2":"type-product","3":"status-publish","4":"has-post-thumbnail","6":"product_brand-qmed","7":"product_cat-massaaz","8":"product_cat-sport","9":"product_cat-voimlemise-ja-jooga-tooted-sport","11":"entry","12":"has-media","14":"first","15":"instock","16":"taxable","17":"shipping-taxable","18":"purchasable","19":"product-type-simple","20":"has-product-nav","21":"col","22":"span_1_of_4","23":"owp-content-left","24":"owp-thumbs-layout-horizontal","25":"owp-btn-normal","26":"owp-tabs-layout-horizontal"},"yoast_head":"<!-- This site is optimized with the Yoast SEO plugin v27.4 - https:\/\/yoast.com\/product\/yoast-seo-wordpress\/ -->\n<title>MASSAA\u017dIMATT JALGADELE Qmed Foot massage mat - ITAK J\u00e4rve<\/title>\n<meta name=\"description\" content=\"MASSAA\u017dIMATT JALGADELE Qmed Foot massage mat stimuleerib jalataldu, parandab ainevahetust ja vereringet ning leevendab n\u00e4rvivalu ja lihasv\u00e4simust.\u00a0 Vaata!\" \/>\n<meta name=\"robots\" content=\"index, follow, max-snippet:-1, max-image-preview:large, max-video-preview:-1\" \/>\n<link rel=\"canonical\" href=\"https:\/\/ortoteek.ee\/ru\/pood\/sport\/massaazimatt-jalgadele-qmed-foot-massage-mat\/\" \/>\n<meta property=\"og:locale\" content=\"ru_RU\" \/>\n<meta property=\"og:type\" content=\"article\" \/>\n<meta property=\"og:title\" content=\"MASSAA\u017dIMATT JALGADELE Qmed Foot massage mat - ITAK J\u00e4rve\" \/>\n<meta property=\"og:description\" content=\"MASSAA\u017dIMATT JALGADELE Qmed Foot massage mat stimuleerib jalataldu, parandab ainevahetust ja vereringet ning leevendab n\u00e4rvivalu ja lihasv\u00e4simust.\u00a0 Vaata!\" \/>\n<meta property=\"og:url\" content=\"https:\/\/ortoteek.ee\/ru\/pood\/sport\/massaazimatt-jalgadele-qmed-foot-massage-mat\/\" \/>\n<meta property=\"og:site_name\" content=\"ITAK J\u00e4rve\" \/>\n<meta property=\"article:publisher\" content=\"https:\/\/www.facebook.com\/Ortoteek\" \/>\n<meta property=\"article:modified_time\" content=\"2026-04-15T09:53:20+00:00\" \/>\n<meta property=\"og:image\" content=\"https:\/\/ortoteek.ee\/wp-content\/uploads\/2026\/04\/Foot-Massage-Mat.webp\" \/>\n\t<meta property=\"og:image:width\" content=\"1024\" \/>\n\t<meta property=\"og:image:height\" content=\"1024\" \/>\n\t<meta property=\"og:image:type\" content=\"image\/webp\" \/>\n<meta name=\"twitter:card\" content=\"summary_large_image\" \/>\n<meta name=\"twitter:label1\" content=\"\u0426\u0435\u043d\u0430\" \/>\n\t<meta name=\"twitter:data1\" content=\"26.50&nbsp;&euro;\" \/>\n\t<meta name=\"twitter:label2\" content=\"\u0414\u043e\u0441\u0442\u0443\u043f\u043d\u043e\u0441\u0442\u044c\" \/>\n\t<meta name=\"twitter:data2\" content=\"\u0412 \u043d\u0430\u043b\u0438\u0447\u0438\u0438\" \/>\n<script type=\"application\/ld+json\" class=\"yoast-schema-graph\">{\"@context\":\"https:\\\/\\\/schema.org\",\"@graph\":[{\"@type\":\"WebPage\",\"@id\":\"https:\\\/\\\/ortoteek.ee\\\/pood\\\/sport\\\/massaazimatt-jalgadele-qmed-foot-massage-mat\\\/\",\"url\":\"https:\\\/\\\/ortoteek.ee\\\/pood\\\/sport\\\/massaazimatt-jalgadele-qmed-foot-massage-mat\\\/\",\"name\":\"MASSAA\u017dIMATT JALGADELE Qmed Foot massage mat - ITAK J\u00e4rve\",\"isPartOf\":{\"@id\":\"https:\\\/\\\/ortoteek.ee\\\/#website\"},\"primaryImageOfPage\":{\"@id\":\"https:\\\/\\\/ortoteek.ee\\\/pood\\\/sport\\\/massaazimatt-jalgadele-qmed-foot-massage-mat\\\/#primaryimage\"},\"image\":{\"@id\":\"https:\\\/\\\/ortoteek.ee\\\/pood\\\/sport\\\/massaazimatt-jalgadele-qmed-foot-massage-mat\\\/#primaryimage\"},\"thumbnailUrl\":\"https:\\\/\\\/ortoteek.ee\\\/wp-content\\\/uploads\\\/2026\\\/04\\\/Foot-Massage-Mat.webp\",\"datePublished\":\"2026-04-15T09:42:44+00:00\",\"dateModified\":\"2026-04-15T09:53:20+00:00\",\"description\":\"MASSAA\u017dIMATT JALGADELE Qmed Foot massage mat stimuleerib jalataldu, parandab ainevahetust ja vereringet ning leevendab n\u00e4rvivalu ja lihasv\u00e4simust.\u00a0 Vaata!\",\"breadcrumb\":{\"@id\":\"https:\\\/\\\/ortoteek.ee\\\/pood\\\/sport\\\/massaazimatt-jalgadele-qmed-foot-massage-mat\\\/#breadcrumb\"},\"inLanguage\":\"ru-RU\",\"potentialAction\":[{\"@type\":\"ReadAction\",\"target\":[\"https:\\\/\\\/ortoteek.ee\\\/pood\\\/sport\\\/massaazimatt-jalgadele-qmed-foot-massage-mat\\\/\"]}]},{\"@type\":\"ImageObject\",\"inLanguage\":\"ru-RU\",\"@id\":\"https:\\\/\\\/ortoteek.ee\\\/pood\\\/sport\\\/massaazimatt-jalgadele-qmed-foot-massage-mat\\\/#primaryimage\",\"url\":\"https:\\\/\\\/ortoteek.ee\\\/wp-content\\\/uploads\\\/2026\\\/04\\\/Foot-Massage-Mat.webp\",\"contentUrl\":\"https:\\\/\\\/ortoteek.ee\\\/wp-content\\\/uploads\\\/2026\\\/04\\\/Foot-Massage-Mat.webp\",\"width\":1024,\"height\":1024},{\"@type\":\"BreadcrumbList\",\"@id\":\"https:\\\/\\\/ortoteek.ee\\\/pood\\\/sport\\\/massaazimatt-jalgadele-qmed-foot-massage-mat\\\/#breadcrumb\",\"itemListElement\":[{\"@type\":\"ListItem\",\"position\":1,\"name\":\"Avaleht\",\"item\":\"https:\\\/\\\/ortoteek.ee\\\/\"},{\"@type\":\"ListItem\",\"position\":2,\"name\":\"Ortoosid\",\"item\":\"https:\\\/\\\/ortoteek.ee\\\/pood\\\/\"},{\"@type\":\"ListItem\",\"position\":3,\"name\":\"Sporditarbed\",\"item\":\"https:\\\/\\\/ortoteek.ee\\\/tootekategooria\\\/sport\\\/\"},{\"@type\":\"ListItem\",\"position\":4,\"name\":\"MASSAA\u017dIMATT JALGADELE Qmed Foot massage mat\"}]},{\"@type\":\"WebSite\",\"@id\":\"https:\\\/\\\/ortoteek.ee\\\/#website\",\"url\":\"https:\\\/\\\/ortoteek.ee\\\/\",\"name\":\"ITAK J\u00e4rve\",\"description\":\"ORTOPEEDILISED TEENUSED JA TOOTED TRAUMALE JA IGAP\u00c4EVASEKS KASUTAMISEKS\",\"publisher\":{\"@id\":\"https:\\\/\\\/ortoteek.ee\\\/#organization\"},\"alternateName\":\"Ortoteek\",\"potentialAction\":[{\"@type\":\"SearchAction\",\"target\":{\"@type\":\"EntryPoint\",\"urlTemplate\":\"https:\\\/\\\/ortoteek.ee\\\/?s={search_term_string}\"},\"query-input\":{\"@type\":\"PropertyValueSpecification\",\"valueRequired\":true,\"valueName\":\"search_term_string\"}}],\"inLanguage\":\"ru-RU\"},{\"@type\":\"Organization\",\"@id\":\"https:\\\/\\\/ortoteek.ee\\\/#organization\",\"name\":\"Ortoteek O\u00dc\",\"alternateName\":\"Ortoteek Eesti\",\"url\":\"https:\\\/\\\/ortoteek.ee\\\/\",\"logo\":{\"@type\":\"ImageObject\",\"inLanguage\":\"ru-RU\",\"@id\":\"https:\\\/\\\/ortoteek.ee\\\/#\\\/schema\\\/logo\\\/image\\\/\",\"url\":\"https:\\\/\\\/ortoteek.ee\\\/wp-content\\\/uploads\\\/2026\\\/04\\\/cropped-ITAK-logo-Edited.jpg\",\"contentUrl\":\"https:\\\/\\\/ortoteek.ee\\\/wp-content\\\/uploads\\\/2026\\\/04\\\/cropped-ITAK-logo-Edited.jpg\",\"width\":512,\"height\":512,\"caption\":\"Ortoteek O\u00dc\"},\"image\":{\"@id\":\"https:\\\/\\\/ortoteek.ee\\\/#\\\/schema\\\/logo\\\/image\\\/\"},\"sameAs\":[\"https:\\\/\\\/www.facebook.com\\\/Ortoteek\",\"https:\\\/\\\/www.instagram.com\\\/ortoteek\\\/\"],\"hasMerchantReturnPolicy\":{\"@type\":\"MerchantReturnPolicy\",\"merchantReturnLink\":\"https:\\\/\\\/ortoteek.ee\\\/ru\\\/pood\\\/toote-tagastamine\\\/\"}}]}<\/script>\n<meta property=\"product:price:amount\" content=\"26.50\" \/>\n<meta property=\"product:price:currency\" content=\"EUR\" \/>\n<meta property=\"og:availability\" content=\"instock\" \/>\n<meta property=\"product:availability\" content=\"instock\" \/>\n<meta property=\"product:retailer_item_id\" content=\"53074\" \/>\n<meta property=\"product:condition\" content=\"new\" \/>\n<!-- \/ Yoast SEO plugin. -->","yoast_head_json":{"title":"MASSAA\u017dIMATT JALGADELE Qmed Foot massage mat - ITAK J\u00e4rve","description":"MASSAA\u017dIMATT JALGADELE Qmed Foot massage mat stimuleerib jalataldu, parandab ainevahetust ja vereringet ning leevendab n\u00e4rvivalu ja lihasv\u00e4simust.\u00a0 Vaata!","robots":{"index":"index","follow":"follow","max-snippet":"max-snippet:-1","max-image-preview":"max-image-preview:large","max-video-preview":"max-video-preview:-1"},"canonical":"https:\/\/ortoteek.ee\/ru\/pood\/sport\/massaazimatt-jalgadele-qmed-foot-massage-mat\/","og_locale":"ru_RU","og_type":"article","og_title":"MASSAA\u017dIMATT JALGADELE Qmed Foot massage mat - ITAK J\u00e4rve","og_description":"MASSAA\u017dIMATT JALGADELE Qmed Foot massage mat stimuleerib jalataldu, parandab ainevahetust ja vereringet ning leevendab n\u00e4rvivalu ja lihasv\u00e4simust.\u00a0 Vaata!","og_url":"https:\/\/ortoteek.ee\/ru\/pood\/sport\/massaazimatt-jalgadele-qmed-foot-massage-mat\/","og_site_name":"ITAK J\u00e4rve","article_publisher":"https:\/\/www.facebook.com\/Ortoteek","article_modified_time":"2026-04-15T09:53:20+00:00","og_image":[{"width":1024,"height":1024,"url":"https:\/\/ortoteek.ee\/wp-content\/uploads\/2026\/04\/Foot-Massage-Mat.webp","type":"image\/webp"}],"twitter_card":"summary_large_image","twitter_misc":{"\u0426\u0435\u043d\u0430":"26.50&nbsp;&euro;","\u0414\u043e\u0441\u0442\u0443\u043f\u043d\u043e\u0441\u0442\u044c":"\u0412 \u043d\u0430\u043b\u0438\u0447\u0438\u0438"},"schema":{"@context":"https:\/\/schema.org","@graph":[{"@type":"WebPage","@id":"https:\/\/ortoteek.ee\/pood\/sport\/massaazimatt-jalgadele-qmed-foot-massage-mat\/","url":"https:\/\/ortoteek.ee\/pood\/sport\/massaazimatt-jalgadele-qmed-foot-massage-mat\/","name":"MASSAA\u017dIMATT JALGADELE Qmed Foot massage mat - ITAK J\u00e4rve","isPartOf":{"@id":"https:\/\/ortoteek.ee\/#website"},"primaryImageOfPage":{"@id":"https:\/\/ortoteek.ee\/pood\/sport\/massaazimatt-jalgadele-qmed-foot-massage-mat\/#primaryimage"},"image":{"@id":"https:\/\/ortoteek.ee\/pood\/sport\/massaazimatt-jalgadele-qmed-foot-massage-mat\/#primaryimage"},"thumbnailUrl":"https:\/\/ortoteek.ee\/wp-content\/uploads\/2026\/04\/Foot-Massage-Mat.webp","datePublished":"2026-04-15T09:42:44+00:00","dateModified":"2026-04-15T09:53:20+00:00","description":"MASSAA\u017dIMATT JALGADELE Qmed Foot massage mat stimuleerib jalataldu, parandab ainevahetust ja vereringet ning leevendab n\u00e4rvivalu ja lihasv\u00e4simust.\u00a0 Vaata!","breadcrumb":{"@id":"https:\/\/ortoteek.ee\/pood\/sport\/massaazimatt-jalgadele-qmed-foot-massage-mat\/#breadcrumb"},"inLanguage":"ru-RU","potentialAction":[{"@type":"ReadAction","target":["https:\/\/ortoteek.ee\/pood\/sport\/massaazimatt-jalgadele-qmed-foot-massage-mat\/"]}]},{"@type":"ImageObject","inLanguage":"ru-RU","@id":"https:\/\/ortoteek.ee\/pood\/sport\/massaazimatt-jalgadele-qmed-foot-massage-mat\/#primaryimage","url":"https:\/\/ortoteek.ee\/wp-content\/uploads\/2026\/04\/Foot-Massage-Mat.webp","contentUrl":"https:\/\/ortoteek.ee\/wp-content\/uploads\/2026\/04\/Foot-Massage-Mat.webp","width":1024,"height":1024},{"@type":"BreadcrumbList","@id":"https:\/\/ortoteek.ee\/pood\/sport\/massaazimatt-jalgadele-qmed-foot-massage-mat\/#breadcrumb","itemListElement":[{"@type":"ListItem","position":1,"name":"Avaleht","item":"https:\/\/ortoteek.ee\/"},{"@type":"ListItem","position":2,"name":"Ortoosid","item":"https:\/\/ortoteek.ee\/pood\/"},{"@type":"ListItem","position":3,"name":"Sporditarbed","item":"https:\/\/ortoteek.ee\/tootekategooria\/sport\/"},{"@type":"ListItem","position":4,"name":"MASSAA\u017dIMATT JALGADELE Qmed Foot massage mat"}]},{"@type":"WebSite","@id":"https:\/\/ortoteek.ee\/#website","url":"https:\/\/ortoteek.ee\/","name":"ITAK J\u00e4rve","description":"\u041e\u0420\u0422\u041e\u041f\u0415\u0414\u0418\u0427\u0415\u0421\u041a\u0418\u0415 \u0423\u0421\u041b\u0423\u0413\u0418 \u0418 \u0418\u0417\u0414\u0415\u041b\u0418\u042f \u0414\u041b\u042f \u0422\u0420\u0410\u0412\u041c \u0418 \u041f\u041e\u0412\u0421\u0415\u0414\u041d\u0415\u0412\u041d\u041e\u0413\u041e \u0418\u0421\u041f\u041e\u041b\u042c\u0417\u041e\u0412\u0410\u041d\u0418\u042f","publisher":{"@id":"https:\/\/ortoteek.ee\/#organization"},"alternateName":"Ortoteek","potentialAction":[{"@type":"SearchAction","target":{"@type":"EntryPoint","urlTemplate":"https:\/\/ortoteek.ee\/?s={search_term_string}"},"query-input":{"@type":"PropertyValueSpecification","valueRequired":true,"valueName":"search_term_string"}}],"inLanguage":"ru-RU"},{"@type":"Organization","@id":"https:\/\/ortoteek.ee\/#organization","name":"\u041e\u0440\u0442\u043e\u0442\u0435\u043a O\u00dc","alternateName":"Ortoteek Eesti","url":"https:\/\/ortoteek.ee\/","logo":{"@type":"ImageObject","inLanguage":"ru-RU","@id":"https:\/\/ortoteek.ee\/#\/schema\/logo\/image\/","url":"https:\/\/ortoteek.ee\/wp-content\/uploads\/2026\/04\/cropped-ITAK-logo-Edited.jpg","contentUrl":"https:\/\/ortoteek.ee\/wp-content\/uploads\/2026\/04\/cropped-ITAK-logo-Edited.jpg","width":512,"height":512,"caption":"Ortoteek O\u00dc"},"image":{"@id":"https:\/\/ortoteek.ee\/#\/schema\/logo\/image\/"},"sameAs":["https:\/\/www.facebook.com\/Ortoteek","https:\/\/www.instagram.com\/ortoteek\/"],"hasMerchantReturnPolicy":{"@type":"MerchantReturnPolicy","merchantReturnLink":"https:\/\/ortoteek.ee\/ru\/pood\/toote-tagastamine\/"}}]},"product_price_amount":"26.50","product_price_currency":"EUR","og_availability":"instock","product_availability":"instock","product_retailer_item_id":"53074","product_condition":"new"},"_links":{"self":[{"href":"https:\/\/ortoteek.ee\/ru\/wp-json\/wp\/v2\/product\/44456","targetHints":{"allow":["GET"]}}],"collection":[{"href":"https:\/\/ortoteek.ee\/ru\/wp-json\/wp\/v2\/product"}],"about":[{"href":"https:\/\/ortoteek.ee\/ru\/wp-json\/wp\/v2\/types\/product"}],"replies":[{"embeddable":true,"href":"https:\/\/ortoteek.ee\/ru\/wp-json\/wp\/v2\/comments?post=44456"}],"version-history":[{"count":5,"href":"https:\/\/ortoteek.ee\/ru\/wp-json\/wp\/v2\/product\/44456\/revisions"}],"predecessor-version":[{"id":44468,"href":"https:\/\/ortoteek.ee\/ru\/wp-json\/wp\/v2\/product\/44456\/revisions\/44468"}],"wp:featuredmedia":[{"embeddable":true,"href":"https:\/\/ortoteek.ee\/ru\/wp-json\/wp\/v2\/media\/44458"}],"wp:attachment":[{"href":"https:\/\/ortoteek.ee\/ru\/wp-json\/wp\/v2\/media?parent=44456"}],"wp:term":[{"taxonomy":"product_brand","embeddable":true,"href":"https:\/\/ortoteek.ee\/ru\/wp-json\/wp\/v2\/product_brand?post=44456"},{"taxonomy":"product_cat","embeddable":true,"href":"https:\/\/ortoteek.ee\/ru\/wp-json\/wp\/v2\/product_cat?post=44456"},{"taxonomy":"product_tag","embeddable":true,"href":"https:\/\/ortoteek.ee\/ru\/wp-json\/wp\/v2\/product_tag?post=44456"}],"curies":[{"name":"WP","href":"https:\/\/api.w.org\/{rel}","templated":true}]}}