{"id":44448,"date":"2026-04-15T12:33:29","date_gmt":"2026-04-15T09:33:29","guid":{"rendered":"https:\/\/ortoteek.ee\/?post_type=product&#038;p=44448"},"modified":"2026-04-24T11:05:11","modified_gmt":"2026-04-24T08:05:11","slug":"massaazirull-qmed-therapy-roller-33x14cm-orange","status":"publish","type":"product","link":"https:\/\/ortoteek.ee\/ru\/pood\/sport\/massaazirull-qmed-therapy-roller-33x14cm-orange\/","title":{"rendered":"Massaa\u017eirull Qmed Therapy Roller 33x14cm. Orange"},"content":{"rendered":"<div data-elementor-type=\"product-post\" data-elementor-id=\"44448\" class=\"elementor elementor-44448\" data-elementor-post-type=\"product\">\n\t\t\t\t\t\t<section class=\"elementor-section elementor-top-section elementor-element elementor-element-a005b49 elementor-section-boxed elementor-section-height-default elementor-section-height-default\" data-id=\"a005b49\" data-element_type=\"section\" data-e-type=\"section\">\n\t\t\t\t\t\t<div class=\"elementor-container elementor-column-gap-default\">\n\t\t\t\t\t<div class=\"elementor-column elementor-col-100 elementor-top-column elementor-element elementor-element-11a717f\" data-id=\"11a717f\" data-element_type=\"column\" data-e-type=\"column\">\n\t\t\t<div class=\"elementor-widget-wrap elementor-element-populated\">\n\t\t\t\t\t\t<div class=\"elementor-element elementor-element-039a94a elementor-widget elementor-widget-heading\" data-id=\"039a94a\" data-element_type=\"widget\" data-e-type=\"widget\" data-widget_type=\"heading.default\">\n\t\t\t\t<div class=\"elementor-widget-container\">\n\t\t\t\t\t<h2 class=\"elementor-heading-title elementor-size-default\">Massaa\u017eirull Qmed Therapy Roller 33x14cm. Must<\/h2>\t\t\t\t<\/div>\n\t\t\t\t<\/div>\n\t\t\t\t<div class=\"elementor-element elementor-element-bf92c7e elementor-widget elementor-widget-text-editor\" data-id=\"bf92c7e\" data-element_type=\"widget\" data-e-type=\"widget\" data-widget_type=\"text-editor.default\">\n\t\t\t\t<div class=\"elementor-widget-container\">\n\t\t\t\t\t\t\t\t\t<p><strong>Massaa\u017eirull Qmed Therapy Roller 33x14cm<\/strong> sobib suurep\u00e4raselt sporditreeningutel kasutamiseks, tasakaalu- ja venitustreeninguks, joogas kasutamiseks, f\u00fcsioteraapias ja pilateses kasutamiseks.<\/p><ul><li>L\u00f5\u00f5gastab lihaseid, leevendab pingeid ja parandab enesetunnet<\/li><li>Alternatiiv spordimassaa\u017eile<\/li><li>Tselluliidivastane toime<\/li><\/ul><p data-start=\"404\" data-end=\"615\">\u00a0<\/p><p data-start=\"404\" data-end=\"615\">Rulli kasutamine aktiveerib s\u00fcvalihaseid, leevendab lihasvalu, taastab painduvuse.<\/p><p data-start=\"617\" data-end=\"872\">Toode aitab stimuleerida vere- ja hapnikuvoolu valusatesse lihastesse, kiirendades taastumisprotsessi. Rull on valmistatud eriti vastupidavast EVA-vahust, mis ei kulu surve all, ning j\u00e4ik \u00f5\u00f5nes s\u00fcdamik talub kuni 180 kg raskust, s\u00e4ilitades oma kuju ja struktuuri.<\/p><p data-start=\"874\" data-end=\"945\">Kompaktne ja kaasaskantav, saadaval kahes v\u00e4rvitoonis: must ja oran\u017e.<\/p><hr data-start=\"947\" data-end=\"950\" \/><p data-start=\"952\" data-end=\"969\"><strong data-start=\"952\" data-end=\"969\">\u0420\u0443\u043a\u043e\u0432\u043e\u0434\u0441\u0442\u0432\u043e<\/strong><\/p><p data-start=\"971\" data-end=\"999\"><strong data-start=\"971\" data-end=\"999\">N\u00e4idustused (sihtgrupp):<\/strong><\/p><ul data-start=\"1000\" data-end=\"1273\"><li data-section-id=\"jtl240\" data-start=\"1000\" data-end=\"1083\">soovitatav tuharalihaste, s\u00e4\u00e4remarjalihaste ja jalatalla lihaste l\u00f5\u00f5gastamiseks<\/li><li data-section-id=\"1bpay7l\" data-start=\"1084\" data-end=\"1127\">sobib edukalt kogu keha massaa\u017eiks<\/li><li data-section-id=\"btxbus\" data-start=\"1128\" data-end=\"1176\">parandab lihaste verevarustust<\/li><li data-section-id=\"1mbln9c\" data-start=\"1177\" data-end=\"1208\">aitab v\u00e4hendada tselluliiti<\/li><li data-section-id=\"179b6ua\" data-start=\"1209\" data-end=\"1246\">aitab saavutada saledamat figuuri<\/li><\/ul>\t\t\t\t\t\t\t\t<\/div>\n\t\t\t\t<\/div>\n\t\t\t\t<div class=\"elementor-element elementor-element-3cd3f54 elementor-widget elementor-widget-image\" data-id=\"3cd3f54\" data-element_type=\"widget\" data-e-type=\"widget\" data-widget_type=\"image.default\">\n\t\t\t\t<div class=\"elementor-widget-container\">\n\t\t\t\t\t\t\t\t\t\t\t\t\t\t\t<img fetchpriority=\"high\" decoding=\"async\" width=\"720\" height=\"532\" src=\"https:\/\/ortoteek.ee\/wp-content\/uploads\/2026\/04\/qmed-therapy-roller-voimlemise-rull-jooga-sport.webp\" class=\"attachment-large size-large wp-image-44444\" alt=\"\" srcset=\"https:\/\/ortoteek.ee\/wp-content\/uploads\/2026\/04\/qmed-therapy-roller-voimlemise-rull-jooga-sport.webp 720w, https:\/\/ortoteek.ee\/wp-content\/uploads\/2026\/04\/qmed-therapy-roller-voimlemise-rull-jooga-sport-300x222.webp 300w, https:\/\/ortoteek.ee\/wp-content\/uploads\/2026\/04\/qmed-therapy-roller-voimlemise-rull-jooga-sport-16x12.webp 16w, https:\/\/ortoteek.ee\/wp-content\/uploads\/2026\/04\/qmed-therapy-roller-voimlemise-rull-jooga-sport-600x443.webp 600w, https:\/\/ortoteek.ee\/wp-content\/uploads\/2026\/04\/qmed-therapy-roller-voimlemise-rull-jooga-sport-64x47.webp 64w\" sizes=\"(max-width: 720px) 100vw, 720px\" \/>\t\t\t\t\t\t\t\t\t\t\t\t\t\t\t<\/div>\n\t\t\t\t<\/div>\n\t\t\t\t<div class=\"elementor-element elementor-element-7870bae elementor-widget elementor-widget-image\" data-id=\"7870bae\" data-element_type=\"widget\" data-e-type=\"widget\" data-widget_type=\"image.default\">\n\t\t\t\t<div class=\"elementor-widget-container\">\n\t\t\t\t\t\t\t\t\t\t\t\t\t\t\t<img decoding=\"async\" width=\"512\" height=\"384\" src=\"https:\/\/ortoteek.ee\/wp-content\/uploads\/2024\/01\/qmed-logo.png\" class=\"attachment-large size-large wp-image-29640\" alt=\"\" srcset=\"https:\/\/ortoteek.ee\/wp-content\/uploads\/2024\/01\/qmed-logo.png 512w, https:\/\/ortoteek.ee\/wp-content\/uploads\/2024\/01\/qmed-logo-300x225.png 300w, https:\/\/ortoteek.ee\/wp-content\/uploads\/2024\/01\/qmed-logo-64x48.png 64w\" sizes=\"(max-width: 512px) 100vw, 512px\" \/>\t\t\t\t\t\t\t\t\t\t\t\t\t\t\t<\/div>\n\t\t\t\t<\/div>\n\t\t\t\t\t<\/div>\n\t\t<\/div>\n\t\t\t\t\t<\/div>\n\t\t<\/section>\n\t\t\t\t<\/div>","protected":false},"excerpt":{"rendered":"<p><strong>Massaa\u017eirull Qmed Therapy Roller 33x14cm<\/strong> sobib suurep\u00e4raselt sporditreeningutel kasutamiseks, tasakaalu- ja venitustreeninguks, joogas kasutamiseks, f\u00fcsioteraapias ja pilateses kasutamiseks.<\/p>\n<ul>\n<li>L\u00f5\u00f5gastab lihaseid, leevendab pingeid ja parandab enesetunnet<\/li>\n<li>Alternatiiv spordimassaa\u017eile<\/li>\n<li>Tselluliidivastane toime<\/li>\n<\/ul>","protected":false},"featured_media":44449,"comment_status":"open","ping_status":"closed","template":"","meta":{"ocean_post_layout":"","ocean_both_sidebars_style":"","ocean_both_sidebars_content_width":0,"ocean_both_sidebars_sidebars_width":0,"ocean_sidebar":"0","ocean_second_sidebar":"0","ocean_disable_margins":"enable","ocean_add_body_class":"","ocean_shortcode_before_top_bar":"","ocean_shortcode_after_top_bar":"","ocean_shortcode_before_header":"","ocean_shortcode_after_header":"","ocean_has_shortcode":"","ocean_shortcode_after_title":"","ocean_shortcode_before_footer_widgets":"","ocean_shortcode_after_footer_widgets":"","ocean_shortcode_before_footer_bottom":"","ocean_shortcode_after_footer_bottom":"","ocean_display_top_bar":"default","ocean_display_header":"default","ocean_header_style":"","ocean_center_header_left_menu":"0","ocean_custom_header_template":"0","ocean_custom_logo":0,"ocean_custom_retina_logo":0,"ocean_custom_logo_max_width":0,"ocean_custom_logo_tablet_max_width":0,"ocean_custom_logo_mobile_max_width":0,"ocean_custom_logo_max_height":0,"ocean_custom_logo_tablet_max_height":0,"ocean_custom_logo_mobile_max_height":0,"ocean_header_custom_menu":"0","ocean_menu_typo_font_family":"0","ocean_menu_typo_font_subset":"","ocean_menu_typo_font_size":0,"ocean_menu_typo_font_size_tablet":0,"ocean_menu_typo_font_size_mobile":0,"ocean_menu_typo_font_size_unit":"px","ocean_menu_typo_font_weight":"","ocean_menu_typo_font_weight_tablet":"","ocean_menu_typo_font_weight_mobile":"","ocean_menu_typo_transform":"","ocean_menu_typo_transform_tablet":"","ocean_menu_typo_transform_mobile":"","ocean_menu_typo_line_height":0,"ocean_menu_typo_line_height_tablet":0,"ocean_menu_typo_line_height_mobile":0,"ocean_menu_typo_line_height_unit":"","ocean_menu_typo_spacing":0,"ocean_menu_typo_spacing_tablet":0,"ocean_menu_typo_spacing_mobile":0,"ocean_menu_typo_spacing_unit":"","ocean_menu_link_color":"","ocean_menu_link_color_hover":"","ocean_menu_link_color_active":"","ocean_menu_link_background":"","ocean_menu_link_hover_background":"","ocean_menu_link_active_background":"","ocean_menu_social_links_bg":"","ocean_menu_social_hover_links_bg":"","ocean_menu_social_links_color":"","ocean_menu_social_hover_links_color":"","ocean_disable_title":"default","ocean_disable_heading":"default","ocean_post_title":"","ocean_post_subheading":"","ocean_post_title_style":"","ocean_post_title_background_color":"","ocean_post_title_background":0,"ocean_post_title_bg_image_position":"","ocean_post_title_bg_image_attachment":"","ocean_post_title_bg_image_repeat":"","ocean_post_title_bg_image_size":"","ocean_post_title_height":0,"ocean_post_title_bg_overlay":0.5,"ocean_post_title_bg_overlay_color":"","ocean_disable_breadcrumbs":"default","ocean_breadcrumbs_color":"","ocean_breadcrumbs_separator_color":"","ocean_breadcrumbs_links_color":"","ocean_breadcrumbs_links_hover_color":"","ocean_display_footer_widgets":"default","ocean_display_footer_bottom":"default","ocean_custom_footer_template":"0"},"product_brand":[2244],"product_cat":[4434,636,986],"product_tag":[],"class_list":{"0":"post-44448","1":"product","2":"type-product","3":"status-publish","4":"has-post-thumbnail","6":"product_brand-qmed","7":"product_cat-massaaz","8":"product_cat-sport","9":"product_cat-voimlemise-ja-jooga-tooted-sport","11":"entry","12":"has-media","14":"first","15":"instock","16":"taxable","17":"shipping-taxable","18":"purchasable","19":"product-type-simple","20":"has-product-nav","21":"col","22":"span_1_of_4","23":"owp-content-left","24":"owp-thumbs-layout-horizontal","25":"owp-btn-normal","26":"owp-tabs-layout-horizontal"},"yoast_head":"<!-- This site is optimized with the Yoast SEO plugin v27.4 - https:\/\/yoast.com\/product\/yoast-seo-wordpress\/ -->\n<title>Massaa\u017eirull Qmed Therapy Roller 33x14cm. Orange - ITAK J\u00e4rve<\/title>\n<meta name=\"description\" content=\"Toode: Massaa\u017eirull Qmed Therapy Roller 33x14cm sobib suurep\u00e4raselt sporditreeningutel kasutamiseks, tasakaalu- ja venitustreeninguks, joogas kasutamiseks, f\u00fcsioteraapias ja pilateses kasutamiseks.\" \/>\n<meta name=\"robots\" content=\"index, follow, max-snippet:-1, max-image-preview:large, max-video-preview:-1\" \/>\n<link rel=\"canonical\" href=\"https:\/\/ortoteek.ee\/ru\/pood\/sport\/massaazirull-qmed-therapy-roller-33x14cm-orange\/\" \/>\n<meta property=\"og:locale\" content=\"ru_RU\" \/>\n<meta property=\"og:type\" content=\"article\" \/>\n<meta property=\"og:title\" content=\"Massaa\u017eirull Qmed Therapy Roller 33x14cm. Orange - ITAK J\u00e4rve\" \/>\n<meta property=\"og:description\" content=\"Toode: Massaa\u017eirull Qmed Therapy Roller 33x14cm sobib suurep\u00e4raselt sporditreeningutel kasutamiseks, tasakaalu- ja venitustreeninguks, joogas kasutamiseks, f\u00fcsioteraapias ja pilateses kasutamiseks.\" \/>\n<meta property=\"og:url\" content=\"https:\/\/ortoteek.ee\/ru\/pood\/sport\/massaazirull-qmed-therapy-roller-33x14cm-orange\/\" \/>\n<meta property=\"og:site_name\" content=\"ITAK J\u00e4rve\" \/>\n<meta property=\"article:publisher\" content=\"https:\/\/www.facebook.com\/Ortoteek\" \/>\n<meta property=\"article:modified_time\" content=\"2026-04-24T08:05:11+00:00\" \/>\n<meta property=\"og:image\" content=\"https:\/\/ortoteek.ee\/wp-content\/uploads\/2026\/04\/orange-massaazirull-memo-qmeds-1.jpg\" \/>\n\t<meta property=\"og:image:width\" content=\"2048\" \/>\n\t<meta property=\"og:image:height\" content=\"2048\" \/>\n\t<meta property=\"og:image:type\" content=\"image\/jpeg\" \/>\n<meta name=\"twitter:card\" content=\"summary_large_image\" \/>\n<meta name=\"twitter:label1\" content=\"\u0426\u0435\u043d\u0430\" \/>\n\t<meta name=\"twitter:data1\" content=\"15.00&nbsp;&euro;\" \/>\n\t<meta name=\"twitter:label2\" content=\"\u0414\u043e\u0441\u0442\u0443\u043f\u043d\u043e\u0441\u0442\u044c\" \/>\n\t<meta name=\"twitter:data2\" content=\"\u0412 \u043d\u0430\u043b\u0438\u0447\u0438\u0438\" \/>\n<script type=\"application\/ld+json\" class=\"yoast-schema-graph\">{\"@context\":\"https:\\\/\\\/schema.org\",\"@graph\":[{\"@type\":\"WebPage\",\"@id\":\"https:\\\/\\\/ortoteek.ee\\\/pood\\\/sport\\\/massaazirull-qmed-therapy-roller-33x14cm-orange\\\/\",\"url\":\"https:\\\/\\\/ortoteek.ee\\\/pood\\\/sport\\\/massaazirull-qmed-therapy-roller-33x14cm-orange\\\/\",\"name\":\"Massaa\u017eirull Qmed Therapy Roller 33x14cm. Orange - ITAK J\u00e4rve\",\"isPartOf\":{\"@id\":\"https:\\\/\\\/ortoteek.ee\\\/#website\"},\"primaryImageOfPage\":{\"@id\":\"https:\\\/\\\/ortoteek.ee\\\/pood\\\/sport\\\/massaazirull-qmed-therapy-roller-33x14cm-orange\\\/#primaryimage\"},\"image\":{\"@id\":\"https:\\\/\\\/ortoteek.ee\\\/pood\\\/sport\\\/massaazirull-qmed-therapy-roller-33x14cm-orange\\\/#primaryimage\"},\"thumbnailUrl\":\"https:\\\/\\\/ortoteek.ee\\\/wp-content\\\/uploads\\\/2026\\\/04\\\/orange-massaazirull-memo-qmeds-1.jpg\",\"datePublished\":\"2026-04-15T09:33:29+00:00\",\"dateModified\":\"2026-04-24T08:05:11+00:00\",\"description\":\"Toode: Massaa\u017eirull Qmed Therapy Roller 33x14cm sobib suurep\u00e4raselt sporditreeningutel kasutamiseks, tasakaalu- ja venitustreeninguks, joogas kasutamiseks, f\u00fcsioteraapias ja pilateses kasutamiseks.\",\"breadcrumb\":{\"@id\":\"https:\\\/\\\/ortoteek.ee\\\/pood\\\/sport\\\/massaazirull-qmed-therapy-roller-33x14cm-orange\\\/#breadcrumb\"},\"inLanguage\":\"ru-RU\",\"potentialAction\":[{\"@type\":\"ReadAction\",\"target\":[\"https:\\\/\\\/ortoteek.ee\\\/pood\\\/sport\\\/massaazirull-qmed-therapy-roller-33x14cm-orange\\\/\"]}]},{\"@type\":\"ImageObject\",\"inLanguage\":\"ru-RU\",\"@id\":\"https:\\\/\\\/ortoteek.ee\\\/pood\\\/sport\\\/massaazirull-qmed-therapy-roller-33x14cm-orange\\\/#primaryimage\",\"url\":\"https:\\\/\\\/ortoteek.ee\\\/wp-content\\\/uploads\\\/2026\\\/04\\\/orange-massaazirull-memo-qmeds-1.jpg\",\"contentUrl\":\"https:\\\/\\\/ortoteek.ee\\\/wp-content\\\/uploads\\\/2026\\\/04\\\/orange-massaazirull-memo-qmeds-1.jpg\",\"width\":2048,\"height\":2048},{\"@type\":\"BreadcrumbList\",\"@id\":\"https:\\\/\\\/ortoteek.ee\\\/pood\\\/sport\\\/massaazirull-qmed-therapy-roller-33x14cm-orange\\\/#breadcrumb\",\"itemListElement\":[{\"@type\":\"ListItem\",\"position\":1,\"name\":\"Avaleht\",\"item\":\"https:\\\/\\\/ortoteek.ee\\\/\"},{\"@type\":\"ListItem\",\"position\":2,\"name\":\"Ortoosid\",\"item\":\"https:\\\/\\\/ortoteek.ee\\\/pood\\\/\"},{\"@type\":\"ListItem\",\"position\":3,\"name\":\"Sporditarbed\",\"item\":\"https:\\\/\\\/ortoteek.ee\\\/tootekategooria\\\/sport\\\/\"},{\"@type\":\"ListItem\",\"position\":4,\"name\":\"Massaa\u017eirull Qmed Therapy Roller 33x14cm. Orange\"}]},{\"@type\":\"WebSite\",\"@id\":\"https:\\\/\\\/ortoteek.ee\\\/#website\",\"url\":\"https:\\\/\\\/ortoteek.ee\\\/\",\"name\":\"ITAK J\u00e4rve\",\"description\":\"ORTOPEEDILISED TEENUSED JA TOOTED TRAUMALE JA IGAP\u00c4EVASEKS KASUTAMISEKS\",\"publisher\":{\"@id\":\"https:\\\/\\\/ortoteek.ee\\\/#organization\"},\"alternateName\":\"Ortoteek\",\"potentialAction\":[{\"@type\":\"SearchAction\",\"target\":{\"@type\":\"EntryPoint\",\"urlTemplate\":\"https:\\\/\\\/ortoteek.ee\\\/?s={search_term_string}\"},\"query-input\":{\"@type\":\"PropertyValueSpecification\",\"valueRequired\":true,\"valueName\":\"search_term_string\"}}],\"inLanguage\":\"ru-RU\"},{\"@type\":\"Organization\",\"@id\":\"https:\\\/\\\/ortoteek.ee\\\/#organization\",\"name\":\"Ortoteek O\u00dc\",\"alternateName\":\"Ortoteek Eesti\",\"url\":\"https:\\\/\\\/ortoteek.ee\\\/\",\"logo\":{\"@type\":\"ImageObject\",\"inLanguage\":\"ru-RU\",\"@id\":\"https:\\\/\\\/ortoteek.ee\\\/#\\\/schema\\\/logo\\\/image\\\/\",\"url\":\"https:\\\/\\\/ortoteek.ee\\\/wp-content\\\/uploads\\\/2026\\\/04\\\/cropped-ITAK-logo-Edited.jpg\",\"contentUrl\":\"https:\\\/\\\/ortoteek.ee\\\/wp-content\\\/uploads\\\/2026\\\/04\\\/cropped-ITAK-logo-Edited.jpg\",\"width\":512,\"height\":512,\"caption\":\"Ortoteek O\u00dc\"},\"image\":{\"@id\":\"https:\\\/\\\/ortoteek.ee\\\/#\\\/schema\\\/logo\\\/image\\\/\"},\"sameAs\":[\"https:\\\/\\\/www.facebook.com\\\/Ortoteek\",\"https:\\\/\\\/www.instagram.com\\\/ortoteek\\\/\"],\"hasMerchantReturnPolicy\":{\"@type\":\"MerchantReturnPolicy\",\"merchantReturnLink\":\"https:\\\/\\\/ortoteek.ee\\\/ru\\\/pood\\\/toote-tagastamine\\\/\"}}]}<\/script>\n<meta property=\"product:price:amount\" content=\"15.00\" \/>\n<meta property=\"product:price:currency\" content=\"EUR\" \/>\n<meta property=\"og:availability\" content=\"instock\" \/>\n<meta property=\"product:availability\" content=\"instock\" \/>\n<meta property=\"product:retailer_item_id\" content=\"12235\" \/>\n<meta property=\"product:condition\" content=\"new\" \/>\n<!-- \/ Yoast SEO plugin. -->","yoast_head_json":{"title":"Massaa\u017eirull Qmed Therapy Roller 33x14cm. Orange - ITAK J\u00e4rve","description":"Toode: Massaa\u017eirull Qmed Therapy Roller 33x14cm sobib suurep\u00e4raselt sporditreeningutel kasutamiseks, tasakaalu- ja venitustreeninguks, joogas kasutamiseks, f\u00fcsioteraapias ja pilateses kasutamiseks.","robots":{"index":"index","follow":"follow","max-snippet":"max-snippet:-1","max-image-preview":"max-image-preview:large","max-video-preview":"max-video-preview:-1"},"canonical":"https:\/\/ortoteek.ee\/ru\/pood\/sport\/massaazirull-qmed-therapy-roller-33x14cm-orange\/","og_locale":"ru_RU","og_type":"article","og_title":"Massaa\u017eirull Qmed Therapy Roller 33x14cm. Orange - ITAK J\u00e4rve","og_description":"Toode: Massaa\u017eirull Qmed Therapy Roller 33x14cm sobib suurep\u00e4raselt sporditreeningutel kasutamiseks, tasakaalu- ja venitustreeninguks, joogas kasutamiseks, f\u00fcsioteraapias ja pilateses kasutamiseks.","og_url":"https:\/\/ortoteek.ee\/ru\/pood\/sport\/massaazirull-qmed-therapy-roller-33x14cm-orange\/","og_site_name":"ITAK J\u00e4rve","article_publisher":"https:\/\/www.facebook.com\/Ortoteek","article_modified_time":"2026-04-24T08:05:11+00:00","og_image":[{"width":2048,"height":2048,"url":"https:\/\/ortoteek.ee\/wp-content\/uploads\/2026\/04\/orange-massaazirull-memo-qmeds-1.jpg","type":"image\/jpeg"}],"twitter_card":"summary_large_image","twitter_misc":{"\u0426\u0435\u043d\u0430":"15.00&nbsp;&euro;","\u0414\u043e\u0441\u0442\u0443\u043f\u043d\u043e\u0441\u0442\u044c":"\u0412 \u043d\u0430\u043b\u0438\u0447\u0438\u0438"},"schema":{"@context":"https:\/\/schema.org","@graph":[{"@type":"WebPage","@id":"https:\/\/ortoteek.ee\/pood\/sport\/massaazirull-qmed-therapy-roller-33x14cm-orange\/","url":"https:\/\/ortoteek.ee\/pood\/sport\/massaazirull-qmed-therapy-roller-33x14cm-orange\/","name":"Massaa\u017eirull Qmed Therapy Roller 33x14cm. Orange - ITAK J\u00e4rve","isPartOf":{"@id":"https:\/\/ortoteek.ee\/#website"},"primaryImageOfPage":{"@id":"https:\/\/ortoteek.ee\/pood\/sport\/massaazirull-qmed-therapy-roller-33x14cm-orange\/#primaryimage"},"image":{"@id":"https:\/\/ortoteek.ee\/pood\/sport\/massaazirull-qmed-therapy-roller-33x14cm-orange\/#primaryimage"},"thumbnailUrl":"https:\/\/ortoteek.ee\/wp-content\/uploads\/2026\/04\/orange-massaazirull-memo-qmeds-1.jpg","datePublished":"2026-04-15T09:33:29+00:00","dateModified":"2026-04-24T08:05:11+00:00","description":"Toode: Massaa\u017eirull Qmed Therapy Roller 33x14cm sobib suurep\u00e4raselt sporditreeningutel kasutamiseks, tasakaalu- ja venitustreeninguks, joogas kasutamiseks, f\u00fcsioteraapias ja pilateses kasutamiseks.","breadcrumb":{"@id":"https:\/\/ortoteek.ee\/pood\/sport\/massaazirull-qmed-therapy-roller-33x14cm-orange\/#breadcrumb"},"inLanguage":"ru-RU","potentialAction":[{"@type":"ReadAction","target":["https:\/\/ortoteek.ee\/pood\/sport\/massaazirull-qmed-therapy-roller-33x14cm-orange\/"]}]},{"@type":"ImageObject","inLanguage":"ru-RU","@id":"https:\/\/ortoteek.ee\/pood\/sport\/massaazirull-qmed-therapy-roller-33x14cm-orange\/#primaryimage","url":"https:\/\/ortoteek.ee\/wp-content\/uploads\/2026\/04\/orange-massaazirull-memo-qmeds-1.jpg","contentUrl":"https:\/\/ortoteek.ee\/wp-content\/uploads\/2026\/04\/orange-massaazirull-memo-qmeds-1.jpg","width":2048,"height":2048},{"@type":"BreadcrumbList","@id":"https:\/\/ortoteek.ee\/pood\/sport\/massaazirull-qmed-therapy-roller-33x14cm-orange\/#breadcrumb","itemListElement":[{"@type":"ListItem","position":1,"name":"Avaleht","item":"https:\/\/ortoteek.ee\/"},{"@type":"ListItem","position":2,"name":"Ortoosid","item":"https:\/\/ortoteek.ee\/pood\/"},{"@type":"ListItem","position":3,"name":"Sporditarbed","item":"https:\/\/ortoteek.ee\/tootekategooria\/sport\/"},{"@type":"ListItem","position":4,"name":"Massaa\u017eirull Qmed Therapy Roller 33x14cm. Orange"}]},{"@type":"WebSite","@id":"https:\/\/ortoteek.ee\/#website","url":"https:\/\/ortoteek.ee\/","name":"ITAK J\u00e4rve","description":"\u041e\u0420\u0422\u041e\u041f\u0415\u0414\u0418\u0427\u0415\u0421\u041a\u0418\u0415 \u0423\u0421\u041b\u0423\u0413\u0418 \u0418 \u0418\u0417\u0414\u0415\u041b\u0418\u042f \u0414\u041b\u042f \u0422\u0420\u0410\u0412\u041c \u0418 \u041f\u041e\u0412\u0421\u0415\u0414\u041d\u0415\u0412\u041d\u041e\u0413\u041e \u0418\u0421\u041f\u041e\u041b\u042c\u0417\u041e\u0412\u0410\u041d\u0418\u042f","publisher":{"@id":"https:\/\/ortoteek.ee\/#organization"},"alternateName":"Ortoteek","potentialAction":[{"@type":"SearchAction","target":{"@type":"EntryPoint","urlTemplate":"https:\/\/ortoteek.ee\/?s={search_term_string}"},"query-input":{"@type":"PropertyValueSpecification","valueRequired":true,"valueName":"search_term_string"}}],"inLanguage":"ru-RU"},{"@type":"Organization","@id":"https:\/\/ortoteek.ee\/#organization","name":"\u041e\u0440\u0442\u043e\u0442\u0435\u043a O\u00dc","alternateName":"Ortoteek Eesti","url":"https:\/\/ortoteek.ee\/","logo":{"@type":"ImageObject","inLanguage":"ru-RU","@id":"https:\/\/ortoteek.ee\/#\/schema\/logo\/image\/","url":"https:\/\/ortoteek.ee\/wp-content\/uploads\/2026\/04\/cropped-ITAK-logo-Edited.jpg","contentUrl":"https:\/\/ortoteek.ee\/wp-content\/uploads\/2026\/04\/cropped-ITAK-logo-Edited.jpg","width":512,"height":512,"caption":"Ortoteek O\u00dc"},"image":{"@id":"https:\/\/ortoteek.ee\/#\/schema\/logo\/image\/"},"sameAs":["https:\/\/www.facebook.com\/Ortoteek","https:\/\/www.instagram.com\/ortoteek\/"],"hasMerchantReturnPolicy":{"@type":"MerchantReturnPolicy","merchantReturnLink":"https:\/\/ortoteek.ee\/ru\/pood\/toote-tagastamine\/"}}]},"product_price_amount":"15.00","product_price_currency":"EUR","og_availability":"instock","product_availability":"instock","product_retailer_item_id":"12235","product_condition":"new"},"_links":{"self":[{"href":"https:\/\/ortoteek.ee\/ru\/wp-json\/wp\/v2\/product\/44448","targetHints":{"allow":["GET"]}}],"collection":[{"href":"https:\/\/ortoteek.ee\/ru\/wp-json\/wp\/v2\/product"}],"about":[{"href":"https:\/\/ortoteek.ee\/ru\/wp-json\/wp\/v2\/types\/product"}],"replies":[{"embeddable":true,"href":"https:\/\/ortoteek.ee\/ru\/wp-json\/wp\/v2\/comments?post=44448"}],"version-history":[{"count":7,"href":"https:\/\/ortoteek.ee\/ru\/wp-json\/wp\/v2\/product\/44448\/revisions"}],"predecessor-version":[{"id":44680,"href":"https:\/\/ortoteek.ee\/ru\/wp-json\/wp\/v2\/product\/44448\/revisions\/44680"}],"wp:featuredmedia":[{"embeddable":true,"href":"https:\/\/ortoteek.ee\/ru\/wp-json\/wp\/v2\/media\/44449"}],"wp:attachment":[{"href":"https:\/\/ortoteek.ee\/ru\/wp-json\/wp\/v2\/media?parent=44448"}],"wp:term":[{"taxonomy":"product_brand","embeddable":true,"href":"https:\/\/ortoteek.ee\/ru\/wp-json\/wp\/v2\/product_brand?post=44448"},{"taxonomy":"product_cat","embeddable":true,"href":"https:\/\/ortoteek.ee\/ru\/wp-json\/wp\/v2\/product_cat?post=44448"},{"taxonomy":"product_tag","embeddable":true,"href":"https:\/\/ortoteek.ee\/ru\/wp-json\/wp\/v2\/product_tag?post=44448"}],"curies":[{"name":"WP","href":"https:\/\/api.w.org\/{rel}","templated":true}]}}