{"id":44259,"date":"2026-04-02T10:46:03","date_gmt":"2026-04-02T07:46:03","guid":{"rendered":"https:\/\/ortoteek.ee\/?post_type=product&#038;p=44259"},"modified":"2026-04-02T10:50:31","modified_gmt":"2026-04-02T07:50:31","slug":"akupressuurmatt-ja-padi-qmed","status":"publish","type":"product","link":"https:\/\/ortoteek.ee\/ru\/pood\/sport\/akupressuurmatt-ja-padi-qmed\/","title":{"rendered":"AKUPRESSUURMATT JA -PADI Qmed"},"content":{"rendered":"<div data-elementor-type=\"product-post\" data-elementor-id=\"44259\" class=\"elementor elementor-44259\" data-elementor-post-type=\"product\">\n\t\t\t\t\t\t<section class=\"elementor-section elementor-top-section elementor-element elementor-element-22d83c2 elementor-section-boxed elementor-section-height-default elementor-section-height-default\" data-id=\"22d83c2\" data-element_type=\"section\" data-e-type=\"section\">\n\t\t\t\t\t\t<div class=\"elementor-container elementor-column-gap-default\">\n\t\t\t\t\t<div class=\"elementor-column elementor-col-100 elementor-top-column elementor-element elementor-element-6da4433\" data-id=\"6da4433\" data-element_type=\"column\" data-e-type=\"column\">\n\t\t\t<div class=\"elementor-widget-wrap elementor-element-populated\">\n\t\t\t\t\t\t<div class=\"elementor-element elementor-element-3d6f114 elementor-widget elementor-widget-heading\" data-id=\"3d6f114\" data-element_type=\"widget\" data-e-type=\"widget\" data-widget_type=\"heading.default\">\n\t\t\t\t<div class=\"elementor-widget-container\">\n\t\t\t\t\t<h2 class=\"elementor-heading-title elementor-size-default\"><b>AKUPRESSUURMATT JA -PADI Qmed<\/b><\/h2>\t\t\t\t<\/div>\n\t\t\t\t<\/div>\n\t\t\t\t<div class=\"elementor-element elementor-element-16692b0 elementor-widget elementor-widget-text-editor\" data-id=\"16692b0\" data-element_type=\"widget\" data-e-type=\"widget\" data-widget_type=\"text-editor.default\">\n\t\t\t\t<div class=\"elementor-widget-container\">\n\t\t\t\t\t\t\t\t\t<p><strong>AKUPRESSUURMATT JA -PADI Qmed<\/strong> aitab v\u00e4sinud ning stressis keha l\u00f5\u00f5gastada ja pingetest vabastada. Matil on koonusekujulised ogad, mis avaldavad keharaskuse m\u00f5jul survet kindlatele akupressuuri- ja n\u00e4rvipunktidele, n\u00e4iteks piki selgroogu.<\/p><p data-start=\"1344\" data-end=\"1572\"><strong data-start=\"1344\" data-end=\"1370\">Eesm\u00e4rk \/ n\u00e4idustused:<\/strong><br data-start=\"1370\" data-end=\"1373\" \/>Seade on m\u00f5eldud kerge valu leevendamiseks, mis on seotud lihaspinge suurenemise v\u00f5i perioodilise n\u00e4rvivaluga, kasutades massaa\u017eitehnikaid. Toode on m\u00f5eldud keha (valitud piirkondade) l\u00f5\u00f5gastamiseks.<\/p><p data-start=\"1574\" data-end=\"1694\"><strong data-start=\"1574\" data-end=\"1595\">\u041f\u0440\u043e\u0442\u0438\u0432\u043e\u043f\u043e\u043a\u0430\u0437\u0430\u043d\u0438\u044f:<\/strong><br data-start=\"1595\" data-end=\"1598\" \/>Katkine nahk, muud nahakahjustused, p\u00f5letikud kasutuspiirkonnas.<\/p>\t\t\t\t\t\t\t\t<\/div>\n\t\t\t\t<\/div>\n\t\t\t\t<div class=\"elementor-element elementor-element-6858ef8 elementor-widget elementor-widget-image\" data-id=\"6858ef8\" data-element_type=\"widget\" data-e-type=\"widget\" data-widget_type=\"image.default\">\n\t\t\t\t<div class=\"elementor-widget-container\">\n\t\t\t\t\t\t\t\t\t\t\t\t\t\t\t<img fetchpriority=\"high\" decoding=\"async\" width=\"1024\" height=\"431\" src=\"https:\/\/ortoteek.ee\/wp-content\/uploads\/2026\/04\/akupressuur-1024x431.webp\" class=\"attachment-large size-large wp-image-44260\" alt=\"\" srcset=\"https:\/\/ortoteek.ee\/wp-content\/uploads\/2026\/04\/akupressuur-1024x431.webp 1024w, https:\/\/ortoteek.ee\/wp-content\/uploads\/2026\/04\/akupressuur-300x126.webp 300w, https:\/\/ortoteek.ee\/wp-content\/uploads\/2026\/04\/akupressuur-768x324.webp 768w, https:\/\/ortoteek.ee\/wp-content\/uploads\/2026\/04\/akupressuur-18x8.webp 18w, https:\/\/ortoteek.ee\/wp-content\/uploads\/2026\/04\/akupressuur-600x253.webp 600w, https:\/\/ortoteek.ee\/wp-content\/uploads\/2026\/04\/akupressuur-64x27.webp 64w, https:\/\/ortoteek.ee\/wp-content\/uploads\/2026\/04\/akupressuur.webp 1270w\" sizes=\"(max-width: 1024px) 100vw, 1024px\" \/>\t\t\t\t\t\t\t\t\t\t\t\t\t\t\t<\/div>\n\t\t\t\t<\/div>\n\t\t\t\t<div class=\"elementor-element elementor-element-81b1c89 elementor-widget elementor-widget-text-editor\" data-id=\"81b1c89\" data-element_type=\"widget\" data-e-type=\"widget\" data-widget_type=\"text-editor.default\">\n\t\t\t\t<div class=\"elementor-widget-container\">\n\t\t\t\t\t\t\t\t\t<h3 data-section-id=\"klm6k0\" data-start=\"2034\" data-end=\"2048\">\u0418\u0421\u041f\u041e\u041b\u042c\u0417\u041e\u0412\u0410\u0422\u042c<\/h3><p data-start=\"2050\" data-end=\"2384\">Asetage matt kuivale pinnale. Heitke sellele ettevaatlikult pikali v\u00f5i asetage sellele ainult valitud kehaosa, n\u00e4iteks jalad v\u00f5i kael, v\u00e4ltides naha\u00e4rritust. Reguleerige asend mugavaks. Esmakordsel kasutamisel v\u00f5ib Qmed akupressuurikomplekt koos padjaga tunduda veidi valulik, kuid aja jooksul muutub tunne meeldivaks ja l\u00f5\u00f5gastavaks.<\/p><p data-start=\"2386\" data-end=\"2680\">Alustage harjutusi l\u00fchikeste, umbes 5-minutiliste seanssidega. Kui keha harjub, v\u00f5ib kasutusaega j\u00e4rk-j\u00e4rgult pikendada. Matti ei soovitata kasutada \u00fcle 30 minuti p\u00e4evas. Valu v\u00f5i muude h\u00e4irivate s\u00fcmptomite (nt naha punetus v\u00f5i allergiline reaktsioon) ilmnemisel tuleb kasutamine kohe l\u00f5petada.<\/p><p data-start=\"2682\" data-end=\"2734\"><strong data-start=\"2682\" data-end=\"2694\">Hoiatus:<\/strong> \u00c4rge kasutage toodet otse paljal nahal.<\/p>\t\t\t\t\t\t\t\t<\/div>\n\t\t\t\t<\/div>\n\t\t\t\t<div class=\"elementor-element elementor-element-5772bc9 elementor-widget elementor-widget-image\" data-id=\"5772bc9\" data-element_type=\"widget\" data-e-type=\"widget\" data-widget_type=\"image.default\">\n\t\t\t\t<div class=\"elementor-widget-container\">\n\t\t\t\t\t\t\t\t\t\t\t\t\t\t\t<img decoding=\"async\" width=\"1024\" height=\"683\" src=\"https:\/\/ortoteek.ee\/wp-content\/uploads\/2026\/04\/qmed-akupressuur-matt-sport-tervis-1024x683.png\" class=\"attachment-large size-large wp-image-44261\" alt=\"\" srcset=\"https:\/\/ortoteek.ee\/wp-content\/uploads\/2026\/04\/qmed-akupressuur-matt-sport-tervis-1024x683.png 1024w, https:\/\/ortoteek.ee\/wp-content\/uploads\/2026\/04\/qmed-akupressuur-matt-sport-tervis-300x200.png 300w, https:\/\/ortoteek.ee\/wp-content\/uploads\/2026\/04\/qmed-akupressuur-matt-sport-tervis-768x512.png 768w, https:\/\/ortoteek.ee\/wp-content\/uploads\/2026\/04\/qmed-akupressuur-matt-sport-tervis-1536x1024.png 1536w, https:\/\/ortoteek.ee\/wp-content\/uploads\/2026\/04\/qmed-akupressuur-matt-sport-tervis-18x12.png 18w, https:\/\/ortoteek.ee\/wp-content\/uploads\/2026\/04\/qmed-akupressuur-matt-sport-tervis-600x400.png 600w, https:\/\/ortoteek.ee\/wp-content\/uploads\/2026\/04\/qmed-akupressuur-matt-sport-tervis-64x43.png 64w, https:\/\/ortoteek.ee\/wp-content\/uploads\/2026\/04\/qmed-akupressuur-matt-sport-tervis.png 1579w\" sizes=\"(max-width: 1024px) 100vw, 1024px\" \/>\t\t\t\t\t\t\t\t\t\t\t\t\t\t\t<\/div>\n\t\t\t\t<\/div>\n\t\t\t\t<div class=\"elementor-element elementor-element-1175b2c elementor-widget elementor-widget-image\" data-id=\"1175b2c\" data-element_type=\"widget\" data-e-type=\"widget\" data-widget_type=\"image.default\">\n\t\t\t\t<div class=\"elementor-widget-container\">\n\t\t\t\t\t\t\t\t\t\t\t\t\t\t\t<img decoding=\"async\" width=\"512\" height=\"384\" src=\"https:\/\/ortoteek.ee\/wp-content\/uploads\/2024\/01\/qmed-logo.png\" class=\"attachment-large size-large wp-image-29640\" alt=\"\" srcset=\"https:\/\/ortoteek.ee\/wp-content\/uploads\/2024\/01\/qmed-logo.png 512w, https:\/\/ortoteek.ee\/wp-content\/uploads\/2024\/01\/qmed-logo-300x225.png 300w, https:\/\/ortoteek.ee\/wp-content\/uploads\/2024\/01\/qmed-logo-64x48.png 64w\" sizes=\"(max-width: 512px) 100vw, 512px\" \/>\t\t\t\t\t\t\t\t\t\t\t\t\t\t\t<\/div>\n\t\t\t\t<\/div>\n\t\t\t\t\t<\/div>\n\t\t<\/div>\n\t\t\t\t\t<\/div>\n\t\t<\/section>\n\t\t\t\t<\/div>","protected":false},"excerpt":{"rendered":"<p><strong>AKUPRESSUURMATT JA -PADI Qmed<\/strong> aitab v\u00e4sinud ning stressis keha l\u00f5\u00f5gastada ja pingetest vabastada. Matil on koonusekujulised ogad, mis avaldavad keharaskuse m\u00f5jul survet kindlatele akupressuuri- ja n\u00e4rvipunktidele, n\u00e4iteks piki selgroogu.<\/p>\n<p><strong>Komplekti kuuluvad:<\/strong><br \/>\nAkupressuurmatt: 74 x 44 cm, 230 ketast x 27 tihvti<br \/>\nAkupressuurpadi:\u00a039,5 x 10 x 15 cm, 73 ketast x 27 tihvti<br \/>\nRiidest kott<\/p>","protected":false},"featured_media":44264,"comment_status":"open","ping_status":"closed","template":"","meta":{"ocean_post_layout":"","ocean_both_sidebars_style":"","ocean_both_sidebars_content_width":0,"ocean_both_sidebars_sidebars_width":0,"ocean_sidebar":"0","ocean_second_sidebar":"0","ocean_disable_margins":"enable","ocean_add_body_class":"","ocean_shortcode_before_top_bar":"","ocean_shortcode_after_top_bar":"","ocean_shortcode_before_header":"","ocean_shortcode_after_header":"","ocean_has_shortcode":"","ocean_shortcode_after_title":"","ocean_shortcode_before_footer_widgets":"","ocean_shortcode_after_footer_widgets":"","ocean_shortcode_before_footer_bottom":"","ocean_shortcode_after_footer_bottom":"","ocean_display_top_bar":"default","ocean_display_header":"default","ocean_header_style":"","ocean_center_header_left_menu":"0","ocean_custom_header_template":"0","ocean_custom_logo":0,"ocean_custom_retina_logo":0,"ocean_custom_logo_max_width":0,"ocean_custom_logo_tablet_max_width":0,"ocean_custom_logo_mobile_max_width":0,"ocean_custom_logo_max_height":0,"ocean_custom_logo_tablet_max_height":0,"ocean_custom_logo_mobile_max_height":0,"ocean_header_custom_menu":"0","ocean_menu_typo_font_family":"0","ocean_menu_typo_font_subset":"","ocean_menu_typo_font_size":0,"ocean_menu_typo_font_size_tablet":0,"ocean_menu_typo_font_size_mobile":0,"ocean_menu_typo_font_size_unit":"px","ocean_menu_typo_font_weight":"","ocean_menu_typo_font_weight_tablet":"","ocean_menu_typo_font_weight_mobile":"","ocean_menu_typo_transform":"","ocean_menu_typo_transform_tablet":"","ocean_menu_typo_transform_mobile":"","ocean_menu_typo_line_height":0,"ocean_menu_typo_line_height_tablet":0,"ocean_menu_typo_line_height_mobile":0,"ocean_menu_typo_line_height_unit":"","ocean_menu_typo_spacing":0,"ocean_menu_typo_spacing_tablet":0,"ocean_menu_typo_spacing_mobile":0,"ocean_menu_typo_spacing_unit":"","ocean_menu_link_color":"","ocean_menu_link_color_hover":"","ocean_menu_link_color_active":"","ocean_menu_link_background":"","ocean_menu_link_hover_background":"","ocean_menu_link_active_background":"","ocean_menu_social_links_bg":"","ocean_menu_social_hover_links_bg":"","ocean_menu_social_links_color":"","ocean_menu_social_hover_links_color":"","ocean_disable_title":"default","ocean_disable_heading":"default","ocean_post_title":"","ocean_post_subheading":"","ocean_post_title_style":"","ocean_post_title_background_color":"","ocean_post_title_background":0,"ocean_post_title_bg_image_position":"","ocean_post_title_bg_image_attachment":"","ocean_post_title_bg_image_repeat":"","ocean_post_title_bg_image_size":"","ocean_post_title_height":0,"ocean_post_title_bg_overlay":0.5,"ocean_post_title_bg_overlay_color":"","ocean_disable_breadcrumbs":"default","ocean_breadcrumbs_color":"","ocean_breadcrumbs_separator_color":"","ocean_breadcrumbs_links_color":"","ocean_breadcrumbs_links_hover_color":"","ocean_display_footer_widgets":"default","ocean_display_footer_bottom":"default","ocean_custom_footer_template":"0"},"product_brand":[2244],"product_cat":[636,986],"product_tag":[4708,4457,4707],"class_list":{"0":"post-44259","1":"product","2":"type-product","3":"status-publish","4":"has-post-thumbnail","6":"product_brand-qmed","7":"product_cat-sport","8":"product_cat-voimlemise-ja-jooga-tooted-sport","9":"product_tag-akupress","10":"product_tag-akupressuuri-padi","11":"product_tag-akupressuurmatt","13":"entry","14":"has-media","16":"first","17":"instock","18":"taxable","19":"shipping-taxable","20":"purchasable","21":"product-type-simple","22":"has-product-nav","23":"col","24":"span_1_of_4","25":"owp-content-left","26":"owp-thumbs-layout-horizontal","27":"owp-btn-normal","28":"owp-tabs-layout-horizontal"},"yoast_head":"<!-- This site is optimized with the Yoast SEO plugin v27.3 - https:\/\/yoast.com\/product\/yoast-seo-wordpress\/ -->\n<title>AKUPRESSUURMATT JA -PADI Qmed - ITAK J\u00e4rve<\/title>\n<meta name=\"description\" content=\"AKUPRESSUURMATT JA -PADI Qmed aitab v\u00e4sinud ning stressis keha l\u00f5\u00f5gastada ja pingetest vabastada. Vaata toodet!\" \/>\n<meta name=\"robots\" content=\"index, follow, max-snippet:-1, max-image-preview:large, max-video-preview:-1\" \/>\n<link rel=\"canonical\" href=\"https:\/\/ortoteek.ee\/ru\/pood\/sport\/akupressuurmatt-ja-padi-qmed\/\" \/>\n<meta property=\"og:locale\" content=\"ru_RU\" \/>\n<meta property=\"og:type\" content=\"article\" \/>\n<meta property=\"og:title\" content=\"AKUPRESSUURMATT JA -PADI Qmed - ITAK J\u00e4rve\" \/>\n<meta property=\"og:description\" content=\"AKUPRESSUURMATT JA -PADI Qmed aitab v\u00e4sinud ning stressis keha l\u00f5\u00f5gastada ja pingetest vabastada. Vaata toodet!\" \/>\n<meta property=\"og:url\" content=\"https:\/\/ortoteek.ee\/ru\/pood\/sport\/akupressuurmatt-ja-padi-qmed\/\" \/>\n<meta property=\"og:site_name\" content=\"ITAK J\u00e4rve\" \/>\n<meta property=\"article:publisher\" content=\"https:\/\/www.facebook.com\/Ortoteek\" \/>\n<meta property=\"article:modified_time\" content=\"2026-04-02T07:50:31+00:00\" \/>\n<meta property=\"og:image\" content=\"https:\/\/ortoteek.ee\/wp-content\/uploads\/2026\/04\/qmed-akupressuurmatt-lilla.webp\" \/>\n\t<meta property=\"og:image:width\" content=\"700\" \/>\n\t<meta property=\"og:image:height\" content=\"700\" \/>\n\t<meta property=\"og:image:type\" content=\"image\/webp\" \/>\n<meta name=\"twitter:card\" content=\"summary_large_image\" \/>\n<meta name=\"twitter:label1\" content=\"\u0426\u0435\u043d\u0430\" \/>\n\t<meta name=\"twitter:data1\" content=\"42.00&nbsp;&euro;\" \/>\n\t<meta name=\"twitter:label2\" content=\"\u0414\u043e\u0441\u0442\u0443\u043f\u043d\u043e\u0441\u0442\u044c\" \/>\n\t<meta name=\"twitter:data2\" content=\"\u0412 \u043d\u0430\u043b\u0438\u0447\u0438\u0438\" \/>\n<script type=\"application\/ld+json\" class=\"yoast-schema-graph\">{\"@context\":\"https:\\\/\\\/schema.org\",\"@graph\":[{\"@type\":\"WebPage\",\"@id\":\"https:\\\/\\\/ortoteek.ee\\\/pood\\\/sport\\\/akupressuurmatt-ja-padi-qmed\\\/\",\"url\":\"https:\\\/\\\/ortoteek.ee\\\/pood\\\/sport\\\/akupressuurmatt-ja-padi-qmed\\\/\",\"name\":\"AKUPRESSUURMATT JA -PADI Qmed - ITAK J\u00e4rve\",\"isPartOf\":{\"@id\":\"https:\\\/\\\/ortoteek.ee\\\/#website\"},\"primaryImageOfPage\":{\"@id\":\"https:\\\/\\\/ortoteek.ee\\\/pood\\\/sport\\\/akupressuurmatt-ja-padi-qmed\\\/#primaryimage\"},\"image\":{\"@id\":\"https:\\\/\\\/ortoteek.ee\\\/pood\\\/sport\\\/akupressuurmatt-ja-padi-qmed\\\/#primaryimage\"},\"thumbnailUrl\":\"https:\\\/\\\/ortoteek.ee\\\/wp-content\\\/uploads\\\/2026\\\/04\\\/qmed-akupressuurmatt-lilla.webp\",\"datePublished\":\"2026-04-02T07:46:03+00:00\",\"dateModified\":\"2026-04-02T07:50:31+00:00\",\"description\":\"AKUPRESSUURMATT JA -PADI Qmed aitab v\u00e4sinud ning stressis keha l\u00f5\u00f5gastada ja pingetest vabastada. Vaata toodet!\",\"breadcrumb\":{\"@id\":\"https:\\\/\\\/ortoteek.ee\\\/pood\\\/sport\\\/akupressuurmatt-ja-padi-qmed\\\/#breadcrumb\"},\"inLanguage\":\"ru-RU\",\"potentialAction\":[{\"@type\":\"ReadAction\",\"target\":[\"https:\\\/\\\/ortoteek.ee\\\/pood\\\/sport\\\/akupressuurmatt-ja-padi-qmed\\\/\"]}]},{\"@type\":\"ImageObject\",\"inLanguage\":\"ru-RU\",\"@id\":\"https:\\\/\\\/ortoteek.ee\\\/pood\\\/sport\\\/akupressuurmatt-ja-padi-qmed\\\/#primaryimage\",\"url\":\"https:\\\/\\\/ortoteek.ee\\\/wp-content\\\/uploads\\\/2026\\\/04\\\/qmed-akupressuurmatt-lilla.webp\",\"contentUrl\":\"https:\\\/\\\/ortoteek.ee\\\/wp-content\\\/uploads\\\/2026\\\/04\\\/qmed-akupressuurmatt-lilla.webp\",\"width\":700,\"height\":700},{\"@type\":\"BreadcrumbList\",\"@id\":\"https:\\\/\\\/ortoteek.ee\\\/pood\\\/sport\\\/akupressuurmatt-ja-padi-qmed\\\/#breadcrumb\",\"itemListElement\":[{\"@type\":\"ListItem\",\"position\":1,\"name\":\"Avaleht\",\"item\":\"https:\\\/\\\/ortoteek.ee\\\/\"},{\"@type\":\"ListItem\",\"position\":2,\"name\":\"Ortoosid\",\"item\":\"https:\\\/\\\/ortoteek.ee\\\/pood\\\/\"},{\"@type\":\"ListItem\",\"position\":3,\"name\":\"Sportimiseks\",\"item\":\"https:\\\/\\\/ortoteek.ee\\\/tootekategooria\\\/sport\\\/\"},{\"@type\":\"ListItem\",\"position\":4,\"name\":\"AKUPRESSUURMATT JA -PADI Qmed\"}]},{\"@type\":\"WebSite\",\"@id\":\"https:\\\/\\\/ortoteek.ee\\\/#website\",\"url\":\"https:\\\/\\\/ortoteek.ee\\\/\",\"name\":\"ITAK J\u00e4rve\",\"description\":\"ORTOPEEDILISED TEENUSED JA TOOTED TRAUMALE JA IGAP\u00c4EVASEKS KASUTAMISEKS\",\"publisher\":{\"@id\":\"https:\\\/\\\/ortoteek.ee\\\/#organization\"},\"alternateName\":\"Ortoteek\",\"potentialAction\":[{\"@type\":\"SearchAction\",\"target\":{\"@type\":\"EntryPoint\",\"urlTemplate\":\"https:\\\/\\\/ortoteek.ee\\\/?s={search_term_string}\"},\"query-input\":{\"@type\":\"PropertyValueSpecification\",\"valueRequired\":true,\"valueName\":\"search_term_string\"}}],\"inLanguage\":\"ru-RU\"},{\"@type\":\"Organization\",\"@id\":\"https:\\\/\\\/ortoteek.ee\\\/#organization\",\"name\":\"Ortoteek O\u00dc\",\"alternateName\":\"Ortoteek Eesti\",\"url\":\"https:\\\/\\\/ortoteek.ee\\\/\",\"logo\":{\"@type\":\"ImageObject\",\"inLanguage\":\"ru-RU\",\"@id\":\"https:\\\/\\\/ortoteek.ee\\\/#\\\/schema\\\/logo\\\/image\\\/\",\"url\":\"https:\\\/\\\/ortoteek.ee\\\/wp-content\\\/uploads\\\/2023\\\/07\\\/logo_ortoteek_icon.jpg\",\"contentUrl\":\"https:\\\/\\\/ortoteek.ee\\\/wp-content\\\/uploads\\\/2023\\\/07\\\/logo_ortoteek_icon.jpg\",\"width\":900,\"height\":874,\"caption\":\"Ortoteek O\u00dc\"},\"image\":{\"@id\":\"https:\\\/\\\/ortoteek.ee\\\/#\\\/schema\\\/logo\\\/image\\\/\"},\"sameAs\":[\"https:\\\/\\\/www.facebook.com\\\/Ortoteek\",\"https:\\\/\\\/www.instagram.com\\\/ortoteek\\\/\"],\"hasMerchantReturnPolicy\":{\"@type\":\"MerchantReturnPolicy\",\"merchantReturnLink\":\"https:\\\/\\\/ortoteek.ee\\\/ru\\\/pood\\\/toote-tagastamine\\\/\"}}]}<\/script>\n<meta property=\"product:price:amount\" content=\"42.00\" \/>\n<meta property=\"product:price:currency\" content=\"EUR\" \/>\n<meta property=\"og:availability\" content=\"instock\" \/>\n<meta property=\"product:availability\" content=\"instock\" \/>\n<meta property=\"product:retailer_item_id\" content=\"53282\" \/>\n<meta property=\"product:condition\" content=\"new\" \/>\n<!-- \/ Yoast SEO plugin. -->","yoast_head_json":{"title":"AKUPRESSUURMATT JA -PADI Qmed - ITAK J\u00e4rve","description":"AKUPRESSUURMATT JA -PADI Qmed aitab v\u00e4sinud ning stressis keha l\u00f5\u00f5gastada ja pingetest vabastada. Vaata toodet!","robots":{"index":"index","follow":"follow","max-snippet":"max-snippet:-1","max-image-preview":"max-image-preview:large","max-video-preview":"max-video-preview:-1"},"canonical":"https:\/\/ortoteek.ee\/ru\/pood\/sport\/akupressuurmatt-ja-padi-qmed\/","og_locale":"ru_RU","og_type":"article","og_title":"AKUPRESSUURMATT JA -PADI Qmed - ITAK J\u00e4rve","og_description":"AKUPRESSUURMATT JA -PADI Qmed aitab v\u00e4sinud ning stressis keha l\u00f5\u00f5gastada ja pingetest vabastada. Vaata toodet!","og_url":"https:\/\/ortoteek.ee\/ru\/pood\/sport\/akupressuurmatt-ja-padi-qmed\/","og_site_name":"ITAK J\u00e4rve","article_publisher":"https:\/\/www.facebook.com\/Ortoteek","article_modified_time":"2026-04-02T07:50:31+00:00","og_image":[{"width":700,"height":700,"url":"https:\/\/ortoteek.ee\/wp-content\/uploads\/2026\/04\/qmed-akupressuurmatt-lilla.webp","type":"image\/webp"}],"twitter_card":"summary_large_image","twitter_misc":{"\u0426\u0435\u043d\u0430":"42.00&nbsp;&euro;","\u0414\u043e\u0441\u0442\u0443\u043f\u043d\u043e\u0441\u0442\u044c":"\u0412 \u043d\u0430\u043b\u0438\u0447\u0438\u0438"},"schema":{"@context":"https:\/\/schema.org","@graph":[{"@type":"WebPage","@id":"https:\/\/ortoteek.ee\/pood\/sport\/akupressuurmatt-ja-padi-qmed\/","url":"https:\/\/ortoteek.ee\/pood\/sport\/akupressuurmatt-ja-padi-qmed\/","name":"AKUPRESSUURMATT JA -PADI Qmed - ITAK J\u00e4rve","isPartOf":{"@id":"https:\/\/ortoteek.ee\/#website"},"primaryImageOfPage":{"@id":"https:\/\/ortoteek.ee\/pood\/sport\/akupressuurmatt-ja-padi-qmed\/#primaryimage"},"image":{"@id":"https:\/\/ortoteek.ee\/pood\/sport\/akupressuurmatt-ja-padi-qmed\/#primaryimage"},"thumbnailUrl":"https:\/\/ortoteek.ee\/wp-content\/uploads\/2026\/04\/qmed-akupressuurmatt-lilla.webp","datePublished":"2026-04-02T07:46:03+00:00","dateModified":"2026-04-02T07:50:31+00:00","description":"AKUPRESSUURMATT JA -PADI Qmed aitab v\u00e4sinud ning stressis keha l\u00f5\u00f5gastada ja pingetest vabastada. Vaata toodet!","breadcrumb":{"@id":"https:\/\/ortoteek.ee\/pood\/sport\/akupressuurmatt-ja-padi-qmed\/#breadcrumb"},"inLanguage":"ru-RU","potentialAction":[{"@type":"ReadAction","target":["https:\/\/ortoteek.ee\/pood\/sport\/akupressuurmatt-ja-padi-qmed\/"]}]},{"@type":"ImageObject","inLanguage":"ru-RU","@id":"https:\/\/ortoteek.ee\/pood\/sport\/akupressuurmatt-ja-padi-qmed\/#primaryimage","url":"https:\/\/ortoteek.ee\/wp-content\/uploads\/2026\/04\/qmed-akupressuurmatt-lilla.webp","contentUrl":"https:\/\/ortoteek.ee\/wp-content\/uploads\/2026\/04\/qmed-akupressuurmatt-lilla.webp","width":700,"height":700},{"@type":"BreadcrumbList","@id":"https:\/\/ortoteek.ee\/pood\/sport\/akupressuurmatt-ja-padi-qmed\/#breadcrumb","itemListElement":[{"@type":"ListItem","position":1,"name":"Avaleht","item":"https:\/\/ortoteek.ee\/"},{"@type":"ListItem","position":2,"name":"Ortoosid","item":"https:\/\/ortoteek.ee\/pood\/"},{"@type":"ListItem","position":3,"name":"Sportimiseks","item":"https:\/\/ortoteek.ee\/tootekategooria\/sport\/"},{"@type":"ListItem","position":4,"name":"AKUPRESSUURMATT JA -PADI Qmed"}]},{"@type":"WebSite","@id":"https:\/\/ortoteek.ee\/#website","url":"https:\/\/ortoteek.ee\/","name":"ITAK J\u00e4rve","description":"\u041e\u0420\u0422\u041e\u041f\u0415\u0414\u0418\u0427\u0415\u0421\u041a\u0418\u0415 \u0423\u0421\u041b\u0423\u0413\u0418 \u0418 \u0418\u0417\u0414\u0415\u041b\u0418\u042f \u0414\u041b\u042f \u0422\u0420\u0410\u0412\u041c \u0418 \u041f\u041e\u0412\u0421\u0415\u0414\u041d\u0415\u0412\u041d\u041e\u0413\u041e \u0418\u0421\u041f\u041e\u041b\u042c\u0417\u041e\u0412\u0410\u041d\u0418\u042f","publisher":{"@id":"https:\/\/ortoteek.ee\/#organization"},"alternateName":"Ortoteek","potentialAction":[{"@type":"SearchAction","target":{"@type":"EntryPoint","urlTemplate":"https:\/\/ortoteek.ee\/?s={search_term_string}"},"query-input":{"@type":"PropertyValueSpecification","valueRequired":true,"valueName":"search_term_string"}}],"inLanguage":"ru-RU"},{"@type":"Organization","@id":"https:\/\/ortoteek.ee\/#organization","name":"\u041e\u0440\u0442\u043e\u0442\u0435\u043a O\u00dc","alternateName":"Ortoteek Eesti","url":"https:\/\/ortoteek.ee\/","logo":{"@type":"ImageObject","inLanguage":"ru-RU","@id":"https:\/\/ortoteek.ee\/#\/schema\/logo\/image\/","url":"https:\/\/ortoteek.ee\/wp-content\/uploads\/2023\/07\/logo_ortoteek_icon.jpg","contentUrl":"https:\/\/ortoteek.ee\/wp-content\/uploads\/2023\/07\/logo_ortoteek_icon.jpg","width":900,"height":874,"caption":"Ortoteek O\u00dc"},"image":{"@id":"https:\/\/ortoteek.ee\/#\/schema\/logo\/image\/"},"sameAs":["https:\/\/www.facebook.com\/Ortoteek","https:\/\/www.instagram.com\/ortoteek\/"],"hasMerchantReturnPolicy":{"@type":"MerchantReturnPolicy","merchantReturnLink":"https:\/\/ortoteek.ee\/ru\/pood\/toote-tagastamine\/"}}]},"product_price_amount":"42.00","product_price_currency":"EUR","og_availability":"instock","product_availability":"instock","product_retailer_item_id":"53282","product_condition":"new"},"_links":{"self":[{"href":"https:\/\/ortoteek.ee\/ru\/wp-json\/wp\/v2\/product\/44259","targetHints":{"allow":["GET"]}}],"collection":[{"href":"https:\/\/ortoteek.ee\/ru\/wp-json\/wp\/v2\/product"}],"about":[{"href":"https:\/\/ortoteek.ee\/ru\/wp-json\/wp\/v2\/types\/product"}],"replies":[{"embeddable":true,"href":"https:\/\/ortoteek.ee\/ru\/wp-json\/wp\/v2\/comments?post=44259"}],"version-history":[{"count":8,"href":"https:\/\/ortoteek.ee\/ru\/wp-json\/wp\/v2\/product\/44259\/revisions"}],"predecessor-version":[{"id":44272,"href":"https:\/\/ortoteek.ee\/ru\/wp-json\/wp\/v2\/product\/44259\/revisions\/44272"}],"wp:featuredmedia":[{"embeddable":true,"href":"https:\/\/ortoteek.ee\/ru\/wp-json\/wp\/v2\/media\/44264"}],"wp:attachment":[{"href":"https:\/\/ortoteek.ee\/ru\/wp-json\/wp\/v2\/media?parent=44259"}],"wp:term":[{"taxonomy":"product_brand","embeddable":true,"href":"https:\/\/ortoteek.ee\/ru\/wp-json\/wp\/v2\/product_brand?post=44259"},{"taxonomy":"product_cat","embeddable":true,"href":"https:\/\/ortoteek.ee\/ru\/wp-json\/wp\/v2\/product_cat?post=44259"},{"taxonomy":"product_tag","embeddable":true,"href":"https:\/\/ortoteek.ee\/ru\/wp-json\/wp\/v2\/product_tag?post=44259"}],"curies":[{"name":"WP","href":"https:\/\/api.w.org\/{rel}","templated":true}]}}