{"id":41107,"date":"2025-08-29T11:28:50","date_gmt":"2025-08-29T08:28:50","guid":{"rendered":"https:\/\/ortoteek.ee\/?post_type=product&#038;p=41107"},"modified":"2025-08-29T11:28:50","modified_gmt":"2025-08-29T08:28:50","slug":"elastikside-nobafix-6cm-x-4m","status":"publish","type":"product","link":"https:\/\/ortoteek.ee\/ru\/pood\/esmaabi-haavahooldus\/elastikside-nobafix-6cm-x-4m\/","title":{"rendered":"\u042d\u043b\u0430\u0441\u0442\u0438\u0447\u043d\u044b\u0439 \u0431\u0438\u043d\u0442 NOBAFIX\u00ae 6 \u0441\u043c x 4 \u043c"},"content":{"rendered":"<div data-elementor-type=\"product-post\" data-elementor-id=\"41107\" class=\"elementor elementor-41107\" data-elementor-post-type=\"product\">\n\t\t\t\t\t\t<section class=\"elementor-section elementor-top-section elementor-element elementor-element-263f92f6 elementor-section-boxed elementor-section-height-default elementor-section-height-default\" data-id=\"263f92f6\" data-element_type=\"section\" data-e-type=\"section\">\n\t\t\t\t\t\t<div class=\"elementor-container elementor-column-gap-default\">\n\t\t\t\t\t<div class=\"elementor-column elementor-col-100 elementor-top-column elementor-element elementor-element-9f8c1d6\" data-id=\"9f8c1d6\" data-element_type=\"column\" data-e-type=\"column\">\n\t\t\t<div class=\"elementor-widget-wrap elementor-element-populated\">\n\t\t\t\t\t\t<div class=\"elementor-element elementor-element-6dfc2cf1 elementor-widget elementor-widget-text-editor\" data-id=\"6dfc2cf1\" data-element_type=\"widget\" data-e-type=\"widget\" data-widget_type=\"text-editor.default\">\n\t\t\t\t<div class=\"elementor-widget-container\">\n\t\t\t\t\t\t\t\t\t<p><strong>\u042d\u043b\u0430\u0441\u0442\u0438\u0447\u043d\u044b\u0439 \u0431\u0438\u043d\u0442 NOBAFIX\u00ae 6 \u0441\u043c x 4 \u043c<\/strong> \u042d\u043b\u0430\u0441\u0442\u0438\u0447\u043d\u044b\u0439 \u0440\u0443\u043b\u043e\u043d\u043d\u044b\u0439 \u0431\u0438\u043d\u0442, \u043f\u0440\u0435\u0434\u043d\u0430\u0437\u043d\u0430\u0447\u0435\u043d\u043d\u044b\u0439 \u0432 \u043f\u0435\u0440\u0432\u0443\u044e \u043e\u0447\u0435\u0440\u0435\u0434\u044c \u0434\u043b\u044f \u0444\u0438\u043a\u0441\u0430\u0446\u0438\u0438 \u0441\u0442\u0435\u0440\u0438\u043b\u044c\u043d\u044b\u0445 \u0440\u0430\u043d\u0435\u0432\u044b\u0445 \u0442\u0430\u043c\u043f\u043e\u043d\u043e\u0432, \u043f\u043e\u0434\u0443\u0448\u0435\u0447\u0435\u043a \u0438\u043b\u0438 \u0434\u0440\u0443\u0433\u0438\u0445 \u0441\u0442\u0435\u0440\u0438\u043b\u044c\u043d\u044b\u0445 \u043c\u0430\u0442\u0435\u0440\u0438\u0430\u043b\u043e\u0432. \u041f\u043e\u0434\u0445\u043e\u0434\u0438\u0442 \u0434\u043b\u044f \u0438\u0441\u043f\u043e\u043b\u044c\u0437\u043e\u0432\u0430\u043d\u0438\u044f \u0432 \u0430\u043f\u0442\u0435\u0447\u043a\u0435 \u043f\u0435\u0440\u0432\u043e\u0439 \u043f\u043e\u043c\u043e\u0449\u0438.&nbsp;<\/p>\n<p>NOBAFIX\u00ae \u043f\u043e\u0434\u0445\u043e\u0434\u0438\u0442 \u0434\u043b\u044f \u043e\u0434\u043d\u043e\u0440\u0430\u0437\u043e\u0432\u043e\u0433\u043e \u0438\u0441\u043f\u043e\u043b\u044c\u0437\u043e\u0432\u0430\u043d\u0438\u044f.<\/p>\n<h4><strong>\u041c\u0430\u0442\u0435\u0440\u0438\u0430\u043b:<\/strong><\/h4>\n<p>\u041f\u043e\u043b\u0438\u044d\u0441\u0442\u0435\u0440<\/p>\n<h4><strong>\u0421\u043e\u0434\u0435\u0440\u0436\u0438\u043c\u043e\u0435 \u0443\u043f\u0430\u043a\u043e\u0432\u043a\u0438:<\/strong><\/h4>\n<p>6 \u0441\u043c \u0445 4 \u043c<\/p>\n<h3><strong>\u041f\u0440\u043e\u0438\u0437\u0432\u043e\u0434\u0438\u0442\u0435\u043b\u044c:<\/strong><\/h3>\n<p>NOBA VERBANDMITTEL DANZ AG<\/p>\n<h3><strong>\u0420\u0430\u0441\u043f\u0440\u0435\u0434\u0435\u043b\u0438\u0442\u0435\u043b\u044c:<\/strong><\/h3>\n<p>\u0410\u043a\u0446\u0438\u043e\u043d\u0435\u0440\u043d\u043e\u0435 \u043e\u0431\u0449\u0435\u0441\u0442\u0432\u043e \u00ab\u0421\u0415\u041c\u0415\u0422\u0420\u041e\u041d\u00bb<\/p>\n<h3><strong>\u0421\u0442\u0440\u0430\u043d\u0430 \u043f\u0440\u043e\u0438\u0441\u0445\u043e\u0436\u0434\u0435\u043d\u0438\u044f:<\/strong><\/h3>\n<p>\u0413\u0435\u0440\u043c\u0430\u043d\u0438\u044f<\/p>\t\t\t\t\t\t\t\t<\/div>\n\t\t\t\t<\/div>\n\t\t\t\t<div class=\"elementor-element elementor-element-24e24dc elementor-widget elementor-widget-image\" data-id=\"24e24dc\" data-element_type=\"widget\" data-e-type=\"widget\" data-widget_type=\"image.default\">\n\t\t\t\t<div class=\"elementor-widget-container\">\n\t\t\t\t\t\t\t\t\t\t\t\t\t\t\t<img decoding=\"async\" width=\"600\" height=\"71\" src=\"https:\/\/ortoteek.ee\/wp-content\/uploads\/2025\/08\/NOBA-VERBANDMITTEL-DANZ-AG.png\" class=\"attachment-large size-large wp-image-41069\" alt=\"\" srcset=\"https:\/\/ortoteek.ee\/wp-content\/uploads\/2025\/08\/NOBA-VERBANDMITTEL-DANZ-AG.png 600w, https:\/\/ortoteek.ee\/wp-content\/uploads\/2025\/08\/NOBA-VERBANDMITTEL-DANZ-AG-300x36.png 300w, https:\/\/ortoteek.ee\/wp-content\/uploads\/2025\/08\/NOBA-VERBANDMITTEL-DANZ-AG-18x2.png 18w, https:\/\/ortoteek.ee\/wp-content\/uploads\/2025\/08\/NOBA-VERBANDMITTEL-DANZ-AG-64x8.png 64w\" sizes=\"(max-width: 600px) 100vw, 600px\" \/>\t\t\t\t\t\t\t\t\t\t\t\t\t\t\t<\/div>\n\t\t\t\t<\/div>\n\t\t\t\t\t<\/div>\n\t\t<\/div>\n\t\t\t\t\t<\/div>\n\t\t<\/section>\n\t\t\t\t<\/div>","protected":false},"excerpt":{"rendered":"<p>Elastikside NOBAFIX\u00ae 6cm x 4m on elastne rullside, mida kasutatakse eelk\u00f5ige steriilsete haavatampoonide \/ haavapatjade v\u00f5i teiste steriilse materjali fikseerimiseks. Toode sobib esmaabikomplekti t\u00e4itmiseks. NOBAFIX\u00ae on sobiv \u00fchekordseks kasutamiseks. Materjal: Pol\u00fcester Pakendi sisu: 6cm x 4m Tootja: NOBA VERBANDMITTEL DANZ AG Levitaja: aktsiaselts SEMETRON P\u00e4ritolumaa: Saksamaa<\/p>","protected":false},"featured_media":41108,"comment_status":"open","ping_status":"closed","template":"","meta":{"ocean_post_layout":"","ocean_both_sidebars_style":"","ocean_both_sidebars_content_width":0,"ocean_both_sidebars_sidebars_width":0,"ocean_sidebar":"0","ocean_second_sidebar":"0","ocean_disable_margins":"enable","ocean_add_body_class":"","ocean_shortcode_before_top_bar":"","ocean_shortcode_after_top_bar":"","ocean_shortcode_before_header":"","ocean_shortcode_after_header":"","ocean_has_shortcode":"","ocean_shortcode_after_title":"","ocean_shortcode_before_footer_widgets":"","ocean_shortcode_after_footer_widgets":"","ocean_shortcode_before_footer_bottom":"","ocean_shortcode_after_footer_bottom":"","ocean_display_top_bar":"default","ocean_display_header":"default","ocean_header_style":"","ocean_center_header_left_menu":"0","ocean_custom_header_template":"0","ocean_custom_logo":0,"ocean_custom_retina_logo":0,"ocean_custom_logo_max_width":0,"ocean_custom_logo_tablet_max_width":0,"ocean_custom_logo_mobile_max_width":0,"ocean_custom_logo_max_height":0,"ocean_custom_logo_tablet_max_height":0,"ocean_custom_logo_mobile_max_height":0,"ocean_header_custom_menu":"0","ocean_menu_typo_font_family":"0","ocean_menu_typo_font_subset":"","ocean_menu_typo_font_size":0,"ocean_menu_typo_font_size_tablet":0,"ocean_menu_typo_font_size_mobile":0,"ocean_menu_typo_font_size_unit":"px","ocean_menu_typo_font_weight":"","ocean_menu_typo_font_weight_tablet":"","ocean_menu_typo_font_weight_mobile":"","ocean_menu_typo_transform":"","ocean_menu_typo_transform_tablet":"","ocean_menu_typo_transform_mobile":"","ocean_menu_typo_line_height":0,"ocean_menu_typo_line_height_tablet":0,"ocean_menu_typo_line_height_mobile":0,"ocean_menu_typo_line_height_unit":"","ocean_menu_typo_spacing":0,"ocean_menu_typo_spacing_tablet":0,"ocean_menu_typo_spacing_mobile":0,"ocean_menu_typo_spacing_unit":"","ocean_menu_link_color":"","ocean_menu_link_color_hover":"","ocean_menu_link_color_active":"","ocean_menu_link_background":"","ocean_menu_link_hover_background":"","ocean_menu_link_active_background":"","ocean_menu_social_links_bg":"","ocean_menu_social_hover_links_bg":"","ocean_menu_social_links_color":"","ocean_menu_social_hover_links_color":"","ocean_disable_title":"default","ocean_disable_heading":"default","ocean_post_title":"","ocean_post_subheading":"","ocean_post_title_style":"","ocean_post_title_background_color":"","ocean_post_title_background":0,"ocean_post_title_bg_image_position":"","ocean_post_title_bg_image_attachment":"","ocean_post_title_bg_image_repeat":"","ocean_post_title_bg_image_size":"","ocean_post_title_height":0,"ocean_post_title_bg_overlay":0.5,"ocean_post_title_bg_overlay_color":"","ocean_disable_breadcrumbs":"default","ocean_breadcrumbs_color":"","ocean_breadcrumbs_separator_color":"","ocean_breadcrumbs_links_color":"","ocean_breadcrumbs_links_hover_color":"","ocean_display_footer_widgets":"default","ocean_display_footer_bottom":"default","ocean_custom_footer_template":"0"},"product_brand":[3769],"product_cat":[4073,3764],"product_tag":[4080,4109,4112,4132,4130,375,4120,4104,4127,4096,4081,4084,4128,4110,4085,3778,4088,3794,4124,4119,4103,4136,4090,4089,4131,4106,4094,4116,4099,4105,4093,4102,4134,4087,4115,4126,4117,4082,4101,4121,4111,4100,4129,4097,4098,4114,4122,4079,4135,4125,4095,4108,4091,4118,4113,4083,4092,4107,4123,4133,4086],"class_list":{"0":"post-41107","1":"product","2":"type-product","3":"status-publish","4":"has-post-thumbnail","6":"product_brand-noba-verbandmittel-danz-ag","7":"product_cat-elastiksidemed-esmaabi-haavahooldus","8":"product_cat-esmaabi-haavahooldus","9":"product_tag-6-cm-x-4-m","10":"product_tag-abivahend","11":"product_tag-apteegiside","12":"product_tag-elastikhaavaside","13":"product_tag-elastikmaterjal","14":"product_tag-elastikside","15":"product_tag-elastiksidematerjal","16":"product_tag-elastne-haavaside","17":"product_tag-elastne-kinnitusside","18":"product_tag-elastne-marliside","19":"product_tag-elastne-side","20":"product_tag-esmaabi","21":"product_tag-esmaabivahend","22":"product_tag-esmatarvik","23":"product_tag-fikseeriv-side","24":"product_tag-haavahooldus","25":"product_tag-haavakatte-kinnitamiseks","26":"product_tag-haavaside","27":"product_tag-haavaside-6-cm","28":"product_tag-haavasidematerjal","29":"product_tag-haiglaside","30":"product_tag-haiglatarvik","31":"product_tag-hingav-side","32":"product_tag-hugieeniline-side","33":"product_tag-hugieeniside","34":"product_tag-hugieenitarvik","35":"product_tag-kerge-elastikside","36":"product_tag-kiirabi-tarvik","37":"product_tag-kindel-fikseerimine","38":"product_tag-kompaktne-side","39":"product_tag-korduvkasutatav-side","40":"product_tag-kvaliteetne-side","41":"product_tag-marlimaterjal","42":"product_tag-marliside","43":"product_tag-meditsiiniabi","44":"product_tag-meditsiinihaavaside","45":"product_tag-meditsiiniline-elastikside","46":"product_tag-meditsiiniline-side","47":"product_tag-meditsiiniline-tarvik","48":"product_tag-meditsiinirull","49":"product_tag-meditsiiniside","50":"product_tag-meditsiinitarvik","51":"product_tag-meditsiinitarvikud","52":"product_tag-mugav-sidumine","53":"product_tag-nahasobralik-side","54":"product_tag-noba-elastikside","55":"product_tag-noba-side","56":"product_tag-nobafix","57":"product_tag-nobafix-4-m","58":"product_tag-nobafix-elastik","59":"product_tag-ohuke-side","60":"product_tag-paindlik-side","61":"product_tag-pehme-side","62":"product_tag-rullside","63":"product_tag-sidumistarvik","64":"product_tag-sidumisvahend","65":"product_tag-valge-elastikside","66":"product_tag-veniv-haavaside","67":"product_tag-veniv-kinnitusside","68":"product_tag-veniv-meditsiiniline-side","69":"product_tag-veniv-side","71":"entry","72":"has-media","74":"first","75":"instock","76":"taxable","77":"shipping-taxable","78":"purchasable","79":"product-type-simple","80":"has-product-nav","81":"col","82":"span_1_of_4","83":"owp-content-left","84":"owp-thumbs-layout-horizontal","85":"owp-btn-normal","86":"owp-tabs-layout-horizontal"},"yoast_head":"<!-- This site is optimized with the Yoast SEO plugin v27.3 - https:\/\/yoast.com\/product\/yoast-seo-wordpress\/ -->\n<title>Elastikside NOBAFIX\u00ae 6cm x 4m - ITAK J\u00e4rve<\/title>\n<meta name=\"description\" content=\"Elastikside NOBAFIX\u00ae 6cm x 4m on elastne rullside. Toode sobib esmaabikomplekti t\u00e4itmiseks. Vaata toodet\" \/>\n<meta name=\"robots\" content=\"index, follow, max-snippet:-1, max-image-preview:large, max-video-preview:-1\" \/>\n<link rel=\"canonical\" href=\"https:\/\/ortoteek.ee\/ru\/pood\/esmaabi-haavahooldus\/elastikside-nobafix-6cm-x-4m\/\" \/>\n<meta property=\"og:locale\" content=\"ru_RU\" \/>\n<meta property=\"og:type\" content=\"article\" \/>\n<meta property=\"og:title\" content=\"Elastikside NOBAFIX\u00ae 6cm x 4m - ITAK J\u00e4rve\" \/>\n<meta property=\"og:description\" content=\"Elastikside NOBAFIX\u00ae 6cm x 4m on elastne rullside. Toode sobib esmaabikomplekti t\u00e4itmiseks. Vaata toodet\" \/>\n<meta property=\"og:url\" content=\"https:\/\/ortoteek.ee\/ru\/pood\/esmaabi-haavahooldus\/elastikside-nobafix-6cm-x-4m\/\" \/>\n<meta property=\"og:site_name\" content=\"ITAK J\u00e4rve\" \/>\n<meta property=\"article:publisher\" content=\"https:\/\/www.facebook.com\/Ortoteek\" \/>\n<meta property=\"og:image\" content=\"https:\/\/ortoteek.ee\/wp-content\/uploads\/2025\/08\/elastikside-4x6-nobafix.webp\" \/>\n\t<meta property=\"og:image:width\" content=\"700\" \/>\n\t<meta property=\"og:image:height\" content=\"700\" \/>\n\t<meta property=\"og:image:type\" content=\"image\/webp\" \/>\n<meta name=\"twitter:card\" content=\"summary_large_image\" \/>\n<meta name=\"twitter:label1\" content=\"\u0426\u0435\u043d\u0430\" \/>\n\t<meta name=\"twitter:data1\" content=\"1.40&nbsp;&euro;\" \/>\n\t<meta name=\"twitter:label2\" content=\"\u0414\u043e\u0441\u0442\u0443\u043f\u043d\u043e\u0441\u0442\u044c\" \/>\n\t<meta name=\"twitter:data2\" content=\"\u0412 \u043d\u0430\u043b\u0438\u0447\u0438\u0438\" \/>\n<script type=\"application\/ld+json\" class=\"yoast-schema-graph\">{\"@context\":\"https:\\\/\\\/schema.org\",\"@graph\":[{\"@type\":\"WebPage\",\"@id\":\"https:\\\/\\\/ortoteek.ee\\\/pood\\\/esmaabi-haavahooldus\\\/elastikside-nobafix-6cm-x-4m\\\/\",\"url\":\"https:\\\/\\\/ortoteek.ee\\\/pood\\\/esmaabi-haavahooldus\\\/elastikside-nobafix-6cm-x-4m\\\/\",\"name\":\"Elastikside NOBAFIX\u00ae 6cm x 4m - ITAK J\u00e4rve\",\"isPartOf\":{\"@id\":\"https:\\\/\\\/ortoteek.ee\\\/#website\"},\"primaryImageOfPage\":{\"@id\":\"https:\\\/\\\/ortoteek.ee\\\/pood\\\/esmaabi-haavahooldus\\\/elastikside-nobafix-6cm-x-4m\\\/#primaryimage\"},\"image\":{\"@id\":\"https:\\\/\\\/ortoteek.ee\\\/pood\\\/esmaabi-haavahooldus\\\/elastikside-nobafix-6cm-x-4m\\\/#primaryimage\"},\"thumbnailUrl\":\"https:\\\/\\\/ortoteek.ee\\\/wp-content\\\/uploads\\\/2025\\\/08\\\/elastikside-4x6-nobafix.webp\",\"datePublished\":\"2025-08-29T08:28:50+00:00\",\"description\":\"Elastikside NOBAFIX\u00ae 6cm x 4m on elastne rullside. Toode sobib esmaabikomplekti t\u00e4itmiseks. Vaata toodet\",\"breadcrumb\":{\"@id\":\"https:\\\/\\\/ortoteek.ee\\\/pood\\\/esmaabi-haavahooldus\\\/elastikside-nobafix-6cm-x-4m\\\/#breadcrumb\"},\"inLanguage\":\"ru-RU\",\"potentialAction\":[{\"@type\":\"ReadAction\",\"target\":[\"https:\\\/\\\/ortoteek.ee\\\/pood\\\/esmaabi-haavahooldus\\\/elastikside-nobafix-6cm-x-4m\\\/\"]}]},{\"@type\":\"ImageObject\",\"inLanguage\":\"ru-RU\",\"@id\":\"https:\\\/\\\/ortoteek.ee\\\/pood\\\/esmaabi-haavahooldus\\\/elastikside-nobafix-6cm-x-4m\\\/#primaryimage\",\"url\":\"https:\\\/\\\/ortoteek.ee\\\/wp-content\\\/uploads\\\/2025\\\/08\\\/elastikside-4x6-nobafix.webp\",\"contentUrl\":\"https:\\\/\\\/ortoteek.ee\\\/wp-content\\\/uploads\\\/2025\\\/08\\\/elastikside-4x6-nobafix.webp\",\"width\":700,\"height\":700},{\"@type\":\"BreadcrumbList\",\"@id\":\"https:\\\/\\\/ortoteek.ee\\\/pood\\\/esmaabi-haavahooldus\\\/elastikside-nobafix-6cm-x-4m\\\/#breadcrumb\",\"itemListElement\":[{\"@type\":\"ListItem\",\"position\":1,\"name\":\"Avaleht\",\"item\":\"https:\\\/\\\/ortoteek.ee\\\/\"},{\"@type\":\"ListItem\",\"position\":2,\"name\":\"Ortoosid\",\"item\":\"https:\\\/\\\/ortoteek.ee\\\/pood\\\/\"},{\"@type\":\"ListItem\",\"position\":3,\"name\":\"Esmaabi ja haavahooldus\",\"item\":\"https:\\\/\\\/ortoteek.ee\\\/tootekategooria\\\/esmaabi-haavahooldus\\\/\"},{\"@type\":\"ListItem\",\"position\":4,\"name\":\"Elastikside NOBAFIX\u00ae 6cm x 4m\"}]},{\"@type\":\"WebSite\",\"@id\":\"https:\\\/\\\/ortoteek.ee\\\/#website\",\"url\":\"https:\\\/\\\/ortoteek.ee\\\/\",\"name\":\"ITAK J\u00e4rve\",\"description\":\"ORTOPEEDILISED TEENUSED JA TOOTED TRAUMALE JA IGAP\u00c4EVASEKS KASUTAMISEKS\",\"publisher\":{\"@id\":\"https:\\\/\\\/ortoteek.ee\\\/#organization\"},\"alternateName\":\"Ortoteek\",\"potentialAction\":[{\"@type\":\"SearchAction\",\"target\":{\"@type\":\"EntryPoint\",\"urlTemplate\":\"https:\\\/\\\/ortoteek.ee\\\/?s={search_term_string}\"},\"query-input\":{\"@type\":\"PropertyValueSpecification\",\"valueRequired\":true,\"valueName\":\"search_term_string\"}}],\"inLanguage\":\"ru-RU\"},{\"@type\":\"Organization\",\"@id\":\"https:\\\/\\\/ortoteek.ee\\\/#organization\",\"name\":\"Ortoteek O\u00dc\",\"alternateName\":\"Ortoteek Eesti\",\"url\":\"https:\\\/\\\/ortoteek.ee\\\/\",\"logo\":{\"@type\":\"ImageObject\",\"inLanguage\":\"ru-RU\",\"@id\":\"https:\\\/\\\/ortoteek.ee\\\/#\\\/schema\\\/logo\\\/image\\\/\",\"url\":\"https:\\\/\\\/ortoteek.ee\\\/wp-content\\\/uploads\\\/2023\\\/07\\\/logo_ortoteek_icon.jpg\",\"contentUrl\":\"https:\\\/\\\/ortoteek.ee\\\/wp-content\\\/uploads\\\/2023\\\/07\\\/logo_ortoteek_icon.jpg\",\"width\":900,\"height\":874,\"caption\":\"Ortoteek O\u00dc\"},\"image\":{\"@id\":\"https:\\\/\\\/ortoteek.ee\\\/#\\\/schema\\\/logo\\\/image\\\/\"},\"sameAs\":[\"https:\\\/\\\/www.facebook.com\\\/Ortoteek\",\"https:\\\/\\\/www.instagram.com\\\/ortoteek\\\/\"],\"hasMerchantReturnPolicy\":{\"@type\":\"MerchantReturnPolicy\",\"merchantReturnLink\":\"https:\\\/\\\/ortoteek.ee\\\/ru\\\/pood\\\/toote-tagastamine\\\/\"}}]}<\/script>\n<meta property=\"product:brand\" content=\"NOBA VERBANDMITTEL DANZ AG\" \/>\n<meta property=\"product:price:amount\" content=\"1.40\" \/>\n<meta property=\"product:price:currency\" content=\"EUR\" \/>\n<meta property=\"og:availability\" content=\"instock\" \/>\n<meta property=\"product:availability\" content=\"instock\" \/>\n<meta property=\"product:retailer_item_id\" content=\"410360\" \/>\n<meta property=\"product:condition\" content=\"new\" \/>\n<!-- \/ Yoast SEO plugin. -->","yoast_head_json":{"title":"Elastikside NOBAFIX\u00ae 6cm x 4m - ITAK J\u00e4rve","description":"Elastikside NOBAFIX\u00ae 6cm x 4m on elastne rullside. Toode sobib esmaabikomplekti t\u00e4itmiseks. Vaata toodet","robots":{"index":"index","follow":"follow","max-snippet":"max-snippet:-1","max-image-preview":"max-image-preview:large","max-video-preview":"max-video-preview:-1"},"canonical":"https:\/\/ortoteek.ee\/ru\/pood\/esmaabi-haavahooldus\/elastikside-nobafix-6cm-x-4m\/","og_locale":"ru_RU","og_type":"article","og_title":"Elastikside NOBAFIX\u00ae 6cm x 4m - ITAK J\u00e4rve","og_description":"Elastikside NOBAFIX\u00ae 6cm x 4m on elastne rullside. Toode sobib esmaabikomplekti t\u00e4itmiseks. Vaata toodet","og_url":"https:\/\/ortoteek.ee\/ru\/pood\/esmaabi-haavahooldus\/elastikside-nobafix-6cm-x-4m\/","og_site_name":"ITAK J\u00e4rve","article_publisher":"https:\/\/www.facebook.com\/Ortoteek","og_image":[{"width":700,"height":700,"url":"https:\/\/ortoteek.ee\/wp-content\/uploads\/2025\/08\/elastikside-4x6-nobafix.webp","type":"image\/webp"}],"twitter_card":"summary_large_image","twitter_misc":{"\u0426\u0435\u043d\u0430":"1.40&nbsp;&euro;","\u0414\u043e\u0441\u0442\u0443\u043f\u043d\u043e\u0441\u0442\u044c":"\u0412 \u043d\u0430\u043b\u0438\u0447\u0438\u0438"},"schema":{"@context":"https:\/\/schema.org","@graph":[{"@type":"WebPage","@id":"https:\/\/ortoteek.ee\/pood\/esmaabi-haavahooldus\/elastikside-nobafix-6cm-x-4m\/","url":"https:\/\/ortoteek.ee\/pood\/esmaabi-haavahooldus\/elastikside-nobafix-6cm-x-4m\/","name":"Elastikside NOBAFIX\u00ae 6cm x 4m - ITAK J\u00e4rve","isPartOf":{"@id":"https:\/\/ortoteek.ee\/#website"},"primaryImageOfPage":{"@id":"https:\/\/ortoteek.ee\/pood\/esmaabi-haavahooldus\/elastikside-nobafix-6cm-x-4m\/#primaryimage"},"image":{"@id":"https:\/\/ortoteek.ee\/pood\/esmaabi-haavahooldus\/elastikside-nobafix-6cm-x-4m\/#primaryimage"},"thumbnailUrl":"https:\/\/ortoteek.ee\/wp-content\/uploads\/2025\/08\/elastikside-4x6-nobafix.webp","datePublished":"2025-08-29T08:28:50+00:00","description":"Elastikside NOBAFIX\u00ae 6cm x 4m on elastne rullside. Toode sobib esmaabikomplekti t\u00e4itmiseks. Vaata toodet","breadcrumb":{"@id":"https:\/\/ortoteek.ee\/pood\/esmaabi-haavahooldus\/elastikside-nobafix-6cm-x-4m\/#breadcrumb"},"inLanguage":"ru-RU","potentialAction":[{"@type":"ReadAction","target":["https:\/\/ortoteek.ee\/pood\/esmaabi-haavahooldus\/elastikside-nobafix-6cm-x-4m\/"]}]},{"@type":"ImageObject","inLanguage":"ru-RU","@id":"https:\/\/ortoteek.ee\/pood\/esmaabi-haavahooldus\/elastikside-nobafix-6cm-x-4m\/#primaryimage","url":"https:\/\/ortoteek.ee\/wp-content\/uploads\/2025\/08\/elastikside-4x6-nobafix.webp","contentUrl":"https:\/\/ortoteek.ee\/wp-content\/uploads\/2025\/08\/elastikside-4x6-nobafix.webp","width":700,"height":700},{"@type":"BreadcrumbList","@id":"https:\/\/ortoteek.ee\/pood\/esmaabi-haavahooldus\/elastikside-nobafix-6cm-x-4m\/#breadcrumb","itemListElement":[{"@type":"ListItem","position":1,"name":"Avaleht","item":"https:\/\/ortoteek.ee\/"},{"@type":"ListItem","position":2,"name":"Ortoosid","item":"https:\/\/ortoteek.ee\/pood\/"},{"@type":"ListItem","position":3,"name":"Esmaabi ja haavahooldus","item":"https:\/\/ortoteek.ee\/tootekategooria\/esmaabi-haavahooldus\/"},{"@type":"ListItem","position":4,"name":"Elastikside NOBAFIX\u00ae 6cm x 4m"}]},{"@type":"WebSite","@id":"https:\/\/ortoteek.ee\/#website","url":"https:\/\/ortoteek.ee\/","name":"ITAK J\u00e4rve","description":"\u041e\u0420\u0422\u041e\u041f\u0415\u0414\u0418\u0427\u0415\u0421\u041a\u0418\u0415 \u0423\u0421\u041b\u0423\u0413\u0418 \u0418 \u0418\u0417\u0414\u0415\u041b\u0418\u042f \u0414\u041b\u042f \u0422\u0420\u0410\u0412\u041c \u0418 \u041f\u041e\u0412\u0421\u0415\u0414\u041d\u0415\u0412\u041d\u041e\u0413\u041e \u0418\u0421\u041f\u041e\u041b\u042c\u0417\u041e\u0412\u0410\u041d\u0418\u042f","publisher":{"@id":"https:\/\/ortoteek.ee\/#organization"},"alternateName":"Ortoteek","potentialAction":[{"@type":"SearchAction","target":{"@type":"EntryPoint","urlTemplate":"https:\/\/ortoteek.ee\/?s={search_term_string}"},"query-input":{"@type":"PropertyValueSpecification","valueRequired":true,"valueName":"search_term_string"}}],"inLanguage":"ru-RU"},{"@type":"Organization","@id":"https:\/\/ortoteek.ee\/#organization","name":"\u041e\u0440\u0442\u043e\u0442\u0435\u043a O\u00dc","alternateName":"Ortoteek Eesti","url":"https:\/\/ortoteek.ee\/","logo":{"@type":"ImageObject","inLanguage":"ru-RU","@id":"https:\/\/ortoteek.ee\/#\/schema\/logo\/image\/","url":"https:\/\/ortoteek.ee\/wp-content\/uploads\/2023\/07\/logo_ortoteek_icon.jpg","contentUrl":"https:\/\/ortoteek.ee\/wp-content\/uploads\/2023\/07\/logo_ortoteek_icon.jpg","width":900,"height":874,"caption":"Ortoteek O\u00dc"},"image":{"@id":"https:\/\/ortoteek.ee\/#\/schema\/logo\/image\/"},"sameAs":["https:\/\/www.facebook.com\/Ortoteek","https:\/\/www.instagram.com\/ortoteek\/"],"hasMerchantReturnPolicy":{"@type":"MerchantReturnPolicy","merchantReturnLink":"https:\/\/ortoteek.ee\/ru\/pood\/toote-tagastamine\/"}}]},"product_brand":"NOBA VERBANDMITTEL DANZ AG","product_price_amount":"1.40","product_price_currency":"EUR","og_availability":"instock","product_availability":"instock","product_retailer_item_id":"410360","product_condition":"new"},"_links":{"self":[{"href":"https:\/\/ortoteek.ee\/ru\/wp-json\/wp\/v2\/product\/41107","targetHints":{"allow":["GET"]}}],"collection":[{"href":"https:\/\/ortoteek.ee\/ru\/wp-json\/wp\/v2\/product"}],"about":[{"href":"https:\/\/ortoteek.ee\/ru\/wp-json\/wp\/v2\/types\/product"}],"replies":[{"embeddable":true,"href":"https:\/\/ortoteek.ee\/ru\/wp-json\/wp\/v2\/comments?post=41107"}],"version-history":[{"count":8,"href":"https:\/\/ortoteek.ee\/ru\/wp-json\/wp\/v2\/product\/41107\/revisions"}],"predecessor-version":[{"id":41124,"href":"https:\/\/ortoteek.ee\/ru\/wp-json\/wp\/v2\/product\/41107\/revisions\/41124"}],"wp:featuredmedia":[{"embeddable":true,"href":"https:\/\/ortoteek.ee\/ru\/wp-json\/wp\/v2\/media\/41108"}],"wp:attachment":[{"href":"https:\/\/ortoteek.ee\/ru\/wp-json\/wp\/v2\/media?parent=41107"}],"wp:term":[{"taxonomy":"product_brand","embeddable":true,"href":"https:\/\/ortoteek.ee\/ru\/wp-json\/wp\/v2\/product_brand?post=41107"},{"taxonomy":"product_cat","embeddable":true,"href":"https:\/\/ortoteek.ee\/ru\/wp-json\/wp\/v2\/product_cat?post=41107"},{"taxonomy":"product_tag","embeddable":true,"href":"https:\/\/ortoteek.ee\/ru\/wp-json\/wp\/v2\/product_tag?post=41107"}],"curies":[{"name":"WP","href":"https:\/\/api.w.org\/{rel}","templated":true}]}}