{"id":40032,"date":"2025-05-27T13:17:40","date_gmt":"2025-05-27T10:17:40","guid":{"rendered":"https:\/\/ortoteek.ee\/?post_type=product&#038;p=40032"},"modified":"2025-08-15T23:46:16","modified_gmt":"2025-08-15T20:46:16","slug":"geelist-padjaga-polvekedra-tugirihm-mobiak-patella-strap-l2429","status":"publish","type":"product","link":"https:\/\/ortoteek.ee\/ru\/pood\/tugisidemed-ortoosid\/geelist-padjaga-polvekedra-tugirihm-mobiak-patella-strap-l2429\/","title":{"rendered":"\u0420\u0415\u041c\u0415\u0428\u041e\u041a \u0414\u041b\u042f \u041f\u041e\u0414\u0414\u0415\u0420\u0416\u041a\u0418 \u041a\u041e\u041b\u0415\u041d\u0410 \u0421 \u0421\u0418\u041b\u0418\u041a\u041e\u041d\u041e\u0412\u041e\u0419 \u041f\u041e\u041a\u0420\u042b\u0422\u041a\u041e\u0419 Mobiak Patella Strap L2429"},"content":{"rendered":"<div data-elementor-type=\"product-post\" data-elementor-id=\"40032\" class=\"elementor elementor-40032\" data-elementor-post-type=\"product\">\n\t\t\t\t\t\t<section class=\"elementor-section elementor-top-section elementor-element elementor-element-3380ba5 elementor-section-boxed elementor-section-height-default elementor-section-height-default\" data-id=\"3380ba5\" data-element_type=\"section\" data-e-type=\"section\">\n\t\t\t\t\t\t<div class=\"elementor-container elementor-column-gap-default\">\n\t\t\t\t\t<div class=\"elementor-column elementor-col-100 elementor-top-column elementor-element elementor-element-53fefd7\" data-id=\"53fefd7\" data-element_type=\"column\" data-e-type=\"column\">\n\t\t\t<div class=\"elementor-widget-wrap elementor-element-populated\">\n\t\t\t\t\t\t<div class=\"elementor-element elementor-element-0f03cf2 elementor-widget elementor-widget-heading\" data-id=\"0f03cf2\" data-element_type=\"widget\" data-e-type=\"widget\" data-widget_type=\"heading.default\">\n\t\t\t\t<div class=\"elementor-widget-container\">\n\t\t\t\t\t<h1 class=\"elementor-heading-title elementor-size-default\">\u0420\u0415\u041c\u0415\u041d\u042c \u0414\u041b\u042f \u041f\u041e\u0414\u0414\u0415\u0420\u0416\u041a\u0418 \u041a\u041e\u041b\u0415\u041d\u0410 \u0421 \u0413\u0415\u041b\u0415\u0412\u041e\u0419 \u041f\u041e\u041a\u0420\u042b\u0422\u041a\u041e\u0419 Mobiak Patella Strap L2429<\/h1>\t\t\t\t<\/div>\n\t\t\t\t<\/div>\n\t\t\t\t<div class=\"elementor-element elementor-element-16704c6 elementor-widget elementor-widget-text-editor\" data-id=\"16704c6\" data-element_type=\"widget\" data-e-type=\"widget\" data-widget_type=\"text-editor.default\">\n\t\t\t\t<div class=\"elementor-widget-container\">\n\t\t\t\t\t\t\t\t\t<h3>\u041f\u043e\u043a\u0430\u0437\u0430\u043d\u0438\u044f:<\/h3><p>\u0420\u0435\u0430\u0431\u0438\u043b\u0438\u0442\u0430\u0446\u0438\u044f \u0442\u0435\u043d\u0434\u0438\u043d\u0438\u0442\u0430 \u043a\u043e\u043b\u0435\u043d\u043d\u043e\u0433\u043e \u0441\u0443\u0441\u0442\u0430\u0432\u0430 (\u043a\u043e\u043b\u0435\u043d\u043e \u043f\u0440\u044b\u0433\u0443\u043d\u0430).<br data-start=\"250\" data-end=\"253\" \/>\u041e\u0441\u0442\u0435\u043e\u0445\u043e\u043d\u0434\u0440\u0438\u0442 (\u0431\u043e\u043b\u0435\u0437\u043d\u044c \u041e\u0441\u0433\u0443\u0434\u0430-\u0428\u043b\u0430\u0442\u0442\u0435\u0440\u0430).<\/p>\t\t\t\t\t\t\t\t<\/div>\n\t\t\t\t<\/div>\n\t\t\t\t<div class=\"elementor-element elementor-element-ea59be3 elementor-widget elementor-widget-text-editor\" data-id=\"ea59be3\" data-element_type=\"widget\" data-e-type=\"widget\" data-widget_type=\"text-editor.default\">\n\t\t\t\t<div class=\"elementor-widget-container\">\n\t\t\t\t\t\t\t\t\t<ul><li>\u0418\u0437\u0433\u043e\u0442\u043e\u0432\u043b\u0435\u043d \u0438\u0437 \u043d\u0435\u043e\u043f\u0440\u0435\u043d\u0430, \u0441 \u0441\u0438\u043b\u0438\u043a\u043e\u043d\u043e\u0432\u043e\u0439 \u043f\u043e\u0434\u0443\u0448\u0435\u0447\u043a\u043e\u0439 \u0432\u043d\u0443\u0442\u0440\u0438.<\/li><li>\u0417\u0430\u0441\u0442\u0435\u0436\u043a\u0430-\u043b\u0438\u043f\u0443\u0447\u043a\u0430 \u043e\u0431\u0435\u0441\u043f\u0435\u0447\u0438\u0432\u0430\u0435\u0442 \u043f\u0440\u043e\u0441\u0442\u043e\u0442\u0443 \u0443\u0441\u0442\u0430\u043d\u043e\u0432\u043a\u0438.<\/li><li>\u0418\u0434\u0435\u0430\u043b\u044c\u043d\u043e \u043f\u043e\u0434\u0445\u043e\u0434\u0438\u0442 \u0434\u043b\u044f \u0437\u0430\u043d\u044f\u0442\u0438\u0439 \u0441\u043f\u043e\u0440\u0442\u043e\u043c.<\/li><li>\u0423\u043d\u0438\u0432\u0435\u0440\u0441\u0430\u043b\u044c\u043d\u044b\u0439 \u0440\u0430\u0437\u043c\u0435\u0440.<\/li><\/ul>\t\t\t\t\t\t\t\t<\/div>\n\t\t\t\t<\/div>\n\t\t\t\t<div class=\"elementor-element elementor-element-eb1d015 elementor-widget elementor-widget-image\" data-id=\"eb1d015\" data-element_type=\"widget\" data-e-type=\"widget\" data-widget_type=\"image.default\">\n\t\t\t\t<div class=\"elementor-widget-container\">\n\t\t\t\t\t\t\t\t\t\t\t\t\t\t\t<img fetchpriority=\"high\" decoding=\"async\" width=\"1024\" height=\"513\" src=\"https:\/\/ortoteek.ee\/wp-content\/uploads\/2025\/05\/mobiak-1024x513.png\" class=\"attachment-large size-large wp-image-39784\" alt=\"\" srcset=\"https:\/\/ortoteek.ee\/wp-content\/uploads\/2025\/05\/mobiak-1024x513.png 1024w, https:\/\/ortoteek.ee\/wp-content\/uploads\/2025\/05\/mobiak-300x150.png 300w, https:\/\/ortoteek.ee\/wp-content\/uploads\/2025\/05\/mobiak-768x385.png 768w, https:\/\/ortoteek.ee\/wp-content\/uploads\/2025\/05\/mobiak-18x9.png 18w, https:\/\/ortoteek.ee\/wp-content\/uploads\/2025\/05\/mobiak-600x300.png 600w, https:\/\/ortoteek.ee\/wp-content\/uploads\/2025\/05\/mobiak-64x32.png 64w, https:\/\/ortoteek.ee\/wp-content\/uploads\/2025\/05\/mobiak.png 1430w\" sizes=\"(max-width: 1024px) 100vw, 1024px\" \/>\t\t\t\t\t\t\t\t\t\t\t\t\t\t\t<\/div>\n\t\t\t\t<\/div>\n\t\t\t\t\t<\/div>\n\t\t<\/div>\n\t\t\t\t\t<\/div>\n\t\t<\/section>\n\t\t\t\t<\/div>","protected":false},"excerpt":{"rendered":"<p><strong>\u041f\u043e\u043a\u0430\u0437\u0430\u043d\u0438\u044f:<\/strong><br \/>\n\u0420\u0435\u0430\u0431\u0438\u043b\u0438\u0442\u0430\u0446\u0438\u044f \u0442\u0435\u043d\u0434\u0438\u043d\u0438\u0442\u0430 \u043a\u043e\u043b\u0435\u043d\u043d\u043e\u0433\u043e \u0441\u0443\u0441\u0442\u0430\u0432\u0430 (\u043a\u043e\u043b\u0435\u043d\u043e \u043f\u0440\u044b\u0433\u0443\u043d\u0430).<br data-start=\"250\" data-end=\"253\" \/>\u041e\u0441\u0442\u0435\u043e\u0445\u043e\u043d\u0434\u0440\u0438\u0442 (\u0431\u043e\u043b\u0435\u0437\u043d\u044c \u041e\u0441\u0433\u0443\u0434\u0430-\u0428\u043b\u0430\u0442\u0442\u0435\u0440\u0430).<\/p>","protected":false},"featured_media":40034,"comment_status":"open","ping_status":"closed","template":"","meta":{"ocean_post_layout":"","ocean_both_sidebars_style":"","ocean_both_sidebars_content_width":0,"ocean_both_sidebars_sidebars_width":0,"ocean_sidebar":"0","ocean_second_sidebar":"0","ocean_disable_margins":"enable","ocean_add_body_class":"","ocean_shortcode_before_top_bar":"","ocean_shortcode_after_top_bar":"","ocean_shortcode_before_header":"","ocean_shortcode_after_header":"","ocean_has_shortcode":"","ocean_shortcode_after_title":"","ocean_shortcode_before_footer_widgets":"","ocean_shortcode_after_footer_widgets":"","ocean_shortcode_before_footer_bottom":"","ocean_shortcode_after_footer_bottom":"","ocean_display_top_bar":"default","ocean_display_header":"default","ocean_header_style":"","ocean_center_header_left_menu":"0","ocean_custom_header_template":"0","ocean_custom_logo":0,"ocean_custom_retina_logo":0,"ocean_custom_logo_max_width":0,"ocean_custom_logo_tablet_max_width":0,"ocean_custom_logo_mobile_max_width":0,"ocean_custom_logo_max_height":0,"ocean_custom_logo_tablet_max_height":0,"ocean_custom_logo_mobile_max_height":0,"ocean_header_custom_menu":"0","ocean_menu_typo_font_family":"0","ocean_menu_typo_font_subset":"","ocean_menu_typo_font_size":0,"ocean_menu_typo_font_size_tablet":0,"ocean_menu_typo_font_size_mobile":0,"ocean_menu_typo_font_size_unit":"px","ocean_menu_typo_font_weight":"","ocean_menu_typo_font_weight_tablet":"","ocean_menu_typo_font_weight_mobile":"","ocean_menu_typo_transform":"","ocean_menu_typo_transform_tablet":"","ocean_menu_typo_transform_mobile":"","ocean_menu_typo_line_height":0,"ocean_menu_typo_line_height_tablet":0,"ocean_menu_typo_line_height_mobile":0,"ocean_menu_typo_line_height_unit":"","ocean_menu_typo_spacing":0,"ocean_menu_typo_spacing_tablet":0,"ocean_menu_typo_spacing_mobile":0,"ocean_menu_typo_spacing_unit":"","ocean_menu_link_color":"","ocean_menu_link_color_hover":"","ocean_menu_link_color_active":"","ocean_menu_link_background":"","ocean_menu_link_hover_background":"","ocean_menu_link_active_background":"","ocean_menu_social_links_bg":"","ocean_menu_social_hover_links_bg":"","ocean_menu_social_links_color":"","ocean_menu_social_hover_links_color":"","ocean_disable_title":"default","ocean_disable_heading":"default","ocean_post_title":"","ocean_post_subheading":"","ocean_post_title_style":"","ocean_post_title_background_color":"","ocean_post_title_background":0,"ocean_post_title_bg_image_position":"","ocean_post_title_bg_image_attachment":"","ocean_post_title_bg_image_repeat":"","ocean_post_title_bg_image_size":"","ocean_post_title_height":0,"ocean_post_title_bg_overlay":0.5,"ocean_post_title_bg_overlay_color":"","ocean_disable_breadcrumbs":"default","ocean_breadcrumbs_color":"","ocean_breadcrumbs_separator_color":"","ocean_breadcrumbs_links_color":"","ocean_breadcrumbs_links_hover_color":"","ocean_display_footer_widgets":"default","ocean_display_footer_bottom":"default","ocean_custom_footer_template":"0"},"product_brand":[2371],"product_cat":[542,364],"product_tag":[3883,360,3872,3863,3894,3862,3898,3875,3881,3888,861,3866,3897,2049,3867,3885,3870,3861,3901,3876,3865,3882,3903,3873,3886,3892,3902,357,3899,3880,3890,3896,3877,3887,3895,3871,3869,3900,3874,3891,3864,3878,3889,3884,3893,3868,3879],"class_list":{"0":"post-40032","1":"product","2":"type-product","3":"status-publish","4":"has-post-thumbnail","6":"product_brand-mobiak","7":"product_cat-polvele","8":"product_cat-tugisidemed-ortoosid","9":"product_tag-elastne-polvetugi","10":"product_tag-huppaja-polv","11":"product_tag-jooksja-polv","12":"product_tag-l2429-tugi","13":"product_tag-mobiak-patella-strap","14":"product_tag-mobiak-polvetugi","15":"product_tag-ortoos-patella-toestuseks","16":"product_tag-ortoos-polvekedrale","17":"product_tag-ortoos-polvevalule","18":"product_tag-patella-ortoos","19":"product_tag-patella-rihm","20":"product_tag-patellarihm","21":"product_tag-polve-fikseeriv-rihm","22":"product_tag-polve-ortoos","23":"product_tag-polve-stabiliseerija","24":"product_tag-polvekaitsja","25":"product_tag-polvekedra-stabilisaator","26":"product_tag-polvekedra-tugi","27":"product_tag-polvekompressioonrihm","28":"product_tag-polvekoormuse-vahendaja","29":"product_tag-polverihm","30":"product_tag-polverihm-mobiak","31":"product_tag-polverihm-polve-toestamiseks","32":"product_tag-polverihm-spordiks","33":"product_tag-polverihm-taastumiseks","34":"product_tag-polverihm-treeninguks","35":"product_tag-polverihm-trenniks","36":"product_tag-polvetugi","37":"product_tag-polvetugi-igapaevaseks-kandmiseks","38":"product_tag-polvetugi-kerge-survega","39":"product_tag-polvetugi-l2429","40":"product_tag-polvetugi-noortele-sportlastele","41":"product_tag-polvetugi-patellale","42":"product_tag-polvetugi-spordivigastusele","43":"product_tag-polvetugi-taastusraviks","44":"product_tag-polvetugi-treeninguks","45":"product_tag-polvevalu-leevendus","46":"product_tag-polvevalu-vahendav-rihm","47":"product_tag-reguleeritav-polvetugi","48":"product_tag-silikooniga-polvetugi","49":"product_tag-silikoonpadjaga-tugi","50":"product_tag-sportlik-polvetugi","51":"product_tag-tugi-huppajapolvele","52":"product_tag-tugi-patella-piirkonnale","53":"product_tag-tugi-polve-ebastabiilsusele","54":"product_tag-tugi-polvekedrale","55":"product_tag-tugi-polveliigesele","57":"entry","58":"has-media","60":"first","61":"instock","62":"taxable","63":"shipping-taxable","64":"purchasable","65":"product-type-simple","66":"has-rating","67":"has-product-nav","68":"col","69":"span_1_of_4","70":"owp-content-left","71":"owp-thumbs-layout-horizontal","72":"owp-btn-normal","73":"owp-tabs-layout-horizontal"},"yoast_head":"<!-- This site is optimized with the Yoast SEO plugin v27.3 - https:\/\/yoast.com\/product\/yoast-seo-wordpress\/ -->\n<title>SILIKOONPADJAGA P\u00d5LVEKEDRA TUGIRIHM Mobiak Patella Strap L2429 - ITAK J\u00e4rve<\/title>\n<meta name=\"description\" content=\"SILIKOONPADJAGA P\u00d5LVEKEDRA TUGIRIHM Mobiak Patella Strap L2429.\u00a0Vaata toote infot ja k\u00fcsi lisainfot!\" \/>\n<meta name=\"robots\" content=\"index, follow, max-snippet:-1, max-image-preview:large, max-video-preview:-1\" \/>\n<link rel=\"canonical\" href=\"https:\/\/ortoteek.ee\/ru\/pood\/tugisidemed-ortoosid\/geelist-padjaga-polvekedra-tugirihm-mobiak-patella-strap-l2429\/\" \/>\n<meta property=\"og:locale\" content=\"ru_RU\" \/>\n<meta property=\"og:type\" content=\"article\" \/>\n<meta property=\"og:title\" content=\"SILIKOONPADJAGA P\u00d5LVEKEDRA TUGIRIHM Mobiak Patella Strap L2429 - ITAK J\u00e4rve\" \/>\n<meta property=\"og:description\" content=\"SILIKOONPADJAGA P\u00d5LVEKEDRA TUGIRIHM Mobiak Patella Strap L2429.\u00a0Vaata toote infot ja k\u00fcsi lisainfot!\" \/>\n<meta property=\"og:url\" content=\"https:\/\/ortoteek.ee\/ru\/pood\/tugisidemed-ortoosid\/geelist-padjaga-polvekedra-tugirihm-mobiak-patella-strap-l2429\/\" \/>\n<meta property=\"og:site_name\" content=\"ITAK J\u00e4rve\" \/>\n<meta property=\"article:publisher\" content=\"https:\/\/www.facebook.com\/Ortoteek\" \/>\n<meta property=\"article:modified_time\" content=\"2025-08-15T20:46:16+00:00\" \/>\n<meta property=\"og:image\" content=\"https:\/\/ortoteek.ee\/wp-content\/uploads\/2025\/05\/patella-tugi-mobiak.jpg\" \/>\n\t<meta property=\"og:image:width\" content=\"1000\" \/>\n\t<meta property=\"og:image:height\" content=\"1000\" \/>\n\t<meta property=\"og:image:type\" content=\"image\/jpeg\" \/>\n<meta name=\"twitter:card\" content=\"summary_large_image\" \/>\n<meta name=\"twitter:label1\" content=\"\u0426\u0435\u043d\u0430\" \/>\n\t<meta name=\"twitter:data1\" content=\"25.00&nbsp;&euro;\" \/>\n\t<meta name=\"twitter:label2\" content=\"\u0414\u043e\u0441\u0442\u0443\u043f\u043d\u043e\u0441\u0442\u044c\" \/>\n\t<meta name=\"twitter:data2\" content=\"\u0412 \u043d\u0430\u043b\u0438\u0447\u0438\u0438\" \/>\n<script type=\"application\/ld+json\" class=\"yoast-schema-graph\">{\"@context\":\"https:\\\/\\\/schema.org\",\"@graph\":[{\"@type\":\"WebPage\",\"@id\":\"https:\\\/\\\/ortoteek.ee\\\/pood\\\/tugisidemed-ortoosid\\\/geelist-padjaga-polvekedra-tugirihm-mobiak-patella-strap-l2429\\\/\",\"url\":\"https:\\\/\\\/ortoteek.ee\\\/pood\\\/tugisidemed-ortoosid\\\/geelist-padjaga-polvekedra-tugirihm-mobiak-patella-strap-l2429\\\/\",\"name\":\"SILIKOONPADJAGA P\u00d5LVEKEDRA TUGIRIHM Mobiak Patella Strap L2429 - ITAK J\u00e4rve\",\"isPartOf\":{\"@id\":\"https:\\\/\\\/ortoteek.ee\\\/#website\"},\"primaryImageOfPage\":{\"@id\":\"https:\\\/\\\/ortoteek.ee\\\/pood\\\/tugisidemed-ortoosid\\\/geelist-padjaga-polvekedra-tugirihm-mobiak-patella-strap-l2429\\\/#primaryimage\"},\"image\":{\"@id\":\"https:\\\/\\\/ortoteek.ee\\\/pood\\\/tugisidemed-ortoosid\\\/geelist-padjaga-polvekedra-tugirihm-mobiak-patella-strap-l2429\\\/#primaryimage\"},\"thumbnailUrl\":\"https:\\\/\\\/ortoteek.ee\\\/wp-content\\\/uploads\\\/2025\\\/05\\\/patella-tugi-mobiak.jpg\",\"datePublished\":\"2025-05-27T10:17:40+00:00\",\"dateModified\":\"2025-08-15T20:46:16+00:00\",\"description\":\"SILIKOONPADJAGA P\u00d5LVEKEDRA TUGIRIHM Mobiak Patella Strap L2429.\u00a0Vaata toote infot ja k\u00fcsi lisainfot!\",\"breadcrumb\":{\"@id\":\"https:\\\/\\\/ortoteek.ee\\\/pood\\\/tugisidemed-ortoosid\\\/geelist-padjaga-polvekedra-tugirihm-mobiak-patella-strap-l2429\\\/#breadcrumb\"},\"inLanguage\":\"ru-RU\",\"potentialAction\":[{\"@type\":\"ReadAction\",\"target\":[\"https:\\\/\\\/ortoteek.ee\\\/pood\\\/tugisidemed-ortoosid\\\/geelist-padjaga-polvekedra-tugirihm-mobiak-patella-strap-l2429\\\/\"]}]},{\"@type\":\"ImageObject\",\"inLanguage\":\"ru-RU\",\"@id\":\"https:\\\/\\\/ortoteek.ee\\\/pood\\\/tugisidemed-ortoosid\\\/geelist-padjaga-polvekedra-tugirihm-mobiak-patella-strap-l2429\\\/#primaryimage\",\"url\":\"https:\\\/\\\/ortoteek.ee\\\/wp-content\\\/uploads\\\/2025\\\/05\\\/patella-tugi-mobiak.jpg\",\"contentUrl\":\"https:\\\/\\\/ortoteek.ee\\\/wp-content\\\/uploads\\\/2025\\\/05\\\/patella-tugi-mobiak.jpg\",\"width\":1000,\"height\":1000},{\"@type\":\"BreadcrumbList\",\"@id\":\"https:\\\/\\\/ortoteek.ee\\\/pood\\\/tugisidemed-ortoosid\\\/geelist-padjaga-polvekedra-tugirihm-mobiak-patella-strap-l2429\\\/#breadcrumb\",\"itemListElement\":[{\"@type\":\"ListItem\",\"position\":1,\"name\":\"Avaleht\",\"item\":\"https:\\\/\\\/ortoteek.ee\\\/\"},{\"@type\":\"ListItem\",\"position\":2,\"name\":\"Ortoosid\",\"item\":\"https:\\\/\\\/ortoteek.ee\\\/pood\\\/\"},{\"@type\":\"ListItem\",\"position\":3,\"name\":\"Tugisidemed ja ortoosid\",\"item\":\"https:\\\/\\\/ortoteek.ee\\\/tootekategooria\\\/tugisidemed-ortoosid\\\/\"},{\"@type\":\"ListItem\",\"position\":4,\"name\":\"SILIKOONPADJAGA P\u00d5LVEKEDRA TUGIRIHM Mobiak Patella Strap L2429\"}]},{\"@type\":\"WebSite\",\"@id\":\"https:\\\/\\\/ortoteek.ee\\\/#website\",\"url\":\"https:\\\/\\\/ortoteek.ee\\\/\",\"name\":\"ITAK J\u00e4rve\",\"description\":\"ORTOPEEDILISED TEENUSED JA TOOTED TRAUMALE JA IGAP\u00c4EVASEKS KASUTAMISEKS\",\"publisher\":{\"@id\":\"https:\\\/\\\/ortoteek.ee\\\/#organization\"},\"alternateName\":\"Ortoteek\",\"potentialAction\":[{\"@type\":\"SearchAction\",\"target\":{\"@type\":\"EntryPoint\",\"urlTemplate\":\"https:\\\/\\\/ortoteek.ee\\\/?s={search_term_string}\"},\"query-input\":{\"@type\":\"PropertyValueSpecification\",\"valueRequired\":true,\"valueName\":\"search_term_string\"}}],\"inLanguage\":\"ru-RU\"},{\"@type\":\"Organization\",\"@id\":\"https:\\\/\\\/ortoteek.ee\\\/#organization\",\"name\":\"Ortoteek O\u00dc\",\"alternateName\":\"Ortoteek Eesti\",\"url\":\"https:\\\/\\\/ortoteek.ee\\\/\",\"logo\":{\"@type\":\"ImageObject\",\"inLanguage\":\"ru-RU\",\"@id\":\"https:\\\/\\\/ortoteek.ee\\\/#\\\/schema\\\/logo\\\/image\\\/\",\"url\":\"https:\\\/\\\/ortoteek.ee\\\/wp-content\\\/uploads\\\/2023\\\/07\\\/logo_ortoteek_icon.jpg\",\"contentUrl\":\"https:\\\/\\\/ortoteek.ee\\\/wp-content\\\/uploads\\\/2023\\\/07\\\/logo_ortoteek_icon.jpg\",\"width\":900,\"height\":874,\"caption\":\"Ortoteek O\u00dc\"},\"image\":{\"@id\":\"https:\\\/\\\/ortoteek.ee\\\/#\\\/schema\\\/logo\\\/image\\\/\"},\"sameAs\":[\"https:\\\/\\\/www.facebook.com\\\/Ortoteek\",\"https:\\\/\\\/www.instagram.com\\\/ortoteek\\\/\"],\"hasMerchantReturnPolicy\":{\"@type\":\"MerchantReturnPolicy\",\"merchantReturnLink\":\"https:\\\/\\\/ortoteek.ee\\\/ru\\\/pood\\\/toote-tagastamine\\\/\"}}]}<\/script>\n<meta property=\"product:brand\" content=\"Mobiak\" \/>\n<meta property=\"product:price:amount\" content=\"25.00\" \/>\n<meta property=\"product:price:currency\" content=\"EUR\" \/>\n<meta property=\"og:availability\" content=\"instock\" \/>\n<meta property=\"product:availability\" content=\"instock\" \/>\n<meta property=\"product:retailer_item_id\" content=\"L2429\" \/>\n<meta property=\"product:condition\" content=\"new\" \/>\n<!-- \/ Yoast SEO plugin. -->","yoast_head_json":{"title":"SILIKOONPADJAGA P\u00d5LVEKEDRA TUGIRIHM Mobiak Patella Strap L2429 - ITAK J\u00e4rve","description":"SILIKOONPADJAGA P\u00d5LVEKEDRA TUGIRIHM Mobiak Patella Strap L2429.\u00a0Vaata toote infot ja k\u00fcsi lisainfot!","robots":{"index":"index","follow":"follow","max-snippet":"max-snippet:-1","max-image-preview":"max-image-preview:large","max-video-preview":"max-video-preview:-1"},"canonical":"https:\/\/ortoteek.ee\/ru\/pood\/tugisidemed-ortoosid\/geelist-padjaga-polvekedra-tugirihm-mobiak-patella-strap-l2429\/","og_locale":"ru_RU","og_type":"article","og_title":"SILIKOONPADJAGA P\u00d5LVEKEDRA TUGIRIHM Mobiak Patella Strap L2429 - ITAK J\u00e4rve","og_description":"SILIKOONPADJAGA P\u00d5LVEKEDRA TUGIRIHM Mobiak Patella Strap L2429.\u00a0Vaata toote infot ja k\u00fcsi lisainfot!","og_url":"https:\/\/ortoteek.ee\/ru\/pood\/tugisidemed-ortoosid\/geelist-padjaga-polvekedra-tugirihm-mobiak-patella-strap-l2429\/","og_site_name":"ITAK J\u00e4rve","article_publisher":"https:\/\/www.facebook.com\/Ortoteek","article_modified_time":"2025-08-15T20:46:16+00:00","og_image":[{"width":1000,"height":1000,"url":"https:\/\/ortoteek.ee\/wp-content\/uploads\/2025\/05\/patella-tugi-mobiak.jpg","type":"image\/jpeg"}],"twitter_card":"summary_large_image","twitter_misc":{"\u0426\u0435\u043d\u0430":"25.00&nbsp;&euro;","\u0414\u043e\u0441\u0442\u0443\u043f\u043d\u043e\u0441\u0442\u044c":"\u0412 \u043d\u0430\u043b\u0438\u0447\u0438\u0438"},"schema":{"@context":"https:\/\/schema.org","@graph":[{"@type":"WebPage","@id":"https:\/\/ortoteek.ee\/pood\/tugisidemed-ortoosid\/geelist-padjaga-polvekedra-tugirihm-mobiak-patella-strap-l2429\/","url":"https:\/\/ortoteek.ee\/pood\/tugisidemed-ortoosid\/geelist-padjaga-polvekedra-tugirihm-mobiak-patella-strap-l2429\/","name":"SILIKOONPADJAGA P\u00d5LVEKEDRA TUGIRIHM Mobiak Patella Strap L2429 - ITAK J\u00e4rve","isPartOf":{"@id":"https:\/\/ortoteek.ee\/#website"},"primaryImageOfPage":{"@id":"https:\/\/ortoteek.ee\/pood\/tugisidemed-ortoosid\/geelist-padjaga-polvekedra-tugirihm-mobiak-patella-strap-l2429\/#primaryimage"},"image":{"@id":"https:\/\/ortoteek.ee\/pood\/tugisidemed-ortoosid\/geelist-padjaga-polvekedra-tugirihm-mobiak-patella-strap-l2429\/#primaryimage"},"thumbnailUrl":"https:\/\/ortoteek.ee\/wp-content\/uploads\/2025\/05\/patella-tugi-mobiak.jpg","datePublished":"2025-05-27T10:17:40+00:00","dateModified":"2025-08-15T20:46:16+00:00","description":"SILIKOONPADJAGA P\u00d5LVEKEDRA TUGIRIHM Mobiak Patella Strap L2429.\u00a0Vaata toote infot ja k\u00fcsi lisainfot!","breadcrumb":{"@id":"https:\/\/ortoteek.ee\/pood\/tugisidemed-ortoosid\/geelist-padjaga-polvekedra-tugirihm-mobiak-patella-strap-l2429\/#breadcrumb"},"inLanguage":"ru-RU","potentialAction":[{"@type":"ReadAction","target":["https:\/\/ortoteek.ee\/pood\/tugisidemed-ortoosid\/geelist-padjaga-polvekedra-tugirihm-mobiak-patella-strap-l2429\/"]}]},{"@type":"ImageObject","inLanguage":"ru-RU","@id":"https:\/\/ortoteek.ee\/pood\/tugisidemed-ortoosid\/geelist-padjaga-polvekedra-tugirihm-mobiak-patella-strap-l2429\/#primaryimage","url":"https:\/\/ortoteek.ee\/wp-content\/uploads\/2025\/05\/patella-tugi-mobiak.jpg","contentUrl":"https:\/\/ortoteek.ee\/wp-content\/uploads\/2025\/05\/patella-tugi-mobiak.jpg","width":1000,"height":1000},{"@type":"BreadcrumbList","@id":"https:\/\/ortoteek.ee\/pood\/tugisidemed-ortoosid\/geelist-padjaga-polvekedra-tugirihm-mobiak-patella-strap-l2429\/#breadcrumb","itemListElement":[{"@type":"ListItem","position":1,"name":"Avaleht","item":"https:\/\/ortoteek.ee\/"},{"@type":"ListItem","position":2,"name":"Ortoosid","item":"https:\/\/ortoteek.ee\/pood\/"},{"@type":"ListItem","position":3,"name":"Tugisidemed ja ortoosid","item":"https:\/\/ortoteek.ee\/tootekategooria\/tugisidemed-ortoosid\/"},{"@type":"ListItem","position":4,"name":"SILIKOONPADJAGA P\u00d5LVEKEDRA TUGIRIHM Mobiak Patella Strap L2429"}]},{"@type":"WebSite","@id":"https:\/\/ortoteek.ee\/#website","url":"https:\/\/ortoteek.ee\/","name":"ITAK J\u00e4rve","description":"\u041e\u0420\u0422\u041e\u041f\u0415\u0414\u0418\u0427\u0415\u0421\u041a\u0418\u0415 \u0423\u0421\u041b\u0423\u0413\u0418 \u0418 \u0418\u0417\u0414\u0415\u041b\u0418\u042f \u0414\u041b\u042f \u0422\u0420\u0410\u0412\u041c \u0418 \u041f\u041e\u0412\u0421\u0415\u0414\u041d\u0415\u0412\u041d\u041e\u0413\u041e \u0418\u0421\u041f\u041e\u041b\u042c\u0417\u041e\u0412\u0410\u041d\u0418\u042f","publisher":{"@id":"https:\/\/ortoteek.ee\/#organization"},"alternateName":"Ortoteek","potentialAction":[{"@type":"SearchAction","target":{"@type":"EntryPoint","urlTemplate":"https:\/\/ortoteek.ee\/?s={search_term_string}"},"query-input":{"@type":"PropertyValueSpecification","valueRequired":true,"valueName":"search_term_string"}}],"inLanguage":"ru-RU"},{"@type":"Organization","@id":"https:\/\/ortoteek.ee\/#organization","name":"\u041e\u0440\u0442\u043e\u0442\u0435\u043a O\u00dc","alternateName":"Ortoteek Eesti","url":"https:\/\/ortoteek.ee\/","logo":{"@type":"ImageObject","inLanguage":"ru-RU","@id":"https:\/\/ortoteek.ee\/#\/schema\/logo\/image\/","url":"https:\/\/ortoteek.ee\/wp-content\/uploads\/2023\/07\/logo_ortoteek_icon.jpg","contentUrl":"https:\/\/ortoteek.ee\/wp-content\/uploads\/2023\/07\/logo_ortoteek_icon.jpg","width":900,"height":874,"caption":"Ortoteek O\u00dc"},"image":{"@id":"https:\/\/ortoteek.ee\/#\/schema\/logo\/image\/"},"sameAs":["https:\/\/www.facebook.com\/Ortoteek","https:\/\/www.instagram.com\/ortoteek\/"],"hasMerchantReturnPolicy":{"@type":"MerchantReturnPolicy","merchantReturnLink":"https:\/\/ortoteek.ee\/ru\/pood\/toote-tagastamine\/"}}]},"product_brand":"Mobiak","product_price_amount":"25.00","product_price_currency":"EUR","og_availability":"instock","product_availability":"instock","product_retailer_item_id":"L2429","product_condition":"new"},"_links":{"self":[{"href":"https:\/\/ortoteek.ee\/ru\/wp-json\/wp\/v2\/product\/40032","targetHints":{"allow":["GET"]}}],"collection":[{"href":"https:\/\/ortoteek.ee\/ru\/wp-json\/wp\/v2\/product"}],"about":[{"href":"https:\/\/ortoteek.ee\/ru\/wp-json\/wp\/v2\/types\/product"}],"replies":[{"embeddable":true,"href":"https:\/\/ortoteek.ee\/ru\/wp-json\/wp\/v2\/comments?post=40032"}],"version-history":[{"count":8,"href":"https:\/\/ortoteek.ee\/ru\/wp-json\/wp\/v2\/product\/40032\/revisions"}],"predecessor-version":[{"id":40044,"href":"https:\/\/ortoteek.ee\/ru\/wp-json\/wp\/v2\/product\/40032\/revisions\/40044"}],"wp:featuredmedia":[{"embeddable":true,"href":"https:\/\/ortoteek.ee\/ru\/wp-json\/wp\/v2\/media\/40034"}],"wp:attachment":[{"href":"https:\/\/ortoteek.ee\/ru\/wp-json\/wp\/v2\/media?parent=40032"}],"wp:term":[{"taxonomy":"product_brand","embeddable":true,"href":"https:\/\/ortoteek.ee\/ru\/wp-json\/wp\/v2\/product_brand?post=40032"},{"taxonomy":"product_cat","embeddable":true,"href":"https:\/\/ortoteek.ee\/ru\/wp-json\/wp\/v2\/product_cat?post=40032"},{"taxonomy":"product_tag","embeddable":true,"href":"https:\/\/ortoteek.ee\/ru\/wp-json\/wp\/v2\/product_tag?post=40032"}],"curies":[{"name":"WP","href":"https:\/\/api.w.org\/{rel}","templated":true}]}}