{"id":33546,"date":"2024-09-24T11:43:51","date_gmt":"2024-09-24T08:43:51","guid":{"rendered":"https:\/\/ortoteek.ee\/?post_type=product&#038;p=33546"},"modified":"2025-05-01T16:18:46","modified_gmt":"2025-05-01T13:18:46","slug":"laste-ortoosi-ja-kipsikaitse-kaele-orliman","status":"publish","type":"product","link":"https:\/\/ortoteek.ee\/ru\/pood\/kipsikaitsed\/laste-ortoosi-ja-kipsikaitse-kaele-orliman\/","title":{"rendered":"\u0414\u0415\u0422\u0421\u041a\u0418\u0419 \u041e\u0420\u0422\u0415\u0417 \u0418 \u0413\u0418\u041f\u0421\u041e\u0412\u0410\u042f \u0417\u0410\u0429\u0418\u0422\u0410 \u0414\u041b\u042f \u0420\u0423\u041a Orliman"},"content":{"rendered":"<div data-elementor-type=\"product-post\" data-elementor-id=\"33546\" class=\"elementor elementor-33546\" data-elementor-post-type=\"product\">\n\t\t\t\t\t\t<section class=\"elementor-section elementor-top-section elementor-element elementor-element-2fc285a elementor-section-boxed elementor-section-height-default elementor-section-height-default\" data-id=\"2fc285a\" data-element_type=\"section\" data-e-type=\"section\">\n\t\t\t\t\t\t<div class=\"elementor-container elementor-column-gap-default\">\n\t\t\t\t\t<div class=\"elementor-column elementor-col-100 elementor-top-column elementor-element elementor-element-99daaaa\" data-id=\"99daaaa\" data-element_type=\"column\" data-e-type=\"column\">\n\t\t\t<div class=\"elementor-widget-wrap elementor-element-populated\">\n\t\t\t\t\t\t<div class=\"elementor-element elementor-element-1d87475 elementor-widget elementor-widget-heading\" data-id=\"1d87475\" data-element_type=\"widget\" data-e-type=\"widget\" data-widget_type=\"heading.default\">\n\t\t\t\t<div class=\"elementor-widget-container\">\n\t\t\t\t\t<h2 class=\"elementor-heading-title elementor-size-default\">\u0414\u0415\u0422\u0421\u041a\u0418\u0419 \u041e\u0420\u0422\u0415\u0417 \u0418 \u0413\u0418\u041f\u0421\u041e\u0412\u0410\u042f \u0417\u0410\u0429\u0418\u0422\u0410 \u0414\u041b\u042f \u0420\u0423\u041a Orliman<\/h2>\t\t\t\t<\/div>\n\t\t\t\t<\/div>\n\t\t\t\t<div class=\"elementor-element elementor-element-5715d5e elementor-widget elementor-widget-text-editor\" data-id=\"5715d5e\" data-element_type=\"widget\" data-e-type=\"widget\" data-widget_type=\"text-editor.default\">\n\t\t\t\t<div class=\"elementor-widget-container\">\n\t\t\t\t\t\t\t\t\t<p><strong>\u041c\u043d\u043e\u0433\u043e\u0440\u0430\u0437\u043e\u0432\u044b\u0439 \u0434\u0435\u0442\u0441\u043a\u0438\u0439 \u043e\u0440\u0442\u0435\u0437 \u0438 \u0433\u0438\u043f\u0441\u043e\u0432\u0430\u044f \u0437\u0430\u0449\u0438\u0442\u0430 \u0434\u043b\u044f \u0440\u0443\u043a\u0438 \u041e\u0440\u043b\u0438\u043c\u0430\u043d<\/strong> \u043f\u043e\u0434\u0445\u043e\u0434\u0438\u0442 \u0434\u043b\u044f \u0434\u0435\u0442\u0435\u0439. \u0418\u0437\u0434\u0435\u043b\u0438\u0435 \u0438\u0437\u0433\u043e\u0442\u043e\u0432\u043b\u0435\u043d\u043e \u0438\u0437 \u0432\u043e\u0434\u043e\u043d\u0435\u043f\u0440\u043e\u043d\u0438\u0446\u0430\u0435\u043c\u043e\u0433\u043e \u043c\u0430\u0442\u0435\u0440\u0438\u0430\u043b\u0430.<b> (\u043d\u0435 \u0441\u043e\u0434\u0435\u0440\u0436\u0438\u0442 \u043b\u0430\u0442\u0435\u043a\u0441)<\/b>, \u0447\u0442\u043e \u043f\u043e\u0437\u0432\u043e\u043b\u044f\u0435\u0442 \u043a\u043e\u043c\u0444\u043e\u0440\u0442\u043d\u043e \u043f\u0440\u0438\u043d\u0438\u043c\u0430\u0442\u044c \u0432\u0430\u043d\u043d\u0443 \u0438\u043b\u0438 \u0434\u0443\u0448.<\/p>\t\t\t\t\t\t\t\t<\/div>\n\t\t\t\t<\/div>\n\t\t\t\t<div class=\"elementor-element elementor-element-0521d73 elementor-widget elementor-widget-image\" data-id=\"0521d73\" data-element_type=\"widget\" data-e-type=\"widget\" data-widget_type=\"image.default\">\n\t\t\t\t<div class=\"elementor-widget-container\">\n\t\t\t\t\t\t\t\t\t\t\t\t\t\t\t<img fetchpriority=\"high\" decoding=\"async\" width=\"435\" height=\"128\" src=\"https:\/\/ortoteek.ee\/wp-content\/uploads\/2024\/09\/TALLA_OSL4345.png\" class=\"attachment-full size-full wp-image-34410\" alt=\"\" srcset=\"https:\/\/ortoteek.ee\/wp-content\/uploads\/2024\/09\/TALLA_OSL4345.png 435w, https:\/\/ortoteek.ee\/wp-content\/uploads\/2024\/09\/TALLA_OSL4345-300x88.png 300w, https:\/\/ortoteek.ee\/wp-content\/uploads\/2024\/09\/TALLA_OSL4345-64x19.png 64w\" sizes=\"(max-width: 435px) 100vw, 435px\" \/>\t\t\t\t\t\t\t\t\t\t\t\t\t\t\t<\/div>\n\t\t\t\t<\/div>\n\t\t\t\t<div class=\"elementor-element elementor-element-e263cdf elementor-widget elementor-widget-text-editor\" data-id=\"e263cdf\" data-element_type=\"widget\" data-e-type=\"widget\" data-widget_type=\"text-editor.default\">\n\t\t\t\t<div class=\"elementor-widget-container\">\n\t\t\t\t\t\t\t\t\t<p>\u0418\u0437\u0434\u0435\u043b\u0438\u0435 \u0438\u0437\u0433\u043e\u0442\u043e\u0432\u043b\u0435\u043d\u043e \u0438\u0437 \u0432\u043e\u0434\u043e\u043d\u0435\u043f\u0440\u043e\u043d\u0438\u0446\u0430\u0435\u043c\u043e\u0433\u043e \u044d\u043b\u0430\u0441\u0442\u0438\u0447\u043d\u043e\u0433\u043e \u043c\u0430\u0442\u0435\u0440\u0438\u0430\u043b\u0430, \u043e\u0431\u043b\u0435\u0433\u0447\u0430\u0435\u0442 \u043f\u0440\u0438\u043d\u044f\u0442\u0438\u0435 \u0432\u0430\u043d\u043d\u044b \u0438\u043b\u0438 \u0434\u0443\u0448\u0430 \u0438 \u043f\u0440\u0438\u0433\u043e\u0434\u043d\u043e \u0434\u043b\u044f \u043c\u043d\u043e\u0433\u043e\u043a\u0440\u0430\u0442\u043d\u043e\u0433\u043e \u0438\u0441\u043f\u043e\u043b\u044c\u0437\u043e\u0432\u0430\u043d\u0438\u044f. \u0421\u0430\u043c\u043e\u0437\u0430\u043a\u0440\u044b\u0432\u0430\u044e\u0449\u0438\u0439\u0441\u044f \u043c\u0435\u0445\u0430\u043d\u0438\u0437\u043c \u0445\u043e\u0440\u043e\u0448\u043e \u0430\u0434\u0430\u043f\u0442\u0438\u0440\u0443\u0435\u0442\u0441\u044f \u043a \u0440\u0443\u043a\u0435 \u0438 \u0438\u043c\u0435\u0435\u0442 \u0430\u043d\u0430\u0442\u043e\u043c\u0438\u0447\u0435\u0441\u043a\u0443\u044e \u043a\u043e\u043d\u0441\u0442\u0440\u0443\u043a\u0446\u0438\u044e \u0434\u043b\u044f \u043a\u043e\u043c\u0444\u043e\u0440\u0442\u043d\u043e\u0433\u043e \u0438 \u0431\u0435\u0437\u043e\u043f\u0430\u0441\u043d\u043e\u0433\u043e \u0438\u0441\u043f\u043e\u043b\u044c\u0437\u043e\u0432\u0430\u043d\u0438\u044f.<\/p>\t\t\t\t\t\t\t\t<\/div>\n\t\t\t\t<\/div>\n\t\t\t\t<div class=\"elementor-element elementor-element-5995aec elementor-widget elementor-widget-image\" data-id=\"5995aec\" data-element_type=\"widget\" data-e-type=\"widget\" data-widget_type=\"image.default\">\n\t\t\t\t<div class=\"elementor-widget-container\">\n\t\t\t\t\t\t\t\t\t\t\t\t\t\t\t<img decoding=\"async\" width=\"700\" height=\"300\" src=\"https:\/\/ortoteek.ee\/wp-content\/uploads\/2021\/10\/orliman_tooted.jpg\" class=\"attachment-full size-full wp-image-11597\" alt=\"\" srcset=\"https:\/\/ortoteek.ee\/wp-content\/uploads\/2021\/10\/orliman_tooted.jpg 700w, https:\/\/ortoteek.ee\/wp-content\/uploads\/2021\/10\/orliman_tooted-600x257.jpg 600w, https:\/\/ortoteek.ee\/wp-content\/uploads\/2021\/10\/orliman_tooted-64x27.jpg 64w, https:\/\/ortoteek.ee\/wp-content\/uploads\/2021\/10\/orliman_tooted-300x129.jpg 300w, https:\/\/ortoteek.ee\/wp-content\/uploads\/2021\/10\/orliman_tooted-18x8.jpg 18w\" sizes=\"(max-width: 700px) 100vw, 700px\" \/>\t\t\t\t\t\t\t\t\t\t\t\t\t\t\t<\/div>\n\t\t\t\t<\/div>\n\t\t\t\t\t<\/div>\n\t\t<\/div>\n\t\t\t\t\t<\/div>\n\t\t<\/section>\n\t\t\t\t<\/div>","protected":false},"excerpt":{"rendered":"<p><strong>\u041c\u043d\u043e\u0433\u043e\u0440\u0430\u0437\u043e\u0432\u044b\u0439 \u0434\u0435\u0442\u0441\u043a\u0438\u0439 \u043e\u0440\u0442\u0435\u0437 \u0438 \u0433\u0438\u043f\u0441\u043e\u0432\u0430\u044f \u0437\u0430\u0449\u0438\u0442\u0430 \u0434\u043b\u044f \u0440\u0443\u043a\u0438 \u041e\u0440\u043b\u0438\u043c\u0430\u043d<\/strong> \u043f\u043e\u0434\u0445\u043e\u0434\u0438\u0442 \u0434\u043b\u044f \u0434\u0435\u0442\u0435\u0439. \u0418\u0437\u0434\u0435\u043b\u0438\u0435 \u0438\u0437\u0433\u043e\u0442\u043e\u0432\u043b\u0435\u043d\u043e \u0438\u0437 \u0432\u043e\u0434\u043e\u043d\u0435\u043f\u0440\u043e\u043d\u0438\u0446\u0430\u0435\u043c\u043e\u0433\u043e \u043c\u0430\u0442\u0435\u0440\u0438\u0430\u043b\u0430 (\u0431\u0435\u0437 \u043b\u0430\u0442\u0435\u043a\u0441\u0430), \u0447\u0442\u043e \u043f\u043e\u0437\u0432\u043e\u043b\u044f\u0435\u0442 \u043a\u043e\u043c\u0444\u043e\u0440\u0442\u043d\u043e \u043f\u0440\u0438\u043d\u0438\u043c\u0430\u0442\u044c \u0432\u0430\u043d\u043d\u0443 \u0438\u043b\u0438 \u0434\u0443\u0448.<\/p>","protected":false},"featured_media":34407,"comment_status":"open","ping_status":"closed","template":"","meta":{"ocean_post_layout":"","ocean_both_sidebars_style":"","ocean_both_sidebars_content_width":0,"ocean_both_sidebars_sidebars_width":0,"ocean_sidebar":"0","ocean_second_sidebar":"0","ocean_disable_margins":"enable","ocean_add_body_class":"","ocean_shortcode_before_top_bar":"","ocean_shortcode_after_top_bar":"","ocean_shortcode_before_header":"","ocean_shortcode_after_header":"","ocean_has_shortcode":"","ocean_shortcode_after_title":"","ocean_shortcode_before_footer_widgets":"","ocean_shortcode_after_footer_widgets":"","ocean_shortcode_before_footer_bottom":"","ocean_shortcode_after_footer_bottom":"","ocean_display_top_bar":"default","ocean_display_header":"default","ocean_header_style":"","ocean_center_header_left_menu":"0","ocean_custom_header_template":"0","ocean_custom_logo":0,"ocean_custom_retina_logo":0,"ocean_custom_logo_max_width":0,"ocean_custom_logo_tablet_max_width":0,"ocean_custom_logo_mobile_max_width":0,"ocean_custom_logo_max_height":0,"ocean_custom_logo_tablet_max_height":0,"ocean_custom_logo_mobile_max_height":0,"ocean_header_custom_menu":"0","ocean_menu_typo_font_family":"0","ocean_menu_typo_font_subset":"","ocean_menu_typo_font_size":0,"ocean_menu_typo_font_size_tablet":0,"ocean_menu_typo_font_size_mobile":0,"ocean_menu_typo_font_size_unit":"px","ocean_menu_typo_font_weight":"","ocean_menu_typo_font_weight_tablet":"","ocean_menu_typo_font_weight_mobile":"","ocean_menu_typo_transform":"","ocean_menu_typo_transform_tablet":"","ocean_menu_typo_transform_mobile":"","ocean_menu_typo_line_height":0,"ocean_menu_typo_line_height_tablet":0,"ocean_menu_typo_line_height_mobile":0,"ocean_menu_typo_line_height_unit":"","ocean_menu_typo_spacing":0,"ocean_menu_typo_spacing_tablet":0,"ocean_menu_typo_spacing_mobile":0,"ocean_menu_typo_spacing_unit":"","ocean_menu_link_color":"","ocean_menu_link_color_hover":"","ocean_menu_link_color_active":"","ocean_menu_link_background":"","ocean_menu_link_hover_background":"","ocean_menu_link_active_background":"","ocean_menu_social_links_bg":"","ocean_menu_social_hover_links_bg":"","ocean_menu_social_links_color":"","ocean_menu_social_hover_links_color":"","ocean_disable_title":"default","ocean_disable_heading":"default","ocean_post_title":"","ocean_post_subheading":"","ocean_post_title_style":"","ocean_post_title_background_color":"","ocean_post_title_background":0,"ocean_post_title_bg_image_position":"","ocean_post_title_bg_image_attachment":"","ocean_post_title_bg_image_repeat":"","ocean_post_title_bg_image_size":"","ocean_post_title_height":0,"ocean_post_title_bg_overlay":0.5,"ocean_post_title_bg_overlay_color":"","ocean_disable_breadcrumbs":"default","ocean_breadcrumbs_color":"","ocean_breadcrumbs_separator_color":"","ocean_breadcrumbs_links_color":"","ocean_breadcrumbs_links_hover_color":"","ocean_display_footer_widgets":"default","ocean_display_footer_bottom":"default","ocean_custom_footer_template":"0"},"product_brand":[2241],"product_cat":[1007,759],"product_tag":[],"class_list":{"0":"post-33546","1":"product","2":"type-product","3":"status-publish","4":"has-post-thumbnail","6":"product_brand-orliman","7":"product_cat-kipsikaitsed","8":"product_cat-vaikelastele","10":"entry","11":"has-media","13":"first","14":"instock","15":"taxable","16":"shipping-taxable","17":"purchasable","18":"product-type-simple","19":"has-product-nav","20":"col","21":"span_1_of_4","22":"owp-content-left","23":"owp-thumbs-layout-horizontal","24":"owp-btn-normal","25":"owp-tabs-layout-horizontal","26":"has-no-thumbnails"},"yoast_head":"<!-- This site is optimized with the Yoast SEO plugin v27.3 - https:\/\/yoast.com\/product\/yoast-seo-wordpress\/ -->\n<title>LASTE ORTOOSI- JA KIPSIKAITSE K\u00c4ELE Orliman<\/title>\n<meta name=\"description\" content=\"Korduvkasutatav LASTE ORTOOSI- JA KIPSIKAITSE K\u00c4ELE Orliman lasetele. Toode on valmistatud veekindlast materjalist, v\u00f5imaldab vannis v\u00f5i du\u0161i all k\u00e4imist.\" \/>\n<meta name=\"robots\" content=\"index, follow, max-snippet:-1, max-image-preview:large, max-video-preview:-1\" \/>\n<link rel=\"canonical\" href=\"https:\/\/ortoteek.ee\/ru\/pood\/kipsikaitsed\/laste-ortoosi-ja-kipsikaitse-kaele-orliman\/\" \/>\n<meta property=\"og:locale\" content=\"ru_RU\" \/>\n<meta property=\"og:type\" content=\"article\" \/>\n<meta property=\"og:title\" content=\"LASTE ORTOOSI- JA KIPSIKAITSE K\u00c4ELE Orliman\" \/>\n<meta property=\"og:description\" content=\"Korduvkasutatav LASTE ORTOOSI- JA KIPSIKAITSE K\u00c4ELE Orliman lasetele. Toode on valmistatud veekindlast materjalist, v\u00f5imaldab vannis v\u00f5i du\u0161i all k\u00e4imist.\" \/>\n<meta property=\"og:url\" content=\"https:\/\/ortoteek.ee\/ru\/pood\/kipsikaitsed\/laste-ortoosi-ja-kipsikaitse-kaele-orliman\/\" \/>\n<meta property=\"og:site_name\" content=\"ITAK J\u00e4rve\" \/>\n<meta property=\"article:publisher\" content=\"https:\/\/www.facebook.com\/Ortoteek\" \/>\n<meta property=\"article:modified_time\" content=\"2025-05-01T13:18:46+00:00\" \/>\n<meta property=\"og:image\" content=\"https:\/\/ortoteek.ee\/wp-content\/uploads\/2024\/07\/orliman_kipsikaitse.jpg\" \/>\n\t<meta property=\"og:image:width\" content=\"720\" \/>\n\t<meta property=\"og:image:height\" content=\"720\" \/>\n\t<meta property=\"og:image:type\" content=\"image\/jpeg\" \/>\n<meta name=\"twitter:card\" content=\"summary_large_image\" \/>\n<meta name=\"twitter:label1\" content=\"\u0426\u0435\u043d\u0430\" \/>\n\t<meta name=\"twitter:data1\" content=\"26.04&nbsp;&euro;\" \/>\n\t<meta name=\"twitter:label2\" content=\"\u0414\u043e\u0441\u0442\u0443\u043f\u043d\u043e\u0441\u0442\u044c\" \/>\n\t<meta name=\"twitter:data2\" content=\"\u0412 \u043d\u0430\u043b\u0438\u0447\u0438\u0438\" \/>\n<script type=\"application\/ld+json\" class=\"yoast-schema-graph\">{\"@context\":\"https:\\\/\\\/schema.org\",\"@graph\":[{\"@type\":\"WebPage\",\"@id\":\"https:\\\/\\\/ortoteek.ee\\\/pood\\\/kipsikaitsed\\\/laste-ortoosi-ja-kipsikaitse-kaele-orliman\\\/\",\"url\":\"https:\\\/\\\/ortoteek.ee\\\/pood\\\/kipsikaitsed\\\/laste-ortoosi-ja-kipsikaitse-kaele-orliman\\\/\",\"name\":\"LASTE ORTOOSI- JA KIPSIKAITSE K\u00c4ELE Orliman\",\"isPartOf\":{\"@id\":\"https:\\\/\\\/ortoteek.ee\\\/#website\"},\"primaryImageOfPage\":{\"@id\":\"https:\\\/\\\/ortoteek.ee\\\/pood\\\/kipsikaitsed\\\/laste-ortoosi-ja-kipsikaitse-kaele-orliman\\\/#primaryimage\"},\"image\":{\"@id\":\"https:\\\/\\\/ortoteek.ee\\\/pood\\\/kipsikaitsed\\\/laste-ortoosi-ja-kipsikaitse-kaele-orliman\\\/#primaryimage\"},\"thumbnailUrl\":\"https:\\\/\\\/ortoteek.ee\\\/wp-content\\\/uploads\\\/2024\\\/07\\\/orliman_kipsikaitse.jpg\",\"datePublished\":\"2024-09-24T08:43:51+00:00\",\"dateModified\":\"2025-05-01T13:18:46+00:00\",\"description\":\"Korduvkasutatav LASTE ORTOOSI- JA KIPSIKAITSE K\u00c4ELE Orliman lasetele. Toode on valmistatud veekindlast materjalist, v\u00f5imaldab vannis v\u00f5i du\u0161i all k\u00e4imist.\",\"breadcrumb\":{\"@id\":\"https:\\\/\\\/ortoteek.ee\\\/pood\\\/kipsikaitsed\\\/laste-ortoosi-ja-kipsikaitse-kaele-orliman\\\/#breadcrumb\"},\"inLanguage\":\"ru-RU\",\"potentialAction\":[{\"@type\":\"ReadAction\",\"target\":[\"https:\\\/\\\/ortoteek.ee\\\/pood\\\/kipsikaitsed\\\/laste-ortoosi-ja-kipsikaitse-kaele-orliman\\\/\"]}]},{\"@type\":\"ImageObject\",\"inLanguage\":\"ru-RU\",\"@id\":\"https:\\\/\\\/ortoteek.ee\\\/pood\\\/kipsikaitsed\\\/laste-ortoosi-ja-kipsikaitse-kaele-orliman\\\/#primaryimage\",\"url\":\"https:\\\/\\\/ortoteek.ee\\\/wp-content\\\/uploads\\\/2024\\\/07\\\/orliman_kipsikaitse.jpg\",\"contentUrl\":\"https:\\\/\\\/ortoteek.ee\\\/wp-content\\\/uploads\\\/2024\\\/07\\\/orliman_kipsikaitse.jpg\",\"width\":720,\"height\":720},{\"@type\":\"BreadcrumbList\",\"@id\":\"https:\\\/\\\/ortoteek.ee\\\/pood\\\/kipsikaitsed\\\/laste-ortoosi-ja-kipsikaitse-kaele-orliman\\\/#breadcrumb\",\"itemListElement\":[{\"@type\":\"ListItem\",\"position\":1,\"name\":\"Avaleht\",\"item\":\"https:\\\/\\\/ortoteek.ee\\\/\"},{\"@type\":\"ListItem\",\"position\":2,\"name\":\"Ortoosid\",\"item\":\"https:\\\/\\\/ortoteek.ee\\\/pood\\\/\"},{\"@type\":\"ListItem\",\"position\":3,\"name\":\"Kipsikaitsed\",\"item\":\"https:\\\/\\\/ortoteek.ee\\\/tootekategooria\\\/kipsikaitsed\\\/\"},{\"@type\":\"ListItem\",\"position\":4,\"name\":\"LASTE ORTOOSI- JA KIPSIKAITSE K\u00c4ELE Orliman\"}]},{\"@type\":\"WebSite\",\"@id\":\"https:\\\/\\\/ortoteek.ee\\\/#website\",\"url\":\"https:\\\/\\\/ortoteek.ee\\\/\",\"name\":\"ITAK J\u00e4rve\",\"description\":\"ORTOPEEDILISED TEENUSED JA TOOTED TRAUMALE JA IGAP\u00c4EVASEKS KASUTAMISEKS\",\"publisher\":{\"@id\":\"https:\\\/\\\/ortoteek.ee\\\/#organization\"},\"alternateName\":\"Ortoteek\",\"potentialAction\":[{\"@type\":\"SearchAction\",\"target\":{\"@type\":\"EntryPoint\",\"urlTemplate\":\"https:\\\/\\\/ortoteek.ee\\\/?s={search_term_string}\"},\"query-input\":{\"@type\":\"PropertyValueSpecification\",\"valueRequired\":true,\"valueName\":\"search_term_string\"}}],\"inLanguage\":\"ru-RU\"},{\"@type\":\"Organization\",\"@id\":\"https:\\\/\\\/ortoteek.ee\\\/#organization\",\"name\":\"Ortoteek O\u00dc\",\"alternateName\":\"Ortoteek Eesti\",\"url\":\"https:\\\/\\\/ortoteek.ee\\\/\",\"logo\":{\"@type\":\"ImageObject\",\"inLanguage\":\"ru-RU\",\"@id\":\"https:\\\/\\\/ortoteek.ee\\\/#\\\/schema\\\/logo\\\/image\\\/\",\"url\":\"https:\\\/\\\/ortoteek.ee\\\/wp-content\\\/uploads\\\/2023\\\/07\\\/logo_ortoteek_icon.jpg\",\"contentUrl\":\"https:\\\/\\\/ortoteek.ee\\\/wp-content\\\/uploads\\\/2023\\\/07\\\/logo_ortoteek_icon.jpg\",\"width\":900,\"height\":874,\"caption\":\"Ortoteek O\u00dc\"},\"image\":{\"@id\":\"https:\\\/\\\/ortoteek.ee\\\/#\\\/schema\\\/logo\\\/image\\\/\"},\"sameAs\":[\"https:\\\/\\\/www.facebook.com\\\/Ortoteek\",\"https:\\\/\\\/www.instagram.com\\\/ortoteek\\\/\"],\"hasMerchantReturnPolicy\":{\"@type\":\"MerchantReturnPolicy\",\"merchantReturnLink\":\"https:\\\/\\\/ortoteek.ee\\\/ru\\\/pood\\\/toote-tagastamine\\\/\"}}]}<\/script>\n<meta property=\"product:brand\" content=\"Orliman\" \/>\n<meta property=\"product:price:amount\" content=\"26.04\" \/>\n<meta property=\"product:price:currency\" content=\"EUR\" \/>\n<meta property=\"og:availability\" content=\"instock\" \/>\n<meta property=\"product:availability\" content=\"instock\" \/>\n<meta property=\"product:retailer_item_id\" content=\"OSL4345\" \/>\n<meta property=\"product:condition\" content=\"new\" \/>\n<!-- \/ Yoast SEO plugin. -->","yoast_head_json":{"title":"\u0414\u0415\u0422\u0421\u041a\u0418\u0419 \u041e\u0420\u0422\u0415\u0417 \u0418 \u0413\u0418\u041f\u0421\u041e\u0412\u0410\u042f \u0417\u0410\u0429\u0418\u0422\u0410 \u0414\u041b\u042f \u0420\u0423\u041a Orliman","description":"Korduvkasutatav LASTE ORTOOSI- JA KIPSIKAITSE K\u00c4ELE Orliman lasetele. Toode on valmistatud veekindlast materjalist, v\u00f5imaldab vannis v\u00f5i du\u0161i all k\u00e4imist.","robots":{"index":"index","follow":"follow","max-snippet":"max-snippet:-1","max-image-preview":"max-image-preview:large","max-video-preview":"max-video-preview:-1"},"canonical":"https:\/\/ortoteek.ee\/ru\/pood\/kipsikaitsed\/laste-ortoosi-ja-kipsikaitse-kaele-orliman\/","og_locale":"ru_RU","og_type":"article","og_title":"LASTE ORTOOSI- JA KIPSIKAITSE K\u00c4ELE Orliman","og_description":"Korduvkasutatav LASTE ORTOOSI- JA KIPSIKAITSE K\u00c4ELE Orliman lasetele. Toode on valmistatud veekindlast materjalist, v\u00f5imaldab vannis v\u00f5i du\u0161i all k\u00e4imist.","og_url":"https:\/\/ortoteek.ee\/ru\/pood\/kipsikaitsed\/laste-ortoosi-ja-kipsikaitse-kaele-orliman\/","og_site_name":"ITAK J\u00e4rve","article_publisher":"https:\/\/www.facebook.com\/Ortoteek","article_modified_time":"2025-05-01T13:18:46+00:00","og_image":[{"width":720,"height":720,"url":"https:\/\/ortoteek.ee\/wp-content\/uploads\/2024\/07\/orliman_kipsikaitse.jpg","type":"image\/jpeg"}],"twitter_card":"summary_large_image","twitter_misc":{"\u0426\u0435\u043d\u0430":"26.04&nbsp;&euro;","\u0414\u043e\u0441\u0442\u0443\u043f\u043d\u043e\u0441\u0442\u044c":"\u0412 \u043d\u0430\u043b\u0438\u0447\u0438\u0438"},"schema":{"@context":"https:\/\/schema.org","@graph":[{"@type":"WebPage","@id":"https:\/\/ortoteek.ee\/pood\/kipsikaitsed\/laste-ortoosi-ja-kipsikaitse-kaele-orliman\/","url":"https:\/\/ortoteek.ee\/pood\/kipsikaitsed\/laste-ortoosi-ja-kipsikaitse-kaele-orliman\/","name":"\u0414\u0415\u0422\u0421\u041a\u0418\u0419 \u041e\u0420\u0422\u0415\u0417 \u0418 \u0413\u0418\u041f\u0421\u041e\u0412\u0410\u042f \u0417\u0410\u0429\u0418\u0422\u0410 \u0414\u041b\u042f \u0420\u0423\u041a Orliman","isPartOf":{"@id":"https:\/\/ortoteek.ee\/#website"},"primaryImageOfPage":{"@id":"https:\/\/ortoteek.ee\/pood\/kipsikaitsed\/laste-ortoosi-ja-kipsikaitse-kaele-orliman\/#primaryimage"},"image":{"@id":"https:\/\/ortoteek.ee\/pood\/kipsikaitsed\/laste-ortoosi-ja-kipsikaitse-kaele-orliman\/#primaryimage"},"thumbnailUrl":"https:\/\/ortoteek.ee\/wp-content\/uploads\/2024\/07\/orliman_kipsikaitse.jpg","datePublished":"2024-09-24T08:43:51+00:00","dateModified":"2025-05-01T13:18:46+00:00","description":"Korduvkasutatav LASTE ORTOOSI- JA KIPSIKAITSE K\u00c4ELE Orliman lasetele. Toode on valmistatud veekindlast materjalist, v\u00f5imaldab vannis v\u00f5i du\u0161i all k\u00e4imist.","breadcrumb":{"@id":"https:\/\/ortoteek.ee\/pood\/kipsikaitsed\/laste-ortoosi-ja-kipsikaitse-kaele-orliman\/#breadcrumb"},"inLanguage":"ru-RU","potentialAction":[{"@type":"ReadAction","target":["https:\/\/ortoteek.ee\/pood\/kipsikaitsed\/laste-ortoosi-ja-kipsikaitse-kaele-orliman\/"]}]},{"@type":"ImageObject","inLanguage":"ru-RU","@id":"https:\/\/ortoteek.ee\/pood\/kipsikaitsed\/laste-ortoosi-ja-kipsikaitse-kaele-orliman\/#primaryimage","url":"https:\/\/ortoteek.ee\/wp-content\/uploads\/2024\/07\/orliman_kipsikaitse.jpg","contentUrl":"https:\/\/ortoteek.ee\/wp-content\/uploads\/2024\/07\/orliman_kipsikaitse.jpg","width":720,"height":720},{"@type":"BreadcrumbList","@id":"https:\/\/ortoteek.ee\/pood\/kipsikaitsed\/laste-ortoosi-ja-kipsikaitse-kaele-orliman\/#breadcrumb","itemListElement":[{"@type":"ListItem","position":1,"name":"Avaleht","item":"https:\/\/ortoteek.ee\/"},{"@type":"ListItem","position":2,"name":"Ortoosid","item":"https:\/\/ortoteek.ee\/pood\/"},{"@type":"ListItem","position":3,"name":"Kipsikaitsed","item":"https:\/\/ortoteek.ee\/tootekategooria\/kipsikaitsed\/"},{"@type":"ListItem","position":4,"name":"LASTE ORTOOSI- JA KIPSIKAITSE K\u00c4ELE Orliman"}]},{"@type":"WebSite","@id":"https:\/\/ortoteek.ee\/#website","url":"https:\/\/ortoteek.ee\/","name":"ITAK J\u00e4rve","description":"\u041e\u0420\u0422\u041e\u041f\u0415\u0414\u0418\u0427\u0415\u0421\u041a\u0418\u0415 \u0423\u0421\u041b\u0423\u0413\u0418 \u0418 \u0418\u0417\u0414\u0415\u041b\u0418\u042f \u0414\u041b\u042f \u0422\u0420\u0410\u0412\u041c \u0418 \u041f\u041e\u0412\u0421\u0415\u0414\u041d\u0415\u0412\u041d\u041e\u0413\u041e \u0418\u0421\u041f\u041e\u041b\u042c\u0417\u041e\u0412\u0410\u041d\u0418\u042f","publisher":{"@id":"https:\/\/ortoteek.ee\/#organization"},"alternateName":"Ortoteek","potentialAction":[{"@type":"SearchAction","target":{"@type":"EntryPoint","urlTemplate":"https:\/\/ortoteek.ee\/?s={search_term_string}"},"query-input":{"@type":"PropertyValueSpecification","valueRequired":true,"valueName":"search_term_string"}}],"inLanguage":"ru-RU"},{"@type":"Organization","@id":"https:\/\/ortoteek.ee\/#organization","name":"\u041e\u0440\u0442\u043e\u0442\u0435\u043a O\u00dc","alternateName":"Ortoteek Eesti","url":"https:\/\/ortoteek.ee\/","logo":{"@type":"ImageObject","inLanguage":"ru-RU","@id":"https:\/\/ortoteek.ee\/#\/schema\/logo\/image\/","url":"https:\/\/ortoteek.ee\/wp-content\/uploads\/2023\/07\/logo_ortoteek_icon.jpg","contentUrl":"https:\/\/ortoteek.ee\/wp-content\/uploads\/2023\/07\/logo_ortoteek_icon.jpg","width":900,"height":874,"caption":"Ortoteek O\u00dc"},"image":{"@id":"https:\/\/ortoteek.ee\/#\/schema\/logo\/image\/"},"sameAs":["https:\/\/www.facebook.com\/Ortoteek","https:\/\/www.instagram.com\/ortoteek\/"],"hasMerchantReturnPolicy":{"@type":"MerchantReturnPolicy","merchantReturnLink":"https:\/\/ortoteek.ee\/ru\/pood\/toote-tagastamine\/"}}]},"product_brand":"Orliman","product_price_amount":"26.04","product_price_currency":"EUR","og_availability":"instock","product_availability":"instock","product_retailer_item_id":"OSL4345","product_condition":"new"},"_links":{"self":[{"href":"https:\/\/ortoteek.ee\/ru\/wp-json\/wp\/v2\/product\/33546","targetHints":{"allow":["GET"]}}],"collection":[{"href":"https:\/\/ortoteek.ee\/ru\/wp-json\/wp\/v2\/product"}],"about":[{"href":"https:\/\/ortoteek.ee\/ru\/wp-json\/wp\/v2\/types\/product"}],"replies":[{"embeddable":true,"href":"https:\/\/ortoteek.ee\/ru\/wp-json\/wp\/v2\/comments?post=33546"}],"version-history":[{"count":1,"href":"https:\/\/ortoteek.ee\/ru\/wp-json\/wp\/v2\/product\/33546\/revisions"}],"predecessor-version":[{"id":39442,"href":"https:\/\/ortoteek.ee\/ru\/wp-json\/wp\/v2\/product\/33546\/revisions\/39442"}],"wp:featuredmedia":[{"embeddable":true,"href":"https:\/\/ortoteek.ee\/ru\/wp-json\/wp\/v2\/media\/34407"}],"wp:attachment":[{"href":"https:\/\/ortoteek.ee\/ru\/wp-json\/wp\/v2\/media?parent=33546"}],"wp:term":[{"taxonomy":"product_brand","embeddable":true,"href":"https:\/\/ortoteek.ee\/ru\/wp-json\/wp\/v2\/product_brand?post=33546"},{"taxonomy":"product_cat","embeddable":true,"href":"https:\/\/ortoteek.ee\/ru\/wp-json\/wp\/v2\/product_cat?post=33546"},{"taxonomy":"product_tag","embeddable":true,"href":"https:\/\/ortoteek.ee\/ru\/wp-json\/wp\/v2\/product_tag?post=33546"}],"curies":[{"name":"WP","href":"https:\/\/api.w.org\/{rel}","templated":true}]}}