{"id":17217,"date":"2022-06-20T15:48:05","date_gmt":"2022-06-20T13:48:05","guid":{"rendered":"https:\/\/ortoteek.ee\/?post_type=product&#038;p=17217"},"modified":"2025-05-02T15:35:51","modified_gmt":"2025-05-02T12:35:51","slug":"patella-tugiside-thuasne","status":"publish","type":"product","link":"https:\/\/ortoteek.ee\/ru\/pood\/tugisidemed-ortoosid\/patella-tugiside-thuasne\/","title":{"rendered":"\u041a\u0420\u041e\u041d\u0428\u0422\u0415\u0419\u041d \u041d\u0410 \u041a\u041e\u041b\u0415\u041d\u041a\u0423 Thuasne"},"content":{"rendered":"<div data-elementor-type=\"wp-post\" data-elementor-id=\"17217\" class=\"elementor elementor-17217\" data-elementor-post-type=\"product\">\n\t\t\t\t\t\t<section class=\"elementor-section elementor-top-section elementor-element elementor-element-29068d4 elementor-section-boxed elementor-section-height-default elementor-section-height-default\" data-id=\"29068d4\" data-element_type=\"section\" data-e-type=\"section\">\n\t\t\t\t\t\t<div class=\"elementor-container elementor-column-gap-default\">\n\t\t\t\t\t<div class=\"elementor-column elementor-col-100 elementor-top-column elementor-element elementor-element-b9ab37e\" data-id=\"b9ab37e\" data-element_type=\"column\" data-e-type=\"column\">\n\t\t\t<div class=\"elementor-widget-wrap elementor-element-populated\">\n\t\t\t\t\t\t<div class=\"elementor-element elementor-element-597e23b elementor-widget elementor-widget-heading\" data-id=\"597e23b\" data-element_type=\"widget\" data-e-type=\"widget\" data-widget_type=\"heading.default\">\n\t\t\t\t<div class=\"elementor-widget-container\">\n\t\t\t\t\t<h2 class=\"elementor-heading-title elementor-size-default\">\u042d\u041b\u0410\u0421\u0422\u0418\u0427\u041d\u042b\u0419 \u0411\u0420\u0410\u0421\u041b\u0415\u0422 \u0414\u041b\u042f \u041a\u041e\u041b\u0415\u041d\u0410 Thuasne GenuExtrem<\/h2>\t\t\t\t<\/div>\n\t\t\t\t<\/div>\n\t\t\t\t\t<\/div>\n\t\t<\/div>\n\t\t\t\t\t<\/div>\n\t\t<\/section>\n\t\t\t\t<section class=\"elementor-section elementor-top-section elementor-element elementor-element-24d9bf5 elementor-section-boxed elementor-section-height-default elementor-section-height-default\" data-id=\"24d9bf5\" data-element_type=\"section\" data-e-type=\"section\">\n\t\t\t\t\t\t<div class=\"elementor-container elementor-column-gap-default\">\n\t\t\t\t\t<div class=\"elementor-column elementor-col-50 elementor-top-column elementor-element elementor-element-df770f4\" data-id=\"df770f4\" data-element_type=\"column\" data-e-type=\"column\">\n\t\t\t<div class=\"elementor-widget-wrap elementor-element-populated\">\n\t\t\t\t\t\t<div class=\"elementor-element elementor-element-f404636 elementor-widget elementor-widget-text-editor\" data-id=\"f404636\" data-element_type=\"widget\" data-e-type=\"widget\" data-widget_type=\"text-editor.default\">\n\t\t\t\t<div class=\"elementor-widget-container\">\n\t\t\t\t\t\t\t\t\t<p><strong>\u041f\u043e\u0434\u0434\u0435\u0440\u0436\u043a\u0430 \u043d\u0430\u0434\u043a\u043e\u043b\u0435\u043d\u043d\u0438\u043a\u0430 Thuasne<\/strong> \u043e\u043a\u0430\u0437\u044b\u0432\u0430\u0435\u0442 \u043b\u043e\u043a\u0430\u043b\u044c\u043d\u043e\u0435 \u0434\u0430\u0432\u043b\u0435\u043d\u0438\u0435 \u043d\u0430 \u0441\u0443\u0445\u043e\u0436\u0438\u043b\u0438\u0435 \u043d\u0430\u0434\u043a\u043e\u043b\u0435\u043d\u043d\u0438\u043a\u0430 \u0438 \u043f\u043e\u0434\u0434\u0435\u0440\u0436\u0438\u0432\u0430\u0435\u0442 \u043d\u0430\u0434\u043a\u043e\u043b\u0435\u043d\u043d\u0438\u043a \u0431\u043b\u0430\u0433\u043e\u0434\u0430\u0440\u044f \u0441\u0432\u043e\u0435\u0439 \u0430\u043d\u0430\u0442\u043e\u043c\u0438\u0447\u0435\u0441\u043a\u043e\u0439 \u0444\u043e\u0440\u043c\u0435.\u00a0<\/p><p><strong>\u0420\u0430\u0437\u043c\u0435\u0440 \u043f\u0440\u043e\u0434\u0443\u043a\u0442\u0430:<\/strong> \u0423\u043d\u0438\u0432\u0435\u0440\u0441\u0430\u043b\u044c\u043d\u044b\u0439<\/p>\t\t\t\t\t\t\t\t<\/div>\n\t\t\t\t<\/div>\n\t\t\t\t\t<\/div>\n\t\t<\/div>\n\t\t\t\t<div class=\"elementor-column elementor-col-50 elementor-top-column elementor-element elementor-element-a384f23\" data-id=\"a384f23\" data-element_type=\"column\" data-e-type=\"column\">\n\t\t\t<div class=\"elementor-widget-wrap elementor-element-populated\">\n\t\t\t\t\t\t<div class=\"elementor-element elementor-element-f5a2729 elementor-widget elementor-widget-image\" data-id=\"f5a2729\" data-element_type=\"widget\" data-e-type=\"widget\" data-widget_type=\"image.default\">\n\t\t\t\t<div class=\"elementor-widget-container\">\n\t\t\t\t\t\t\t\t\t\t\t\t\t\t\t<img fetchpriority=\"high\" decoding=\"async\" width=\"965\" height=\"397\" src=\"https:\/\/ortoteek.ee\/wp-content\/uploads\/2022\/06\/suuruse-tabel.jpg\" class=\"attachment-large size-large wp-image-17225\" alt=\"\" srcset=\"https:\/\/ortoteek.ee\/wp-content\/uploads\/2022\/06\/suuruse-tabel.jpg 965w, https:\/\/ortoteek.ee\/wp-content\/uploads\/2022\/06\/suuruse-tabel-600x247.jpg 600w, https:\/\/ortoteek.ee\/wp-content\/uploads\/2022\/06\/suuruse-tabel-64x26.jpg 64w, https:\/\/ortoteek.ee\/wp-content\/uploads\/2022\/06\/suuruse-tabel-300x123.jpg 300w, https:\/\/ortoteek.ee\/wp-content\/uploads\/2022\/06\/suuruse-tabel-768x316.jpg 768w\" sizes=\"(max-width: 965px) 100vw, 965px\" \/>\t\t\t\t\t\t\t\t\t\t\t\t\t\t\t<\/div>\n\t\t\t\t<\/div>\n\t\t\t\t\t<\/div>\n\t\t<\/div>\n\t\t\t\t\t<\/div>\n\t\t<\/section>\n\t\t\t\t<section class=\"elementor-section elementor-top-section elementor-element elementor-element-7102bd4 elementor-section-boxed elementor-section-height-default elementor-section-height-default\" data-id=\"7102bd4\" data-element_type=\"section\" data-e-type=\"section\">\n\t\t\t\t\t\t<div class=\"elementor-container elementor-column-gap-default\">\n\t\t\t\t\t<div class=\"elementor-column elementor-col-100 elementor-top-column elementor-element elementor-element-f975fdd\" data-id=\"f975fdd\" data-element_type=\"column\" data-e-type=\"column\">\n\t\t\t<div class=\"elementor-widget-wrap elementor-element-populated\">\n\t\t\t\t\t\t<div class=\"elementor-element elementor-element-66b443d elementor-widget elementor-widget-image\" data-id=\"66b443d\" data-element_type=\"widget\" data-e-type=\"widget\" data-widget_type=\"image.default\">\n\t\t\t\t<div class=\"elementor-widget-container\">\n\t\t\t\t\t\t\t\t\t\t\t\t\t\t\t\t<a href=\"https:\/\/www.thuasne.com\/en\/genupro-comfort\">\n\t\t\t\t\t\t\t<img decoding=\"async\" width=\"967\" height=\"994\" src=\"https:\/\/ortoteek.ee\/wp-content\/uploads\/2023\/08\/Thuasne_logo_RGB.png\" class=\"attachment-full size-full wp-image-28899\" alt=\"\" srcset=\"https:\/\/ortoteek.ee\/wp-content\/uploads\/2023\/08\/Thuasne_logo_RGB.png 967w, https:\/\/ortoteek.ee\/wp-content\/uploads\/2023\/08\/Thuasne_logo_RGB-292x300.png 292w, https:\/\/ortoteek.ee\/wp-content\/uploads\/2023\/08\/Thuasne_logo_RGB-768x789.png 768w, https:\/\/ortoteek.ee\/wp-content\/uploads\/2023\/08\/Thuasne_logo_RGB-600x617.png 600w, https:\/\/ortoteek.ee\/wp-content\/uploads\/2023\/08\/Thuasne_logo_RGB-64x66.png 64w\" sizes=\"(max-width: 967px) 100vw, 967px\" \/>\t\t\t\t\t\t\t\t<\/a>\n\t\t\t\t\t\t\t\t\t\t\t\t\t\t\t<\/div>\n\t\t\t\t<\/div>\n\t\t\t\t\t<\/div>\n\t\t<\/div>\n\t\t\t\t\t<\/div>\n\t\t<\/section>\n\t\t\t\t<\/div>","protected":false},"excerpt":{"rendered":"<p>\u0411\u0430\u043d\u0434\u0430\u0436 \u0434\u043b\u044f \u043d\u0430\u0434\u043a\u043e\u043b\u0435\u043d\u043d\u0438\u043a\u0430 Thuasne \u043e\u043a\u0430\u0437\u044b\u0432\u0430\u0435\u0442 \u043b\u043e\u043a\u0430\u043b\u044c\u043d\u043e\u0435 \u0434\u0430\u0432\u043b\u0435\u043d\u0438\u0435 \u043d\u0430 \u0441\u0443\u0445\u043e\u0436\u0438\u043b\u0438\u0435 \u043d\u0430\u0434\u043a\u043e\u043b\u0435\u043d\u043d\u0438\u043a\u0430 \u0438 \u043f\u043e\u0434\u0434\u0435\u0440\u0436\u0438\u0432\u0430\u0435\u0442 \u043d\u0430\u0434\u043a\u043e\u043b\u0435\u043d\u043d\u0438\u043a \u0431\u043b\u0430\u0433\u043e\u0434\u0430\u0440\u044f \u0441\u0432\u043e\u0435\u0439 \u0430\u043d\u0430\u0442\u043e\u043c\u0438\u0447\u0435\u0441\u043a\u043e\u0439 \u0444\u043e\u0440\u043c\u0435.<\/p>\n<p><strong>\u0412 \u0443\u043f\u0430\u043a\u043e\u0432\u043a\u0435: <\/strong>1 \u0442\u043e\u0432\u0430\u0440<br \/>\n<strong>\u0426\u0432\u0435\u0442:\u00a0<\/strong>\u0447\u0435\u0440\u043d\u044b\u0439<\/p>\n<p><em>\u041d\u0430 \u0434\u0430\u043d\u043d\u044b\u0439 \u043f\u0440\u043e\u0434\u0443\u043a\u0442 \u043d\u0435 \u0440\u0430\u0441\u043f\u0440\u043e\u0441\u0442\u0440\u0430\u043d\u044f\u0435\u0442\u0441\u044f \u0441\u043a\u0438\u0434\u043a\u0430 \u043d\u0430 \u0446\u0438\u0444\u0440\u043e\u0432\u044b\u0435 \u0440\u0435\u0446\u0435\u043f\u0442\u0443\u0440\u043d\u044b\u0435 \u043f\u0440\u0435\u043f\u0430\u0440\u0430\u0442\u044b \u0411\u043e\u043b\u044c\u043d\u0438\u0447\u043d\u043e\u0439 \u043a\u0430\u0441\u0441\u044b \u042d\u0441\u0442\u043e\u043d\u0438\u0438.<\/em><\/p>","protected":false},"featured_media":17224,"comment_status":"open","ping_status":"closed","template":"","meta":{"ocean_post_layout":"","ocean_both_sidebars_style":"","ocean_both_sidebars_content_width":0,"ocean_both_sidebars_sidebars_width":0,"ocean_sidebar":"0","ocean_second_sidebar":"0","ocean_disable_margins":"enable","ocean_add_body_class":"","ocean_shortcode_before_top_bar":"","ocean_shortcode_after_top_bar":"","ocean_shortcode_before_header":"","ocean_shortcode_after_header":"","ocean_has_shortcode":"","ocean_shortcode_after_title":"","ocean_shortcode_before_footer_widgets":"","ocean_shortcode_after_footer_widgets":"","ocean_shortcode_before_footer_bottom":"","ocean_shortcode_after_footer_bottom":"","ocean_display_top_bar":"default","ocean_display_header":"default","ocean_header_style":"","ocean_center_header_left_menu":"0","ocean_custom_header_template":"0","ocean_custom_logo":0,"ocean_custom_retina_logo":0,"ocean_custom_logo_max_width":0,"ocean_custom_logo_tablet_max_width":0,"ocean_custom_logo_mobile_max_width":0,"ocean_custom_logo_max_height":0,"ocean_custom_logo_tablet_max_height":0,"ocean_custom_logo_mobile_max_height":0,"ocean_header_custom_menu":"0","ocean_menu_typo_font_family":"0","ocean_menu_typo_font_subset":"","ocean_menu_typo_font_size":0,"ocean_menu_typo_font_size_tablet":0,"ocean_menu_typo_font_size_mobile":0,"ocean_menu_typo_font_size_unit":"px","ocean_menu_typo_font_weight":"","ocean_menu_typo_font_weight_tablet":"","ocean_menu_typo_font_weight_mobile":"","ocean_menu_typo_transform":"","ocean_menu_typo_transform_tablet":"","ocean_menu_typo_transform_mobile":"","ocean_menu_typo_line_height":0,"ocean_menu_typo_line_height_tablet":0,"ocean_menu_typo_line_height_mobile":0,"ocean_menu_typo_line_height_unit":"","ocean_menu_typo_spacing":0,"ocean_menu_typo_spacing_tablet":0,"ocean_menu_typo_spacing_mobile":0,"ocean_menu_typo_spacing_unit":"","ocean_menu_link_color":"","ocean_menu_link_color_hover":"","ocean_menu_link_color_active":"","ocean_menu_link_background":"","ocean_menu_link_hover_background":"","ocean_menu_link_active_background":"","ocean_menu_social_links_bg":"","ocean_menu_social_hover_links_bg":"","ocean_menu_social_links_color":"","ocean_menu_social_hover_links_color":"","ocean_disable_title":"default","ocean_disable_heading":"default","ocean_post_title":"","ocean_post_subheading":"","ocean_post_title_style":"","ocean_post_title_background_color":"","ocean_post_title_background":0,"ocean_post_title_bg_image_position":"","ocean_post_title_bg_image_attachment":"","ocean_post_title_bg_image_repeat":"","ocean_post_title_bg_image_size":"","ocean_post_title_height":0,"ocean_post_title_bg_overlay":0.5,"ocean_post_title_bg_overlay_color":"","ocean_disable_breadcrumbs":"default","ocean_breadcrumbs_color":"","ocean_breadcrumbs_separator_color":"","ocean_breadcrumbs_links_color":"","ocean_breadcrumbs_links_hover_color":"","ocean_display_footer_widgets":"default","ocean_display_footer_bottom":"default","ocean_custom_footer_template":"0"},"product_brand":[2250],"product_cat":[542,636,364,842],"product_tag":[672,353,780,721,722,264,864,863,2268],"class_list":{"0":"post-17217","1":"product","2":"type-product","3":"status-publish","4":"has-post-thumbnail","6":"product_brand-thuasne","7":"product_cat-polvele","8":"product_cat-sport","9":"product_cat-tugisidemed-ortoosid","10":"product_cat-tugisidemed-sportimiseks","11":"product_tag-patella-tugiside","12":"product_tag-polve-valu","13":"product_tag-polvele","14":"product_tag-polveortoosid","15":"product_tag-polvetoed","16":"product_tag-polvevalu","17":"product_tag-tugirihm-paterllale","18":"product_tag-tugiside-patellale","19":"product_tag-tugiside-polvele","21":"entry","22":"has-media","24":"first","25":"instock","26":"taxable","27":"shipping-taxable","28":"purchasable","29":"product-type-simple","30":"has-product-nav","31":"col","32":"span_1_of_4","33":"owp-content-left","34":"owp-thumbs-layout-horizontal","35":"owp-btn-normal","36":"owp-tabs-layout-horizontal"},"yoast_head":"<!-- This site is optimized with the Yoast SEO plugin v27.3 - https:\/\/yoast.com\/product\/yoast-seo-wordpress\/ -->\n<title>PATELLA TUGISIDE Thuasne<\/title>\n<meta name=\"description\" content=\"Thuasne patella tugiside rakendab lokaalset survet p\u00f5lvekedra k\u00f5\u00f5lusele ja toetab oma anatoomilise kuju t\u00f5ttu p\u00f5lveketra. Vaata toodet!\" \/>\n<meta name=\"robots\" content=\"index, follow, max-snippet:-1, max-image-preview:large, max-video-preview:-1\" \/>\n<link rel=\"canonical\" href=\"https:\/\/ortoteek.ee\/ru\/pood\/tugisidemed-ortoosid\/patella-tugiside-thuasne\/\" \/>\n<meta property=\"og:locale\" content=\"ru_RU\" \/>\n<meta property=\"og:type\" content=\"article\" \/>\n<meta property=\"og:title\" content=\"PATELLA TUGISIDE Thuasne\" \/>\n<meta property=\"og:description\" content=\"Thuasne patella tugiside rakendab lokaalset survet p\u00f5lvekedra k\u00f5\u00f5lusele ja toetab oma anatoomilise kuju t\u00f5ttu p\u00f5lveketra. Vaata toodet!\" \/>\n<meta property=\"og:url\" content=\"https:\/\/ortoteek.ee\/ru\/pood\/tugisidemed-ortoosid\/patella-tugiside-thuasne\/\" \/>\n<meta property=\"og:site_name\" content=\"ITAK J\u00e4rve\" \/>\n<meta property=\"article:publisher\" content=\"https:\/\/www.facebook.com\/Ortoteek\" \/>\n<meta property=\"article:modified_time\" content=\"2025-05-02T12:35:51+00:00\" \/>\n<meta property=\"og:image\" content=\"https:\/\/ortoteek.ee\/wp-content\/uploads\/2022\/06\/patella-tugiside.jpg\" \/>\n\t<meta property=\"og:image:width\" content=\"700\" \/>\n\t<meta property=\"og:image:height\" content=\"700\" \/>\n\t<meta property=\"og:image:type\" content=\"image\/jpeg\" \/>\n<meta name=\"twitter:card\" content=\"summary_large_image\" \/>\n<meta name=\"twitter:label1\" content=\"\u0426\u0435\u043d\u0430\" \/>\n\t<meta name=\"twitter:data1\" content=\"30.49&nbsp;&euro;\" \/>\n\t<meta name=\"twitter:label2\" content=\"\u0414\u043e\u0441\u0442\u0443\u043f\u043d\u043e\u0441\u0442\u044c\" \/>\n\t<meta name=\"twitter:data2\" content=\"\u0412 \u043d\u0430\u043b\u0438\u0447\u0438\u0438\" \/>\n<script type=\"application\/ld+json\" class=\"yoast-schema-graph\">{\"@context\":\"https:\\\/\\\/schema.org\",\"@graph\":[{\"@type\":\"WebPage\",\"@id\":\"https:\\\/\\\/ortoteek.ee\\\/pood\\\/tugisidemed-ortoosid\\\/patella-tugiside-thuasne\\\/\",\"url\":\"https:\\\/\\\/ortoteek.ee\\\/pood\\\/tugisidemed-ortoosid\\\/patella-tugiside-thuasne\\\/\",\"name\":\"PATELLA TUGISIDE Thuasne\",\"isPartOf\":{\"@id\":\"https:\\\/\\\/ortoteek.ee\\\/#website\"},\"primaryImageOfPage\":{\"@id\":\"https:\\\/\\\/ortoteek.ee\\\/pood\\\/tugisidemed-ortoosid\\\/patella-tugiside-thuasne\\\/#primaryimage\"},\"image\":{\"@id\":\"https:\\\/\\\/ortoteek.ee\\\/pood\\\/tugisidemed-ortoosid\\\/patella-tugiside-thuasne\\\/#primaryimage\"},\"thumbnailUrl\":\"https:\\\/\\\/ortoteek.ee\\\/wp-content\\\/uploads\\\/2022\\\/06\\\/patella-tugiside.jpg\",\"datePublished\":\"2022-06-20T13:48:05+00:00\",\"dateModified\":\"2025-05-02T12:35:51+00:00\",\"description\":\"Thuasne patella tugiside rakendab lokaalset survet p\u00f5lvekedra k\u00f5\u00f5lusele ja toetab oma anatoomilise kuju t\u00f5ttu p\u00f5lveketra. Vaata toodet!\",\"breadcrumb\":{\"@id\":\"https:\\\/\\\/ortoteek.ee\\\/pood\\\/tugisidemed-ortoosid\\\/patella-tugiside-thuasne\\\/#breadcrumb\"},\"inLanguage\":\"ru-RU\",\"potentialAction\":[{\"@type\":\"ReadAction\",\"target\":[\"https:\\\/\\\/ortoteek.ee\\\/pood\\\/tugisidemed-ortoosid\\\/patella-tugiside-thuasne\\\/\"]}]},{\"@type\":\"ImageObject\",\"inLanguage\":\"ru-RU\",\"@id\":\"https:\\\/\\\/ortoteek.ee\\\/pood\\\/tugisidemed-ortoosid\\\/patella-tugiside-thuasne\\\/#primaryimage\",\"url\":\"https:\\\/\\\/ortoteek.ee\\\/wp-content\\\/uploads\\\/2022\\\/06\\\/patella-tugiside.jpg\",\"contentUrl\":\"https:\\\/\\\/ortoteek.ee\\\/wp-content\\\/uploads\\\/2022\\\/06\\\/patella-tugiside.jpg\",\"width\":700,\"height\":700},{\"@type\":\"BreadcrumbList\",\"@id\":\"https:\\\/\\\/ortoteek.ee\\\/pood\\\/tugisidemed-ortoosid\\\/patella-tugiside-thuasne\\\/#breadcrumb\",\"itemListElement\":[{\"@type\":\"ListItem\",\"position\":1,\"name\":\"Avaleht\",\"item\":\"https:\\\/\\\/ortoteek.ee\\\/\"},{\"@type\":\"ListItem\",\"position\":2,\"name\":\"Ortoosid\",\"item\":\"https:\\\/\\\/ortoteek.ee\\\/pood\\\/\"},{\"@type\":\"ListItem\",\"position\":3,\"name\":\"Tugisidemed ja ortoosid\",\"item\":\"https:\\\/\\\/ortoteek.ee\\\/tootekategooria\\\/tugisidemed-ortoosid\\\/\"},{\"@type\":\"ListItem\",\"position\":4,\"name\":\"PATELLA TUGISIDE Thuasne\"}]},{\"@type\":\"WebSite\",\"@id\":\"https:\\\/\\\/ortoteek.ee\\\/#website\",\"url\":\"https:\\\/\\\/ortoteek.ee\\\/\",\"name\":\"ITAK J\u00e4rve\",\"description\":\"ORTOPEEDILISED TEENUSED JA TOOTED TRAUMALE JA IGAP\u00c4EVASEKS KASUTAMISEKS\",\"publisher\":{\"@id\":\"https:\\\/\\\/ortoteek.ee\\\/#organization\"},\"alternateName\":\"Ortoteek\",\"potentialAction\":[{\"@type\":\"SearchAction\",\"target\":{\"@type\":\"EntryPoint\",\"urlTemplate\":\"https:\\\/\\\/ortoteek.ee\\\/?s={search_term_string}\"},\"query-input\":{\"@type\":\"PropertyValueSpecification\",\"valueRequired\":true,\"valueName\":\"search_term_string\"}}],\"inLanguage\":\"ru-RU\"},{\"@type\":\"Organization\",\"@id\":\"https:\\\/\\\/ortoteek.ee\\\/#organization\",\"name\":\"Ortoteek O\u00dc\",\"alternateName\":\"Ortoteek Eesti\",\"url\":\"https:\\\/\\\/ortoteek.ee\\\/\",\"logo\":{\"@type\":\"ImageObject\",\"inLanguage\":\"ru-RU\",\"@id\":\"https:\\\/\\\/ortoteek.ee\\\/#\\\/schema\\\/logo\\\/image\\\/\",\"url\":\"https:\\\/\\\/ortoteek.ee\\\/wp-content\\\/uploads\\\/2023\\\/07\\\/logo_ortoteek_icon.jpg\",\"contentUrl\":\"https:\\\/\\\/ortoteek.ee\\\/wp-content\\\/uploads\\\/2023\\\/07\\\/logo_ortoteek_icon.jpg\",\"width\":900,\"height\":874,\"caption\":\"Ortoteek O\u00dc\"},\"image\":{\"@id\":\"https:\\\/\\\/ortoteek.ee\\\/#\\\/schema\\\/logo\\\/image\\\/\"},\"sameAs\":[\"https:\\\/\\\/www.facebook.com\\\/Ortoteek\",\"https:\\\/\\\/www.instagram.com\\\/ortoteek\\\/\"],\"hasMerchantReturnPolicy\":{\"@type\":\"MerchantReturnPolicy\",\"merchantReturnLink\":\"https:\\\/\\\/ortoteek.ee\\\/ru\\\/pood\\\/toote-tagastamine\\\/\"}}]}<\/script>\n<meta property=\"product:brand\" content=\"Thuasne\" \/>\n<meta property=\"product:price:amount\" content=\"30.49\" \/>\n<meta property=\"product:price:currency\" content=\"EUR\" \/>\n<meta property=\"og:availability\" content=\"instock\" \/>\n<meta property=\"product:availability\" content=\"instock\" \/>\n<meta property=\"product:condition\" content=\"new\" \/>\n<!-- \/ Yoast SEO plugin. -->","yoast_head_json":{"title":"\u041a\u0420\u041e\u041d\u0428\u0422\u0415\u0419\u041d \u041d\u0410 \u041a\u041e\u041b\u0415\u041d\u041a\u0423 Thuasne","description":"\u041f\u043e\u0434\u0434\u0435\u0440\u0436\u0438\u0432\u0430\u044e\u0449\u0438\u0439 \u0431\u0430\u043d\u0434\u0430\u0436 \u043d\u0430\u0434\u043a\u043e\u043b\u0435\u043d\u043d\u0438\u043a\u0430 Thuasne \u043e\u043a\u0430\u0437\u044b\u0432\u0430\u0435\u0442 \u043b\u043e\u043a\u0430\u043b\u044c\u043d\u043e\u0435 \u0434\u0430\u0432\u043b\u0435\u043d\u0438\u0435 \u043d\u0430 \u0441\u0443\u0445\u043e\u0436\u0438\u043b\u0438\u0435 \u043d\u0430\u0434\u043a\u043e\u043b\u0435\u043d\u043d\u0438\u043a\u0430 \u0438 \u043f\u043e\u0434\u0434\u0435\u0440\u0436\u0438\u0432\u0430\u0435\u0442 \u0435\u0433\u043e \u0431\u043b\u0430\u0433\u043e\u0434\u0430\u0440\u044f \u0441\u0432\u043e\u0435\u0439 \u0430\u043d\u0430\u0442\u043e\u043c\u0438\u0447\u0435\u0441\u043a\u043e\u0439 \u0444\u043e\u0440\u043c\u0435. \u041f\u043e\u0441\u043c\u043e\u0442\u0440\u0435\u0442\u044c \u0442\u043e\u0432\u0430\u0440!","robots":{"index":"index","follow":"follow","max-snippet":"max-snippet:-1","max-image-preview":"max-image-preview:large","max-video-preview":"max-video-preview:-1"},"canonical":"https:\/\/ortoteek.ee\/ru\/pood\/tugisidemed-ortoosid\/patella-tugiside-thuasne\/","og_locale":"ru_RU","og_type":"article","og_title":"PATELLA TUGISIDE Thuasne","og_description":"Thuasne patella tugiside rakendab lokaalset survet p\u00f5lvekedra k\u00f5\u00f5lusele ja toetab oma anatoomilise kuju t\u00f5ttu p\u00f5lveketra. Vaata toodet!","og_url":"https:\/\/ortoteek.ee\/ru\/pood\/tugisidemed-ortoosid\/patella-tugiside-thuasne\/","og_site_name":"ITAK J\u00e4rve","article_publisher":"https:\/\/www.facebook.com\/Ortoteek","article_modified_time":"2025-05-02T12:35:51+00:00","og_image":[{"width":700,"height":700,"url":"https:\/\/ortoteek.ee\/wp-content\/uploads\/2022\/06\/patella-tugiside.jpg","type":"image\/jpeg"}],"twitter_card":"summary_large_image","twitter_misc":{"\u0426\u0435\u043d\u0430":"30.49&nbsp;&euro;","\u0414\u043e\u0441\u0442\u0443\u043f\u043d\u043e\u0441\u0442\u044c":"\u0412 \u043d\u0430\u043b\u0438\u0447\u0438\u0438"},"schema":{"@context":"https:\/\/schema.org","@graph":[{"@type":"WebPage","@id":"https:\/\/ortoteek.ee\/pood\/tugisidemed-ortoosid\/patella-tugiside-thuasne\/","url":"https:\/\/ortoteek.ee\/pood\/tugisidemed-ortoosid\/patella-tugiside-thuasne\/","name":"\u041a\u0420\u041e\u041d\u0428\u0422\u0415\u0419\u041d \u041d\u0410 \u041a\u041e\u041b\u0415\u041d\u041a\u0423 Thuasne","isPartOf":{"@id":"https:\/\/ortoteek.ee\/#website"},"primaryImageOfPage":{"@id":"https:\/\/ortoteek.ee\/pood\/tugisidemed-ortoosid\/patella-tugiside-thuasne\/#primaryimage"},"image":{"@id":"https:\/\/ortoteek.ee\/pood\/tugisidemed-ortoosid\/patella-tugiside-thuasne\/#primaryimage"},"thumbnailUrl":"https:\/\/ortoteek.ee\/wp-content\/uploads\/2022\/06\/patella-tugiside.jpg","datePublished":"2022-06-20T13:48:05+00:00","dateModified":"2025-05-02T12:35:51+00:00","description":"\u041f\u043e\u0434\u0434\u0435\u0440\u0436\u0438\u0432\u0430\u044e\u0449\u0438\u0439 \u0431\u0430\u043d\u0434\u0430\u0436 \u043d\u0430\u0434\u043a\u043e\u043b\u0435\u043d\u043d\u0438\u043a\u0430 Thuasne \u043e\u043a\u0430\u0437\u044b\u0432\u0430\u0435\u0442 \u043b\u043e\u043a\u0430\u043b\u044c\u043d\u043e\u0435 \u0434\u0430\u0432\u043b\u0435\u043d\u0438\u0435 \u043d\u0430 \u0441\u0443\u0445\u043e\u0436\u0438\u043b\u0438\u0435 \u043d\u0430\u0434\u043a\u043e\u043b\u0435\u043d\u043d\u0438\u043a\u0430 \u0438 \u043f\u043e\u0434\u0434\u0435\u0440\u0436\u0438\u0432\u0430\u0435\u0442 \u0435\u0433\u043e \u0431\u043b\u0430\u0433\u043e\u0434\u0430\u0440\u044f \u0441\u0432\u043e\u0435\u0439 \u0430\u043d\u0430\u0442\u043e\u043c\u0438\u0447\u0435\u0441\u043a\u043e\u0439 \u0444\u043e\u0440\u043c\u0435. \u041f\u043e\u0441\u043c\u043e\u0442\u0440\u0435\u0442\u044c \u0442\u043e\u0432\u0430\u0440!","breadcrumb":{"@id":"https:\/\/ortoteek.ee\/pood\/tugisidemed-ortoosid\/patella-tugiside-thuasne\/#breadcrumb"},"inLanguage":"ru-RU","potentialAction":[{"@type":"ReadAction","target":["https:\/\/ortoteek.ee\/pood\/tugisidemed-ortoosid\/patella-tugiside-thuasne\/"]}]},{"@type":"ImageObject","inLanguage":"ru-RU","@id":"https:\/\/ortoteek.ee\/pood\/tugisidemed-ortoosid\/patella-tugiside-thuasne\/#primaryimage","url":"https:\/\/ortoteek.ee\/wp-content\/uploads\/2022\/06\/patella-tugiside.jpg","contentUrl":"https:\/\/ortoteek.ee\/wp-content\/uploads\/2022\/06\/patella-tugiside.jpg","width":700,"height":700},{"@type":"BreadcrumbList","@id":"https:\/\/ortoteek.ee\/pood\/tugisidemed-ortoosid\/patella-tugiside-thuasne\/#breadcrumb","itemListElement":[{"@type":"ListItem","position":1,"name":"Avaleht","item":"https:\/\/ortoteek.ee\/"},{"@type":"ListItem","position":2,"name":"Ortoosid","item":"https:\/\/ortoteek.ee\/pood\/"},{"@type":"ListItem","position":3,"name":"Tugisidemed ja ortoosid","item":"https:\/\/ortoteek.ee\/tootekategooria\/tugisidemed-ortoosid\/"},{"@type":"ListItem","position":4,"name":"PATELLA TUGISIDE Thuasne"}]},{"@type":"WebSite","@id":"https:\/\/ortoteek.ee\/#website","url":"https:\/\/ortoteek.ee\/","name":"ITAK J\u00e4rve","description":"\u041e\u0420\u0422\u041e\u041f\u0415\u0414\u0418\u0427\u0415\u0421\u041a\u0418\u0415 \u0423\u0421\u041b\u0423\u0413\u0418 \u0418 \u0418\u0417\u0414\u0415\u041b\u0418\u042f \u0414\u041b\u042f \u0422\u0420\u0410\u0412\u041c \u0418 \u041f\u041e\u0412\u0421\u0415\u0414\u041d\u0415\u0412\u041d\u041e\u0413\u041e \u0418\u0421\u041f\u041e\u041b\u042c\u0417\u041e\u0412\u0410\u041d\u0418\u042f","publisher":{"@id":"https:\/\/ortoteek.ee\/#organization"},"alternateName":"Ortoteek","potentialAction":[{"@type":"SearchAction","target":{"@type":"EntryPoint","urlTemplate":"https:\/\/ortoteek.ee\/?s={search_term_string}"},"query-input":{"@type":"PropertyValueSpecification","valueRequired":true,"valueName":"search_term_string"}}],"inLanguage":"ru-RU"},{"@type":"Organization","@id":"https:\/\/ortoteek.ee\/#organization","name":"\u041e\u0440\u0442\u043e\u0442\u0435\u043a O\u00dc","alternateName":"Ortoteek Eesti","url":"https:\/\/ortoteek.ee\/","logo":{"@type":"ImageObject","inLanguage":"ru-RU","@id":"https:\/\/ortoteek.ee\/#\/schema\/logo\/image\/","url":"https:\/\/ortoteek.ee\/wp-content\/uploads\/2023\/07\/logo_ortoteek_icon.jpg","contentUrl":"https:\/\/ortoteek.ee\/wp-content\/uploads\/2023\/07\/logo_ortoteek_icon.jpg","width":900,"height":874,"caption":"Ortoteek O\u00dc"},"image":{"@id":"https:\/\/ortoteek.ee\/#\/schema\/logo\/image\/"},"sameAs":["https:\/\/www.facebook.com\/Ortoteek","https:\/\/www.instagram.com\/ortoteek\/"],"hasMerchantReturnPolicy":{"@type":"MerchantReturnPolicy","merchantReturnLink":"https:\/\/ortoteek.ee\/ru\/pood\/toote-tagastamine\/"}}]},"product_brand":"Thuasne","product_price_amount":"30.49","product_price_currency":"EUR","og_availability":"instock","product_availability":"instock","product_condition":"new"},"_links":{"self":[{"href":"https:\/\/ortoteek.ee\/ru\/wp-json\/wp\/v2\/product\/17217","targetHints":{"allow":["GET"]}}],"collection":[{"href":"https:\/\/ortoteek.ee\/ru\/wp-json\/wp\/v2\/product"}],"about":[{"href":"https:\/\/ortoteek.ee\/ru\/wp-json\/wp\/v2\/types\/product"}],"replies":[{"embeddable":true,"href":"https:\/\/ortoteek.ee\/ru\/wp-json\/wp\/v2\/comments?post=17217"}],"version-history":[{"count":1,"href":"https:\/\/ortoteek.ee\/ru\/wp-json\/wp\/v2\/product\/17217\/revisions"}],"predecessor-version":[{"id":38547,"href":"https:\/\/ortoteek.ee\/ru\/wp-json\/wp\/v2\/product\/17217\/revisions\/38547"}],"wp:featuredmedia":[{"embeddable":true,"href":"https:\/\/ortoteek.ee\/ru\/wp-json\/wp\/v2\/media\/17224"}],"wp:attachment":[{"href":"https:\/\/ortoteek.ee\/ru\/wp-json\/wp\/v2\/media?parent=17217"}],"wp:term":[{"taxonomy":"product_brand","embeddable":true,"href":"https:\/\/ortoteek.ee\/ru\/wp-json\/wp\/v2\/product_brand?post=17217"},{"taxonomy":"product_cat","embeddable":true,"href":"https:\/\/ortoteek.ee\/ru\/wp-json\/wp\/v2\/product_cat?post=17217"},{"taxonomy":"product_tag","embeddable":true,"href":"https:\/\/ortoteek.ee\/ru\/wp-json\/wp\/v2\/product_tag?post=17217"}],"curies":[{"name":"WP","href":"https:\/\/api.w.org\/{rel}","templated":true}]}}