{"id":40509,"date":"2025-07-09T16:22:35","date_gmt":"2025-07-09T13:22:35","guid":{"rendered":"https:\/\/ortoteek.ee\/?page_id=40509"},"modified":"2025-07-09T16:52:02","modified_gmt":"2025-07-09T13:52:02","slug":"tasuta-noustamine","status":"publish","type":"page","link":"https:\/\/ortoteek.ee\/ru\/kontakt\/tasuta-noustamine\/","title":{"rendered":"\u0411\u0435\u0441\u043f\u043b\u0430\u0442\u043d\u0430\u044f \u043a\u043e\u043d\u0441\u0443\u043b\u044c\u0442\u0430\u0446\u0438\u044f"},"content":{"rendered":"<div data-elementor-type=\"wp-page\" data-elementor-id=\"40509\" class=\"elementor elementor-40509\" data-elementor-post-type=\"page\">\n\t\t\t\t\t\t<section class=\"elementor-section elementor-top-section elementor-element elementor-element-bbf4d45 elementor-section-boxed elementor-section-height-default elementor-section-height-default\" data-id=\"bbf4d45\" data-element_type=\"section\" data-e-type=\"section\">\n\t\t\t\t\t\t<div class=\"elementor-container elementor-column-gap-default\">\n\t\t\t\t\t<div class=\"elementor-column elementor-col-100 elementor-top-column elementor-element elementor-element-deb46aa\" data-id=\"deb46aa\" data-element_type=\"column\" data-e-type=\"column\">\n\t\t\t<div class=\"elementor-widget-wrap elementor-element-populated\">\n\t\t\t\t\t\t<div class=\"elementor-element elementor-element-f28a845 elementor-widget elementor-widget-text-editor\" data-id=\"f28a845\" data-element_type=\"widget\" data-e-type=\"widget\" data-widget_type=\"text-editor.default\">\n\t\t\t\t<div class=\"elementor-widget-container\">\n\t\t\t\t\t\t\t\t\t<h1 data-start=\"148\" data-end=\"168\"><strong>\u0411\u0415\u0421\u041f\u041b\u0410\u0422\u041d\u0410\u042f \u041a\u041e\u041d\u0421\u0423\u041b\u042c\u0422\u0410\u0426\u0418\u042f<\/strong><\/h1><p data-start=\"282\" data-end=\"506\">\u0415\u0441\u043b\u0438 \u0432\u044b \u043d\u0435 \u0443\u0432\u0435\u0440\u0435\u043d\u044b, \u043a\u0430\u043a\u0430\u044f \u0438\u043c\u0435\u043d\u043d\u043e \u043f\u043e\u043c\u043e\u0449\u044c \u0432\u0430\u043c \u043d\u0443\u0436\u043d\u0430 \u0438\u043b\u0438 \u043a\u0430\u043a \u043f\u0440\u0438\u043e\u0431\u0440\u0435\u0441\u0442\u0438 \u0442\u043e\u0432\u0430\u0440 \u043f\u043e \u0446\u0438\u0444\u0440\u043e\u0432\u043e\u043c\u0443 \u0440\u0435\u0446\u0435\u043f\u0442\u0443, \u043c\u044b \u043c\u043e\u0436\u0435\u043c \u043f\u043e\u043c\u043e\u0447\u044c. \u041a\u043e\u043d\u0441\u0443\u043b\u044c\u0442\u0430\u0446\u0438\u044f \u0431\u0435\u0441\u043f\u043b\u0430\u0442\u043d\u0430 \u2014 \u0431\u0443\u0434\u044c \u0442\u043e \u043b\u0435\u0447\u0435\u043d\u0438\u0435 \u0431\u043e\u043b\u0438 \u0432 \u0441\u0443\u0441\u0442\u0430\u0432\u0430\u0445, \u0432\u043e\u0441\u0441\u0442\u0430\u043d\u043e\u0432\u043b\u0435\u043d\u0438\u0435, \u0443\u043b\u0443\u0447\u0448\u0435\u043d\u0438\u0435 \u043e\u0441\u0430\u043d\u043a\u0438 \u043d\u0430 \u0440\u0430\u0431\u043e\u0442\u0435 \u0438\u043b\u0438 \u043f\u0440\u043e\u0444\u0438\u043b\u0430\u043a\u0442\u0438\u043a\u0430.<\/p><p data-start=\"508\" data-end=\"609\">\ud83d\udcac <strong data-start=\"511\" data-end=\"609\">\u041c\u044b \u043f\u0440\u0435\u0434\u043e\u0441\u0442\u0430\u0432\u043b\u044f\u0435\u043c \u0431\u0435\u0441\u043f\u043b\u0430\u0442\u043d\u044b\u0435 \u043a\u043e\u043d\u0441\u0443\u043b\u044c\u0442\u0430\u0446\u0438\u0438 \u043a\u0430\u043a \u0432 \u0438\u043d\u0442\u0435\u0440\u043d\u0435\u0442-\u043c\u0430\u0433\u0430\u0437\u0438\u043d\u0435 (\u043f\u043e \u0442\u0435\u043b\u0435\u0444\u043e\u043d\u0443, <a href=\"\u0442\u0435\u043b\u0435\u0444\u043e\u043d: +37257878830\">+37257878830<\/a>), \u0430 \u0442\u0430\u043a\u0436\u0435 \u0434\u043b\u044f \u043f\u043e\u043a\u0443\u043f\u043e\u043a \u0432 \u043e\u0440\u0442\u043e\u043f\u0435\u0434\u0438\u0447\u0435\u0441\u043a\u043e\u0439 \u0430\u043f\u0442\u0435\u043a\u0435.\u00a0<\/strong><\/p><hr data-start=\"611\" data-end=\"614\" \/><h2 data-start=\"616\" data-end=\"649\"><strong>\u041a\u043e\u0433\u0434\u0430 \u0441\u0442\u043e\u0438\u0442 \u043e\u0431\u0440\u0430\u0442\u0438\u0442\u044c\u0441\u044f \u0437\u0430 \u0441\u043e\u0432\u0435\u0442\u043e\u043c?<\/strong><\/h2><ul data-start=\"651\" data-end=\"1093\"><li data-start=\"651\" data-end=\"716\"><p data-start=\"653\" data-end=\"716\">\u0425\u043e\u0442\u0438\u0442\u0435 \u0443\u0437\u043d\u0430\u0442\u044c, \u043a\u0430\u043a\u043e\u0439 \u043e\u0440\u0442\u0435\u0437 \u0438\u043b\u0438 \u043f\u043e\u0434\u0434\u0435\u0440\u0436\u043a\u0430 \u043f\u043e\u0434\u043e\u0439\u0434\u0435\u0442 \u0432\u0430\u043c\/\u0432\u0430\u0448\u0435\u043c\u0443 \u0440\u0435\u0431\u0435\u043d\u043a\u0443\/\u0432\u0430\u0448\u0435\u043c\u0443 \u0431\u043b\u0438\u0437\u043a\u043e\u043c\u0443 \u0447\u0435\u043b\u043e\u0432\u0435\u043a\u0443 \u043f\u0440\u0438 \u0438\u043c\u0435\u044e\u0449\u0438\u0445\u0441\u044f \u0443 \u043d\u0435\u0433\u043e \u0436\u0430\u043b\u043e\u0431\u0430\u0445?<\/p><\/li><li data-start=\"717\" data-end=\"790\"><p data-start=\"719\" data-end=\"790\">\u0412\u044b \u0438\u0449\u0435\u0442\u0435 \u043f\u043e\u0434\u0445\u043e\u0434\u044f\u0449\u0438\u0435 \u043a\u043e\u043c\u043f\u0440\u0435\u0441\u0441\u0438\u043e\u043d\u043d\u044b\u0435 \u0447\u0443\u043b\u043a\u0438, \u043d\u043e \u043d\u0435 \u0437\u043d\u0430\u0435\u0442\u0435, \u043a\u0430\u043a\u0438\u0435 \u0432\u044b\u0431\u0440\u0430\u0442\u044c?<\/p><\/li><li data-start=\"791\" data-end=\"877\"><p data-start=\"793\" data-end=\"877\">\u0423 \u0432\u0430\u0441 \u0435\u0441\u0442\u044c \u0446\u0438\u0444\u0440\u043e\u0432\u043e\u0439 \u0440\u0435\u0446\u0435\u043f\u0442, \u043d\u043e \u0432\u044b \u043d\u0435 \u0437\u043d\u0430\u0435\u0442\u0435, \u043a\u0430\u043a\u0438\u0435 \u0441\u0440\u0435\u0434\u0441\u0442\u0432\u0430 \u0438 \u043a\u0430\u043a \u043c\u043e\u0436\u043d\u043e \u043f\u0440\u0438\u043e\u0431\u0440\u0435\u0441\u0442\u0438?<\/p><\/li><li data-start=\"878\" data-end=\"961\"><p data-start=\"880\" data-end=\"961\">\u0425\u043e\u0442\u0438\u0442\u0435 \u043b\u0438 \u0432\u044b \u043f\u0440\u0435\u0434\u043e\u0442\u0432\u0440\u0430\u0442\u0438\u0442\u044c \u043f\u0440\u043e\u0431\u043b\u0435\u043c\u044b \u0441\u043e \u0441\u0442\u043e\u043f\u0430\u043c\u0438 \u0438 \u0443\u0437\u043d\u0430\u0442\u044c, \u043c\u043e\u0433\u0443\u0442 \u043b\u0438 \u0432\u0430\u043c \u043f\u043e\u043c\u043e\u0447\u044c \u0441\u0443\u043f\u0438\u043d\u0430\u0442\u043e\u0440\u044b?<\/p><\/li><li data-start=\"962\" data-end=\"1027\"><p data-start=\"964\" data-end=\"1027\">\u0420\u0435\u0431\u0435\u043d\u043e\u043a \u0436\u0430\u043b\u0443\u0435\u0442\u0441\u044f \u043d\u0430 \u0431\u043e\u043b\u0438 \u0432 \u043d\u043e\u0433\u0430\u0445 \u2014 \u0441\u043b\u0435\u0434\u0443\u0435\u0442 \u043b\u0438 \u043e\u0431\u0440\u0430\u0442\u0438\u0442\u044c\u0441\u044f \u043a \u0441\u043f\u0435\u0446\u0438\u0430\u043b\u0438\u0441\u0442\u0443?<\/p><\/li><li data-start=\"1028\" data-end=\"1093\"><p data-start=\"1030\" data-end=\"1093\">\u0425\u043e\u0442\u0438\u0442\u0435 \u0443\u0437\u043d\u0430\u0442\u044c, \u043f\u043e\u043c\u043e\u0436\u0435\u0442 \u043b\u0438 \u0432\u0430\u043c \u043e\u0440\u0442\u0435\u0437 \u0434\u043b\u044f \u0437\u0430\u043f\u044f\u0441\u0442\u044c\u044f \u043f\u0440\u0438 \u0431\u043e\u043b\u044f\u0445 \u0432 \u0437\u0430\u043f\u044f\u0441\u0442\u044c\u0435, \u0432\u043e\u0437\u043d\u0438\u043a\u0430\u044e\u0449\u0438\u0445 \u043d\u0430 \u0440\u0430\u0431\u043e\u0442\u0435 \u043f\u0440\u0438 \u0438\u0441\u043f\u043e\u043b\u044c\u0437\u043e\u0432\u0430\u043d\u0438\u0438 \u043a\u043e\u043c\u043f\u044c\u044e\u0442\u0435\u0440\u043d\u043e\u0439 \u043c\u044b\u0448\u0438?<\/p><\/li><\/ul><hr data-start=\"1095\" data-end=\"1098\" \/><h2 data-start=\"1100\" data-end=\"1136\"><strong>\u041a\u0430\u043a \u0440\u0430\u0431\u043e\u0442\u0430\u0435\u0442 \u0431\u0435\u0441\u043f\u043b\u0430\u0442\u043d\u0430\u044f \u043a\u043e\u043d\u0441\u0443\u043b\u044c\u0442\u0430\u0446\u0438\u044f?<\/strong><\/h2><p data-start=\"1138\" data-end=\"1427\">\ud83d\udcde <strong data-start=\"1141\" data-end=\"1156\">\u041f\u043e \u0442\u0435\u043b\u0435\u0444\u043e\u043d\u0443<\/strong> \u2013 \u043f\u043e\u0437\u0432\u043e\u043d\u0438\u0442\u0435 \u043d\u0430\u043c \u0438 \u0434\u0430\u0432\u0430\u0439\u0442\u0435 \u043e\u0431\u0441\u0443\u0434\u0438\u043c, \u0447\u0442\u043e \u0432\u0430\u0441 \u0431\u0435\u0441\u043f\u043e\u043a\u043e\u0438\u0442. \u0422\u0435\u043b\u0435\u0444\u043e\u043d <strong><span style=\"color: #ff0000;\"><a style=\"color: #ff0000;\" href=\"\u0442\u0435\u043b\u0435\u0444\u043e\u043d: +37257878830\">+372 57878830<\/a><\/span><\/strong><br data-start=\"1211\" data-end=\"1214\" \/>\ud83d\udcbb <strong data-start=\"1217\" data-end=\"1233\">\u041f\u043e \u044d\u043b\u0435\u043a\u0442\u0440\u043e\u043d\u043d\u043e\u0439 \u043f\u043e\u0447\u0442\u0435<\/strong> \u2013 \u043e\u043f\u0438\u0448\u0438\u0442\u0435 \u0432\u0430\u0448\u0443 \u043f\u0440\u043e\u0431\u043b\u0435\u043c\u0443 \u0438 \u043f\u043e\u043b\u0443\u0447\u0438\u0442\u0435 \u043e\u0442\u0432\u0435\u0442 \u043d\u0435\u043f\u043e\u0441\u0440\u0435\u0434\u0441\u0442\u0432\u0435\u043d\u043d\u043e \u043e\u0442 \u0441\u043f\u0435\u0446\u0438\u0430\u043b\u0438\u0441\u0442\u0430 \u2013 <span style=\"color: #ff0000;\"><strong><a style=\"color: #ff0000;\" href=\"mailto:info@ortoteek.ee\">info@ortoteek.ee<\/a><\/strong><\/span>.<br data-start=\"1291\" data-end=\"1294\" \/>\ud83d\udccd <strong data-start=\"1371\" data-end=\"1398\">\u041d\u0430 \u043c\u0435\u0441\u0442\u0435 \u0432 \u043d\u0430\u0448\u0435\u043c \u043e\u0444\u0438\u0441\u0435 <span style=\"color: #ff0000;\"><a style=\"color: #ff0000;\" href=\"https:\/\/ortoteek.ee\/kontakt\/\">\u0412 \u0422\u0430\u043b\u043b\u0438\u043d\u043d\u0435, \u042f\u0440\u0432\u0435 2<\/a><\/span><\/strong>\u00a0\u2013 \u043d\u0435 \u0441\u0442\u0435\u0441\u043d\u044f\u0439\u0442\u0435\u0441\u044c \u043f\u0440\u0438\u0445\u043e\u0434\u0438\u0442\u044c \u0438 \u0441\u043f\u0440\u0430\u0448\u0438\u0432\u0430\u0442\u044c \u0441\u043e\u0432\u0435\u0442\u0430!<\/p>\t\t\t\t\t\t\t\t<\/div>\n\t\t\t\t<\/div>\n\t\t\t\t\t<\/div>\n\t\t<\/div>\n\t\t\t\t\t<\/div>\n\t\t<\/section>\n\t\t\t\t<\/div>","protected":false},"excerpt":{"rendered":"<p>TASUTA N\u00d5USTAMINE Kui sa ei tea t\u00e4pselt, millist abivahendit vajad v\u00f5i kuidas osta toodet digiretsepti kasutades, saame aidata. N\u00f5ustamine on tasuta \u2013 olgu tegemist liigesevalu, taastumise, t\u00f6\u00f6asendi parandamise v\u00f5i hoopis ennetamisega. \ud83d\udcac N\u00f5ustame tasuta nii e-poes (telefoni teel, +37257878830) kui ka ortoosiapteeki ostude puhul.\u00a0 Millal tasub k\u00fcsida n\u00f5u? Soovid teada, milline ortoos v\u00f5i tugiside sobib [&hellip;]<\/p>\n","protected":false},"author":3,"featured_media":0,"parent":5159,"menu_order":0,"comment_status":"closed","ping_status":"closed","template":"","meta":{"ocean_post_layout":"","ocean_both_sidebars_style":"","ocean_both_sidebars_content_width":0,"ocean_both_sidebars_sidebars_width":0,"ocean_sidebar":"","ocean_second_sidebar":"","ocean_disable_margins":"enable","ocean_add_body_class":"","ocean_shortcode_before_top_bar":"","ocean_shortcode_after_top_bar":"","ocean_shortcode_before_header":"","ocean_shortcode_after_header":"","ocean_has_shortcode":"","ocean_shortcode_after_title":"","ocean_shortcode_before_footer_widgets":"","ocean_shortcode_after_footer_widgets":"","ocean_shortcode_before_footer_bottom":"","ocean_shortcode_after_footer_bottom":"","ocean_display_top_bar":"default","ocean_display_header":"default","ocean_header_style":"","ocean_center_header_left_menu":"","ocean_custom_header_template":"","ocean_custom_logo":0,"ocean_custom_retina_logo":0,"ocean_custom_logo_max_width":0,"ocean_custom_logo_tablet_max_width":0,"ocean_custom_logo_mobile_max_width":0,"ocean_custom_logo_max_height":0,"ocean_custom_logo_tablet_max_height":0,"ocean_custom_logo_mobile_max_height":0,"ocean_header_custom_menu":"","ocean_menu_typo_font_family":"","ocean_menu_typo_font_subset":"","ocean_menu_typo_font_size":0,"ocean_menu_typo_font_size_tablet":0,"ocean_menu_typo_font_size_mobile":0,"ocean_menu_typo_font_size_unit":"px","ocean_menu_typo_font_weight":"","ocean_menu_typo_font_weight_tablet":"","ocean_menu_typo_font_weight_mobile":"","ocean_menu_typo_transform":"","ocean_menu_typo_transform_tablet":"","ocean_menu_typo_transform_mobile":"","ocean_menu_typo_line_height":0,"ocean_menu_typo_line_height_tablet":0,"ocean_menu_typo_line_height_mobile":0,"ocean_menu_typo_line_height_unit":"","ocean_menu_typo_spacing":0,"ocean_menu_typo_spacing_tablet":0,"ocean_menu_typo_spacing_mobile":0,"ocean_menu_typo_spacing_unit":"","ocean_menu_link_color":"","ocean_menu_link_color_hover":"","ocean_menu_link_color_active":"","ocean_menu_link_background":"","ocean_menu_link_hover_background":"","ocean_menu_link_active_background":"","ocean_menu_social_links_bg":"","ocean_menu_social_hover_links_bg":"","ocean_menu_social_links_color":"","ocean_menu_social_hover_links_color":"","ocean_disable_title":"default","ocean_disable_heading":"default","ocean_post_title":"","ocean_post_subheading":"","ocean_post_title_style":"","ocean_post_title_background_color":"","ocean_post_title_background":0,"ocean_post_title_bg_image_position":"","ocean_post_title_bg_image_attachment":"","ocean_post_title_bg_image_repeat":"","ocean_post_title_bg_image_size":"","ocean_post_title_height":0,"ocean_post_title_bg_overlay":0.5,"ocean_post_title_bg_overlay_color":"","ocean_disable_breadcrumbs":"default","ocean_breadcrumbs_color":"","ocean_breadcrumbs_separator_color":"","ocean_breadcrumbs_links_color":"","ocean_breadcrumbs_links_hover_color":"","ocean_display_footer_widgets":"default","ocean_display_footer_bottom":"default","ocean_custom_footer_template":"","footnotes":""},"class_list":["post-40509","page","type-page","status-publish","hentry","entry","owp-thumbs-layout-horizontal","owp-btn-normal","owp-tabs-layout-horizontal","has-no-thumbnails","has-product-nav"],"yoast_head":"<!-- This site is optimized with the Yoast SEO plugin v27.3 - https:\/\/yoast.com\/product\/yoast-seo-wordpress\/ -->\n<title>Tasuta n\u00f5ustamine - ITAK J\u00e4rve<\/title>\n<meta name=\"description\" content=\"Kui sa ei tea t\u00e4pselt, millist abivahendit vajad v\u00f5i kuidas osta toodet digiretsepti kasutades, saame aidata. Loe lisa\" \/>\n<meta name=\"robots\" content=\"index, follow, max-snippet:-1, max-image-preview:large, max-video-preview:-1\" \/>\n<link rel=\"canonical\" href=\"https:\/\/ortoteek.ee\/ru\/kontakt\/tasuta-noustamine\/\" \/>\n<meta property=\"og:locale\" content=\"ru_RU\" \/>\n<meta property=\"og:type\" content=\"article\" \/>\n<meta property=\"og:title\" content=\"Tasuta n\u00f5ustamine - ITAK J\u00e4rve\" \/>\n<meta property=\"og:description\" content=\"Kui sa ei tea t\u00e4pselt, millist abivahendit vajad v\u00f5i kuidas osta toodet digiretsepti kasutades, saame aidata. Loe lisa\" \/>\n<meta property=\"og:url\" content=\"https:\/\/ortoteek.ee\/ru\/kontakt\/tasuta-noustamine\/\" \/>\n<meta property=\"og:site_name\" content=\"ITAK J\u00e4rve\" \/>\n<meta property=\"article:publisher\" content=\"https:\/\/www.facebook.com\/Ortoteek\" \/>\n<meta property=\"article:modified_time\" content=\"2025-07-09T13:52:02+00:00\" \/>\n<meta property=\"og:image\" content=\"https:\/\/ortoteek.ee\/wp-content\/uploads\/2022\/03\/logo_ortoteek_mark_lai.png\" \/>\n\t<meta property=\"og:image:width\" content=\"500\" \/>\n\t<meta property=\"og:image:height\" content=\"190\" \/>\n\t<meta property=\"og:image:type\" content=\"image\/png\" \/>\n<meta name=\"twitter:card\" content=\"summary_large_image\" \/>\n<meta name=\"twitter:label1\" content=\"\u041f\u0440\u0438\u043c\u0435\u0440\u043d\u043e\u0435 \u0432\u0440\u0435\u043c\u044f \u0434\u043b\u044f \u0447\u0442\u0435\u043d\u0438\u044f\" \/>\n\t<meta name=\"twitter:data1\" content=\"1 \u043c\u0438\u043d\u0443\u0442\u0430\" \/>\n<script type=\"application\/ld+json\" class=\"yoast-schema-graph\">{\"@context\":\"https:\\\/\\\/schema.org\",\"@graph\":[{\"@type\":\"WebPage\",\"@id\":\"https:\\\/\\\/ortoteek.ee\\\/kontakt\\\/tasuta-noustamine\\\/\",\"url\":\"https:\\\/\\\/ortoteek.ee\\\/kontakt\\\/tasuta-noustamine\\\/\",\"name\":\"Tasuta n\u00f5ustamine - ITAK J\u00e4rve\",\"isPartOf\":{\"@id\":\"https:\\\/\\\/ortoteek.ee\\\/#website\"},\"datePublished\":\"2025-07-09T13:22:35+00:00\",\"dateModified\":\"2025-07-09T13:52:02+00:00\",\"description\":\"Kui sa ei tea t\u00e4pselt, millist abivahendit vajad v\u00f5i kuidas osta toodet digiretsepti kasutades, saame aidata. Loe lisa\",\"breadcrumb\":{\"@id\":\"https:\\\/\\\/ortoteek.ee\\\/kontakt\\\/tasuta-noustamine\\\/#breadcrumb\"},\"inLanguage\":\"ru-RU\",\"potentialAction\":[{\"@type\":\"ReadAction\",\"target\":[\"https:\\\/\\\/ortoteek.ee\\\/kontakt\\\/tasuta-noustamine\\\/\"]}]},{\"@type\":\"BreadcrumbList\",\"@id\":\"https:\\\/\\\/ortoteek.ee\\\/kontakt\\\/tasuta-noustamine\\\/#breadcrumb\",\"itemListElement\":[{\"@type\":\"ListItem\",\"position\":1,\"name\":\"Avaleht\",\"item\":\"https:\\\/\\\/ortoteek.ee\\\/\"},{\"@type\":\"ListItem\",\"position\":2,\"name\":\"Kontakt\",\"item\":\"https:\\\/\\\/ortoteek.ee\\\/kontakt\\\/\"},{\"@type\":\"ListItem\",\"position\":3,\"name\":\"Tasuta n\u00f5ustamine\"}]},{\"@type\":\"WebSite\",\"@id\":\"https:\\\/\\\/ortoteek.ee\\\/#website\",\"url\":\"https:\\\/\\\/ortoteek.ee\\\/\",\"name\":\"ITAK J\u00e4rve\",\"description\":\"ORTOPEEDILISED TEENUSED JA TOOTED TRAUMALE JA IGAP\u00c4EVASEKS KASUTAMISEKS\",\"publisher\":{\"@id\":\"https:\\\/\\\/ortoteek.ee\\\/#organization\"},\"alternateName\":\"Ortoteek\",\"potentialAction\":[{\"@type\":\"SearchAction\",\"target\":{\"@type\":\"EntryPoint\",\"urlTemplate\":\"https:\\\/\\\/ortoteek.ee\\\/?s={search_term_string}\"},\"query-input\":{\"@type\":\"PropertyValueSpecification\",\"valueRequired\":true,\"valueName\":\"search_term_string\"}}],\"inLanguage\":\"ru-RU\"},{\"@type\":\"Organization\",\"@id\":\"https:\\\/\\\/ortoteek.ee\\\/#organization\",\"name\":\"Ortoteek O\u00dc\",\"alternateName\":\"Ortoteek Eesti\",\"url\":\"https:\\\/\\\/ortoteek.ee\\\/\",\"logo\":{\"@type\":\"ImageObject\",\"inLanguage\":\"ru-RU\",\"@id\":\"https:\\\/\\\/ortoteek.ee\\\/#\\\/schema\\\/logo\\\/image\\\/\",\"url\":\"https:\\\/\\\/ortoteek.ee\\\/wp-content\\\/uploads\\\/2023\\\/07\\\/logo_ortoteek_icon.jpg\",\"contentUrl\":\"https:\\\/\\\/ortoteek.ee\\\/wp-content\\\/uploads\\\/2023\\\/07\\\/logo_ortoteek_icon.jpg\",\"width\":900,\"height\":874,\"caption\":\"Ortoteek O\u00dc\"},\"image\":{\"@id\":\"https:\\\/\\\/ortoteek.ee\\\/#\\\/schema\\\/logo\\\/image\\\/\"},\"sameAs\":[\"https:\\\/\\\/www.facebook.com\\\/Ortoteek\",\"https:\\\/\\\/www.instagram.com\\\/ortoteek\\\/\"],\"hasMerchantReturnPolicy\":{\"@type\":\"MerchantReturnPolicy\",\"merchantReturnLink\":\"https:\\\/\\\/ortoteek.ee\\\/ru\\\/pood\\\/toote-tagastamine\\\/\"}}]}<\/script>\n<!-- \/ Yoast SEO plugin. -->","yoast_head_json":{"title":"Tasuta n\u00f5ustamine - ITAK J\u00e4rve","description":"Kui sa ei tea t\u00e4pselt, millist abivahendit vajad v\u00f5i kuidas osta toodet digiretsepti kasutades, saame aidata. Loe lisa","robots":{"index":"index","follow":"follow","max-snippet":"max-snippet:-1","max-image-preview":"max-image-preview:large","max-video-preview":"max-video-preview:-1"},"canonical":"https:\/\/ortoteek.ee\/ru\/kontakt\/tasuta-noustamine\/","og_locale":"ru_RU","og_type":"article","og_title":"Tasuta n\u00f5ustamine - ITAK J\u00e4rve","og_description":"Kui sa ei tea t\u00e4pselt, millist abivahendit vajad v\u00f5i kuidas osta toodet digiretsepti kasutades, saame aidata. Loe lisa","og_url":"https:\/\/ortoteek.ee\/ru\/kontakt\/tasuta-noustamine\/","og_site_name":"ITAK J\u00e4rve","article_publisher":"https:\/\/www.facebook.com\/Ortoteek","article_modified_time":"2025-07-09T13:52:02+00:00","og_image":[{"width":500,"height":190,"url":"https:\/\/ortoteek.ee\/wp-content\/uploads\/2022\/03\/logo_ortoteek_mark_lai.png","type":"image\/png"}],"twitter_card":"summary_large_image","twitter_misc":{"\u041f\u0440\u0438\u043c\u0435\u0440\u043d\u043e\u0435 \u0432\u0440\u0435\u043c\u044f \u0434\u043b\u044f \u0447\u0442\u0435\u043d\u0438\u044f":"1 \u043c\u0438\u043d\u0443\u0442\u0430"},"schema":{"@context":"https:\/\/schema.org","@graph":[{"@type":"WebPage","@id":"https:\/\/ortoteek.ee\/kontakt\/tasuta-noustamine\/","url":"https:\/\/ortoteek.ee\/kontakt\/tasuta-noustamine\/","name":"Tasuta n\u00f5ustamine - ITAK J\u00e4rve","isPartOf":{"@id":"https:\/\/ortoteek.ee\/#website"},"datePublished":"2025-07-09T13:22:35+00:00","dateModified":"2025-07-09T13:52:02+00:00","description":"Kui sa ei tea t\u00e4pselt, millist abivahendit vajad v\u00f5i kuidas osta toodet digiretsepti kasutades, saame aidata. Loe lisa","breadcrumb":{"@id":"https:\/\/ortoteek.ee\/kontakt\/tasuta-noustamine\/#breadcrumb"},"inLanguage":"ru-RU","potentialAction":[{"@type":"ReadAction","target":["https:\/\/ortoteek.ee\/kontakt\/tasuta-noustamine\/"]}]},{"@type":"BreadcrumbList","@id":"https:\/\/ortoteek.ee\/kontakt\/tasuta-noustamine\/#breadcrumb","itemListElement":[{"@type":"ListItem","position":1,"name":"Avaleht","item":"https:\/\/ortoteek.ee\/"},{"@type":"ListItem","position":2,"name":"Kontakt","item":"https:\/\/ortoteek.ee\/kontakt\/"},{"@type":"ListItem","position":3,"name":"Tasuta n\u00f5ustamine"}]},{"@type":"WebSite","@id":"https:\/\/ortoteek.ee\/#website","url":"https:\/\/ortoteek.ee\/","name":"ITAK J\u00e4rve","description":"\u041e\u0420\u0422\u041e\u041f\u0415\u0414\u0418\u0427\u0415\u0421\u041a\u0418\u0415 \u0423\u0421\u041b\u0423\u0413\u0418 \u0418 \u0418\u0417\u0414\u0415\u041b\u0418\u042f \u0414\u041b\u042f \u0422\u0420\u0410\u0412\u041c \u0418 \u041f\u041e\u0412\u0421\u0415\u0414\u041d\u0415\u0412\u041d\u041e\u0413\u041e \u0418\u0421\u041f\u041e\u041b\u042c\u0417\u041e\u0412\u0410\u041d\u0418\u042f","publisher":{"@id":"https:\/\/ortoteek.ee\/#organization"},"alternateName":"Ortoteek","potentialAction":[{"@type":"SearchAction","target":{"@type":"EntryPoint","urlTemplate":"https:\/\/ortoteek.ee\/?s={search_term_string}"},"query-input":{"@type":"PropertyValueSpecification","valueRequired":true,"valueName":"search_term_string"}}],"inLanguage":"ru-RU"},{"@type":"Organization","@id":"https:\/\/ortoteek.ee\/#organization","name":"\u041e\u0440\u0442\u043e\u0442\u0435\u043a O\u00dc","alternateName":"Ortoteek Eesti","url":"https:\/\/ortoteek.ee\/","logo":{"@type":"ImageObject","inLanguage":"ru-RU","@id":"https:\/\/ortoteek.ee\/#\/schema\/logo\/image\/","url":"https:\/\/ortoteek.ee\/wp-content\/uploads\/2023\/07\/logo_ortoteek_icon.jpg","contentUrl":"https:\/\/ortoteek.ee\/wp-content\/uploads\/2023\/07\/logo_ortoteek_icon.jpg","width":900,"height":874,"caption":"Ortoteek O\u00dc"},"image":{"@id":"https:\/\/ortoteek.ee\/#\/schema\/logo\/image\/"},"sameAs":["https:\/\/www.facebook.com\/Ortoteek","https:\/\/www.instagram.com\/ortoteek\/"],"hasMerchantReturnPolicy":{"@type":"MerchantReturnPolicy","merchantReturnLink":"https:\/\/ortoteek.ee\/ru\/pood\/toote-tagastamine\/"}}]}},"_links":{"self":[{"href":"https:\/\/ortoteek.ee\/ru\/wp-json\/wp\/v2\/pages\/40509","targetHints":{"allow":["GET"]}}],"collection":[{"href":"https:\/\/ortoteek.ee\/ru\/wp-json\/wp\/v2\/pages"}],"about":[{"href":"https:\/\/ortoteek.ee\/ru\/wp-json\/wp\/v2\/types\/page"}],"author":[{"embeddable":true,"href":"https:\/\/ortoteek.ee\/ru\/wp-json\/wp\/v2\/users\/3"}],"replies":[{"embeddable":true,"href":"https:\/\/ortoteek.ee\/ru\/wp-json\/wp\/v2\/comments?post=40509"}],"version-history":[{"count":9,"href":"https:\/\/ortoteek.ee\/ru\/wp-json\/wp\/v2\/pages\/40509\/revisions"}],"predecessor-version":[{"id":40522,"href":"https:\/\/ortoteek.ee\/ru\/wp-json\/wp\/v2\/pages\/40509\/revisions\/40522"}],"up":[{"embeddable":true,"href":"https:\/\/ortoteek.ee\/ru\/wp-json\/wp\/v2\/pages\/5159"}],"wp:attachment":[{"href":"https:\/\/ortoteek.ee\/ru\/wp-json\/wp\/v2\/media?parent=40509"}],"curies":[{"name":"WP","href":"https:\/\/api.w.org\/{rel}","templated":true}]}}