{"id":38565,"date":"2025-04-08T16:17:47","date_gmt":"2025-04-08T13:17:47","guid":{"rendered":"https:\/\/ortoteek.ee\/?page_id=38565"},"modified":"2025-05-03T14:31:20","modified_gmt":"2025-05-03T11:31:20","slug":"millal-on-aeg-poorduda-arsti-poole-liigesevaluga","status":"publish","type":"page","link":"https:\/\/ortoteek.ee\/ru\/meist\/kasulikku\/millal-on-aeg-poorduda-arsti-poole-liigesevaluga\/","title":{"rendered":"\u041a\u043e\u0433\u0434\u0430 \u043f\u043e\u0440\u0430 \u043e\u0431\u0440\u0430\u0442\u0438\u0442\u044c\u0441\u044f \u043a \u0432\u0440\u0430\u0447\u0443 \u043f\u0440\u0438 \u0431\u043e\u043b\u044f\u0445 \u0432 \u0441\u0443\u0441\u0442\u0430\u0432\u0430\u0445?"},"content":{"rendered":"<div data-elementor-type=\"wp-page\" data-elementor-id=\"38565\" class=\"elementor elementor-38565\" data-elementor-post-type=\"page\">\n\t\t\t\t\t\t<section class=\"elementor-section elementor-top-section elementor-element elementor-element-5a8df4e elementor-section-boxed elementor-section-height-default elementor-section-height-default\" data-id=\"5a8df4e\" data-element_type=\"section\" data-e-type=\"section\">\n\t\t\t\t\t\t<div class=\"elementor-container elementor-column-gap-default\">\n\t\t\t\t\t<div class=\"elementor-column elementor-col-100 elementor-top-column elementor-element elementor-element-ba93dcc\" data-id=\"ba93dcc\" data-element_type=\"column\" data-e-type=\"column\">\n\t\t\t<div class=\"elementor-widget-wrap elementor-element-populated\">\n\t\t\t\t\t\t<div class=\"elementor-element elementor-element-868fe30 elementor-widget elementor-widget-heading\" data-id=\"868fe30\" data-element_type=\"widget\" data-e-type=\"widget\" data-widget_type=\"heading.default\">\n\t\t\t\t<div class=\"elementor-widget-container\">\n\t\t\t\t\t<h2 class=\"elementor-heading-title elementor-size-default\">\u041a\u043e\u0433\u0434\u0430 \u043f\u043e\u0440\u0430 \u043e\u0431\u0440\u0430\u0442\u0438\u0442\u044c\u0441\u044f \u043a \u0432\u0440\u0430\u0447\u0443 \u043f\u0440\u0438 \u0431\u043e\u043b\u044f\u0445 \u0432 \u0441\u0443\u0441\u0442\u0430\u0432\u0430\u0445?<\/h2>\t\t\t\t<\/div>\n\t\t\t\t<\/div>\n\t\t\t\t<div class=\"elementor-element elementor-element-40596b7 elementor-widget elementor-widget-text-editor\" data-id=\"40596b7\" data-element_type=\"widget\" data-e-type=\"widget\" data-widget_type=\"text-editor.default\">\n\t\t\t\t<div class=\"elementor-widget-container\">\n\t\t\t\t\t\t\t\t\t<p class=\"\" data-start=\"2067\" data-end=\"2259\">\u041c\u043d\u043e\u0433\u0438\u0435 \u0438\u0437 \u043d\u0430\u0441 \u0438\u0441\u043f\u044b\u0442\u044b\u0432\u0430\u043b\u0438 \u0431\u043e\u043b\u0438 \u0432 \u0441\u0443\u0441\u0442\u0430\u0432\u0430\u0445 \u043f\u043e\u0441\u043b\u0435 \u0434\u043e\u043b\u0433\u043e\u0433\u043e \u0440\u0430\u0431\u043e\u0447\u0435\u0433\u043e \u0434\u043d\u044f \u0438\u043b\u0438 \u0430\u043a\u0442\u0438\u0432\u043d\u044b\u0445 \u0444\u0438\u0437\u0438\u0447\u0435\u0441\u043a\u0438\u0445 \u0443\u043f\u0440\u0430\u0436\u043d\u0435\u043d\u0438\u0439. \u0418\u043d\u043e\u0433\u0434\u0430 \u0434\u043e\u0441\u0442\u0430\u0442\u043e\u0447\u043d\u043e \u043f\u043e\u043a\u043e\u044f \u0438\u043b\u0438 \u043b\u0435\u0433\u043a\u043e\u0439 \u043f\u043e\u0434\u0434\u0435\u0440\u0436\u043a\u0438, \u043d\u043e \u0431\u044b\u0432\u0430\u044e\u0442 \u0441\u0438\u0442\u0443\u0430\u0446\u0438\u0438, \u043a\u043e\u0433\u0434\u0430 \u0431\u043e\u043b\u044c \u0443\u043a\u0430\u0437\u044b\u0432\u0430\u0435\u0442 \u043d\u0430 \u0431\u043e\u043b\u0435\u0435 \u0441\u0435\u0440\u044c\u0435\u0437\u043d\u0443\u044e \u043f\u0440\u043e\u0431\u043b\u0435\u043c\u0443.<\/p><h3 class=\"\" data-start=\"2261\" data-end=\"2311\">\u0415\u0441\u043b\u0438 \u0431\u043e\u043b\u044c \u0432 \u0441\u0443\u0441\u0442\u0430\u0432\u0430\u0445 \u0434\u043b\u0438\u0442\u0441\u044f \u0431\u043e\u043b\u0435\u0435 \u043d\u0435\u0441\u043a\u043e\u043b\u044c\u043a\u0438\u0445 \u043d\u0435\u0434\u0435\u043b\u044c<\/h3><p class=\"\" data-start=\"2312\" data-end=\"2457\">\u0412\u0440\u0435\u043c\u0435\u043d\u043d\u044b\u0439 \u0434\u0438\u0441\u043a\u043e\u043c\u0444\u043e\u0440\u0442 \u043c\u043e\u0436\u0435\u0442 \u0431\u044b\u0442\u044c \u043d\u043e\u0440\u043c\u0430\u043b\u044c\u043d\u044b\u043c \u044f\u0432\u043b\u0435\u043d\u0438\u0435\u043c. \u041e\u0434\u043d\u0430\u043a\u043e \u0435\u0441\u043b\u0438 \u0431\u043e\u043b\u044c \u0441\u043e\u0445\u0440\u0430\u043d\u044f\u0435\u0442\u0441\u044f \u0438\u043b\u0438 \u0443\u0441\u0438\u043b\u0438\u0432\u0430\u0435\u0442\u0441\u044f, \u0441\u043b\u0435\u0434\u0443\u0435\u0442 \u043e\u0431\u0440\u0430\u0442\u0438\u0442\u044c\u0441\u044f \u043a \u0432\u0440\u0430\u0447\u0443. \u041e\u0441\u043e\u0431\u0435\u043d\u043d\u043e \u0435\u0441\u043b\u0438 \u044d\u0442\u043e \u043c\u0435\u0448\u0430\u0435\u0442 \u0434\u0432\u0438\u0433\u0430\u0442\u044c\u0441\u044f, \u0440\u0430\u0431\u043e\u0442\u0430\u0442\u044c \u0438\u043b\u0438 \u0441\u043f\u0430\u0442\u044c.<\/p><h3 class=\"\" data-start=\"2459\" data-end=\"2507\">\u0415\u0441\u043b\u0438 \u0441\u0443\u0441\u0442\u0430\u0432 \u043e\u043f\u0443\u0445, \u043f\u043e\u043a\u0440\u0430\u0441\u043d\u0435\u043b \u0438\u043b\u0438 \u043e\u0447\u0435\u043d\u044c \u0442\u0443\u0433\u043e\u043f\u043e\u0434\u0432\u0438\u0436\u0435\u043d<\/h3><p class=\"\" data-start=\"2508\" data-end=\"2672\">\u042d\u0442\u0438 \u043f\u0440\u0438\u0437\u043d\u0430\u043a\u0438 \u0443\u043a\u0430\u0437\u044b\u0432\u0430\u044e\u0442 \u043d\u0430 \u0432\u043e\u0441\u043f\u0430\u043b\u0435\u043d\u0438\u0435. \u042d\u0442\u043e \u043c\u043e\u0436\u0435\u0442 \u0431\u044b\u0442\u044c \u0432\u044b\u0437\u0432\u0430\u043d\u043e \u043e\u0441\u0442\u0435\u043e\u0430\u0440\u0442\u0440\u0438\u0442\u043e\u043c, \u043f\u043e\u0434\u0430\u0433\u0440\u043e\u0439, \u0440\u0435\u0432\u043c\u0430\u0442\u043e\u0438\u0434\u043d\u044b\u043c \u0430\u0440\u0442\u0440\u0438\u0442\u043e\u043c \u0438\u043b\u0438 \u0434\u0440\u0443\u0433\u0438\u043c \u0437\u0430\u0431\u043e\u043b\u0435\u0432\u0430\u043d\u0438\u0435\u043c, \u0442\u0440\u0435\u0431\u0443\u044e\u0449\u0438\u043c \u043c\u0435\u0434\u0438\u0446\u0438\u043d\u0441\u043a\u043e\u0433\u043e \u0432\u043c\u0435\u0448\u0430\u0442\u0435\u043b\u044c\u0441\u0442\u0432\u0430 \u0438 \u043b\u0435\u0447\u0435\u043d\u0438\u044f.<\/p><h3 class=\"\" data-start=\"2674\" data-end=\"2726\">\u0415\u0441\u043b\u0438 \u0441\u0443\u0441\u0442\u0430\u0432 \u00ab\u043f\u0440\u043e\u0432\u0430\u043b\u0438\u0432\u0430\u0435\u0442\u0441\u044f\u00bb \u0438\u043b\u0438 \u043e\u0449\u0443\u0449\u0430\u0435\u0442\u0441\u044f \u043d\u0435\u0441\u0442\u0430\u0431\u0438\u043b\u044c\u043d\u044b\u043c<\/h3><p class=\"\" data-start=\"2727\" data-end=\"2889\">\u041d\u0435\u0441\u0442\u0430\u0431\u0438\u043b\u044c\u043d\u043e\u0441\u0442\u044c, \u043d\u0430\u043f\u0440\u0438\u043c\u0435\u0440, \u00ab\u043f\u0440\u043e\u0432\u0438\u0441\u0430\u043d\u0438\u0435\u00bb \u043a\u043e\u043b\u0435\u043d\u0430 \u0438\u043b\u0438 \u043b\u043e\u0434\u044b\u0436\u043a\u0438, \u043c\u043e\u0436\u0435\u0442 \u0443\u043a\u0430\u0437\u044b\u0432\u0430\u0442\u044c \u043d\u0430 \u043f\u0440\u043e\u0431\u043b\u0435\u043c\u044b \u0441\u043e \u0441\u0432\u044f\u0437\u043a\u0430\u043c\u0438 \u0438\u043b\u0438 \u0441\u0443\u0445\u043e\u0436\u0438\u043b\u0438\u044f\u043c\u0438. \u0420\u0430\u043d\u043d\u044f\u044f \u0434\u0438\u0430\u0433\u043d\u043e\u0441\u0442\u0438\u043a\u0430 \u043f\u043e\u043c\u043e\u0433\u0430\u0435\u0442 \u043f\u0440\u0435\u0434\u043e\u0442\u0432\u0440\u0430\u0442\u0438\u0442\u044c \u043d\u0435\u043e\u0431\u0440\u0430\u0442\u0438\u043c\u044b\u0435 \u043f\u043e\u0441\u043b\u0435\u0434\u0441\u0442\u0432\u0438\u044f.<\/p><h3 class=\"\" data-start=\"2891\" data-end=\"2946\">\u0415\u0441\u043b\u0438 \u0431\u043e\u043b\u044c \u0432\u043e\u0437\u043d\u0438\u043a\u043b\u0430 \u0432\u043d\u0435\u0437\u0430\u043f\u043d\u043e \u2013 \u043f\u0430\u0434\u0435\u043d\u0438\u0435, \u0440\u0430\u0441\u0442\u044f\u0436\u0435\u043d\u0438\u0435, \u0442\u0440\u0430\u0432\u043c\u0430<\/h3><p class=\"\" data-start=\"2947\" data-end=\"3074\">\u041f\u0440\u0438\u0447\u0438\u043d\u043e\u0439 \u0432\u043d\u0435\u0437\u0430\u043f\u043d\u043e\u0439 \u0431\u043e\u043b\u0438 \u043c\u043e\u0436\u0435\u0442 \u0431\u044b\u0442\u044c \u0440\u0430\u0437\u0440\u044b\u0432, \u043f\u0435\u0440\u0435\u043b\u043e\u043c \u0438\u043b\u0438 \u0441\u0438\u043b\u044c\u043d\u043e\u0435 \u0440\u0430\u0441\u0442\u044f\u0436\u0435\u043d\u0438\u0435. \u0412 \u044d\u0442\u043e\u043c \u0441\u043b\u0443\u0447\u0430\u0435 \u0441\u0442\u043e\u0438\u0442 \u043d\u0435\u043c\u0435\u0434\u043b\u0435\u043d\u043d\u043e \u043e\u0431\u0440\u0430\u0442\u0438\u0442\u044c\u0441\u044f \u0432 \u043e\u0442\u0434\u0435\u043b\u0435\u043d\u0438\u0435 \u043d\u0435\u043e\u0442\u043b\u043e\u0436\u043d\u043e\u0439 \u043f\u043e\u043c\u043e\u0449\u0438 \u0438\u043b\u0438 \u043a \u0441\u0435\u043c\u0435\u0439\u043d\u043e\u043c\u0443 \u0432\u0440\u0430\u0447\u0443.<\/p><p class=\"\" data-start=\"3076\" data-end=\"3312\">\ud83d\udc49 <strong data-start=\"3079\" data-end=\"3168\">\u0425\u043e\u0440\u043e\u0448\u0435\u0439 \u043d\u043e\u0432\u043e\u0441\u0442\u044c\u044e \u044f\u0432\u043b\u044f\u0435\u0442\u0441\u044f \u0442\u043e, \u0447\u0442\u043e \u043c\u043d\u043e\u0433\u0438\u0435 \u043e\u0440\u0442\u0435\u0437\u044b \u043c\u043e\u0436\u043d\u043e \u043f\u0440\u0438\u043e\u0431\u0440\u0435\u0441\u0442\u0438 \u043f\u043e \u0441\u043d\u0438\u0436\u0435\u043d\u043d\u043e\u0439 \u0446\u0435\u043d\u0435, \u0438\u043c\u0435\u044f \u044d\u043b\u0435\u043a\u0442\u0440\u043e\u043d\u043d\u044b\u0439 \u0440\u0435\u0446\u0435\u043f\u0442.<\/strong> \u0421\u043f\u0440\u043e\u0441\u0438\u0442\u0435 \u0441\u0432\u043e\u0435\u0433\u043e \u0432\u0440\u0430\u0447\u0430, \u043c\u043e\u0436\u0435\u0442 \u043b\u0438 \u043e\u0440\u0442\u0435\u0437 \u043f\u043e\u043c\u043e\u0447\u044c \u0432 \u0432\u0430\u0448\u0435\u043c \u0441\u043b\u0443\u0447\u0430\u0435 \u2014 \u043d\u0435\u043e\u0431\u0445\u043e\u0434\u0438\u043c\u044b\u0435 \u0432\u0441\u043f\u043e\u043c\u043e\u0433\u0430\u0442\u0435\u043b\u044c\u043d\u044b\u0435 \u0441\u0440\u0435\u0434\u0441\u0442\u0432\u0430 \u0432\u044b \u043c\u043e\u0436\u0435\u0442\u0435 \u0431\u044b\u0441\u0442\u0440\u043e \u0438 \u0443\u0434\u043e\u0431\u043d\u043e \u043f\u0440\u0438\u043e\u0431\u0440\u0435\u0441\u0442\u0438 \u043d\u0430 \u0441\u0430\u0439\u0442\u0435 Ortoteek.ee.<\/p>\t\t\t\t\t\t\t\t<\/div>\n\t\t\t\t<\/div>\n\t\t\t\t\t<\/div>\n\t\t<\/div>\n\t\t\t\t\t<\/div>\n\t\t<\/section>\n\t\t\t\t<\/div>","protected":false},"excerpt":{"rendered":"<p>Millal on aeg p\u00f6\u00f6rduda arsti poole liigesevaluga? Paljud meist on tundnud p\u00e4rast pikemat t\u00f6\u00f6p\u00e4eva v\u00f5i aktiivset trenni liigesevalu. M\u00f5nikord piisab puhkusest v\u00f5i kergest toestusest, kuid on ka olukordi, kus valu viitab t\u00f5sisemale probleemile. Kui liigesevalu kestab rohkem kui paar n\u00e4dalat Ajutine ebamugavus v\u00f5ib olla normaalne. Kui aga valu p\u00fcsib v\u00f5i s\u00fcveneb, tuleks p\u00f6\u00f6rduda arsti poole. [&hellip;]<\/p>\n","protected":false},"author":1,"featured_media":0,"parent":39594,"menu_order":0,"comment_status":"closed","ping_status":"closed","template":"","meta":{"ocean_post_layout":"left-sidebar","ocean_both_sidebars_style":"","ocean_both_sidebars_content_width":0,"ocean_both_sidebars_sidebars_width":0,"ocean_sidebar":"sidebar-2","ocean_second_sidebar":"","ocean_disable_margins":"enable","ocean_add_body_class":"","ocean_shortcode_before_top_bar":"","ocean_shortcode_after_top_bar":"","ocean_shortcode_before_header":"","ocean_shortcode_after_header":"","ocean_has_shortcode":"","ocean_shortcode_after_title":"","ocean_shortcode_before_footer_widgets":"","ocean_shortcode_after_footer_widgets":"","ocean_shortcode_before_footer_bottom":"","ocean_shortcode_after_footer_bottom":"","ocean_display_top_bar":"default","ocean_display_header":"default","ocean_header_style":"","ocean_center_header_left_menu":"","ocean_custom_header_template":"","ocean_custom_logo":0,"ocean_custom_retina_logo":0,"ocean_custom_logo_max_width":0,"ocean_custom_logo_tablet_max_width":0,"ocean_custom_logo_mobile_max_width":0,"ocean_custom_logo_max_height":0,"ocean_custom_logo_tablet_max_height":0,"ocean_custom_logo_mobile_max_height":0,"ocean_header_custom_menu":"","ocean_menu_typo_font_family":"","ocean_menu_typo_font_subset":"","ocean_menu_typo_font_size":0,"ocean_menu_typo_font_size_tablet":0,"ocean_menu_typo_font_size_mobile":0,"ocean_menu_typo_font_size_unit":"px","ocean_menu_typo_font_weight":"","ocean_menu_typo_font_weight_tablet":"","ocean_menu_typo_font_weight_mobile":"","ocean_menu_typo_transform":"","ocean_menu_typo_transform_tablet":"","ocean_menu_typo_transform_mobile":"","ocean_menu_typo_line_height":0,"ocean_menu_typo_line_height_tablet":0,"ocean_menu_typo_line_height_mobile":0,"ocean_menu_typo_line_height_unit":"","ocean_menu_typo_spacing":0,"ocean_menu_typo_spacing_tablet":0,"ocean_menu_typo_spacing_mobile":0,"ocean_menu_typo_spacing_unit":"","ocean_menu_link_color":"","ocean_menu_link_color_hover":"","ocean_menu_link_color_active":"","ocean_menu_link_background":"","ocean_menu_link_hover_background":"","ocean_menu_link_active_background":"","ocean_menu_social_links_bg":"","ocean_menu_social_hover_links_bg":"","ocean_menu_social_links_color":"","ocean_menu_social_hover_links_color":"","ocean_disable_title":"default","ocean_disable_heading":"default","ocean_post_title":"","ocean_post_subheading":"","ocean_post_title_style":"","ocean_post_title_background_color":"","ocean_post_title_background":0,"ocean_post_title_bg_image_position":"","ocean_post_title_bg_image_attachment":"","ocean_post_title_bg_image_repeat":"","ocean_post_title_bg_image_size":"","ocean_post_title_height":0,"ocean_post_title_bg_overlay":0.5,"ocean_post_title_bg_overlay_color":"","ocean_disable_breadcrumbs":"default","ocean_breadcrumbs_color":"","ocean_breadcrumbs_separator_color":"","ocean_breadcrumbs_links_color":"","ocean_breadcrumbs_links_hover_color":"","ocean_display_footer_widgets":"default","ocean_display_footer_bottom":"default","ocean_custom_footer_template":"","footnotes":""},"class_list":["post-38565","page","type-page","status-publish","hentry","entry","owp-thumbs-layout-horizontal","owp-btn-normal","owp-tabs-layout-horizontal","has-no-thumbnails","has-product-nav"],"yoast_head":"<!-- This site is optimized with the Yoast SEO plugin v27.3 - https:\/\/yoast.com\/product\/yoast-seo-wordpress\/ -->\n<title>Millal on aeg p\u00f6\u00f6rduda arsti poole liigesevaluga?<\/title>\n<meta name=\"robots\" content=\"index, follow, max-snippet:-1, max-image-preview:large, max-video-preview:-1\" \/>\n<link rel=\"canonical\" href=\"https:\/\/ortoteek.ee\/ru\/meist\/kasulikku\/millal-on-aeg-poorduda-arsti-poole-liigesevaluga\/\" \/>\n<meta property=\"og:locale\" content=\"ru_RU\" \/>\n<meta property=\"og:type\" content=\"article\" \/>\n<meta property=\"og:title\" content=\"Millal on aeg p\u00f6\u00f6rduda arsti poole liigesevaluga?\" \/>\n<meta property=\"og:description\" content=\"Millal on aeg p\u00f6\u00f6rduda arsti poole liigesevaluga? Paljud meist on tundnud p\u00e4rast pikemat t\u00f6\u00f6p\u00e4eva v\u00f5i aktiivset trenni liigesevalu. M\u00f5nikord piisab puhkusest v\u00f5i kergest toestusest, kuid on ka olukordi, kus valu viitab t\u00f5sisemale probleemile. Kui liigesevalu kestab rohkem kui paar n\u00e4dalat Ajutine ebamugavus v\u00f5ib olla normaalne. Kui aga valu p\u00fcsib v\u00f5i s\u00fcveneb, tuleks p\u00f6\u00f6rduda arsti poole. [&hellip;]\" \/>\n<meta property=\"og:url\" content=\"https:\/\/ortoteek.ee\/ru\/meist\/kasulikku\/millal-on-aeg-poorduda-arsti-poole-liigesevaluga\/\" \/>\n<meta property=\"og:site_name\" content=\"ITAK J\u00e4rve\" \/>\n<meta property=\"article:publisher\" content=\"https:\/\/www.facebook.com\/Ortoteek\" \/>\n<meta property=\"article:modified_time\" content=\"2025-05-03T11:31:20+00:00\" \/>\n<meta property=\"og:image\" content=\"https:\/\/ortoteek.ee\/wp-content\/uploads\/2022\/03\/logo_ortoteek_mark_lai.png\" \/>\n\t<meta property=\"og:image:width\" content=\"500\" \/>\n\t<meta property=\"og:image:height\" content=\"190\" \/>\n\t<meta property=\"og:image:type\" content=\"image\/png\" \/>\n<meta name=\"twitter:card\" content=\"summary_large_image\" \/>\n<meta name=\"twitter:label1\" content=\"\u041f\u0440\u0438\u043c\u0435\u0440\u043d\u043e\u0435 \u0432\u0440\u0435\u043c\u044f \u0434\u043b\u044f \u0447\u0442\u0435\u043d\u0438\u044f\" \/>\n\t<meta name=\"twitter:data1\" content=\"1 \u043c\u0438\u043d\u0443\u0442\u0430\" \/>\n<script type=\"application\/ld+json\" class=\"yoast-schema-graph\">{\"@context\":\"https:\\\/\\\/schema.org\",\"@graph\":[{\"@type\":\"WebPage\",\"@id\":\"https:\\\/\\\/ortoteek.ee\\\/meist\\\/kasulikku\\\/millal-on-aeg-poorduda-arsti-poole-liigesevaluga\\\/\",\"url\":\"https:\\\/\\\/ortoteek.ee\\\/meist\\\/kasulikku\\\/millal-on-aeg-poorduda-arsti-poole-liigesevaluga\\\/\",\"name\":\"Millal on aeg p\u00f6\u00f6rduda arsti poole liigesevaluga?\",\"isPartOf\":{\"@id\":\"https:\\\/\\\/ortoteek.ee\\\/#website\"},\"datePublished\":\"2025-04-08T13:17:47+00:00\",\"dateModified\":\"2025-05-03T11:31:20+00:00\",\"breadcrumb\":{\"@id\":\"https:\\\/\\\/ortoteek.ee\\\/meist\\\/kasulikku\\\/millal-on-aeg-poorduda-arsti-poole-liigesevaluga\\\/#breadcrumb\"},\"inLanguage\":\"ru-RU\",\"potentialAction\":[{\"@type\":\"ReadAction\",\"target\":[\"https:\\\/\\\/ortoteek.ee\\\/meist\\\/kasulikku\\\/millal-on-aeg-poorduda-arsti-poole-liigesevaluga\\\/\"]}]},{\"@type\":\"BreadcrumbList\",\"@id\":\"https:\\\/\\\/ortoteek.ee\\\/meist\\\/kasulikku\\\/millal-on-aeg-poorduda-arsti-poole-liigesevaluga\\\/#breadcrumb\",\"itemListElement\":[{\"@type\":\"ListItem\",\"position\":1,\"name\":\"Avaleht\",\"item\":\"https:\\\/\\\/ortoteek.ee\\\/\"},{\"@type\":\"ListItem\",\"position\":2,\"name\":\"Meist\",\"item\":\"https:\\\/\\\/ortoteek.ee\\\/meist\\\/\"},{\"@type\":\"ListItem\",\"position\":3,\"name\":\"Kasulikku\",\"item\":\"https:\\\/\\\/ortoteek.ee\\\/meist\\\/kasulikku\\\/\"},{\"@type\":\"ListItem\",\"position\":4,\"name\":\"Millal on aeg p\u00f6\u00f6rduda arsti poole liigesevaluga?\"}]},{\"@type\":\"WebSite\",\"@id\":\"https:\\\/\\\/ortoteek.ee\\\/#website\",\"url\":\"https:\\\/\\\/ortoteek.ee\\\/\",\"name\":\"ITAK J\u00e4rve\",\"description\":\"ORTOPEEDILISED TEENUSED JA TOOTED TRAUMALE JA IGAP\u00c4EVASEKS KASUTAMISEKS\",\"publisher\":{\"@id\":\"https:\\\/\\\/ortoteek.ee\\\/#organization\"},\"alternateName\":\"Ortoteek\",\"potentialAction\":[{\"@type\":\"SearchAction\",\"target\":{\"@type\":\"EntryPoint\",\"urlTemplate\":\"https:\\\/\\\/ortoteek.ee\\\/?s={search_term_string}\"},\"query-input\":{\"@type\":\"PropertyValueSpecification\",\"valueRequired\":true,\"valueName\":\"search_term_string\"}}],\"inLanguage\":\"ru-RU\"},{\"@type\":\"Organization\",\"@id\":\"https:\\\/\\\/ortoteek.ee\\\/#organization\",\"name\":\"Ortoteek O\u00dc\",\"alternateName\":\"Ortoteek Eesti\",\"url\":\"https:\\\/\\\/ortoteek.ee\\\/\",\"logo\":{\"@type\":\"ImageObject\",\"inLanguage\":\"ru-RU\",\"@id\":\"https:\\\/\\\/ortoteek.ee\\\/#\\\/schema\\\/logo\\\/image\\\/\",\"url\":\"https:\\\/\\\/ortoteek.ee\\\/wp-content\\\/uploads\\\/2023\\\/07\\\/logo_ortoteek_icon.jpg\",\"contentUrl\":\"https:\\\/\\\/ortoteek.ee\\\/wp-content\\\/uploads\\\/2023\\\/07\\\/logo_ortoteek_icon.jpg\",\"width\":900,\"height\":874,\"caption\":\"Ortoteek O\u00dc\"},\"image\":{\"@id\":\"https:\\\/\\\/ortoteek.ee\\\/#\\\/schema\\\/logo\\\/image\\\/\"},\"sameAs\":[\"https:\\\/\\\/www.facebook.com\\\/Ortoteek\",\"https:\\\/\\\/www.instagram.com\\\/ortoteek\\\/\"],\"hasMerchantReturnPolicy\":{\"@type\":\"MerchantReturnPolicy\",\"merchantReturnLink\":\"https:\\\/\\\/ortoteek.ee\\\/ru\\\/pood\\\/toote-tagastamine\\\/\"}}]}<\/script>\n<!-- \/ Yoast SEO plugin. -->","yoast_head_json":{"title":"\u041a\u043e\u0433\u0434\u0430 \u043f\u043e\u0440\u0430 \u043e\u0431\u0440\u0430\u0442\u0438\u0442\u044c\u0441\u044f \u043a \u0432\u0440\u0430\u0447\u0443 \u043f\u0440\u0438 \u0431\u043e\u043b\u044f\u0445 \u0432 \u0441\u0443\u0441\u0442\u0430\u0432\u0430\u0445?","robots":{"index":"index","follow":"follow","max-snippet":"max-snippet:-1","max-image-preview":"max-image-preview:large","max-video-preview":"max-video-preview:-1"},"canonical":"https:\/\/ortoteek.ee\/ru\/meist\/kasulikku\/millal-on-aeg-poorduda-arsti-poole-liigesevaluga\/","og_locale":"ru_RU","og_type":"article","og_title":"Millal on aeg p\u00f6\u00f6rduda arsti poole liigesevaluga?","og_description":"Millal on aeg p\u00f6\u00f6rduda arsti poole liigesevaluga? Paljud meist on tundnud p\u00e4rast pikemat t\u00f6\u00f6p\u00e4eva v\u00f5i aktiivset trenni liigesevalu. M\u00f5nikord piisab puhkusest v\u00f5i kergest toestusest, kuid on ka olukordi, kus valu viitab t\u00f5sisemale probleemile. Kui liigesevalu kestab rohkem kui paar n\u00e4dalat Ajutine ebamugavus v\u00f5ib olla normaalne. Kui aga valu p\u00fcsib v\u00f5i s\u00fcveneb, tuleks p\u00f6\u00f6rduda arsti poole. [&hellip;]","og_url":"https:\/\/ortoteek.ee\/ru\/meist\/kasulikku\/millal-on-aeg-poorduda-arsti-poole-liigesevaluga\/","og_site_name":"ITAK J\u00e4rve","article_publisher":"https:\/\/www.facebook.com\/Ortoteek","article_modified_time":"2025-05-03T11:31:20+00:00","og_image":[{"width":500,"height":190,"url":"https:\/\/ortoteek.ee\/wp-content\/uploads\/2022\/03\/logo_ortoteek_mark_lai.png","type":"image\/png"}],"twitter_card":"summary_large_image","twitter_misc":{"\u041f\u0440\u0438\u043c\u0435\u0440\u043d\u043e\u0435 \u0432\u0440\u0435\u043c\u044f \u0434\u043b\u044f \u0447\u0442\u0435\u043d\u0438\u044f":"1 \u043c\u0438\u043d\u0443\u0442\u0430"},"schema":{"@context":"https:\/\/schema.org","@graph":[{"@type":"WebPage","@id":"https:\/\/ortoteek.ee\/meist\/kasulikku\/millal-on-aeg-poorduda-arsti-poole-liigesevaluga\/","url":"https:\/\/ortoteek.ee\/meist\/kasulikku\/millal-on-aeg-poorduda-arsti-poole-liigesevaluga\/","name":"\u041a\u043e\u0433\u0434\u0430 \u043f\u043e\u0440\u0430 \u043e\u0431\u0440\u0430\u0442\u0438\u0442\u044c\u0441\u044f \u043a \u0432\u0440\u0430\u0447\u0443 \u043f\u0440\u0438 \u0431\u043e\u043b\u044f\u0445 \u0432 \u0441\u0443\u0441\u0442\u0430\u0432\u0430\u0445?","isPartOf":{"@id":"https:\/\/ortoteek.ee\/#website"},"datePublished":"2025-04-08T13:17:47+00:00","dateModified":"2025-05-03T11:31:20+00:00","breadcrumb":{"@id":"https:\/\/ortoteek.ee\/meist\/kasulikku\/millal-on-aeg-poorduda-arsti-poole-liigesevaluga\/#breadcrumb"},"inLanguage":"ru-RU","potentialAction":[{"@type":"ReadAction","target":["https:\/\/ortoteek.ee\/meist\/kasulikku\/millal-on-aeg-poorduda-arsti-poole-liigesevaluga\/"]}]},{"@type":"BreadcrumbList","@id":"https:\/\/ortoteek.ee\/meist\/kasulikku\/millal-on-aeg-poorduda-arsti-poole-liigesevaluga\/#breadcrumb","itemListElement":[{"@type":"ListItem","position":1,"name":"Avaleht","item":"https:\/\/ortoteek.ee\/"},{"@type":"ListItem","position":2,"name":"Meist","item":"https:\/\/ortoteek.ee\/meist\/"},{"@type":"ListItem","position":3,"name":"Kasulikku","item":"https:\/\/ortoteek.ee\/meist\/kasulikku\/"},{"@type":"ListItem","position":4,"name":"Millal on aeg p\u00f6\u00f6rduda arsti poole liigesevaluga?"}]},{"@type":"WebSite","@id":"https:\/\/ortoteek.ee\/#website","url":"https:\/\/ortoteek.ee\/","name":"ITAK J\u00e4rve","description":"\u041e\u0420\u0422\u041e\u041f\u0415\u0414\u0418\u0427\u0415\u0421\u041a\u0418\u0415 \u0423\u0421\u041b\u0423\u0413\u0418 \u0418 \u0418\u0417\u0414\u0415\u041b\u0418\u042f \u0414\u041b\u042f \u0422\u0420\u0410\u0412\u041c \u0418 \u041f\u041e\u0412\u0421\u0415\u0414\u041d\u0415\u0412\u041d\u041e\u0413\u041e \u0418\u0421\u041f\u041e\u041b\u042c\u0417\u041e\u0412\u0410\u041d\u0418\u042f","publisher":{"@id":"https:\/\/ortoteek.ee\/#organization"},"alternateName":"Ortoteek","potentialAction":[{"@type":"SearchAction","target":{"@type":"EntryPoint","urlTemplate":"https:\/\/ortoteek.ee\/?s={search_term_string}"},"query-input":{"@type":"PropertyValueSpecification","valueRequired":true,"valueName":"search_term_string"}}],"inLanguage":"ru-RU"},{"@type":"Organization","@id":"https:\/\/ortoteek.ee\/#organization","name":"\u041e\u0440\u0442\u043e\u0442\u0435\u043a O\u00dc","alternateName":"Ortoteek Eesti","url":"https:\/\/ortoteek.ee\/","logo":{"@type":"ImageObject","inLanguage":"ru-RU","@id":"https:\/\/ortoteek.ee\/#\/schema\/logo\/image\/","url":"https:\/\/ortoteek.ee\/wp-content\/uploads\/2023\/07\/logo_ortoteek_icon.jpg","contentUrl":"https:\/\/ortoteek.ee\/wp-content\/uploads\/2023\/07\/logo_ortoteek_icon.jpg","width":900,"height":874,"caption":"Ortoteek O\u00dc"},"image":{"@id":"https:\/\/ortoteek.ee\/#\/schema\/logo\/image\/"},"sameAs":["https:\/\/www.facebook.com\/Ortoteek","https:\/\/www.instagram.com\/ortoteek\/"],"hasMerchantReturnPolicy":{"@type":"MerchantReturnPolicy","merchantReturnLink":"https:\/\/ortoteek.ee\/ru\/pood\/toote-tagastamine\/"}}]}},"_links":{"self":[{"href":"https:\/\/ortoteek.ee\/ru\/wp-json\/wp\/v2\/pages\/38565","targetHints":{"allow":["GET"]}}],"collection":[{"href":"https:\/\/ortoteek.ee\/ru\/wp-json\/wp\/v2\/pages"}],"about":[{"href":"https:\/\/ortoteek.ee\/ru\/wp-json\/wp\/v2\/types\/page"}],"author":[{"embeddable":true,"href":"https:\/\/ortoteek.ee\/ru\/wp-json\/wp\/v2\/users\/1"}],"replies":[{"embeddable":true,"href":"https:\/\/ortoteek.ee\/ru\/wp-json\/wp\/v2\/comments?post=38565"}],"version-history":[{"count":11,"href":"https:\/\/ortoteek.ee\/ru\/wp-json\/wp\/v2\/pages\/38565\/revisions"}],"predecessor-version":[{"id":38635,"href":"https:\/\/ortoteek.ee\/ru\/wp-json\/wp\/v2\/pages\/38565\/revisions\/38635"}],"up":[{"embeddable":true,"href":"https:\/\/ortoteek.ee\/ru\/wp-json\/wp\/v2\/pages\/39594"}],"wp:attachment":[{"href":"https:\/\/ortoteek.ee\/ru\/wp-json\/wp\/v2\/media?parent=38565"}],"curies":[{"name":"WP","href":"https:\/\/api.w.org\/{rel}","templated":true}]}}