{"id":31550,"date":"2024-04-08T16:28:55","date_gmt":"2024-04-08T13:28:55","guid":{"rendered":"https:\/\/ortoteek.ee\/?page_id=31550"},"modified":"2025-05-04T17:41:31","modified_gmt":"2025-05-04T14:41:31","slug":"tervisekassa","status":"publish","type":"page","link":"https:\/\/ortoteek.ee\/ru\/meist\/ortoteeki-partnerid\/tervisekassa\/","title":{"rendered":"\u041c\u0435\u0434\u0438\u0446\u0438\u043d\u0441\u043a\u043e\u0435 \u0441\u0442\u0440\u0430\u0445\u043e\u0432\u0430\u043d\u0438\u0435"},"content":{"rendered":"<div data-elementor-type=\"wp-page\" data-elementor-id=\"31550\" class=\"elementor elementor-31550\" data-elementor-post-type=\"page\">\n\t\t\t\t\t\t<section class=\"elementor-section elementor-top-section elementor-element elementor-element-a6d1ad7 elementor-section-boxed elementor-section-height-default elementor-section-height-default\" data-id=\"a6d1ad7\" data-element_type=\"section\" data-e-type=\"section\">\n\t\t\t\t\t\t<div class=\"elementor-container elementor-column-gap-default\">\n\t\t\t\t\t<div class=\"elementor-column elementor-col-100 elementor-top-column elementor-element elementor-element-c8e053b\" data-id=\"c8e053b\" data-element_type=\"column\" data-e-type=\"column\">\n\t\t\t<div class=\"elementor-widget-wrap elementor-element-populated\">\n\t\t\t\t\t\t<div class=\"elementor-element elementor-element-2324aaa elementor-widget elementor-widget-heading\" data-id=\"2324aaa\" data-element_type=\"widget\" data-e-type=\"widget\" data-widget_type=\"heading.default\">\n\t\t\t\t<div class=\"elementor-widget-container\">\n\t\t\t\t\t<h2 class=\"elementor-heading-title elementor-size-default\">\u041c\u0435\u0434\u0438\u0446\u0438\u043d\u0441\u043a\u043e\u0435 \u0441\u0442\u0440\u0430\u0445\u043e\u0432\u0430\u043d\u0438\u0435<\/h2>\t\t\t\t<\/div>\n\t\t\t\t<\/div>\n\t\t\t\t<section class=\"elementor-section elementor-inner-section elementor-element elementor-element-9ef75e2 elementor-section-boxed elementor-section-height-default elementor-section-height-default\" data-id=\"9ef75e2\" data-element_type=\"section\" data-e-type=\"section\">\n\t\t\t\t\t\t<div class=\"elementor-container elementor-column-gap-default\">\n\t\t\t\t\t<div class=\"elementor-column elementor-col-50 elementor-inner-column elementor-element elementor-element-e9e3b15\" data-id=\"e9e3b15\" data-element_type=\"column\" data-e-type=\"column\">\n\t\t\t<div class=\"elementor-widget-wrap elementor-element-populated\">\n\t\t\t\t\t\t<div class=\"elementor-element elementor-element-dc83ff7 elementor-widget__width-initial elementor-widget elementor-widget-image\" data-id=\"dc83ff7\" data-element_type=\"widget\" data-e-type=\"widget\" data-widget_type=\"image.default\">\n\t\t\t\t<div class=\"elementor-widget-container\">\n\t\t\t\t\t\t\t\t\t\t\t\t\t\t\t\t<a href=\"https:\/\/tervisekassa.ee\/\" target=\"_blank\">\n\t\t\t\t\t\t\t<img fetchpriority=\"high\" decoding=\"async\" width=\"540\" height=\"93\" src=\"https:\/\/ortoteek.ee\/wp-content\/uploads\/2023\/02\/tervisekassa-1.png\" class=\"attachment-full size-full wp-image-21606\" alt=\"\" srcset=\"https:\/\/ortoteek.ee\/wp-content\/uploads\/2023\/02\/tervisekassa-1.png 540w, https:\/\/ortoteek.ee\/wp-content\/uploads\/2023\/02\/tervisekassa-1-300x52.png 300w, https:\/\/ortoteek.ee\/wp-content\/uploads\/2023\/02\/tervisekassa-1-18x3.png 18w, https:\/\/ortoteek.ee\/wp-content\/uploads\/2023\/02\/tervisekassa-1-64x11.png 64w\" sizes=\"(max-width: 540px) 100vw, 540px\" \/>\t\t\t\t\t\t\t\t<\/a>\n\t\t\t\t\t\t\t\t\t\t\t\t\t\t\t<\/div>\n\t\t\t\t<\/div>\n\t\t\t\t<div class=\"elementor-element elementor-element-350d580 elementor-widget elementor-widget-image\" data-id=\"350d580\" data-element_type=\"widget\" data-e-type=\"widget\" data-widget_type=\"image.default\">\n\t\t\t\t<div class=\"elementor-widget-container\">\n\t\t\t\t\t\t\t\t\t\t\t\t\t\t\t\t<a href=\"https:\/\/tervisekassa.ee\/\" target=\"_blank\">\n\t\t\t\t\t\t\t<img decoding=\"async\" width=\"1080\" height=\"1080\" src=\"https:\/\/ortoteek.ee\/wp-content\/uploads\/2024\/04\/tervisekassa.jpg\" class=\"attachment-full size-full wp-image-31509\" alt=\"\" srcset=\"https:\/\/ortoteek.ee\/wp-content\/uploads\/2024\/04\/tervisekassa.jpg 1080w, https:\/\/ortoteek.ee\/wp-content\/uploads\/2024\/04\/tervisekassa-300x300.jpg 300w, https:\/\/ortoteek.ee\/wp-content\/uploads\/2024\/04\/tervisekassa-1024x1024.jpg 1024w, https:\/\/ortoteek.ee\/wp-content\/uploads\/2024\/04\/tervisekassa-150x150.jpg 150w, https:\/\/ortoteek.ee\/wp-content\/uploads\/2024\/04\/tervisekassa-768x768.jpg 768w, https:\/\/ortoteek.ee\/wp-content\/uploads\/2024\/04\/tervisekassa-600x600.jpg 600w, https:\/\/ortoteek.ee\/wp-content\/uploads\/2024\/04\/tervisekassa-500x500.jpg 500w, https:\/\/ortoteek.ee\/wp-content\/uploads\/2024\/04\/tervisekassa-100x100.jpg 100w, https:\/\/ortoteek.ee\/wp-content\/uploads\/2024\/04\/tervisekassa-64x64.jpg 64w\" sizes=\"(max-width: 1080px) 100vw, 1080px\" \/>\t\t\t\t\t\t\t\t<\/a>\n\t\t\t\t\t\t\t\t\t\t\t\t\t\t\t<\/div>\n\t\t\t\t<\/div>\n\t\t\t\t\t<\/div>\n\t\t<\/div>\n\t\t\t\t<div class=\"elementor-column elementor-col-50 elementor-inner-column elementor-element elementor-element-d03189a\" data-id=\"d03189a\" data-element_type=\"column\" data-e-type=\"column\">\n\t\t\t<div class=\"elementor-widget-wrap elementor-element-populated\">\n\t\t\t\t\t\t<div class=\"elementor-element elementor-element-3a18a4b elementor-widget elementor-widget-text-editor\" data-id=\"3a18a4b\" data-element_type=\"widget\" data-e-type=\"widget\" data-widget_type=\"text-editor.default\">\n\t\t\t\t<div class=\"elementor-widget-container\">\n\t\t\t\t\t\t\t\t\t<p><strong>\u0412\u0430\u0436\u043d\u0435\u0439\u0448\u0430\u044f \u0437\u0430\u0434\u0430\u0447\u0430 \u0444\u043e\u043d\u0434\u0430 \u043c\u0435\u0434\u0438\u0446\u0438\u043d\u0441\u043a\u043e\u0433\u043e \u0441\u0442\u0440\u0430\u0445\u043e\u0432\u0430\u043d\u0438\u044f<\/strong> \u0437\u0430\u043a\u043b\u044e\u0447\u0430\u0435\u0442\u0441\u044f \u0432 \u043e\u0440\u0433\u0430\u043d\u0438\u0437\u0430\u0446\u0438\u0438 \u043d\u0430\u0446\u0438\u043e\u043d\u0430\u043b\u044c\u043d\u043e\u0433\u043e \u043c\u0435\u0434\u0438\u0446\u0438\u043d\u0441\u043a\u043e\u0433\u043e \u0441\u0442\u0440\u0430\u0445\u043e\u0432\u0430\u043d\u0438\u044f, \u0447\u0442\u043e\u0431\u044b \u0437\u0430\u0441\u0442\u0440\u0430\u0445\u043e\u0432\u0430\u043d\u043d\u044b\u0435 \u043b\u0438\u0446\u0430 \u0438\u043c\u0435\u043b\u0438 \u0434\u043e\u0441\u0442\u0443\u043f \u043a \u043d\u0435\u043e\u0431\u0445\u043e\u0434\u0438\u043c\u044b\u043c \u043c\u0435\u0434\u0438\u0446\u0438\u043d\u0441\u043a\u0438\u043c \u0443\u0441\u043b\u0443\u0433\u0430\u043c, \u043b\u0435\u043a\u0430\u0440\u0441\u0442\u0432\u0430\u043c, \u043c\u0435\u0434\u0438\u0446\u0438\u043d\u0441\u043a\u043e\u043c\u0443 \u043e\u0431\u043e\u0440\u0443\u0434\u043e\u0432\u0430\u043d\u0438\u044e \u0438 \u0444\u0438\u043d\u0430\u043d\u0441\u043e\u0432\u044b\u043c \u043b\u044c\u0433\u043e\u0442\u0430\u043c.<\/p><p><strong>\u041c\u0438\u0441\u0441\u0438\u044f \u0424\u043e\u043d\u0434\u0430 \u043c\u0435\u0434\u0438\u0446\u0438\u043d\u0441\u043a\u043e\u0433\u043e \u0441\u0442\u0440\u0430\u0445\u043e\u0432\u0430\u043d\u0438\u044f<\/strong> \u0437\u0430\u043a\u043b\u044e\u0447\u0430\u0435\u0442\u0441\u044f \u0432 \u043e\u0431\u0435\u0441\u043f\u0435\u0447\u0435\u043d\u0438\u0438 \u0434\u043e\u0441\u0442\u0443\u043f\u043d\u043e\u0441\u0442\u0438 \u043c\u0435\u0434\u0438\u0446\u0438\u043d\u0441\u043a\u043e\u0433\u043e \u0441\u0442\u0440\u0430\u0445\u043e\u0432\u0430\u043d\u0438\u044f \u0434\u043b\u044f \u0437\u0430\u0441\u0442\u0440\u0430\u0445\u043e\u0432\u0430\u043d\u043d\u044b\u0445 \u043b\u0438\u0446.<br \/><br \/><strong>\u0412\u0438\u0434\u0435\u043d\u0438\u0435 \u0424\u043e\u043d\u0434\u0430 \u043c\u0435\u0434\u0438\u0446\u0438\u043d\u0441\u043a\u043e\u0433\u043e \u0441\u0442\u0440\u0430\u0445\u043e\u0432\u0430\u043d\u0438\u044f<\/strong> \u0437\u0430\u043a\u043b\u044e\u0447\u0430\u0435\u0442\u0441\u044f \u0432 \u043e\u0431\u0435\u0441\u043f\u0435\u0447\u0435\u043d\u0438\u0438 \u0442\u043e\u0433\u043e, \u0447\u0442\u043e\u0431\u044b \u0443 \u043b\u044e\u0434\u0435\u0439 \u0431\u044b\u043b\u043e \u0447\u0443\u0432\u0441\u0442\u0432\u043e \u0437\u0430\u0449\u0438\u0449\u0435\u043d\u043d\u043e\u0441\u0442\u0438 \u043f\u0440\u0438 \u0432\u043e\u0437\u043d\u0438\u043a\u043d\u043e\u0432\u0435\u043d\u0438\u0438 \u043f\u0440\u043e\u0431\u043b\u0435\u043c \u0441\u043e \u0437\u0434\u043e\u0440\u043e\u0432\u044c\u0435\u043c \u0438 \u0438\u0445 \u0440\u0435\u0448\u0435\u043d\u0438\u0438 \u0442\u0430\u043a\u0438\u043c \u043e\u0431\u0440\u0430\u0437\u043e\u043c, \u0447\u0442\u043e\u0431\u044b \u043a\u043e\u043b\u0438\u0447\u0435\u0441\u0442\u0432\u043e \u043b\u0435\u0442, \u043f\u0440\u043e\u0436\u0438\u0442\u044b\u0445 \u0432 \u0434\u043e\u0431\u0440\u043e\u043c \u0437\u0434\u0440\u0430\u0432\u0438\u0438, \u0443\u0432\u0435\u043b\u0438\u0447\u0438\u0432\u0430\u043b\u043e\u0441\u044c.<\/p><p><strong>\u042d\u0441\u0442\u043e\u043d\u0441\u043a\u0430\u044f \u0441\u0438\u0441\u0442\u0435\u043c\u0430 \u0437\u0434\u0440\u0430\u0432\u043e\u043e\u0445\u0440\u0430\u043d\u0435\u043d\u0438\u044f \u043e\u0441\u043d\u043e\u0432\u0430\u043d\u0430 \u043d\u0430<\/strong> \u0441\u043e\u043b\u0438\u0434\u0430\u0440\u043d\u043e\u0435 \u0438\u043b\u0438 \u0435\u0434\u0438\u043d\u043e\u0435 \u043c\u0435\u0434\u0438\u0446\u0438\u043d\u0441\u043a\u043e\u0435 \u0441\u0442\u0440\u0430\u0445\u043e\u0432\u0430\u043d\u0438\u0435. \u042d\u0442\u043e \u043e\u0431\u0435\u0441\u043f\u0435\u0447\u0438\u0442 \u043e\u0434\u0438\u043d\u0430\u043a\u043e\u0432\u043e\u0435 \u043a\u0430\u0447\u0435\u0441\u0442\u0432\u043e \u043c\u0435\u0434\u0438\u0446\u0438\u043d\u0441\u043a\u043e\u0439 \u043f\u043e\u043c\u043e\u0449\u0438 \u0434\u043b\u044f \u0432\u0441\u0435\u0445 \u0437\u0430\u0441\u0442\u0440\u0430\u0445\u043e\u0432\u0430\u043d\u043d\u044b\u0445 \u043b\u0438\u0446. <\/p>\t\t\t\t\t\t\t\t<\/div>\n\t\t\t\t<\/div>\n\t\t\t\t<div class=\"elementor-element elementor-element-f180a6b elementor-widget elementor-widget-heading\" data-id=\"f180a6b\" data-element_type=\"widget\" data-e-type=\"widget\" data-widget_type=\"heading.default\">\n\t\t\t\t<div class=\"elementor-widget-container\">\n\t\t\t\t\t<h5 class=\"elementor-heading-title elementor-size-default\">\u041b\u043e\u0432\u0438 \u0437\u0434\u043e\u0440\u043e\u0432\u044c\u0435!<\/h5>\t\t\t\t<\/div>\n\t\t\t\t<\/div>\n\t\t\t\t<div class=\"elementor-element elementor-element-bd6f79f elementor-widget elementor-widget-text-editor\" data-id=\"bd6f79f\" data-element_type=\"widget\" data-e-type=\"widget\" data-widget_type=\"text-editor.default\">\n\t\t\t\t<div class=\"elementor-widget-container\">\n\t\t\t\t\t\t\t\t\t<p>\u041c\u0435\u0434\u0438\u0446\u0438\u043d\u0441\u043a\u043e\u0435 \u0441\u0442\u0440\u0430\u0445\u043e\u0432\u0430\u043d\u0438\u0435<\/p>\t\t\t\t\t\t\t\t<\/div>\n\t\t\t\t<\/div>\n\t\t\t\t\t<\/div>\n\t\t<\/div>\n\t\t\t\t\t<\/div>\n\t\t<\/section>\n\t\t\t\t\t<\/div>\n\t\t<\/div>\n\t\t\t\t\t<\/div>\n\t\t<\/section>\n\t\t\t\t<\/div>","protected":false},"excerpt":{"rendered":"<p>Tervisekassa Tervisekassa t\u00e4htsaim \u00fclesanne on korraldada riiklikku ravikindlustust, et v\u00f5imaldada kindlustatud inimestele vajalike tervishoiuteenuste, ravimite, meditsiiniseadmete ja rahaliste h\u00fcvitiste k\u00e4ttesaadavus. Tervisekassa missioon on tagada kindlustatutele ravikindlustush\u00fcvitiste k\u00e4ttesaadavus. Tervisekassa visioon on tagada inimestele turvatunne terviseprobleemide tekkimisel ja lahendamisel selliselt, et meie tervena elatud aastate arv kasvab. Eesti tervishoius\u00fcsteem p\u00f5hineb solidaarsel ehk \u00fchtsel ravikindlustusel. Selle abil tagame [&hellip;]<\/p>\n","protected":false},"author":3,"featured_media":0,"parent":31505,"menu_order":0,"comment_status":"closed","ping_status":"closed","template":"","meta":{"ocean_post_layout":"","ocean_both_sidebars_style":"","ocean_both_sidebars_content_width":0,"ocean_both_sidebars_sidebars_width":0,"ocean_sidebar":"","ocean_second_sidebar":"","ocean_disable_margins":"enable","ocean_add_body_class":"","ocean_shortcode_before_top_bar":"","ocean_shortcode_after_top_bar":"","ocean_shortcode_before_header":"","ocean_shortcode_after_header":"","ocean_has_shortcode":"","ocean_shortcode_after_title":"","ocean_shortcode_before_footer_widgets":"","ocean_shortcode_after_footer_widgets":"","ocean_shortcode_before_footer_bottom":"","ocean_shortcode_after_footer_bottom":"","ocean_display_top_bar":"default","ocean_display_header":"default","ocean_header_style":"","ocean_center_header_left_menu":"","ocean_custom_header_template":"","ocean_custom_logo":0,"ocean_custom_retina_logo":0,"ocean_custom_logo_max_width":0,"ocean_custom_logo_tablet_max_width":0,"ocean_custom_logo_mobile_max_width":0,"ocean_custom_logo_max_height":0,"ocean_custom_logo_tablet_max_height":0,"ocean_custom_logo_mobile_max_height":0,"ocean_header_custom_menu":"","ocean_menu_typo_font_family":"","ocean_menu_typo_font_subset":"","ocean_menu_typo_font_size":0,"ocean_menu_typo_font_size_tablet":0,"ocean_menu_typo_font_size_mobile":0,"ocean_menu_typo_font_size_unit":"px","ocean_menu_typo_font_weight":"","ocean_menu_typo_font_weight_tablet":"","ocean_menu_typo_font_weight_mobile":"","ocean_menu_typo_transform":"","ocean_menu_typo_transform_tablet":"","ocean_menu_typo_transform_mobile":"","ocean_menu_typo_line_height":0,"ocean_menu_typo_line_height_tablet":0,"ocean_menu_typo_line_height_mobile":0,"ocean_menu_typo_line_height_unit":"","ocean_menu_typo_spacing":0,"ocean_menu_typo_spacing_tablet":0,"ocean_menu_typo_spacing_mobile":0,"ocean_menu_typo_spacing_unit":"","ocean_menu_link_color":"","ocean_menu_link_color_hover":"","ocean_menu_link_color_active":"","ocean_menu_link_background":"","ocean_menu_link_hover_background":"","ocean_menu_link_active_background":"","ocean_menu_social_links_bg":"","ocean_menu_social_hover_links_bg":"","ocean_menu_social_links_color":"","ocean_menu_social_hover_links_color":"","ocean_disable_title":"default","ocean_disable_heading":"default","ocean_post_title":"","ocean_post_subheading":"","ocean_post_title_style":"","ocean_post_title_background_color":"","ocean_post_title_background":0,"ocean_post_title_bg_image_position":"","ocean_post_title_bg_image_attachment":"","ocean_post_title_bg_image_repeat":"","ocean_post_title_bg_image_size":"","ocean_post_title_height":0,"ocean_post_title_bg_overlay":0.5,"ocean_post_title_bg_overlay_color":"","ocean_disable_breadcrumbs":"default","ocean_breadcrumbs_color":"","ocean_breadcrumbs_separator_color":"","ocean_breadcrumbs_links_color":"","ocean_breadcrumbs_links_hover_color":"","ocean_display_footer_widgets":"default","ocean_display_footer_bottom":"default","ocean_custom_footer_template":"","footnotes":""},"class_list":["post-31550","page","type-page","status-publish","hentry","entry","owp-thumbs-layout-horizontal","owp-btn-normal","owp-tabs-layout-horizontal","has-no-thumbnails","has-product-nav"],"yoast_head":"<!-- This site is optimized with the Yoast SEO plugin v27.3 - https:\/\/yoast.com\/product\/yoast-seo-wordpress\/ -->\n<title>Tervisekassa<\/title>\n<meta name=\"description\" content=\"Tervisekassa t\u00e4htsaim \u00fclesanne on korraldada riiklikku ravikindlustust, et v\u00f5imaldada kindlustatud inimestele vajalike tervishoiuteenuste, ravimite, meditsiiniseadmete ja rahaliste h\u00fcvitiste k\u00e4ttesaadavus. . Loe br\u00e4ndi kohta!\" \/>\n<meta name=\"robots\" content=\"index, follow, max-snippet:-1, max-image-preview:large, max-video-preview:-1\" \/>\n<link rel=\"canonical\" href=\"https:\/\/ortoteek.ee\/ru\/meist\/ortoteeki-partnerid\/tervisekassa\/\" \/>\n<meta property=\"og:locale\" content=\"ru_RU\" \/>\n<meta property=\"og:type\" content=\"article\" \/>\n<meta property=\"og:title\" content=\"Tervisekassa\" \/>\n<meta property=\"og:description\" content=\"Tervisekassa t\u00e4htsaim \u00fclesanne on korraldada riiklikku ravikindlustust, et v\u00f5imaldada kindlustatud inimestele vajalike tervishoiuteenuste, ravimite, meditsiiniseadmete ja rahaliste h\u00fcvitiste k\u00e4ttesaadavus. . Loe br\u00e4ndi kohta!\" \/>\n<meta property=\"og:url\" content=\"https:\/\/ortoteek.ee\/ru\/meist\/ortoteeki-partnerid\/tervisekassa\/\" \/>\n<meta property=\"og:site_name\" content=\"ITAK J\u00e4rve\" \/>\n<meta property=\"article:publisher\" content=\"https:\/\/www.facebook.com\/Ortoteek\" \/>\n<meta property=\"article:modified_time\" content=\"2025-05-04T14:41:31+00:00\" \/>\n<meta property=\"og:image\" content=\"https:\/\/ortoteek.ee\/wp-content\/uploads\/2023\/02\/tervisekassa-1.png\" \/>\n\t<meta property=\"og:image:width\" content=\"540\" \/>\n\t<meta property=\"og:image:height\" content=\"93\" \/>\n\t<meta property=\"og:image:type\" content=\"image\/png\" \/>\n<meta name=\"twitter:card\" content=\"summary_large_image\" \/>\n<meta name=\"twitter:label1\" content=\"\u041f\u0440\u0438\u043c\u0435\u0440\u043d\u043e\u0435 \u0432\u0440\u0435\u043c\u044f \u0434\u043b\u044f \u0447\u0442\u0435\u043d\u0438\u044f\" \/>\n\t<meta name=\"twitter:data1\" content=\"1 \u043c\u0438\u043d\u0443\u0442\u0430\" \/>\n<script type=\"application\/ld+json\" class=\"yoast-schema-graph\">{\"@context\":\"https:\\\/\\\/schema.org\",\"@graph\":[{\"@type\":\"WebPage\",\"@id\":\"https:\\\/\\\/ortoteek.ee\\\/meist\\\/ortoteeki-partnerid\\\/tervisekassa\\\/\",\"url\":\"https:\\\/\\\/ortoteek.ee\\\/meist\\\/ortoteeki-partnerid\\\/tervisekassa\\\/\",\"name\":\"Tervisekassa\",\"isPartOf\":{\"@id\":\"https:\\\/\\\/ortoteek.ee\\\/#website\"},\"primaryImageOfPage\":{\"@id\":\"https:\\\/\\\/ortoteek.ee\\\/meist\\\/ortoteeki-partnerid\\\/tervisekassa\\\/#primaryimage\"},\"image\":{\"@id\":\"https:\\\/\\\/ortoteek.ee\\\/meist\\\/ortoteeki-partnerid\\\/tervisekassa\\\/#primaryimage\"},\"thumbnailUrl\":\"https:\\\/\\\/ortoteek.ee\\\/wp-content\\\/uploads\\\/2023\\\/02\\\/tervisekassa-1.png\",\"datePublished\":\"2024-04-08T13:28:55+00:00\",\"dateModified\":\"2025-05-04T14:41:31+00:00\",\"description\":\"Tervisekassa t\u00e4htsaim \u00fclesanne on korraldada riiklikku ravikindlustust, et v\u00f5imaldada kindlustatud inimestele vajalike tervishoiuteenuste, ravimite, meditsiiniseadmete ja rahaliste h\u00fcvitiste k\u00e4ttesaadavus. . Loe br\u00e4ndi kohta!\",\"breadcrumb\":{\"@id\":\"https:\\\/\\\/ortoteek.ee\\\/meist\\\/ortoteeki-partnerid\\\/tervisekassa\\\/#breadcrumb\"},\"inLanguage\":\"ru-RU\",\"potentialAction\":[{\"@type\":\"ReadAction\",\"target\":[\"https:\\\/\\\/ortoteek.ee\\\/meist\\\/ortoteeki-partnerid\\\/tervisekassa\\\/\"]}]},{\"@type\":\"ImageObject\",\"inLanguage\":\"ru-RU\",\"@id\":\"https:\\\/\\\/ortoteek.ee\\\/meist\\\/ortoteeki-partnerid\\\/tervisekassa\\\/#primaryimage\",\"url\":\"https:\\\/\\\/ortoteek.ee\\\/wp-content\\\/uploads\\\/2023\\\/02\\\/tervisekassa-1.png\",\"contentUrl\":\"https:\\\/\\\/ortoteek.ee\\\/wp-content\\\/uploads\\\/2023\\\/02\\\/tervisekassa-1.png\"},{\"@type\":\"BreadcrumbList\",\"@id\":\"https:\\\/\\\/ortoteek.ee\\\/meist\\\/ortoteeki-partnerid\\\/tervisekassa\\\/#breadcrumb\",\"itemListElement\":[{\"@type\":\"ListItem\",\"position\":1,\"name\":\"Avaleht\",\"item\":\"https:\\\/\\\/ortoteek.ee\\\/\"},{\"@type\":\"ListItem\",\"position\":2,\"name\":\"Meist\",\"item\":\"https:\\\/\\\/ortoteek.ee\\\/meist\\\/\"},{\"@type\":\"ListItem\",\"position\":3,\"name\":\"Ortoteeki partnerid\",\"item\":\"https:\\\/\\\/ortoteek.ee\\\/meist\\\/ortoteeki-partnerid\\\/\"},{\"@type\":\"ListItem\",\"position\":4,\"name\":\"Tervisekassa\"}]},{\"@type\":\"WebSite\",\"@id\":\"https:\\\/\\\/ortoteek.ee\\\/#website\",\"url\":\"https:\\\/\\\/ortoteek.ee\\\/\",\"name\":\"ITAK J\u00e4rve\",\"description\":\"ORTOPEEDILISED TEENUSED JA TOOTED TRAUMALE JA IGAP\u00c4EVASEKS KASUTAMISEKS\",\"publisher\":{\"@id\":\"https:\\\/\\\/ortoteek.ee\\\/#organization\"},\"alternateName\":\"Ortoteek\",\"potentialAction\":[{\"@type\":\"SearchAction\",\"target\":{\"@type\":\"EntryPoint\",\"urlTemplate\":\"https:\\\/\\\/ortoteek.ee\\\/?s={search_term_string}\"},\"query-input\":{\"@type\":\"PropertyValueSpecification\",\"valueRequired\":true,\"valueName\":\"search_term_string\"}}],\"inLanguage\":\"ru-RU\"},{\"@type\":\"Organization\",\"@id\":\"https:\\\/\\\/ortoteek.ee\\\/#organization\",\"name\":\"Ortoteek O\u00dc\",\"alternateName\":\"Ortoteek Eesti\",\"url\":\"https:\\\/\\\/ortoteek.ee\\\/\",\"logo\":{\"@type\":\"ImageObject\",\"inLanguage\":\"ru-RU\",\"@id\":\"https:\\\/\\\/ortoteek.ee\\\/#\\\/schema\\\/logo\\\/image\\\/\",\"url\":\"https:\\\/\\\/ortoteek.ee\\\/wp-content\\\/uploads\\\/2023\\\/07\\\/logo_ortoteek_icon.jpg\",\"contentUrl\":\"https:\\\/\\\/ortoteek.ee\\\/wp-content\\\/uploads\\\/2023\\\/07\\\/logo_ortoteek_icon.jpg\",\"width\":900,\"height\":874,\"caption\":\"Ortoteek O\u00dc\"},\"image\":{\"@id\":\"https:\\\/\\\/ortoteek.ee\\\/#\\\/schema\\\/logo\\\/image\\\/\"},\"sameAs\":[\"https:\\\/\\\/www.facebook.com\\\/Ortoteek\",\"https:\\\/\\\/www.instagram.com\\\/ortoteek\\\/\"],\"hasMerchantReturnPolicy\":{\"@type\":\"MerchantReturnPolicy\",\"merchantReturnLink\":\"https:\\\/\\\/ortoteek.ee\\\/ru\\\/pood\\\/toote-tagastamine\\\/\"}}]}<\/script>\n<!-- \/ Yoast SEO plugin. -->","yoast_head_json":{"title":"\u041c\u0435\u0434\u0438\u0446\u0438\u043d\u0441\u043a\u043e\u0435 \u0441\u0442\u0440\u0430\u0445\u043e\u0432\u0430\u043d\u0438\u0435","description":"Tervisekassa t\u00e4htsaim \u00fclesanne on korraldada riiklikku ravikindlustust, et v\u00f5imaldada kindlustatud inimestele vajalike tervishoiuteenuste, ravimite, meditsiiniseadmete ja rahaliste h\u00fcvitiste k\u00e4ttesaadavus. . Loe br\u00e4ndi kohta!","robots":{"index":"index","follow":"follow","max-snippet":"max-snippet:-1","max-image-preview":"max-image-preview:large","max-video-preview":"max-video-preview:-1"},"canonical":"https:\/\/ortoteek.ee\/ru\/meist\/ortoteeki-partnerid\/tervisekassa\/","og_locale":"ru_RU","og_type":"article","og_title":"Tervisekassa","og_description":"Tervisekassa t\u00e4htsaim \u00fclesanne on korraldada riiklikku ravikindlustust, et v\u00f5imaldada kindlustatud inimestele vajalike tervishoiuteenuste, ravimite, meditsiiniseadmete ja rahaliste h\u00fcvitiste k\u00e4ttesaadavus. . Loe br\u00e4ndi kohta!","og_url":"https:\/\/ortoteek.ee\/ru\/meist\/ortoteeki-partnerid\/tervisekassa\/","og_site_name":"ITAK J\u00e4rve","article_publisher":"https:\/\/www.facebook.com\/Ortoteek","article_modified_time":"2025-05-04T14:41:31+00:00","og_image":[{"width":540,"height":93,"url":"https:\/\/ortoteek.ee\/wp-content\/uploads\/2023\/02\/tervisekassa-1.png","type":"image\/png"}],"twitter_card":"summary_large_image","twitter_misc":{"\u041f\u0440\u0438\u043c\u0435\u0440\u043d\u043e\u0435 \u0432\u0440\u0435\u043c\u044f \u0434\u043b\u044f \u0447\u0442\u0435\u043d\u0438\u044f":"1 \u043c\u0438\u043d\u0443\u0442\u0430"},"schema":{"@context":"https:\/\/schema.org","@graph":[{"@type":"WebPage","@id":"https:\/\/ortoteek.ee\/meist\/ortoteeki-partnerid\/tervisekassa\/","url":"https:\/\/ortoteek.ee\/meist\/ortoteeki-partnerid\/tervisekassa\/","name":"\u041c\u0435\u0434\u0438\u0446\u0438\u043d\u0441\u043a\u043e\u0435 \u0441\u0442\u0440\u0430\u0445\u043e\u0432\u0430\u043d\u0438\u0435","isPartOf":{"@id":"https:\/\/ortoteek.ee\/#website"},"primaryImageOfPage":{"@id":"https:\/\/ortoteek.ee\/meist\/ortoteeki-partnerid\/tervisekassa\/#primaryimage"},"image":{"@id":"https:\/\/ortoteek.ee\/meist\/ortoteeki-partnerid\/tervisekassa\/#primaryimage"},"thumbnailUrl":"https:\/\/ortoteek.ee\/wp-content\/uploads\/2023\/02\/tervisekassa-1.png","datePublished":"2024-04-08T13:28:55+00:00","dateModified":"2025-05-04T14:41:31+00:00","description":"Tervisekassa t\u00e4htsaim \u00fclesanne on korraldada riiklikku ravikindlustust, et v\u00f5imaldada kindlustatud inimestele vajalike tervishoiuteenuste, ravimite, meditsiiniseadmete ja rahaliste h\u00fcvitiste k\u00e4ttesaadavus. . Loe br\u00e4ndi kohta!","breadcrumb":{"@id":"https:\/\/ortoteek.ee\/meist\/ortoteeki-partnerid\/tervisekassa\/#breadcrumb"},"inLanguage":"ru-RU","potentialAction":[{"@type":"ReadAction","target":["https:\/\/ortoteek.ee\/meist\/ortoteeki-partnerid\/tervisekassa\/"]}]},{"@type":"ImageObject","inLanguage":"ru-RU","@id":"https:\/\/ortoteek.ee\/meist\/ortoteeki-partnerid\/tervisekassa\/#primaryimage","url":"https:\/\/ortoteek.ee\/wp-content\/uploads\/2023\/02\/tervisekassa-1.png","contentUrl":"https:\/\/ortoteek.ee\/wp-content\/uploads\/2023\/02\/tervisekassa-1.png"},{"@type":"BreadcrumbList","@id":"https:\/\/ortoteek.ee\/meist\/ortoteeki-partnerid\/tervisekassa\/#breadcrumb","itemListElement":[{"@type":"ListItem","position":1,"name":"Avaleht","item":"https:\/\/ortoteek.ee\/"},{"@type":"ListItem","position":2,"name":"Meist","item":"https:\/\/ortoteek.ee\/meist\/"},{"@type":"ListItem","position":3,"name":"Ortoteeki partnerid","item":"https:\/\/ortoteek.ee\/meist\/ortoteeki-partnerid\/"},{"@type":"ListItem","position":4,"name":"Tervisekassa"}]},{"@type":"WebSite","@id":"https:\/\/ortoteek.ee\/#website","url":"https:\/\/ortoteek.ee\/","name":"ITAK J\u00e4rve","description":"\u041e\u0420\u0422\u041e\u041f\u0415\u0414\u0418\u0427\u0415\u0421\u041a\u0418\u0415 \u0423\u0421\u041b\u0423\u0413\u0418 \u0418 \u0418\u0417\u0414\u0415\u041b\u0418\u042f \u0414\u041b\u042f \u0422\u0420\u0410\u0412\u041c \u0418 \u041f\u041e\u0412\u0421\u0415\u0414\u041d\u0415\u0412\u041d\u041e\u0413\u041e \u0418\u0421\u041f\u041e\u041b\u042c\u0417\u041e\u0412\u0410\u041d\u0418\u042f","publisher":{"@id":"https:\/\/ortoteek.ee\/#organization"},"alternateName":"Ortoteek","potentialAction":[{"@type":"SearchAction","target":{"@type":"EntryPoint","urlTemplate":"https:\/\/ortoteek.ee\/?s={search_term_string}"},"query-input":{"@type":"PropertyValueSpecification","valueRequired":true,"valueName":"search_term_string"}}],"inLanguage":"ru-RU"},{"@type":"Organization","@id":"https:\/\/ortoteek.ee\/#organization","name":"\u041e\u0440\u0442\u043e\u0442\u0435\u043a O\u00dc","alternateName":"Ortoteek Eesti","url":"https:\/\/ortoteek.ee\/","logo":{"@type":"ImageObject","inLanguage":"ru-RU","@id":"https:\/\/ortoteek.ee\/#\/schema\/logo\/image\/","url":"https:\/\/ortoteek.ee\/wp-content\/uploads\/2023\/07\/logo_ortoteek_icon.jpg","contentUrl":"https:\/\/ortoteek.ee\/wp-content\/uploads\/2023\/07\/logo_ortoteek_icon.jpg","width":900,"height":874,"caption":"Ortoteek O\u00dc"},"image":{"@id":"https:\/\/ortoteek.ee\/#\/schema\/logo\/image\/"},"sameAs":["https:\/\/www.facebook.com\/Ortoteek","https:\/\/www.instagram.com\/ortoteek\/"],"hasMerchantReturnPolicy":{"@type":"MerchantReturnPolicy","merchantReturnLink":"https:\/\/ortoteek.ee\/ru\/pood\/toote-tagastamine\/"}}]}},"_links":{"self":[{"href":"https:\/\/ortoteek.ee\/ru\/wp-json\/wp\/v2\/pages\/31550","targetHints":{"allow":["GET"]}}],"collection":[{"href":"https:\/\/ortoteek.ee\/ru\/wp-json\/wp\/v2\/pages"}],"about":[{"href":"https:\/\/ortoteek.ee\/ru\/wp-json\/wp\/v2\/types\/page"}],"author":[{"embeddable":true,"href":"https:\/\/ortoteek.ee\/ru\/wp-json\/wp\/v2\/users\/3"}],"replies":[{"embeddable":true,"href":"https:\/\/ortoteek.ee\/ru\/wp-json\/wp\/v2\/comments?post=31550"}],"version-history":[{"count":1,"href":"https:\/\/ortoteek.ee\/ru\/wp-json\/wp\/v2\/pages\/31550\/revisions"}],"predecessor-version":[{"id":39659,"href":"https:\/\/ortoteek.ee\/ru\/wp-json\/wp\/v2\/pages\/31550\/revisions\/39659"}],"up":[{"embeddable":true,"href":"https:\/\/ortoteek.ee\/ru\/wp-json\/wp\/v2\/pages\/31505"}],"wp:attachment":[{"href":"https:\/\/ortoteek.ee\/ru\/wp-json\/wp\/v2\/media?parent=31550"}],"curies":[{"name":"WP","href":"https:\/\/api.w.org\/{rel}","templated":true}]}}